{"id":8248,"date":"2024-08-05T07:30:29","date_gmt":"2024-08-05T07:30:29","guid":{"rendered":"https:\/\/www.aimycomfort.com\/store\/product\/almofada-ergonomica-de-tracao-cervical\/"},"modified":"2024-09-03T01:57:20","modified_gmt":"2024-09-03T01:57:20","slug":"almofada-ergonomica-de-tracao-cervical","status":"publish","type":"product","link":"https:\/\/www.aimycomfort.com\/store\/pt-pt\/produto\/almofada-ergonomica-de-tracao-cervical\/","title":{"rendered":"Almofada Ergon\u00f3mica de Tra\u00e7\u00e3o Cervical"},"content":{"rendered":"<p>Est\u00e1 a lutar com<\/p>\n<ul>\n<li>Desconforto no pesco\u00e7o?<\/li>\n<li>M\u00e1 qualidade de sono?<\/li>\n<li>Falta de energia durante o dia?<\/li>\n<\/ul>\n<p>\u00c9 hora de priorizar o seu conforto e bem-estar com a nossa Almofada Ergon\u00f3mica de Tra\u00e7\u00e3o Cervical. Experimente a diferen\u00e7a que uma almofada verdadeiramente suportiva pode fazer na sua vida!<\/p>\n<p><strong>Almofada Ergon\u00f3mica de Tra\u00e7\u00e3o Cervical: O Seu Caminho para a Sa\u00fade do Pesco\u00e7o e Sono Reparador<\/strong><\/p>\n<p><strong>Caracter\u00edsticas Principais<\/strong><\/p>\n<ul>\n<li><strong>Curva de Altura Dourada:<\/strong>\u00a0Projetada cientificamente para proporcionar suporte e tra\u00e7\u00e3o \u00f3timos ao pesco\u00e7o.<\/li>\n<li><strong>\u00c1rea Ampliada da Almofada:<\/strong>\u00a0Oferece suporte superior \u00e0 cabe\u00e7a enquanto alivia a press\u00e3o no pesco\u00e7o.<\/li>\n<li><strong>Design Contornado:<\/strong>\u00a0Acolhe a sua cabe\u00e7a enquanto suporta o seu pesco\u00e7o para um conforto m\u00e1ximo.<\/li>\n<li><strong>Espuma de Mem\u00f3ria de Alta Densidade:<\/strong>\u00a0Molda-se suavemente \u00e0 sua forma para um suporte personalizado.<\/li>\n<li><strong>Tecnologia de Recupera\u00e7\u00e3o Lenta:<\/strong>\u00a0Mant\u00e9m a sua forma noite ap\u00f3s noite para um conforto duradouro.<\/li>\n<\/ul>\n<p>Invista na sua sa\u00fade e conforto hoje. Acorde renovado, revigorado e pronto para enfrentar o seu dia com a nossa Almofada Ergon\u00f3mica de Tra\u00e7\u00e3o Cervical!<\/p>\n","protected":false},"excerpt":{"rendered":"<p>Descubra a solu\u00e7\u00e3o definitiva para a dor no pesco\u00e7o e a m\u00e1 qualidade de sono! A nossa inovadora Almofada Ergon\u00f3mica de Tra\u00e7\u00e3o Cervical \u00e9 projetada para esticar e suportar suavemente a sua cabe\u00e7a, pesco\u00e7o e ombros, promovendo o alinhamento adequado e restaurando a sua coluna cervical \u00e0 sua curva natural e saud\u00e1vel em &#8220;C&#8221;.<\/p>\n","protected":false},"featured_media":6656,"comment_status":"open","ping_status":"closed","template":"","meta":{"site-sidebar-layout":"default","site-content-layout":"content-boxed-container","ast-site-content-layout":"normal-width-container","site-content-style":"boxed","site-sidebar-style":"unboxed","ast-global-header-display":"","ast-banner-title-visibility":"","ast-main-header-display":"","ast-hfb-above-header-display":"","ast-hfb-below-header-display":"","ast-hfb-mobile-header-display":"","site-post-title":"","ast-breadcrumbs-content":"","ast-featured-img":"","footer-sml-layout":"","theme-transparent-header-meta":"default","adv-header-id-meta":"","stick-header-meta":"","header-above-stick-meta":"","header-main-stick-meta":"","header-below-stick-meta":"","astra-migrate-meta-layouts":"set","ast-page-background-enabled":"default","ast-page-background-meta":{"desktop":{"background-color":"var(--ast-global-color-4)","background-image":"","background-repeat":"repeat","background-position":"center center","background-size":"auto","background-attachment":"scroll","background-type":"","background-media":"","overlay-type":"","overlay-color":"","overlay-opacity":"","overlay-gradient":""},"tablet":{"background-color":"","background-image":"","background-repeat":"repeat","background-position":"center center","background-size":"auto","background-attachment":"scroll","background-type":"","background-media":"","overlay-type":"","overlay-color":"","overlay-opacity":"","overlay-gradient":""},"mobile":{"background-color":"","background-image":"","background-repeat":"repeat","background-position":"center center","background-size":"auto","background-attachment":"scroll","background-type":"","background-media":"","overlay-type":"","overlay-color":"","overlay-opacity":"","overlay-gradient":""}},"ast-content-background-meta":{"desktop":{"background-color":"var(--ast-global-color-5)","background-image":"","background-repeat":"repeat","background-position":"center center","background-size":"auto","background-attachment":"scroll","background-type":"","background-media":"","overlay-type":"","overlay-color":"","overlay-opacity":"","overlay-gradient":""},"tablet":{"background-color":"var(--ast-global-color-5)","background-image":"","background-repeat":"repeat","background-position":"center center","background-size":"auto","background-attachment":"scroll","background-type":"","background-media":"","overlay-type":"","overlay-color":"","overlay-opacity":"","overlay-gradient":""},"mobile":{"background-color":"var(--ast-global-color-5)","background-image":"","background-repeat":"repeat","background-position":"center center","background-size":"auto","background-attachment":"scroll","background-type":"","background-media":"","overlay-type":"","overlay-color":"","overlay-opacity":"","overlay-gradient":""}}},"product_brand":[],"product_cat":[161],"product_tag":[162,611],"class_list":{"0":"post-8248","1":"product","2":"type-product","3":"status-publish","4":"has-post-thumbnail","6":"product_cat-colecao-de-almofadas","7":"product_tag-alivio-de-pressao","8":"product_tag-almohada-pt-pt","9":"desktop-align-left","10":"tablet-align-left","11":"mobile-align-left","12":"ast-product-gallery-layout-horizontal-slider","13":"ast-product-single-variable","14":"ast-product-tabs-layout-horizontal","15":"ast-qv-on-image","17":"first","18":"instock","19":"sale","20":"shipping-taxable","21":"purchasable","22":"product-type-variable"},"aioseo_notices":[],"_links":{"self":[{"href":"https:\/\/www.aimycomfort.com\/store\/pt-pt\/wp-json\/wp\/v2\/product\/8248","targetHints":{"allow":["GET"]}}],"collection":[{"href":"https:\/\/www.aimycomfort.com\/store\/pt-pt\/wp-json\/wp\/v2\/product"}],"about":[{"href":"https:\/\/www.aimycomfort.com\/store\/pt-pt\/wp-json\/wp\/v2\/types\/product"}],"replies":[{"embeddable":true,"href":"https:\/\/www.aimycomfort.com\/store\/pt-pt\/wp-json\/wp\/v2\/comments?post=8248"}],"wp:featuredmedia":[{"embeddable":true,"href":"https:\/\/www.aimycomfort.com\/store\/pt-pt\/wp-json\/wp\/v2\/media\/6656"}],"wp:attachment":[{"href":"https:\/\/www.aimycomfort.com\/store\/pt-pt\/wp-json\/wp\/v2\/media?parent=8248"}],"wp:term":[{"taxonomy":"product_brand","embeddable":true,"href":"https:\/\/www.aimycomfort.com\/store\/pt-pt\/wp-json\/wp\/v2\/product_brand?post=8248"},{"taxonomy":"product_cat","embeddable":true,"href":"https:\/\/www.aimycomfort.com\/store\/pt-pt\/wp-json\/wp\/v2\/product_cat?post=8248"},{"taxonomy":"product_tag","embeddable":true,"href":"https:\/\/www.aimycomfort.com\/store\/pt-pt\/wp-json\/wp\/v2\/product_tag?post=8248"}],"curies":[{"name":"wp","href":"https:\/\/api.w.org\/{rel}","templated":true}]}}