{"id":7939,"date":"2024-08-09T02:39:31","date_gmt":"2024-08-09T02:39:31","guid":{"rendered":"https:\/\/www.aimycomfort.com\/store\/product\/almofada-de-conforto-em-espuma-de-memoria-respiravel\/"},"modified":"2024-08-23T06:24:24","modified_gmt":"2024-08-23T06:24:24","slug":"almofada-de-conforto-em-espuma-de-memoria-respiravel","status":"publish","type":"product","link":"https:\/\/www.aimycomfort.com\/store\/pt-pt\/produto\/almofada-de-conforto-em-espuma-de-memoria-respiravel\/","title":{"rendered":"Almofada de Conforto em Espuma de Mem\u00f3ria Respir\u00e1vel"},"content":{"rendered":"<p>A nossa Almofada de Conforto em Espuma de Mem\u00f3ria Respir\u00e1vel n\u00e3o \u00e9 apenas uma almofada \u2013 \u00e9 uma revolu\u00e7\u00e3o no conforto e sa\u00fade ao sentar. Quer esteja a trabalhar longas horas, a recuperar de uma les\u00e3o, ou simplesmente a procurar um melhor conforto di\u00e1rio, esta almofada garante que est\u00e1 sempre sentado em condi\u00e7\u00f5es \u00f3timas.<\/p>\n<p><strong>Benef\u00edcios:<\/strong><\/p>\n<ul>\n<li>Alivia a dor na parte inferior das costas, c\u00f3ccix e ancas<\/li>\n<li>Melhora a postura e reduz a fadiga ao sentar<\/li>\n<li>Aumenta o conforto durante longos per\u00edodos sentado<\/li>\n<li>Proporciona al\u00edvio para hemorr\u00f3idas e outros desconfortos relacionados com o sentar<\/li>\n<li>Mant\u00e9m-no fresco com uma respirabilidade superior<\/li>\n<\/ul>\n<p><strong>Porque Escolher a Nossa Almofada de Conforto em Espuma de Mem\u00f3ria Respir\u00e1vel?<\/strong><\/p>\n<ol>\n<li><strong>Materiais Avan\u00e7ados:<\/strong> Espuma de mem\u00f3ria de grau aeroespacial para um suporte inigual\u00e1vel<\/li>\n<li><strong>Design Pensado:<\/strong> Caracter\u00edsticas ergon\u00f3micas baseadas na mec\u00e2nica do corpo humano<\/li>\n<li><strong>Uso Vers\u00e1til:<\/strong> Adequada para v\u00e1rias preocupa\u00e7\u00f5es de sa\u00fade e necessidades de conforto<\/li>\n<li><strong>Respirabilidade Superior:<\/strong> Mant\u00e9m-no fresco e confort\u00e1vel durante todo o dia<\/li>\n<\/ol>\n","protected":false},"excerpt":{"rendered":"<p>Almofada de Conforto em Espuma de Mem\u00f3ria Respir\u00e1vel: Sente-se Mais Tempo, Mantenha-se Fresco<\/p>\n<p>Experimente o auge do conforto ao sentar com a nossa inovadora Almofada de Conforto em Espuma de Mem\u00f3ria Respir\u00e1vel. Concebida com tecnologia de grau aeroespacial e princ\u00edpios ergon\u00f3micos, esta almofada transforma qualquer assento num ref\u00fagio de conforto e apoio, permitindo que se sente por longos per\u00edodos sem desconforto, dor ou sobreaquecimento.<\/p>\n","protected":false},"featured_media":6557,"comment_status":"open","ping_status":"closed","template":"","meta":{"site-sidebar-layout":"default","site-content-layout":"","ast-site-content-layout":"default","site-content-style":"default","site-sidebar-style":"default","ast-global-header-display":"","ast-banner-title-visibility":"","ast-main-header-display":"","ast-hfb-above-header-display":"","ast-hfb-below-header-display":"","ast-hfb-mobile-header-display":"","site-post-title":"","ast-breadcrumbs-content":"","ast-featured-img":"","footer-sml-layout":"","theme-transparent-header-meta":"default","adv-header-id-meta":"","stick-header-meta":"","header-above-stick-meta":"","header-main-stick-meta":"","header-below-stick-meta":"","astra-migrate-meta-layouts":"set","ast-page-background-enabled":"default","ast-page-background-meta":{"desktop":{"background-color":"var(--ast-global-color-4)","background-image":"","background-repeat":"repeat","background-position":"center center","background-size":"auto","background-attachment":"scroll","background-type":"","background-media":"","overlay-type":"","overlay-color":"","overlay-opacity":"","overlay-gradient":""},"tablet":{"background-color":"","background-image":"","background-repeat":"repeat","background-position":"center center","background-size":"auto","background-attachment":"scroll","background-type":"","background-media":"","overlay-type":"","overlay-color":"","overlay-opacity":"","overlay-gradient":""},"mobile":{"background-color":"","background-image":"","background-repeat":"repeat","background-position":"center center","background-size":"auto","background-attachment":"scroll","background-type":"","background-media":"","overlay-type":"","overlay-color":"","overlay-opacity":"","overlay-gradient":""}},"ast-content-background-meta":{"desktop":{"background-color":"var(--ast-global-color-5)","background-image":"","background-repeat":"repeat","background-position":"center center","background-size":"auto","background-attachment":"scroll","background-type":"","background-media":"","overlay-type":"","overlay-color":"","overlay-opacity":"","overlay-gradient":""},"tablet":{"background-color":"var(--ast-global-color-5)","background-image":"","background-repeat":"repeat","background-position":"center center","background-size":"auto","background-attachment":"scroll","background-type":"","background-media":"","overlay-type":"","overlay-color":"","overlay-opacity":"","overlay-gradient":""},"mobile":{"background-color":"var(--ast-global-color-5)","background-image":"","background-repeat":"repeat","background-position":"center center","background-size":"auto","background-attachment":"scroll","background-type":"","background-media":"","overlay-type":"","overlay-color":"","overlay-opacity":"","overlay-gradient":""}}},"product_brand":[],"product_cat":[338],"product_tag":[162,339],"class_list":{"0":"post-7939","1":"product","2":"type-product","3":"status-publish","4":"has-post-thumbnail","6":"product_cat-almofada","7":"product_tag-alivio-de-pressao","8":"product_tag-almofada-pt-pt","9":"desktop-align-left","10":"tablet-align-left","11":"mobile-align-left","12":"ast-product-gallery-layout-horizontal-slider","13":"ast-product-single-variable","14":"ast-product-tabs-layout-horizontal","15":"ast-qv-on-image","17":"first","18":"instock","19":"shipping-taxable","20":"purchasable","21":"product-type-variable"},"aioseo_notices":[],"_links":{"self":[{"href":"https:\/\/www.aimycomfort.com\/store\/pt-pt\/wp-json\/wp\/v2\/product\/7939","targetHints":{"allow":["GET"]}}],"collection":[{"href":"https:\/\/www.aimycomfort.com\/store\/pt-pt\/wp-json\/wp\/v2\/product"}],"about":[{"href":"https:\/\/www.aimycomfort.com\/store\/pt-pt\/wp-json\/wp\/v2\/types\/product"}],"replies":[{"embeddable":true,"href":"https:\/\/www.aimycomfort.com\/store\/pt-pt\/wp-json\/wp\/v2\/comments?post=7939"}],"wp:featuredmedia":[{"embeddable":true,"href":"https:\/\/www.aimycomfort.com\/store\/pt-pt\/wp-json\/wp\/v2\/media\/6557"}],"wp:attachment":[{"href":"https:\/\/www.aimycomfort.com\/store\/pt-pt\/wp-json\/wp\/v2\/media?parent=7939"}],"wp:term":[{"taxonomy":"product_brand","embeddable":true,"href":"https:\/\/www.aimycomfort.com\/store\/pt-pt\/wp-json\/wp\/v2\/product_brand?post=7939"},{"taxonomy":"product_cat","embeddable":true,"href":"https:\/\/www.aimycomfort.com\/store\/pt-pt\/wp-json\/wp\/v2\/product_cat?post=7939"},{"taxonomy":"product_tag","embeddable":true,"href":"https:\/\/www.aimycomfort.com\/store\/pt-pt\/wp-json\/wp\/v2\/product_tag?post=7939"}],"curies":[{"name":"wp","href":"https:\/\/api.w.org\/{rel}","templated":true}]}}