{"id":7815,"date":"2024-08-05T07:30:29","date_gmt":"2024-08-05T07:30:29","guid":{"rendered":"https:\/\/www.aimycomfort.com\/store\/product\/almofada-sonho-de-borboleta\/"},"modified":"2024-08-23T05:50:58","modified_gmt":"2024-08-23T05:50:58","slug":"almofada-sonho-de-borboleta","status":"publish","type":"product","link":"https:\/\/www.aimycomfort.com\/store\/pt-pt\/produto\/almofada-sonho-de-borboleta\/","title":{"rendered":"Almofada Sonho de Borboleta"},"content":{"rendered":"<p>A nossa Almofada Sonho de Borboleta n\u00e3o \u00e9 apenas uma almofada \u2013 \u00e9 um ref\u00fagio noturno para a sua cabe\u00e7a, pesco\u00e7o e ombros. Ao combinar um design inovador com materiais premium, cri\u00e1mos uma almofada que se adapta \u00e0s suas necessidades, proporcionando o equil\u00edbrio perfeito entre suporte e conforto.<\/p>\n<p><strong>Caracter\u00edsticas Principais<\/strong><\/p>\n<ul>\n<li>Design Elegante de Borboleta: Oferece suporte superior ao pesco\u00e7o e alivia a dor<\/li>\n<li>Tecnologia de Duplo Tecido:\n<ul>\n<li>Tecido Premium de Camada de Ar: Ultra-suave e amigo da pele<\/li>\n<li>Pain\u00e9is de Malha 4D: Melhora a respirabilidade e previne o sobreaquecimento<\/li>\n<\/ul>\n<\/li>\n<li>Design Ergon\u00f3mico de Apoio de Bra\u00e7os: Permite liberdade de movimento sem dorm\u00eancia no bra\u00e7o<\/li>\n<li>Depress\u00e3o Central: Alivia a press\u00e3o na parte de tr\u00e1s da cabe\u00e7a<\/li>\n<li>Design de Extens\u00e3o Cervical: Suporta confortavelmente a curva natural do seu pesco\u00e7o<\/li>\n<li>N\u00facleo de Espuma de Mem\u00f3ria Termossens\u00edvel: Adapta-se ao calor do seu corpo para um conforto personalizado<\/li>\n<li>Malha de Fibra que Absorve a Humidade: Mant\u00e9m-no seco e confort\u00e1vel durante toda a noite<\/li>\n<\/ul>\n<p><strong>Benef\u00edcios<\/strong><\/p>\n<ul>\n<li>Mant\u00e9m a curva &#8220;C&#8221; saud\u00e1vel da sua coluna cervical quando dorme de costas<\/li>\n<li>Proporciona conforto em qualquer posi\u00e7\u00e3o de dormir &#8211; costas, lado ou barriga<\/li>\n<li>Alivia a dor e rigidez do pesco\u00e7o<\/li>\n<li>Promove o alinhamento adequado da coluna<\/li>\n<\/ul>\n<p><strong>Detalhes Luxuosos<\/strong><\/p>\n<ul>\n<li>Fecho de Correr Met\u00e1lico Suave\n<ul>\n<li>Dur\u00e1vel e f\u00e1cil de usar, refletindo o nosso compromisso com a qualidade<\/li>\n<\/ul>\n<\/li>\n<li>Rebordo Protetor: Protege o n\u00facleo interior enquanto permite uma f\u00e1cil remo\u00e7\u00e3o da capa para lavagem<\/li>\n<li>Design de Dois Lados: Confort\u00e1vel qualquer que seja o lado que escolha<\/li>\n<\/ul>\n<p><strong>Perfeita para<\/strong><\/p>\n<ul>\n<li>Pessoas que sofrem de dor ou rigidez no pesco\u00e7o<\/li>\n<li>Pessoas que procuram melhorar a qualidade do sono<\/li>\n<li>Qualquer pessoa que queira manter o alinhamento adequado da coluna durante o sono<\/li>\n<li>Pessoas que dormem quente e precisam de uma op\u00e7\u00e3o de almofada mais fresca<\/li>\n<\/ul>\n<p><strong>Cuidados e Manuten\u00e7\u00e3o:<\/strong> Capa remov\u00edvel e lav\u00e1vel na m\u00e1quina para uma limpeza f\u00e1cil e frescura duradoura<\/p>\n","protected":false},"excerpt":{"rendered":"<p>Almofada Sonho de Borboleta: Conforto Revolucion\u00e1rio para o Seu Pesco\u00e7o e Mais Al\u00e9m<\/p>\n<p>Experimente a combina\u00e7\u00e3o perfeita de suporte, respirabilidade e design inovador com a nossa Almofada Sonho de Borboleta. Projetada para proporcionar um conforto inigual\u00e1vel e promover posturas de sono saud\u00e1veis, esta almofada \u00e9 a sua porta de entrada para um descanso rejuvenescedor.<\/p>\n","protected":false},"featured_media":6575,"comment_status":"open","ping_status":"closed","template":"","meta":{"site-sidebar-layout":"default","site-content-layout":"content-boxed-container","ast-site-content-layout":"normal-width-container","site-content-style":"boxed","site-sidebar-style":"unboxed","ast-global-header-display":"","ast-banner-title-visibility":"","ast-main-header-display":"","ast-hfb-above-header-display":"","ast-hfb-below-header-display":"","ast-hfb-mobile-header-display":"","site-post-title":"","ast-breadcrumbs-content":"","ast-featured-img":"","footer-sml-layout":"","theme-transparent-header-meta":"default","adv-header-id-meta":"","stick-header-meta":"","header-above-stick-meta":"","header-main-stick-meta":"","header-below-stick-meta":"","astra-migrate-meta-layouts":"set","ast-page-background-enabled":"default","ast-page-background-meta":{"desktop":{"background-color":"var(--ast-global-color-4)","background-image":"","background-repeat":"repeat","background-position":"center center","background-size":"auto","background-attachment":"scroll","background-type":"","background-media":"","overlay-type":"","overlay-color":"","overlay-opacity":"","overlay-gradient":""},"tablet":{"background-color":"","background-image":"","background-repeat":"repeat","background-position":"center center","background-size":"auto","background-attachment":"scroll","background-type":"","background-media":"","overlay-type":"","overlay-color":"","overlay-opacity":"","overlay-gradient":""},"mobile":{"background-color":"","background-image":"","background-repeat":"repeat","background-position":"center center","background-size":"auto","background-attachment":"scroll","background-type":"","background-media":"","overlay-type":"","overlay-color":"","overlay-opacity":"","overlay-gradient":""}},"ast-content-background-meta":{"desktop":{"background-color":"var(--ast-global-color-5)","background-image":"","background-repeat":"repeat","background-position":"center center","background-size":"auto","background-attachment":"scroll","background-type":"","background-media":"","overlay-type":"","overlay-color":"","overlay-opacity":"","overlay-gradient":""},"tablet":{"background-color":"var(--ast-global-color-5)","background-image":"","background-repeat":"repeat","background-position":"center center","background-size":"auto","background-attachment":"scroll","background-type":"","background-media":"","overlay-type":"","overlay-color":"","overlay-opacity":"","overlay-gradient":""},"mobile":{"background-color":"var(--ast-global-color-5)","background-image":"","background-repeat":"repeat","background-position":"center center","background-size":"auto","background-attachment":"scroll","background-type":"","background-media":"","overlay-type":"","overlay-color":"","overlay-opacity":"","overlay-gradient":""}}},"product_brand":[],"product_cat":[161],"product_tag":[162,611],"class_list":{"0":"post-7815","1":"product","2":"type-product","3":"status-publish","4":"has-post-thumbnail","6":"product_cat-colecao-de-almofadas","7":"product_tag-alivio-de-pressao","8":"product_tag-almohada-pt-pt","9":"desktop-align-left","10":"tablet-align-left","11":"mobile-align-left","12":"ast-product-gallery-layout-horizontal-slider","13":"ast-product-tabs-layout-horizontal","14":"ast-qv-on-image","16":"first","17":"instock","18":"shipping-taxable","19":"purchasable","20":"product-type-simple"},"aioseo_notices":[],"_links":{"self":[{"href":"https:\/\/www.aimycomfort.com\/store\/pt-pt\/wp-json\/wp\/v2\/product\/7815","targetHints":{"allow":["GET"]}}],"collection":[{"href":"https:\/\/www.aimycomfort.com\/store\/pt-pt\/wp-json\/wp\/v2\/product"}],"about":[{"href":"https:\/\/www.aimycomfort.com\/store\/pt-pt\/wp-json\/wp\/v2\/types\/product"}],"replies":[{"embeddable":true,"href":"https:\/\/www.aimycomfort.com\/store\/pt-pt\/wp-json\/wp\/v2\/comments?post=7815"}],"wp:featuredmedia":[{"embeddable":true,"href":"https:\/\/www.aimycomfort.com\/store\/pt-pt\/wp-json\/wp\/v2\/media\/6575"}],"wp:attachment":[{"href":"https:\/\/www.aimycomfort.com\/store\/pt-pt\/wp-json\/wp\/v2\/media?parent=7815"}],"wp:term":[{"taxonomy":"product_brand","embeddable":true,"href":"https:\/\/www.aimycomfort.com\/store\/pt-pt\/wp-json\/wp\/v2\/product_brand?post=7815"},{"taxonomy":"product_cat","embeddable":true,"href":"https:\/\/www.aimycomfort.com\/store\/pt-pt\/wp-json\/wp\/v2\/product_cat?post=7815"},{"taxonomy":"product_tag","embeddable":true,"href":"https:\/\/www.aimycomfort.com\/store\/pt-pt\/wp-json\/wp\/v2\/product_tag?post=7815"}],"curies":[{"name":"wp","href":"https:\/\/api.w.org\/{rel}","templated":true}]}}