{"id":7618,"date":"2024-08-09T07:57:19","date_gmt":"2024-08-09T07:57:19","guid":{"rendered":"https:\/\/www.aimycomfort.com\/store\/product\/conjunto-de-conforto-definitivo-para-automovel\/"},"modified":"2024-08-09T07:57:19","modified_gmt":"2024-08-09T07:57:19","slug":"conjunto-de-conforto-definitivo-para-automovel","status":"publish","type":"product","link":"https:\/\/www.aimycomfort.com\/store\/pt-pt\/produto\/conjunto-de-conforto-definitivo-para-automovel\/","title":{"rendered":"Conjunto de Conforto Definitivo para Autom\u00f3vel"},"content":{"rendered":"<p>O nosso Conjunto de Conforto para Autom\u00f3vel n\u00e3o \u00e9 apenas um acess\u00f3rio \u2013 \u00e9 a sua esta\u00e7\u00e3o pessoal de conforto sobre rodas. Quer esteja a enfrentar o trajeto di\u00e1rio para o trabalho ou a embarcar numa aventura pelo pa\u00eds, este conjunto garante que est\u00e1 sempre a conduzir com conforto e estilo.<\/p>\n<p><strong>Caracter\u00edsticas Principais:<\/strong><\/p>\n<ol>\n<li><strong>Almofada Ergon\u00f3mica para o Pesco\u00e7o:<\/strong>\n<ul>\n<li>Design c\u00f4ncavo profundo que restaura a curva natural em C do pesco\u00e7o<\/li>\n<li>Suporte ventilado de 5 ossos para al\u00edvio r\u00e1pido da press\u00e3o<\/li>\n<\/ul>\n<\/li>\n<li><strong>Almofada de Suporte Lombar:<\/strong>\n<ul>\n<li>Tamanho ampliado para um suporte abrangente das costas<\/li>\n<li>\u00c1rea elevada da coluna que promove uma postura correta<\/li>\n<\/ul>\n<\/li>\n<li><strong>Espuma de Mem\u00f3ria Termossens\u00edvel:<\/strong>\n<ul>\n<li>Adapta-se ao calor e peso do seu corpo<\/li>\n<li>Retorna \u00e0 forma original para um suporte consistente<\/li>\n<\/ul>\n<\/li>\n<li><strong>Design Inspirado em Massagem:<\/strong>\n<ul>\n<li>Pontos circulares elevados para uma massagem suave nas costas<\/li>\n<li>Protrus\u00e3o central da coluna que incentiva uma postura ereta<\/li>\n<\/ul>\n<\/li>\n<li><strong>Materiais Ecol\u00f3gicos:<\/strong>\n<ul>\n<li>Seguros para si e para o ambiente<\/li>\n<\/ul>\n<\/li>\n<\/ol>\n<p><strong>Porque Escolher o Nosso Conjunto de Conforto para Autom\u00f3vel?<\/strong><\/p>\n<ol>\n<li><strong>Apoio Abrangente:<\/strong> Aborda o conforto tanto do pesco\u00e7o como da parte inferior das costas<\/li>\n<li><strong>Materiais de Qualidade:<\/strong> Espuma de mem\u00f3ria premium para um conforto duradouro<\/li>\n<li><strong>Design Pensado:<\/strong> Caracter\u00edsticas ergon\u00f3micas baseadas na mec\u00e2nica do corpo humano<\/li>\n<\/ol>\n","protected":false},"excerpt":{"rendered":"<p>Conduza Mais, Sinta-se Melhor<\/p>\n<p>Experimente um conforto inigual\u00e1vel em cada viagem com o nosso inovador Conjunto de Conforto para Autom\u00f3vel. Concebido para apoiar simultaneamente o seu pesco\u00e7o e a parte inferior das costas, este conjunto garante que chega ao seu destino sentindo-se revigorado e sem dores, independentemente da dura\u00e7\u00e3o da viagem.<\/p>\n","protected":false},"featured_media":6377,"comment_status":"open","ping_status":"closed","template":"","meta":{"site-sidebar-layout":"default","site-content-layout":"","ast-site-content-layout":"default","site-content-style":"default","site-sidebar-style":"default","ast-global-header-display":"","ast-banner-title-visibility":"","ast-main-header-display":"","ast-hfb-above-header-display":"","ast-hfb-below-header-display":"","ast-hfb-mobile-header-display":"","site-post-title":"","ast-breadcrumbs-content":"","ast-featured-img":"","footer-sml-layout":"","theme-transparent-header-meta":"default","adv-header-id-meta":"","stick-header-meta":"","header-above-stick-meta":"","header-main-stick-meta":"","header-below-stick-meta":"","astra-migrate-meta-layouts":"default","ast-page-background-enabled":"default","ast-page-background-meta":{"desktop":{"background-color":"var(--ast-global-color-4)","background-image":"","background-repeat":"repeat","background-position":"center center","background-size":"auto","background-attachment":"scroll","background-type":"","background-media":"","overlay-type":"","overlay-color":"","overlay-opacity":"","overlay-gradient":""},"tablet":{"background-color":"","background-image":"","background-repeat":"repeat","background-position":"center center","background-size":"auto","background-attachment":"scroll","background-type":"","background-media":"","overlay-type":"","overlay-color":"","overlay-opacity":"","overlay-gradient":""},"mobile":{"background-color":"","background-image":"","background-repeat":"repeat","background-position":"center center","background-size":"auto","background-attachment":"scroll","background-type":"","background-media":"","overlay-type":"","overlay-color":"","overlay-opacity":"","overlay-gradient":""}},"ast-content-background-meta":{"desktop":{"background-color":"var(--ast-global-color-5)","background-image":"","background-repeat":"repeat","background-position":"center center","background-size":"auto","background-attachment":"scroll","background-type":"","background-media":"","overlay-type":"","overlay-color":"","overlay-opacity":"","overlay-gradient":""},"tablet":{"background-color":"var(--ast-global-color-5)","background-image":"","background-repeat":"repeat","background-position":"center center","background-size":"auto","background-attachment":"scroll","background-type":"","background-media":"","overlay-type":"","overlay-color":"","overlay-opacity":"","overlay-gradient":""},"mobile":{"background-color":"var(--ast-global-color-5)","background-image":"","background-repeat":"repeat","background-position":"center center","background-size":"auto","background-attachment":"scroll","background-type":"","background-media":"","overlay-type":"","overlay-color":"","overlay-opacity":"","overlay-gradient":""}}},"product_brand":[],"product_cat":[140],"product_tag":[162],"class_list":{"0":"post-7618","1":"product","2":"type-product","3":"status-publish","4":"has-post-thumbnail","6":"product_cat-apoio-lombar","7":"product_tag-alivio-de-pressao","8":"desktop-align-left","9":"tablet-align-left","10":"mobile-align-left","11":"ast-product-gallery-layout-horizontal-slider","12":"ast-product-single-variable","13":"ast-product-tabs-layout-horizontal","14":"ast-qv-on-image","16":"first","17":"instock","18":"shipping-taxable","19":"purchasable","20":"product-type-variable"},"aioseo_notices":[],"_links":{"self":[{"href":"https:\/\/www.aimycomfort.com\/store\/pt-pt\/wp-json\/wp\/v2\/product\/7618","targetHints":{"allow":["GET"]}}],"collection":[{"href":"https:\/\/www.aimycomfort.com\/store\/pt-pt\/wp-json\/wp\/v2\/product"}],"about":[{"href":"https:\/\/www.aimycomfort.com\/store\/pt-pt\/wp-json\/wp\/v2\/types\/product"}],"replies":[{"embeddable":true,"href":"https:\/\/www.aimycomfort.com\/store\/pt-pt\/wp-json\/wp\/v2\/comments?post=7618"}],"wp:featuredmedia":[{"embeddable":true,"href":"https:\/\/www.aimycomfort.com\/store\/pt-pt\/wp-json\/wp\/v2\/media\/6377"}],"wp:attachment":[{"href":"https:\/\/www.aimycomfort.com\/store\/pt-pt\/wp-json\/wp\/v2\/media?parent=7618"}],"wp:term":[{"taxonomy":"product_brand","embeddable":true,"href":"https:\/\/www.aimycomfort.com\/store\/pt-pt\/wp-json\/wp\/v2\/product_brand?post=7618"},{"taxonomy":"product_cat","embeddable":true,"href":"https:\/\/www.aimycomfort.com\/store\/pt-pt\/wp-json\/wp\/v2\/product_cat?post=7618"},{"taxonomy":"product_tag","embeddable":true,"href":"https:\/\/www.aimycomfort.com\/store\/pt-pt\/wp-json\/wp\/v2\/product_tag?post=7618"}],"curies":[{"name":"wp","href":"https:\/\/api.w.org\/{rel}","templated":true}]}}