{"id":7523,"date":"2024-08-09T02:51:22","date_gmt":"2024-08-09T02:51:22","guid":{"rendered":"https:\/\/www.aimycomfort.com\/store\/product\/almofada-de-assento-respiravel-para-postura-perfeita\/"},"modified":"2024-08-23T06:31:08","modified_gmt":"2024-08-23T06:31:08","slug":"almofada-de-assento-respiravel-para-postura-perfeita","status":"publish","type":"product","link":"https:\/\/www.aimycomfort.com\/store\/pt-pt\/produto\/almofada-de-assento-respiravel-para-postura-perfeita\/","title":{"rendered":"Almofada de Assento Respir\u00e1vel para Postura Perfeita"},"content":{"rendered":"<p>A nossa Almofada de Assento Respir\u00e1vel para Postura Perfeita n\u00e3o \u00e9 apenas uma almofada &#8211; \u00e9 a sua esta\u00e7\u00e3o de conforto pessoal. Quer esteja a enfrentar um longo dia de trabalho ou a desfrutar de tempo de lazer em casa, esta almofada garante que est\u00e1 sempre sentado com conforto e estilo.<\/p>\n<p>Caracter\u00edsticas Principais<\/p>\n<ol>\n<li>Design Ergon\u00f3mico em Forma de L:<\/li>\n<\/ol>\n<ul>\n<li>Adapta-se \u00e0s curvas naturais do seu corpo<\/li>\n<li>Apoia tanto a parte inferior das costas como as ancas para mais de 8 horas de conforto<\/li>\n<\/ul>\n<ol start=\"2\">\n<li>Design Oco Central:<\/li>\n<\/ol>\n<ul>\n<li>Melhora a circula\u00e7\u00e3o de ar para uma experi\u00eancia fresca e seca<\/li>\n<li>Reduz a press\u00e3o em \u00e1reas sens\u00edveis<\/li>\n<\/ul>\n<ol start=\"3\">\n<li>N\u00facleo de Espuma de Mem\u00f3ria Espacial:<\/li>\n<\/ol>\n<ul>\n<li>Adapta-se \u00e0 sua forma \u00fanica para um conforto personalizado<\/li>\n<li>Mant\u00e9m o apoio durante o uso prolongado<\/li>\n<\/ul>\n<ol start=\"4\">\n<li>Design Ergon\u00f3mico Patenteado:<\/li>\n<\/ol>\n<ul>\n<li>Promove uma postura correta e uma posi\u00e7\u00e3o ereta<\/li>\n<li>Alivia a press\u00e3o no c\u00f3ccix e na coluna vertebral<\/li>\n<\/ul>\n<ol start=\"5\">\n<li>Base Antiderrapante:<\/li>\n<\/ol>\n<ul>\n<li>A parte inferior texturizada garante estabilidade durante o uso<\/li>\n<li>Mant\u00e9m-se no lugar mesmo durante longas sess\u00f5es sentado<\/li>\n<\/ul>\n<p>Porque Escolher a Nossa Almofada de Assento Respir\u00e1vel para Postura Perfeita?<\/p>\n<ol>\n<li>Apoio Abrangente: Aborda o conforto tanto da parte inferior das costas como das ancas<\/li>\n<li>Materiais de Qualidade: Espuma de mem\u00f3ria premium e tecido respir\u00e1vel<\/li>\n<li>Design Pensado: Caracter\u00edsticas ergon\u00f3micas baseadas na mec\u00e2nica do corpo humano<\/li>\n<li>Manuten\u00e7\u00e3o F\u00e1cil: Capa remov\u00edvel e lav\u00e1vel para uma frescura duradoura<\/li>\n<\/ol>\n<p>Perfeita para<\/p>\n<ul>\n<li>Colocar na sua cadeira de escrit\u00f3rio para apoio durante todo o dia<\/li>\n<li>Usar no seu carro para desloca\u00e7\u00f5es confort\u00e1veis<\/li>\n<li>Adicionar \u00e0 sua poltrona favorita para momentos de relaxamento aconchegantes<\/li>\n<\/ul>\n","protected":false},"excerpt":{"rendered":"<p>A Sua Solu\u00e7\u00e3o Tudo-em-Um para Conforto e Apoio<\/p>\n<p>Transforme a sua experi\u00eancia de sentar com a nossa inovadora Almofada de Assento Respir\u00e1vel para Postura Perfeita. Concebida para apoiar a parte inferior das costas e as ancas enquanto promove uma postura correta, esta almofada \u00e9 a chave para dias confort\u00e1veis e produtivos &#8211; quer esteja a trabalhar em casa ou no escrit\u00f3rio.<\/p>\n","protected":false},"featured_media":6422,"comment_status":"open","ping_status":"closed","template":"","meta":{"site-sidebar-layout":"default","site-content-layout":"","ast-site-content-layout":"default","site-content-style":"default","site-sidebar-style":"default","ast-global-header-display":"","ast-banner-title-visibility":"","ast-main-header-display":"","ast-hfb-above-header-display":"","ast-hfb-below-header-display":"","ast-hfb-mobile-header-display":"","site-post-title":"","ast-breadcrumbs-content":"","ast-featured-img":"","footer-sml-layout":"","theme-transparent-header-meta":"default","adv-header-id-meta":"","stick-header-meta":"","header-above-stick-meta":"","header-main-stick-meta":"","header-below-stick-meta":"","astra-migrate-meta-layouts":"set","ast-page-background-enabled":"default","ast-page-background-meta":{"desktop":{"background-color":"var(--ast-global-color-4)","background-image":"","background-repeat":"repeat","background-position":"center center","background-size":"auto","background-attachment":"scroll","background-type":"","background-media":"","overlay-type":"","overlay-color":"","overlay-opacity":"","overlay-gradient":""},"tablet":{"background-color":"","background-image":"","background-repeat":"repeat","background-position":"center center","background-size":"auto","background-attachment":"scroll","background-type":"","background-media":"","overlay-type":"","overlay-color":"","overlay-opacity":"","overlay-gradient":""},"mobile":{"background-color":"","background-image":"","background-repeat":"repeat","background-position":"center center","background-size":"auto","background-attachment":"scroll","background-type":"","background-media":"","overlay-type":"","overlay-color":"","overlay-opacity":"","overlay-gradient":""}},"ast-content-background-meta":{"desktop":{"background-color":"var(--ast-global-color-5)","background-image":"","background-repeat":"repeat","background-position":"center center","background-size":"auto","background-attachment":"scroll","background-type":"","background-media":"","overlay-type":"","overlay-color":"","overlay-opacity":"","overlay-gradient":""},"tablet":{"background-color":"var(--ast-global-color-5)","background-image":"","background-repeat":"repeat","background-position":"center center","background-size":"auto","background-attachment":"scroll","background-type":"","background-media":"","overlay-type":"","overlay-color":"","overlay-opacity":"","overlay-gradient":""},"mobile":{"background-color":"var(--ast-global-color-5)","background-image":"","background-repeat":"repeat","background-position":"center center","background-size":"auto","background-attachment":"scroll","background-type":"","background-media":"","overlay-type":"","overlay-color":"","overlay-opacity":"","overlay-gradient":""}}},"product_brand":[],"product_cat":[338,140],"product_tag":[162,339],"class_list":{"0":"post-7523","1":"product","2":"type-product","3":"status-publish","4":"has-post-thumbnail","6":"product_cat-almofada","7":"product_cat-apoio-lombar","8":"product_tag-alivio-de-pressao","9":"product_tag-almofada-pt-pt","10":"desktop-align-left","11":"tablet-align-left","12":"mobile-align-left","13":"ast-product-gallery-layout-horizontal-slider","14":"ast-product-single-variable","15":"ast-product-tabs-layout-horizontal","16":"ast-qv-on-image","18":"first","19":"instock","20":"shipping-taxable","21":"purchasable","22":"product-type-variable"},"aioseo_notices":[],"_links":{"self":[{"href":"https:\/\/www.aimycomfort.com\/store\/pt-pt\/wp-json\/wp\/v2\/product\/7523","targetHints":{"allow":["GET"]}}],"collection":[{"href":"https:\/\/www.aimycomfort.com\/store\/pt-pt\/wp-json\/wp\/v2\/product"}],"about":[{"href":"https:\/\/www.aimycomfort.com\/store\/pt-pt\/wp-json\/wp\/v2\/types\/product"}],"replies":[{"embeddable":true,"href":"https:\/\/www.aimycomfort.com\/store\/pt-pt\/wp-json\/wp\/v2\/comments?post=7523"}],"wp:featuredmedia":[{"embeddable":true,"href":"https:\/\/www.aimycomfort.com\/store\/pt-pt\/wp-json\/wp\/v2\/media\/6422"}],"wp:attachment":[{"href":"https:\/\/www.aimycomfort.com\/store\/pt-pt\/wp-json\/wp\/v2\/media?parent=7523"}],"wp:term":[{"taxonomy":"product_brand","embeddable":true,"href":"https:\/\/www.aimycomfort.com\/store\/pt-pt\/wp-json\/wp\/v2\/product_brand?post=7523"},{"taxonomy":"product_cat","embeddable":true,"href":"https:\/\/www.aimycomfort.com\/store\/pt-pt\/wp-json\/wp\/v2\/product_cat?post=7523"},{"taxonomy":"product_tag","embeddable":true,"href":"https:\/\/www.aimycomfort.com\/store\/pt-pt\/wp-json\/wp\/v2\/product_tag?post=7523"}],"curies":[{"name":"wp","href":"https:\/\/api.w.org\/{rel}","templated":true}]}}