{"id":7302,"date":"2024-08-09T09:00:15","date_gmt":"2024-08-09T09:00:15","guid":{"rendered":"https:\/\/www.aimycomfort.com\/store\/product\/encosto-de-cabeceira-multifuncional-4-em-1\/"},"modified":"2024-08-23T06:39:16","modified_gmt":"2024-08-23T06:39:16","slug":"encosto-de-cabeceira-multifuncional-4-em-1","status":"publish","type":"product","link":"https:\/\/www.aimycomfort.com\/store\/pt-pt\/produto\/encosto-de-cabeceira-multifuncional-4-em-1\/","title":{"rendered":"Encosto de Cabeceira Multifuncional 4 em 1"},"content":{"rendered":"<p>Quer esteja a ler, a ver televis\u00e3o, a trabalhar ou simplesmente a relaxar, o nosso Encosto de Cama Multifuncional adapta-se \u00e0s suas necessidades. Experimente a combina\u00e7\u00e3o perfeita de apoio e conforto.<\/p>\n<p>Caracter\u00edsticas Principais:<\/p>\n<ol>\n<li>Maravilha Ergon\u00f3mica:<\/li>\n<\/ol>\n<ul>\n<li>Imita a curva natural da sua coluna para um apoio perfeito<\/li>\n<li>Design por zonas que cuida de cada parte das suas costas<\/li>\n<\/ul>\n<ol start=\"2\">\n<li>Funcionalidade 4 em 1:<\/li>\n<\/ol>\n<ul>\n<li>Transi\u00e7\u00e3o suave de encosto de cama para almofada, apoio de pesco\u00e7o ou apoio de pernas<\/li>\n<li>Combine os componentes para a sua configura\u00e7\u00e3o de conforto ideal<\/li>\n<\/ul>\n<ol start=\"3\">\n<li>Apoio Envolvente:<\/li>\n<\/ol>\n<ul>\n<li>Laterais elevadas com design 3D envolvente<\/li>\n<li>Sensa\u00e7\u00e3o de um abra\u00e7o suave para a parte inferior das costas<\/li>\n<\/ul>\n<ol start=\"4\">\n<li>Conforto Universal:<\/li>\n<\/ol>\n<ul>\n<li>\u00c1rea de superf\u00edcie generosa que acomoda todos os tipos de corpo<\/li>\n<li>Conforto luxuoso em qualquer posi\u00e7\u00e3o &#8211; deitado, sentado ou reclinado<\/li>\n<\/ul>\n<ol start=\"5\">\n<li>Estabilidade Garantida:<\/li>\n<\/ol>\n<ul>\n<li>Sistema de correias ocultas mant\u00e9m o encosto firmemente no lugar<\/li>\n<\/ul>\n<ol start=\"6\">\n<li>Materiais Premium:<\/li>\n<\/ol>\n<ul>\n<li>N\u00facleo de espuma de mem\u00f3ria de recupera\u00e7\u00e3o lenta para um conforto que alivia a press\u00e3o<\/li>\n<li>Capa em tecido de ioga escovado &#8211; respir\u00e1vel, macio como seda e amigo da pele<\/li>\n<\/ul>\n<ol start=\"7\">\n<li>Design F\u00e1cil de Usar:<\/li>\n<\/ol>\n<ul>\n<li>Fecho de correr suave para f\u00e1cil remo\u00e7\u00e3o e limpeza da capa<\/li>\n<\/ul>\n","protected":false},"excerpt":{"rendered":"<p>O Vers\u00e1til Encosto de Cama<\/p>\n<p>Transforme a sua cama num ref\u00fagio de relaxamento com o nosso Encosto de Cama Multifuncional. Concebido para envolver todas as suas costas, este produto inovador oferece um conforto e apoio inigual\u00e1veis para todas as posi\u00e7\u00f5es.<\/p>\n","protected":false},"featured_media":6440,"comment_status":"open","ping_status":"closed","template":"","meta":{"site-sidebar-layout":"default","site-content-layout":"","ast-site-content-layout":"default","site-content-style":"default","site-sidebar-style":"default","ast-global-header-display":"","ast-banner-title-visibility":"","ast-main-header-display":"","ast-hfb-above-header-display":"","ast-hfb-below-header-display":"","ast-hfb-mobile-header-display":"","site-post-title":"","ast-breadcrumbs-content":"","ast-featured-img":"","footer-sml-layout":"","theme-transparent-header-meta":"default","adv-header-id-meta":"","stick-header-meta":"","header-above-stick-meta":"","header-main-stick-meta":"","header-below-stick-meta":"","astra-migrate-meta-layouts":"set","ast-page-background-enabled":"default","ast-page-background-meta":{"desktop":{"background-color":"var(--ast-global-color-4)","background-image":"","background-repeat":"repeat","background-position":"center center","background-size":"auto","background-attachment":"scroll","background-type":"","background-media":"","overlay-type":"","overlay-color":"","overlay-opacity":"","overlay-gradient":""},"tablet":{"background-color":"","background-image":"","background-repeat":"repeat","background-position":"center center","background-size":"auto","background-attachment":"scroll","background-type":"","background-media":"","overlay-type":"","overlay-color":"","overlay-opacity":"","overlay-gradient":""},"mobile":{"background-color":"","background-image":"","background-repeat":"repeat","background-position":"center center","background-size":"auto","background-attachment":"scroll","background-type":"","background-media":"","overlay-type":"","overlay-color":"","overlay-opacity":"","overlay-gradient":""}},"ast-content-background-meta":{"desktop":{"background-color":"var(--ast-global-color-5)","background-image":"","background-repeat":"repeat","background-position":"center center","background-size":"auto","background-attachment":"scroll","background-type":"","background-media":"","overlay-type":"","overlay-color":"","overlay-opacity":"","overlay-gradient":""},"tablet":{"background-color":"var(--ast-global-color-5)","background-image":"","background-repeat":"repeat","background-position":"center center","background-size":"auto","background-attachment":"scroll","background-type":"","background-media":"","overlay-type":"","overlay-color":"","overlay-opacity":"","overlay-gradient":""},"mobile":{"background-color":"var(--ast-global-color-5)","background-image":"","background-repeat":"repeat","background-position":"center center","background-size":"auto","background-attachment":"scroll","background-type":"","background-media":"","overlay-type":"","overlay-color":"","overlay-opacity":"","overlay-gradient":""}}},"product_brand":[],"product_cat":[140,161],"product_tag":[162,166],"class_list":{"0":"post-7302","1":"product","2":"type-product","3":"status-publish","4":"has-post-thumbnail","6":"product_cat-apoio-lombar","7":"product_cat-colecao-de-almofadas","8":"product_tag-alivio-de-pressao","9":"product_tag-suporte-lombar","10":"desktop-align-left","11":"tablet-align-left","12":"mobile-align-left","13":"ast-product-gallery-layout-horizontal-slider","14":"ast-product-single-variable","15":"ast-product-tabs-layout-horizontal","16":"ast-qv-on-image","18":"first","19":"instock","20":"shipping-taxable","21":"purchasable","22":"product-type-variable"},"aioseo_notices":[],"_links":{"self":[{"href":"https:\/\/www.aimycomfort.com\/store\/pt-pt\/wp-json\/wp\/v2\/product\/7302","targetHints":{"allow":["GET"]}}],"collection":[{"href":"https:\/\/www.aimycomfort.com\/store\/pt-pt\/wp-json\/wp\/v2\/product"}],"about":[{"href":"https:\/\/www.aimycomfort.com\/store\/pt-pt\/wp-json\/wp\/v2\/types\/product"}],"replies":[{"embeddable":true,"href":"https:\/\/www.aimycomfort.com\/store\/pt-pt\/wp-json\/wp\/v2\/comments?post=7302"}],"wp:featuredmedia":[{"embeddable":true,"href":"https:\/\/www.aimycomfort.com\/store\/pt-pt\/wp-json\/wp\/v2\/media\/6440"}],"wp:attachment":[{"href":"https:\/\/www.aimycomfort.com\/store\/pt-pt\/wp-json\/wp\/v2\/media?parent=7302"}],"wp:term":[{"taxonomy":"product_brand","embeddable":true,"href":"https:\/\/www.aimycomfort.com\/store\/pt-pt\/wp-json\/wp\/v2\/product_brand?post=7302"},{"taxonomy":"product_cat","embeddable":true,"href":"https:\/\/www.aimycomfort.com\/store\/pt-pt\/wp-json\/wp\/v2\/product_cat?post=7302"},{"taxonomy":"product_tag","embeddable":true,"href":"https:\/\/www.aimycomfort.com\/store\/pt-pt\/wp-json\/wp\/v2\/product_tag?post=7302"}],"curies":[{"name":"wp","href":"https:\/\/api.w.org\/{rel}","templated":true}]}}