{"id":7103,"date":"2024-08-09T09:18:06","date_gmt":"2024-08-09T09:18:06","guid":{"rendered":"https:\/\/www.aimycomfort.com\/store\/product\/suporte-lombar-ultimate-3d-embrace\/"},"modified":"2024-08-23T06:43:36","modified_gmt":"2024-08-23T06:43:36","slug":"suporte-lombar-ultimate-3d-embrace","status":"publish","type":"product","link":"https:\/\/www.aimycomfort.com\/store\/pt-pt\/produto\/suporte-lombar-ultimate-3d-embrace\/","title":{"rendered":"Suporte Lombar Ultimate 3D Embrace"},"content":{"rendered":"<p>Quer esteja a trabalhar arduamente durante o dia, a embarcar numa viagem de carro, ou simplesmente a relaxar em casa, o nosso Suporte Lombar 3D Embrace tem as suas costas &#8211; literalmente! Diga adeus ao desconforto e ol\u00e1 a uma nova era de bem-estar sentado.<\/p>\n<p>Caracter\u00edsticas Principais:<\/p>\n<ol>\n<li>Compatibilidade Universal:<\/li>\n<\/ol>\n<ul>\n<li>Adapta-se a 99% das cadeiras e bancos de carro no mercado<\/li>\n<li>A sua solu\u00e7\u00e3o de conforto ideal para o escrit\u00f3rio e viagens<\/li>\n<\/ul>\n<ol start=\"2\">\n<li>Sistema de Suporte Revolucion\u00e1rio &#8220;C-T&#8221;:<\/li>\n<\/ol>\n<ul>\n<li>Design em forma de &#8220;C&#8221; que envolve a parte inferior das suas costas<\/li>\n<li>&#8220;Ponto T&#8221; estrat\u00e9gico fornece suporte espinal direcionado<\/li>\n<li>Equil\u00edbrio perfeito de suporte para sentar sem fadiga<\/li>\n<\/ul>\n<ol start=\"3\">\n<li>N\u00facleo de Espuma de Mem\u00f3ria de \u00daltima Gera\u00e7\u00e3o:<\/li>\n<\/ol>\n<ul>\n<li>Fornece suporte 3D luxuoso que se molda \u00e0 sua forma \u00fanica<\/li>\n<li>Distribui uniformemente a press\u00e3o para um conforto ideal<\/li>\n<li>Mant\u00e9m as suas propriedades de suporte ao longo do tempo<\/li>\n<\/ul>\n<ol start=\"4\">\n<li>Design Resistente a Rugas:<\/li>\n<\/ol>\n<ul>\n<li>Mant\u00e9m-se suave e de suporte, mesmo ap\u00f3s horas de utiliza\u00e7\u00e3o<\/li>\n<li>Mant\u00e9m a boa apar\u00eancia e sensa\u00e7\u00e3o, dia ap\u00f3s dia<\/li>\n<\/ul>\n<ol start=\"5\">\n<li>Materiais Premium:<\/li>\n<\/ol>\n<ul>\n<li>Tecido ultra-suave e amigo da pele para uma sensa\u00e7\u00e3o luxuosa<\/li>\n<li>Fecho de correr suave permite f\u00e1cil remo\u00e7\u00e3o e limpeza da capa<\/li>\n<\/ul>\n<ol start=\"6\">\n<li>Detalhes Pensados:<\/li>\n<\/ol>\n<ul>\n<li>O n\u00facleo de espuma de mem\u00f3ria oferece a mistura perfeita de suavidade e suporte<\/li>\n<li>Projetado para cuidar da sua coluna e pesco\u00e7o durante longos per\u00edodos sentado<\/li>\n<\/ul>\n","protected":false},"excerpt":{"rendered":"<p>O Novo Melhor Amigo da Sua Coluna Transforme qualquer assento num trono de conforto com o nosso inovador Apoio Lombar 3D Embrace. Concebido para um ajuste universal e um conforto sem igual, esta maravilha ergon\u00f3mica \u00e9 o seu bilhete para sentar-se sem dor, quer esteja no escrit\u00f3rio ou em viagem.<\/p>\n","protected":false},"featured_media":6368,"comment_status":"open","ping_status":"closed","template":"","meta":{"site-sidebar-layout":"default","site-content-layout":"","ast-site-content-layout":"default","site-content-style":"default","site-sidebar-style":"default","ast-global-header-display":"","ast-banner-title-visibility":"","ast-main-header-display":"","ast-hfb-above-header-display":"","ast-hfb-below-header-display":"","ast-hfb-mobile-header-display":"","site-post-title":"","ast-breadcrumbs-content":"","ast-featured-img":"","footer-sml-layout":"","theme-transparent-header-meta":"default","adv-header-id-meta":"","stick-header-meta":"","header-above-stick-meta":"","header-main-stick-meta":"","header-below-stick-meta":"","astra-migrate-meta-layouts":"set","ast-page-background-enabled":"default","ast-page-background-meta":{"desktop":{"background-color":"var(--ast-global-color-4)","background-image":"","background-repeat":"repeat","background-position":"center center","background-size":"auto","background-attachment":"scroll","background-type":"","background-media":"","overlay-type":"","overlay-color":"","overlay-opacity":"","overlay-gradient":""},"tablet":{"background-color":"","background-image":"","background-repeat":"repeat","background-position":"center center","background-size":"auto","background-attachment":"scroll","background-type":"","background-media":"","overlay-type":"","overlay-color":"","overlay-opacity":"","overlay-gradient":""},"mobile":{"background-color":"","background-image":"","background-repeat":"repeat","background-position":"center center","background-size":"auto","background-attachment":"scroll","background-type":"","background-media":"","overlay-type":"","overlay-color":"","overlay-opacity":"","overlay-gradient":""}},"ast-content-background-meta":{"desktop":{"background-color":"var(--ast-global-color-5)","background-image":"","background-repeat":"repeat","background-position":"center center","background-size":"auto","background-attachment":"scroll","background-type":"","background-media":"","overlay-type":"","overlay-color":"","overlay-opacity":"","overlay-gradient":""},"tablet":{"background-color":"var(--ast-global-color-5)","background-image":"","background-repeat":"repeat","background-position":"center center","background-size":"auto","background-attachment":"scroll","background-type":"","background-media":"","overlay-type":"","overlay-color":"","overlay-opacity":"","overlay-gradient":""},"mobile":{"background-color":"var(--ast-global-color-5)","background-image":"","background-repeat":"repeat","background-position":"center center","background-size":"auto","background-attachment":"scroll","background-type":"","background-media":"","overlay-type":"","overlay-color":"","overlay-opacity":"","overlay-gradient":""}}},"product_brand":[],"product_cat":[140],"product_tag":[162,166],"class_list":{"0":"post-7103","1":"product","2":"type-product","3":"status-publish","4":"has-post-thumbnail","6":"product_cat-apoio-lombar","7":"product_tag-alivio-de-pressao","8":"product_tag-suporte-lombar","9":"desktop-align-left","10":"tablet-align-left","11":"mobile-align-left","12":"ast-product-gallery-layout-horizontal-slider","13":"ast-product-single-variable","14":"ast-product-tabs-layout-horizontal","15":"ast-qv-on-image","17":"first","18":"instock","19":"shipping-taxable","20":"purchasable","21":"product-type-variable"},"aioseo_notices":[],"_links":{"self":[{"href":"https:\/\/www.aimycomfort.com\/store\/pt-pt\/wp-json\/wp\/v2\/product\/7103","targetHints":{"allow":["GET"]}}],"collection":[{"href":"https:\/\/www.aimycomfort.com\/store\/pt-pt\/wp-json\/wp\/v2\/product"}],"about":[{"href":"https:\/\/www.aimycomfort.com\/store\/pt-pt\/wp-json\/wp\/v2\/types\/product"}],"replies":[{"embeddable":true,"href":"https:\/\/www.aimycomfort.com\/store\/pt-pt\/wp-json\/wp\/v2\/comments?post=7103"}],"wp:featuredmedia":[{"embeddable":true,"href":"https:\/\/www.aimycomfort.com\/store\/pt-pt\/wp-json\/wp\/v2\/media\/6368"}],"wp:attachment":[{"href":"https:\/\/www.aimycomfort.com\/store\/pt-pt\/wp-json\/wp\/v2\/media?parent=7103"}],"wp:term":[{"taxonomy":"product_brand","embeddable":true,"href":"https:\/\/www.aimycomfort.com\/store\/pt-pt\/wp-json\/wp\/v2\/product_brand?post=7103"},{"taxonomy":"product_cat","embeddable":true,"href":"https:\/\/www.aimycomfort.com\/store\/pt-pt\/wp-json\/wp\/v2\/product_cat?post=7103"},{"taxonomy":"product_tag","embeddable":true,"href":"https:\/\/www.aimycomfort.com\/store\/pt-pt\/wp-json\/wp\/v2\/product_tag?post=7103"}],"curies":[{"name":"wp","href":"https:\/\/api.w.org\/{rel}","templated":true}]}}