{"id":7094,"date":"2024-08-13T03:58:06","date_gmt":"2024-08-13T03:58:06","guid":{"rendered":"https:\/\/www.aimycomfort.com\/store\/product\/almofada-premium-de-algodao-pp-e-espuma-triturada\/"},"modified":"2024-08-23T06:47:11","modified_gmt":"2024-08-23T06:47:11","slug":"almofada-premium-de-algodao-pp-e-espuma-triturada","status":"publish","type":"product","link":"https:\/\/www.aimycomfort.com\/store\/pt-pt\/produto\/almofada-premium-de-algodao-pp-e-espuma-triturada\/","title":{"rendered":"Almofada Premium de Algod\u00e3o PP e Espuma Triturada"},"content":{"rendered":"<p>Diga adeus \u00e0s noites sem dormir e ol\u00e1 \u00e0s manh\u00e3s revigorantes. A sua jornada para um sono melhor come\u00e7a aqui!<\/p>\n<p>Quer durma de lado, de costas ou numa posi\u00e7\u00e3o interm\u00e9dia, a nossa Almofada de Algod\u00e3o PP e Espuma Triturada molda-se \u00e0s suas necessidades. Experimente o equil\u00edbrio perfeito entre o conforto luxuoso e a estrutura de suporte que se adapta a si, e n\u00e3o o contr\u00e1rio.<\/p>\n<p>Caracter\u00edsticas Principais<\/p>\n<ol>\n<li>Luxo de Qualidade Hoteleira:<\/li>\n<\/ol>\n<ul>\n<li>Desfrute do mesmo conforto luxuoso encontrado nos hot\u00e9is de topo<\/li>\n<li>Transforme o seu quarto num ref\u00fagio de relaxamento<\/li>\n<\/ul>\n<ol start=\"2\">\n<li>Fibra de Alta Elasticidade:<\/li>\n<\/ol>\n<ul>\n<li>Fibras de qualidade premium e resilientes para uma recupera\u00e7\u00e3o superior<\/li>\n<li>Durabilidade excecional para um conforto duradouro<\/li>\n<\/ul>\n<ol start=\"3\">\n<li>Conforto Triplo:<\/li>\n<\/ol>\n<ul>\n<li>Alta capacidade de recupera\u00e7\u00e3o para um suporte reativo<\/li>\n<li>Suporte forte e est\u00e1vel para um alinhamento adequado<\/li>\n<li>Absorvente de humidade e respir\u00e1vel para uma noite de sono fresca<\/li>\n<\/ul>\n<ol start=\"4\">\n<li>Liberdade Multicamada:<\/li>\n<\/ol>\n<ul>\n<li>Design inovador multicamada equilibra suavidade e suporte<\/li>\n<li>Adapta-se ao seu estilo de sono \u00fanico, libertando-o do desconforto<\/li>\n<\/ul>\n<ol start=\"5\">\n<li>Conforto Vers\u00e1til:<\/li>\n<\/ol>\n<ul>\n<li>Perfeito para todas as posi\u00e7\u00f5es de sono<\/li>\n<li>Suporte personaliz\u00e1vel para as suas prefer\u00eancias pessoais<\/li>\n<\/ul>\n<p>Atualize para um sono cinco estrelas esta noite. Porque quando dorme melhor, vive melhor!<\/p>\n","protected":false},"excerpt":{"rendered":"<p>O Seu Bilhete para um Sono de Cinco Estrelas<\/p>\n<p>As noites sem dormir est\u00e3o a impedi-lo de avan\u00e7ar? Diga adeus \u00e0s voltas na cama e ol\u00e1 ao conforto luxuoso de um hotel de cinco estrelas &#8211; no seu pr\u00f3prio quarto!<\/p>\n<p>Mergulhe num mundo de conforto suave e sem press\u00e3o com a nossa inovadora Almofada de Algod\u00e3o PP e Espuma Triturada. N\u00e3o \u00e9 apenas uma almofada; \u00e9 o seu santu\u00e1rio pessoal de sono.<\/p>\n","protected":false},"featured_media":6854,"comment_status":"open","ping_status":"closed","template":"","meta":{"site-sidebar-layout":"default","site-content-layout":"","ast-site-content-layout":"default","site-content-style":"default","site-sidebar-style":"default","ast-global-header-display":"","ast-banner-title-visibility":"","ast-main-header-display":"","ast-hfb-above-header-display":"","ast-hfb-below-header-display":"","ast-hfb-mobile-header-display":"","site-post-title":"","ast-breadcrumbs-content":"","ast-featured-img":"","footer-sml-layout":"","theme-transparent-header-meta":"default","adv-header-id-meta":"","stick-header-meta":"","header-above-stick-meta":"","header-main-stick-meta":"","header-below-stick-meta":"","astra-migrate-meta-layouts":"set","ast-page-background-enabled":"default","ast-page-background-meta":{"desktop":{"background-color":"var(--ast-global-color-4)","background-image":"","background-repeat":"repeat","background-position":"center center","background-size":"auto","background-attachment":"scroll","background-type":"","background-media":"","overlay-type":"","overlay-color":"","overlay-opacity":"","overlay-gradient":""},"tablet":{"background-color":"","background-image":"","background-repeat":"repeat","background-position":"center center","background-size":"auto","background-attachment":"scroll","background-type":"","background-media":"","overlay-type":"","overlay-color":"","overlay-opacity":"","overlay-gradient":""},"mobile":{"background-color":"","background-image":"","background-repeat":"repeat","background-position":"center center","background-size":"auto","background-attachment":"scroll","background-type":"","background-media":"","overlay-type":"","overlay-color":"","overlay-opacity":"","overlay-gradient":""}},"ast-content-background-meta":{"desktop":{"background-color":"var(--ast-global-color-5)","background-image":"","background-repeat":"repeat","background-position":"center center","background-size":"auto","background-attachment":"scroll","background-type":"","background-media":"","overlay-type":"","overlay-color":"","overlay-opacity":"","overlay-gradient":""},"tablet":{"background-color":"var(--ast-global-color-5)","background-image":"","background-repeat":"repeat","background-position":"center center","background-size":"auto","background-attachment":"scroll","background-type":"","background-media":"","overlay-type":"","overlay-color":"","overlay-opacity":"","overlay-gradient":""},"mobile":{"background-color":"var(--ast-global-color-5)","background-image":"","background-repeat":"repeat","background-position":"center center","background-size":"auto","background-attachment":"scroll","background-type":"","background-media":"","overlay-type":"","overlay-color":"","overlay-opacity":"","overlay-gradient":""}}},"product_brand":[],"product_cat":[161],"product_tag":[162,611],"class_list":{"0":"post-7094","1":"product","2":"type-product","3":"status-publish","4":"has-post-thumbnail","6":"product_cat-colecao-de-almofadas","7":"product_tag-alivio-de-pressao","8":"product_tag-almohada-pt-pt","9":"desktop-align-left","10":"tablet-align-left","11":"mobile-align-left","12":"ast-product-gallery-layout-horizontal-slider","13":"ast-product-tabs-layout-horizontal","14":"ast-qv-on-image","16":"first","17":"instock","18":"shipping-taxable","19":"purchasable","20":"product-type-simple"},"aioseo_notices":[],"_links":{"self":[{"href":"https:\/\/www.aimycomfort.com\/store\/pt-pt\/wp-json\/wp\/v2\/product\/7094","targetHints":{"allow":["GET"]}}],"collection":[{"href":"https:\/\/www.aimycomfort.com\/store\/pt-pt\/wp-json\/wp\/v2\/product"}],"about":[{"href":"https:\/\/www.aimycomfort.com\/store\/pt-pt\/wp-json\/wp\/v2\/types\/product"}],"replies":[{"embeddable":true,"href":"https:\/\/www.aimycomfort.com\/store\/pt-pt\/wp-json\/wp\/v2\/comments?post=7094"}],"wp:featuredmedia":[{"embeddable":true,"href":"https:\/\/www.aimycomfort.com\/store\/pt-pt\/wp-json\/wp\/v2\/media\/6854"}],"wp:attachment":[{"href":"https:\/\/www.aimycomfort.com\/store\/pt-pt\/wp-json\/wp\/v2\/media?parent=7094"}],"wp:term":[{"taxonomy":"product_brand","embeddable":true,"href":"https:\/\/www.aimycomfort.com\/store\/pt-pt\/wp-json\/wp\/v2\/product_brand?post=7094"},{"taxonomy":"product_cat","embeddable":true,"href":"https:\/\/www.aimycomfort.com\/store\/pt-pt\/wp-json\/wp\/v2\/product_cat?post=7094"},{"taxonomy":"product_tag","embeddable":true,"href":"https:\/\/www.aimycomfort.com\/store\/pt-pt\/wp-json\/wp\/v2\/product_tag?post=7094"}],"curies":[{"name":"wp","href":"https:\/\/api.w.org\/{rel}","templated":true}]}}