{"id":7060,"date":"2024-08-13T06:12:00","date_gmt":"2024-08-13T06:12:00","guid":{"rendered":"https:\/\/www.aimycomfort.com\/store\/product\/conjunto-de-conforto-ultimate-spine-care\/"},"modified":"2024-08-13T06:12:00","modified_gmt":"2024-08-13T06:12:00","slug":"conjunto-de-conforto-ultimate-spine-care","status":"publish","type":"product","link":"https:\/\/www.aimycomfort.com\/store\/pt-pt\/produto\/conjunto-de-conforto-ultimate-spine-care\/","title":{"rendered":"Conjunto de conforto Ultimate Spine-Care"},"content":{"rendered":"<p><span class=\"src\" data-group=\"4-0\">Quer estejas a trabalhar durante longas horas, a fazer uma viagem de carro ou simplesmente a relaxar em casa, o nosso Conjunto de Conforto Spine-Care garante que est\u00e1s sempre sentado com o m\u00e1ximo conforto.  <\/span><\/p>\n<h2><span class=\"src\" data-group=\"4-0\">Carater\u00edsticas principais<\/span><\/h2>\n<p><strong> <span class=\"src\" data-group=\"6-0\">1.  <\/span><span class=\"src\" data-group=\"6-1\">  Prote\u00e7\u00e3o ergon\u00f3mica da coluna vertebral:<\/span><\/strong><\/p>\n<p><span class=\"src\" data-group=\"7-0\">&#8211; Design c\u00f3nico \u00fanico: mais fino em cima, mais grosso em baixo  <\/span><\/p>\n<p><span class=\"src\" data-group=\"8-0\">&#8211; Proporciona um apoio personalizado a todas as tuas costas  <\/span><\/p>\n<p><strong> <span class=\"src\" data-group=\"10-0\">2.  <\/span><span class=\"src\" data-group=\"10-1\">  Tecnologia de dupla conformidade:  <\/span><\/strong><\/p>\n<p><span class=\"src\" data-group=\"11-0\">&#8211;<\/span><span class=\"src\" data-group=\"11-0\">  Adapta-se ao teu corpo e \u00e0 tua cadeira  <\/span><\/p>\n<p><span class=\"src\" data-group=\"12-0\">&#8211; Elimina as lacunas para um apoio cont\u00ednuo e confort\u00e1vel  <\/span><\/p>\n<p><strong> <span class=\"src\" data-group=\"14-0\">3.  <\/span><span class=\"src\" data-group=\"14-1\">  Design ecol\u00f3gico em forma de C:  <\/span><\/strong><\/p>\n<p><span class=\"src\" data-group=\"15-0\">&#8211; Assegura o conforto da parte inferior e superior das costas  <\/span><\/p>\n<p><span class=\"src\" data-group=\"16-0\">&#8211; Materiais ecol\u00f3gicos para um relaxamento sem culpa  <\/span><\/p>\n<p><strong> <span class=\"src\" data-group=\"18-0\">4.  <\/span><span class=\"src\" data-group=\"18-1\">  Utiliza\u00e7\u00e3o vers\u00e1til:  <\/span><\/strong><\/p>\n<p><span class=\"src\" data-group=\"19-0\">&#8211; Perfeito para utilizar no escrit\u00f3rio, em casa e no carro  <\/span><\/p>\n<p><span class=\"src\" data-group=\"20-0\">&#8211; A tua solu\u00e7\u00e3o de conforto para qualquer atividade sentada  <\/span><\/p>\n<p><strong> <span class=\"src\" data-group=\"22-0\">5.  <\/span><span class=\"src\" data-group=\"22-1\">  Tecido respir\u00e1vel de qualidade superior:  <\/span><\/strong><\/p>\n<p><span class=\"src\" data-group=\"23-0\">&#8211; Materiais cuidadosamente selecionados para conforto durante todo o ano  <\/span><\/p>\n<p><span class=\"src\" data-group=\"24-0\">&#8211; Evita o sobreaquecimento mesmo durante uma utiliza\u00e7\u00e3o prolongada  <\/span><\/p>\n<p><strong> <span class=\"src\" data-group=\"26-0\">6.  <\/span><span class=\"src\" data-group=\"26-1\">  N\u00facleo de espuma com mem\u00f3ria de recupera\u00e7\u00e3o lenta:  <\/span><\/strong><\/p>\n<p><span class=\"src\" data-group=\"27-0\">&#8211; Proporciona o equil\u00edbrio perfeito entre suavidade e apoio  <\/span><\/p>\n<p><span class=\"src\" data-group=\"28-0\">&#8211; Adapta-se gradualmente ao teu corpo para um conforto personalizado  <\/span><\/p>\n<p><strong> <span class=\"src\" data-group=\"30-0\">7.  <\/span><span class=\"src\" data-group=\"30-1\">  Cuidados abrangentes com a coluna vertebral:  <\/span><\/strong><\/p>\n<p><span class=\"src\" data-group=\"31-0\">&#8211; Conjunto completo concebido para apoiar toda a tua coluna vertebral  <\/span><\/p>\n<p><span class=\"src\" data-group=\"32-0\">&#8211; Cria uma solu\u00e7\u00e3o de conforto hol\u00edstica adaptada \u00e0s necessidades do teu corpo  <\/span><\/p>\n<p><strong> <span class=\"src\" data-group=\"34-0\">8.  <\/span><span class=\"src\" data-group=\"34-1\">  Superf\u00edcie de contorno alargada:  <\/span><\/strong><\/p>\n<p><span class=\"src\" data-group=\"35-0\">&#8211; Conce\u00e7\u00e3o global c\u00f4ncava com depress\u00f5es bilaterais  <\/span><\/p>\n<p><span class=\"src\" data-group=\"36-0\">&#8211; Acolhe perfeitamente o teu pesco\u00e7o e a parte inferior das costas para o m\u00e1ximo conforto<\/span><\/p>\n<p><span class=\"src\" data-group=\"8-0\">Investe hoje no teu conforto e bem-estar.  <\/span><span class=\"src\" data-group=\"8-1\">  Porque quando a tua coluna est\u00e1 feliz, tu est\u00e1s feliz!<\/span><\/p>\n","protected":false},"excerpt":{"rendered":"<p>A tua solu\u00e7\u00e3o tudo-em-um para o relaxamento Experimenta um conforto e apoio sem paralelo com o nosso inovador Conjunto de Conforto Spine-Care. Concebida para envolver todas as tuas costas, esta solu\u00e7\u00e3o completa garante conforto, quer estejas no escrit\u00f3rio, no carro ou a relaxar em casa.<\/p>\n","protected":false},"featured_media":6926,"comment_status":"open","ping_status":"closed","template":"","meta":{"site-sidebar-layout":"default","site-content-layout":"","ast-site-content-layout":"default","site-content-style":"default","site-sidebar-style":"default","ast-global-header-display":"","ast-banner-title-visibility":"","ast-main-header-display":"","ast-hfb-above-header-display":"","ast-hfb-below-header-display":"","ast-hfb-mobile-header-display":"","site-post-title":"","ast-breadcrumbs-content":"","ast-featured-img":"","footer-sml-layout":"","theme-transparent-header-meta":"default","adv-header-id-meta":"","stick-header-meta":"","header-above-stick-meta":"","header-main-stick-meta":"","header-below-stick-meta":"","astra-migrate-meta-layouts":"default","ast-page-background-enabled":"default","ast-page-background-meta":{"desktop":{"background-color":"var(--ast-global-color-4)","background-image":"","background-repeat":"repeat","background-position":"center center","background-size":"auto","background-attachment":"scroll","background-type":"","background-media":"","overlay-type":"","overlay-color":"","overlay-opacity":"","overlay-gradient":""},"tablet":{"background-color":"","background-image":"","background-repeat":"repeat","background-position":"center center","background-size":"auto","background-attachment":"scroll","background-type":"","background-media":"","overlay-type":"","overlay-color":"","overlay-opacity":"","overlay-gradient":""},"mobile":{"background-color":"","background-image":"","background-repeat":"repeat","background-position":"center center","background-size":"auto","background-attachment":"scroll","background-type":"","background-media":"","overlay-type":"","overlay-color":"","overlay-opacity":"","overlay-gradient":""}},"ast-content-background-meta":{"desktop":{"background-color":"var(--ast-global-color-5)","background-image":"","background-repeat":"repeat","background-position":"center center","background-size":"auto","background-attachment":"scroll","background-type":"","background-media":"","overlay-type":"","overlay-color":"","overlay-opacity":"","overlay-gradient":""},"tablet":{"background-color":"var(--ast-global-color-5)","background-image":"","background-repeat":"repeat","background-position":"center center","background-size":"auto","background-attachment":"scroll","background-type":"","background-media":"","overlay-type":"","overlay-color":"","overlay-opacity":"","overlay-gradient":""},"mobile":{"background-color":"var(--ast-global-color-5)","background-image":"","background-repeat":"repeat","background-position":"center center","background-size":"auto","background-attachment":"scroll","background-type":"","background-media":"","overlay-type":"","overlay-color":"","overlay-opacity":"","overlay-gradient":""}}},"product_brand":[],"product_cat":[140],"product_tag":[162],"class_list":{"0":"post-7060","1":"product","2":"type-product","3":"status-publish","4":"has-post-thumbnail","6":"product_cat-apoio-lombar","7":"product_tag-alivio-de-pressao","8":"desktop-align-left","9":"tablet-align-left","10":"mobile-align-left","11":"ast-product-gallery-layout-horizontal-slider","12":"ast-product-single-variable","13":"ast-product-tabs-layout-horizontal","14":"ast-qv-on-image","16":"first","17":"instock","18":"shipping-taxable","19":"purchasable","20":"product-type-variable"},"aioseo_notices":[],"_links":{"self":[{"href":"https:\/\/www.aimycomfort.com\/store\/pt-pt\/wp-json\/wp\/v2\/product\/7060","targetHints":{"allow":["GET"]}}],"collection":[{"href":"https:\/\/www.aimycomfort.com\/store\/pt-pt\/wp-json\/wp\/v2\/product"}],"about":[{"href":"https:\/\/www.aimycomfort.com\/store\/pt-pt\/wp-json\/wp\/v2\/types\/product"}],"replies":[{"embeddable":true,"href":"https:\/\/www.aimycomfort.com\/store\/pt-pt\/wp-json\/wp\/v2\/comments?post=7060"}],"wp:featuredmedia":[{"embeddable":true,"href":"https:\/\/www.aimycomfort.com\/store\/pt-pt\/wp-json\/wp\/v2\/media\/6926"}],"wp:attachment":[{"href":"https:\/\/www.aimycomfort.com\/store\/pt-pt\/wp-json\/wp\/v2\/media?parent=7060"}],"wp:term":[{"taxonomy":"product_brand","embeddable":true,"href":"https:\/\/www.aimycomfort.com\/store\/pt-pt\/wp-json\/wp\/v2\/product_brand?post=7060"},{"taxonomy":"product_cat","embeddable":true,"href":"https:\/\/www.aimycomfort.com\/store\/pt-pt\/wp-json\/wp\/v2\/product_cat?post=7060"},{"taxonomy":"product_tag","embeddable":true,"href":"https:\/\/www.aimycomfort.com\/store\/pt-pt\/wp-json\/wp\/v2\/product_tag?post=7060"}],"curies":[{"name":"wp","href":"https:\/\/api.w.org\/{rel}","templated":true}]}}