{"id":30083,"date":"2025-02-13T07:22:38","date_gmt":"2025-02-13T07:22:38","guid":{"rendered":"https:\/\/www.aimycomfort.com\/store\/product\/aimycomfort-curved-sleeping-pillow\/"},"modified":"2025-02-13T08:08:47","modified_gmt":"2025-02-13T08:08:47","slug":"aimycomfort-curved-sleeping-pillow","status":"publish","type":"product","link":"https:\/\/www.aimycomfort.com\/store\/pt-pt\/produto\/aimycomfort-curved-sleeping-pillow\/","title":{"rendered":"Travesseiro Curvado para Dormir"},"content":{"rendered":"<p>Travesseiro Curvado para Dormir foi projetado para oferecer suporte e conforto incompar\u00e1veis em todas as posi\u00e7\u00f5es de sono, especialmente para quem dorme de lado. Com espuma de mem\u00f3ria de rebote lento dourado, proporciona suporte sem press\u00e3o, aliviando o estresse no pesco\u00e7o, ombros e coluna. O design ergon\u00f4mico por zonas garante alinhamento adequado e se adapta \u00e0s curvas naturais do corpo, enquanto o tecido amig\u00e1vel \u00e0 pele e controlado por temperatura melhora a respirabilidade e o conforto. Com capa remov\u00edvel e lav\u00e1vel e materiais dur\u00e1veis, este travesseiro \u00e9 perfeito para quem tem sono leve, sua facilmente ou busca uma experi\u00eancia de sono luxuosa.<\/p>\n<h2><strong>Caracter\u00edsticas principais do Travesseiro Curvado para Dormir:<\/strong><\/h2>\n<h4><strong>Design ergon\u00f4mico para todas as posi\u00e7\u00f5es de sono<\/strong><\/h4>\n<ul class=\"\">\n<li class=\"ml-4 list-disc\"><strong>\u00c1rea para dormir de lado<\/strong>: Evita que a coluna se curve, reduz a press\u00e3o no rosto, orelhas e pesco\u00e7o, e oferece suporte ajustado ao pesco\u00e7o.<\/li>\n<li class=\"ml-4 list-disc\"><strong>\u00c1rea para dormir de costas<\/strong>: Oferece forte suporte e uma sensa\u00e7\u00e3o de seguran\u00e7a envolvente para a cabe\u00e7a e o pesco\u00e7o.<\/li>\n<li class=\"ml-4 list-disc\"><strong>\u00c1rea para dormir de bru\u00e7os<\/strong>: Permite movimento livre e conforto sem press\u00e3o nos ombros e nas costas.<\/li>\n<\/ul>\n<h4><strong>Espuma de mem\u00f3ria de rebote lento dourado<\/strong><\/h4>\n<ul class=\"\">\n<li class=\"ml-4 list-disc\">Adapta-se \u00e0 curva natural do pesco\u00e7o e dos ombros, proporcionando o al\u00edvio de press\u00e3o ideal.<\/li>\n<li class=\"ml-4 list-disc\">Amortece a cabe\u00e7a e o pesco\u00e7o, promovendo sono profundo e reduzindo a probabilidade de acordar durante a noite.<\/li>\n<li class=\"ml-4 list-disc\">Mant\u00e9m elasticidade e suavidade durante todo o ano.<\/li>\n<\/ul>\n<h4><strong>Design de suporte por zonas<\/strong><\/h4>\n<ul class=\"\">\n<li class=\"ml-4 list-disc\">Envolve e suporta completamente a cabe\u00e7a, o pesco\u00e7o e os ombros, mantendo a curva fisiol\u00f3gica da coluna vertebral.<\/li>\n<li class=\"ml-4 list-disc\">Permite mudar de posi\u00e7\u00e3o para dormir sem desconforto.<\/li>\n<\/ul>\n<h4><strong>Tecido amig\u00e1vel \u00e0 pele e controlado por temperatura<\/strong><\/h4>\n<ul class=\"\">\n<li class=\"ml-4 list-disc\">O <strong>tecido de grade de diamante<\/strong> \u00e9 macio, respir\u00e1vel e absorvente de umidade, garantindo um sono fresco e sem suor.<\/li>\n<li class=\"ml-4 list-disc\">Dur\u00e1vel e resistente a bolinhas, oferecendo conforto duradouro.<\/li>\n<\/ul>\n<h4><strong>Capa remov\u00edvel e lav\u00e1vel<\/strong><\/h4>\n<ul class=\"\">\n<li class=\"ml-4 list-disc\">F\u00e1cil de limpar e manter, garantindo higiene e frescor.<\/li>\n<\/ul>\n<h4><strong>Aprimorado para quem dorme de lado<\/strong><\/h4>\n<ul class=\"\">\n<li class=\"ml-4 list-disc\">Design cientificamente certificado que evita press\u00e3o no rosto, orelhas e pesco\u00e7o, ideal para quem dorme de lado.<\/li>\n<\/ul>\n<h4><strong>Tamanho e cor<\/strong><\/h4>\n<ul class=\"\">\n<li class=\"ml-4 list-disc\">Dimens\u00f5es: <strong>63 x 35 x 10 cm<\/strong><\/li>\n<li class=\"ml-4 list-disc\">Cor: <strong>Cinza<\/strong><\/li>\n<\/ul>\n<p class=\"first:mt-1.5\">O Travesseiro Curvado para Dormir combina tecnologia avan\u00e7ada de espuma de mem\u00f3ria, design ergon\u00f4mico e materiais premium para oferecer uma experi\u00eancia de sono luxuosa, seja dormindo de costas, de lado ou de bru\u00e7os.<\/p>\n","protected":false},"excerpt":{"rendered":"<p>Travesseiro Curvado para Dormir apresenta espuma de mem\u00f3ria de rebote lento dourado, suporte ergon\u00f4mico por zonas e um tecido respir\u00e1vel e amig\u00e1vel \u00e0 pele. Projetado para todas as posi\u00e7\u00f5es de sono, alivia a press\u00e3o no pesco\u00e7o e nos ombros, garantindo um sono profundo e ininterrupto. Perfeito para quem dorme de lado e valoriza conforto e suporte.<\/p>\n","protected":false},"featured_media":29937,"comment_status":"open","ping_status":"closed","template":"","meta":{"site-sidebar-layout":"default","site-content-layout":"","ast-site-content-layout":"default","site-content-style":"default","site-sidebar-style":"default","ast-global-header-display":"","ast-banner-title-visibility":"","ast-main-header-display":"","ast-hfb-above-header-display":"","ast-hfb-below-header-display":"","ast-hfb-mobile-header-display":"","site-post-title":"","ast-breadcrumbs-content":"","ast-featured-img":"","footer-sml-layout":"","theme-transparent-header-meta":"default","adv-header-id-meta":"","stick-header-meta":"","header-above-stick-meta":"","header-main-stick-meta":"","header-below-stick-meta":"","astra-migrate-meta-layouts":"set","ast-page-background-enabled":"default","ast-page-background-meta":{"desktop":{"background-color":"var(--ast-global-color-4)","background-image":"","background-repeat":"repeat","background-position":"center center","background-size":"auto","background-attachment":"scroll","background-type":"","background-media":"","overlay-type":"","overlay-color":"","overlay-opacity":"","overlay-gradient":""},"tablet":{"background-color":"","background-image":"","background-repeat":"repeat","background-position":"center center","background-size":"auto","background-attachment":"scroll","background-type":"","background-media":"","overlay-type":"","overlay-color":"","overlay-opacity":"","overlay-gradient":""},"mobile":{"background-color":"","background-image":"","background-repeat":"repeat","background-position":"center center","background-size":"auto","background-attachment":"scroll","background-type":"","background-media":"","overlay-type":"","overlay-color":"","overlay-opacity":"","overlay-gradient":""}},"ast-content-background-meta":{"desktop":{"background-color":"var(--ast-global-color-5)","background-image":"","background-repeat":"repeat","background-position":"center center","background-size":"auto","background-attachment":"scroll","background-type":"","background-media":"","overlay-type":"","overlay-color":"","overlay-opacity":"","overlay-gradient":""},"tablet":{"background-color":"var(--ast-global-color-5)","background-image":"","background-repeat":"repeat","background-position":"center center","background-size":"auto","background-attachment":"scroll","background-type":"","background-media":"","overlay-type":"","overlay-color":"","overlay-opacity":"","overlay-gradient":""},"mobile":{"background-color":"var(--ast-global-color-5)","background-image":"","background-repeat":"repeat","background-position":"center center","background-size":"auto","background-attachment":"scroll","background-type":"","background-media":"","overlay-type":"","overlay-color":"","overlay-opacity":"","overlay-gradient":""}}},"product_brand":[],"product_cat":[862,844,898],"product_tag":[162,611,581,582,771],"class_list":{"0":"post-30083","1":"product","2":"type-product","3":"status-publish","4":"has-post-thumbnail","6":"product_cat-travesseiro-cervical","7":"product_cat-travesseiro-de-cama","8":"product_cat-travesseiro-para-o-pescoco","9":"product_tag-alivio-de-pressao","10":"product_tag-almohada-pt-pt","11":"product_tag-memory-foam-pt-pt","12":"product_tag-neck-protect-pt-pt","13":"product_tag-ergonomic-support-pt-pt","14":"desktop-align-left","15":"tablet-align-left","16":"mobile-align-left","17":"ast-product-gallery-layout-horizontal-slider","18":"ast-product-single-variable","19":"ast-product-tabs-layout-horizontal","20":"ast-qv-on-image","22":"first","23":"instock","24":"shipping-taxable","25":"purchasable","26":"product-type-variable"},"aioseo_notices":[],"_links":{"self":[{"href":"https:\/\/www.aimycomfort.com\/store\/pt-pt\/wp-json\/wp\/v2\/product\/30083","targetHints":{"allow":["GET"]}}],"collection":[{"href":"https:\/\/www.aimycomfort.com\/store\/pt-pt\/wp-json\/wp\/v2\/product"}],"about":[{"href":"https:\/\/www.aimycomfort.com\/store\/pt-pt\/wp-json\/wp\/v2\/types\/product"}],"replies":[{"embeddable":true,"href":"https:\/\/www.aimycomfort.com\/store\/pt-pt\/wp-json\/wp\/v2\/comments?post=30083"}],"wp:featuredmedia":[{"embeddable":true,"href":"https:\/\/www.aimycomfort.com\/store\/pt-pt\/wp-json\/wp\/v2\/media\/29937"}],"wp:attachment":[{"href":"https:\/\/www.aimycomfort.com\/store\/pt-pt\/wp-json\/wp\/v2\/media?parent=30083"}],"wp:term":[{"taxonomy":"product_brand","embeddable":true,"href":"https:\/\/www.aimycomfort.com\/store\/pt-pt\/wp-json\/wp\/v2\/product_brand?post=30083"},{"taxonomy":"product_cat","embeddable":true,"href":"https:\/\/www.aimycomfort.com\/store\/pt-pt\/wp-json\/wp\/v2\/product_cat?post=30083"},{"taxonomy":"product_tag","embeddable":true,"href":"https:\/\/www.aimycomfort.com\/store\/pt-pt\/wp-json\/wp\/v2\/product_tag?post=30083"}],"curies":[{"name":"wp","href":"https:\/\/api.w.org\/{rel}","templated":true}]}}