{"id":29138,"date":"2025-02-06T05:26:31","date_gmt":"2025-02-06T05:26:31","guid":{"rendered":"https:\/\/www.aimycomfort.com\/store\/product\/imitation-rabbit-fur-sofa-pillow\/"},"modified":"2025-02-06T06:44:03","modified_gmt":"2025-02-06T06:44:03","slug":"imitation-rabbit-fur-sofa-pillow","status":"publish","type":"product","link":"https:\/\/www.aimycomfort.com\/store\/pt-pt\/produto\/imitation-rabbit-fur-sofa-pillow\/","title":{"rendered":"Almofada de Sof\u00e1 de Pele de Coelho Imitada"},"content":{"rendered":"<p class=\"first:mt-1.5\">A Almofada de Sof\u00e1 de Pele de Coelho Imitada combina um design simples, mas luxuoso, com uma suavidade e conforto incompar\u00e1veis. Feita de pele de coelho imitada, \u00e9 quente, respir\u00e1vel e amig\u00e1vel \u00e0 pele, oferecendo um toque aconchegante e elegante ao seu espa\u00e7o. Com um artesanato requintado, costuras uniformes e um z\u00edper de metal dur\u00e1vel com design invis\u00edvel, esta almofada \u00e9 tanto estilosa quanto pr\u00e1tica. F\u00e1cil de manter, pode ser lavada \u00e0 m\u00e3o e \u00e0 m\u00e1quina, garantindo qualidade duradoura.<\/p>\n<p class=\"first:mt-1.5\"><strong>Principais Caracter\u00edsticas da Almofada de Sof\u00e1:<\/strong><\/p>\n<h4><strong>Luxuosa Pele de Coelho Imitada<\/strong><\/h4>\n<p class=\"first:mt-1.5\">Material macio, quente e amig\u00e1vel \u00e0 pele que adiciona um toque de eleg\u00e2ncia e conforto a qualquer ambiente.<\/p>\n<h4><strong>Artesanato Exquisito<\/strong><\/h4>\n<p class=\"first:mt-1.5\">Costuras uniformes e design de borda com travamento nos quatro lados garantem durabilidade e um acabamento refinado.<\/p>\n<h4><strong>Z\u00edper de Metal Dur\u00e1vel<\/strong><\/h4>\n<p class=\"first:mt-1.5\">Design de z\u00edper invis\u00edvel para uma apar\u00eancia sem costuras, combinando praticidade e estilo.<\/p>\n<h4><strong>F\u00e1cil Manuten\u00e7\u00e3o<\/strong><\/h4>\n<p class=\"first:mt-1.5\">Lav\u00e1vel \u00e0 m\u00e3o e \u00e0 m\u00e1quina para uma limpeza sem complica\u00e7\u00f5es e uso duradouro.<\/p>\n<h4><strong>Cores e Tamanhos Vers\u00e1teis<\/strong><\/h4>\n<p class=\"first:mt-1.5\">Dispon\u00edvel em uma variedade de cores, incluindo Laranja, Cinza Escuro, Rosa, Preto, Azul, Branco, Verde Escuro, Cinza Claro, Marrom e Verde Claro, com um tamanho padr\u00e3o de <strong>45 x 45 cm<\/strong>.<\/p>\n<p class=\"first:mt-1.5\">A Almofada de Sof\u00e1 de Pele de Coelho Imitada \u00e9 a combina\u00e7\u00e3o perfeita de qualidade, conforto e estilo, tornando-se uma adi\u00e7\u00e3o ideal para a decora\u00e7\u00e3o da sua casa.<\/p>\n","protected":false},"excerpt":{"rendered":"<p>A Almofada de Sof\u00e1 de Pele de Coelho Imitada apresenta uma pele de coelho imitada macia e amig\u00e1vel \u00e0 pele, com um artesanato requintado e um z\u00edper invis\u00edvel dur\u00e1vel. Dispon\u00edvel em uma variedade de cores, \u00e9 f\u00e1cil de limpar e adiciona um toque luxuoso a qualquer ambiente.<\/p>\n","protected":false},"featured_media":28916,"comment_status":"open","ping_status":"closed","template":"","meta":{"site-sidebar-layout":"default","site-content-layout":"","ast-site-content-layout":"default","site-content-style":"default","site-sidebar-style":"default","ast-global-header-display":"","ast-banner-title-visibility":"","ast-main-header-display":"","ast-hfb-above-header-display":"","ast-hfb-below-header-display":"","ast-hfb-mobile-header-display":"","site-post-title":"","ast-breadcrumbs-content":"","ast-featured-img":"","footer-sml-layout":"","theme-transparent-header-meta":"default","adv-header-id-meta":"","stick-header-meta":"","header-above-stick-meta":"","header-main-stick-meta":"","header-below-stick-meta":"","astra-migrate-meta-layouts":"set","ast-page-background-enabled":"default","ast-page-background-meta":{"desktop":{"background-color":"var(--ast-global-color-4)","background-image":"","background-repeat":"repeat","background-position":"center center","background-size":"auto","background-attachment":"scroll","background-type":"","background-media":"","overlay-type":"","overlay-color":"","overlay-opacity":"","overlay-gradient":""},"tablet":{"background-color":"","background-image":"","background-repeat":"repeat","background-position":"center center","background-size":"auto","background-attachment":"scroll","background-type":"","background-media":"","overlay-type":"","overlay-color":"","overlay-opacity":"","overlay-gradient":""},"mobile":{"background-color":"","background-image":"","background-repeat":"repeat","background-position":"center center","background-size":"auto","background-attachment":"scroll","background-type":"","background-media":"","overlay-type":"","overlay-color":"","overlay-opacity":"","overlay-gradient":""}},"ast-content-background-meta":{"desktop":{"background-color":"var(--ast-global-color-5)","background-image":"","background-repeat":"repeat","background-position":"center center","background-size":"auto","background-attachment":"scroll","background-type":"","background-media":"","overlay-type":"","overlay-color":"","overlay-opacity":"","overlay-gradient":""},"tablet":{"background-color":"var(--ast-global-color-5)","background-image":"","background-repeat":"repeat","background-position":"center center","background-size":"auto","background-attachment":"scroll","background-type":"","background-media":"","overlay-type":"","overlay-color":"","overlay-opacity":"","overlay-gradient":""},"mobile":{"background-color":"var(--ast-global-color-5)","background-image":"","background-repeat":"repeat","background-position":"center center","background-size":"auto","background-attachment":"scroll","background-type":"","background-media":"","overlay-type":"","overlay-color":"","overlay-opacity":"","overlay-gradient":""}}},"product_brand":[],"product_cat":[948],"product_tag":[611],"class_list":{"0":"post-29138","1":"product","2":"type-product","3":"status-publish","4":"has-post-thumbnail","6":"product_cat-sofa-pillow-pt-pt","7":"product_tag-almohada-pt-pt","8":"desktop-align-left","9":"tablet-align-left","10":"mobile-align-left","11":"ast-product-gallery-layout-horizontal-slider","12":"ast-product-single-variable","13":"ast-product-tabs-layout-horizontal","14":"ast-qv-on-image","16":"first","17":"instock","18":"shipping-taxable","19":"purchasable","20":"product-type-variable"},"aioseo_notices":[],"_links":{"self":[{"href":"https:\/\/www.aimycomfort.com\/store\/pt-pt\/wp-json\/wp\/v2\/product\/29138","targetHints":{"allow":["GET"]}}],"collection":[{"href":"https:\/\/www.aimycomfort.com\/store\/pt-pt\/wp-json\/wp\/v2\/product"}],"about":[{"href":"https:\/\/www.aimycomfort.com\/store\/pt-pt\/wp-json\/wp\/v2\/types\/product"}],"replies":[{"embeddable":true,"href":"https:\/\/www.aimycomfort.com\/store\/pt-pt\/wp-json\/wp\/v2\/comments?post=29138"}],"wp:featuredmedia":[{"embeddable":true,"href":"https:\/\/www.aimycomfort.com\/store\/pt-pt\/wp-json\/wp\/v2\/media\/28916"}],"wp:attachment":[{"href":"https:\/\/www.aimycomfort.com\/store\/pt-pt\/wp-json\/wp\/v2\/media?parent=29138"}],"wp:term":[{"taxonomy":"product_brand","embeddable":true,"href":"https:\/\/www.aimycomfort.com\/store\/pt-pt\/wp-json\/wp\/v2\/product_brand?post=29138"},{"taxonomy":"product_cat","embeddable":true,"href":"https:\/\/www.aimycomfort.com\/store\/pt-pt\/wp-json\/wp\/v2\/product_cat?post=29138"},{"taxonomy":"product_tag","embeddable":true,"href":"https:\/\/www.aimycomfort.com\/store\/pt-pt\/wp-json\/wp\/v2\/product_tag?post=29138"}],"curies":[{"name":"wp","href":"https:\/\/api.w.org\/{rel}","templated":true}]}}