{"id":28647,"date":"2025-01-24T03:29:01","date_gmt":"2025-01-24T03:29:01","guid":{"rendered":"https:\/\/www.aimycomfort.com\/store\/product\/ice-cream-summer-cool-quilt\/"},"modified":"2025-01-24T06:44:20","modified_gmt":"2025-01-24T06:44:20","slug":"ice-cream-summer-cool-quilt","status":"publish","type":"product","link":"https:\/\/www.aimycomfort.com\/store\/pt-pt\/produto\/ice-cream-summer-cool-quilt\/","title":{"rendered":"Edredom Refrescante de Ver\u00e3o Ice Cream"},"content":{"rendered":"<p>O Edredom Refrescante de Ver\u00e3o Ice Cream foi projetado para proporcionar uma experi\u00eancia de sono fresca, respir\u00e1vel e que absorve a umidade, perfeita para noites de ver\u00e3o. Feito com tecido de seda refrescante e com um valor Q-max de 2.6, oferece uma sensa\u00e7\u00e3o de frescor instant\u00e2nea que \u00e9 suave e delicada para a pele. Sua estrutura oca de quatro furos melhora a respirabilidade e a absor\u00e7\u00e3o de umidade, mantendo voc\u00ea seco e confort\u00e1vel. Leve, dur\u00e1vel e lav\u00e1vel \u00e0 m\u00e1quina, este edredom garante um ambiente de sono limpo e revigorante todas as noites.<\/p>\n<hr \/>\n<h2><strong>Principais caracter\u00edsticas do Edredom Refrescante de Ver\u00e3o:<\/strong><\/h2>\n<h4><strong>Tecido de resfriamento instant\u00e2neo<\/strong><\/h4>\n<p class=\"first:mt-1.5\">Feito com fibras de n\u00e1ilon refrescantes e tecnologia de masterbatch mineral, proporciona uma sensa\u00e7\u00e3o fresca, mas n\u00e3o gelada, para o m\u00e1ximo conforto.<\/p>\n<h4><strong>Absor\u00e7\u00e3o de umidade e respirabilidade<\/strong><\/h4>\n<p class=\"first:mt-1.5\">A estrutura oca de quatro furos elimina rapidamente a umidade, garantindo uma experi\u00eancia de sono seca e sem abafamento.<\/p>\n<h4><strong>Seguro para beb\u00eas e amig\u00e1vel \u00e0 pele<\/strong><\/h4>\n<p class=\"first:mt-1.5\">Livre de odores, formalde\u00eddo e produtos qu\u00edmicos nocivos, tornando-o seguro para peles sens\u00edveis e beb\u00eas.<\/p>\n<h4><strong>Lav\u00e1vel \u00e0 m\u00e1quina e dur\u00e1vel<\/strong><\/h4>\n<p class=\"first:mt-1.5\">Pode ser lavado repetidamente sem formar grumos ou perder a maciez, mantendo uma sensa\u00e7\u00e3o fresca e limpa.<\/p>\n<h4><strong>Design de dupla face<\/strong><\/h4>\n<p class=\"first:mt-1.5\">O design de bloqueio de cores na vers\u00e3o AB permite o uso revers\u00edvel, adicionando estilo e versatilidade.<\/p>\n<h4><strong>Costura requintada<\/strong><\/h4>\n<p class=\"first:mt-1.5\">Prende firmemente o n\u00facleo interno, evitando que o enchimento se desloque ou forme grumos.<\/p>\n<hr \/>\n<p class=\"first:mt-1.5\">O Edredom Refrescante de Ver\u00e3o Ice Cream combina tecnologia avan\u00e7ada de resfriamento, materiais respir\u00e1veis e design elegante, tornando-o a escolha perfeita para um sono refrescante e confort\u00e1vel no ver\u00e3o.<\/p>\n","protected":false},"excerpt":{"rendered":"<p>O Edredom Refrescante de Ver\u00e3o Ice Cream possui tecido de seda refrescante com um valor Q-max de 2.6 para resfriamento instant\u00e2neo e absor\u00e7\u00e3o de umidade. Leve, respir\u00e1vel e lav\u00e1vel \u00e0 m\u00e1quina, garante um sono limpo, refrescante e confort\u00e1vel durante as noites quentes de ver\u00e3o.<\/p>\n","protected":false},"featured_media":28438,"comment_status":"open","ping_status":"closed","template":"","meta":{"site-sidebar-layout":"default","site-content-layout":"","ast-site-content-layout":"default","site-content-style":"default","site-sidebar-style":"default","ast-global-header-display":"","ast-banner-title-visibility":"","ast-main-header-display":"","ast-hfb-above-header-display":"","ast-hfb-below-header-display":"","ast-hfb-mobile-header-display":"","site-post-title":"","ast-breadcrumbs-content":"","ast-featured-img":"","footer-sml-layout":"","theme-transparent-header-meta":"default","adv-header-id-meta":"","stick-header-meta":"","header-above-stick-meta":"","header-main-stick-meta":"","header-below-stick-meta":"","astra-migrate-meta-layouts":"set","ast-page-background-enabled":"default","ast-page-background-meta":{"desktop":{"background-color":"var(--ast-global-color-4)","background-image":"","background-repeat":"repeat","background-position":"center center","background-size":"auto","background-attachment":"scroll","background-type":"","background-media":"","overlay-type":"","overlay-color":"","overlay-opacity":"","overlay-gradient":""},"tablet":{"background-color":"","background-image":"","background-repeat":"repeat","background-position":"center center","background-size":"auto","background-attachment":"scroll","background-type":"","background-media":"","overlay-type":"","overlay-color":"","overlay-opacity":"","overlay-gradient":""},"mobile":{"background-color":"","background-image":"","background-repeat":"repeat","background-position":"center center","background-size":"auto","background-attachment":"scroll","background-type":"","background-media":"","overlay-type":"","overlay-color":"","overlay-opacity":"","overlay-gradient":""}},"ast-content-background-meta":{"desktop":{"background-color":"var(--ast-global-color-5)","background-image":"","background-repeat":"repeat","background-position":"center center","background-size":"auto","background-attachment":"scroll","background-type":"","background-media":"","overlay-type":"","overlay-color":"","overlay-opacity":"","overlay-gradient":""},"tablet":{"background-color":"var(--ast-global-color-5)","background-image":"","background-repeat":"repeat","background-position":"center center","background-size":"auto","background-attachment":"scroll","background-type":"","background-media":"","overlay-type":"","overlay-color":"","overlay-opacity":"","overlay-gradient":""},"mobile":{"background-color":"var(--ast-global-color-5)","background-image":"","background-repeat":"repeat","background-position":"center center","background-size":"auto","background-attachment":"scroll","background-type":"","background-media":"","overlay-type":"","overlay-color":"","overlay-opacity":"","overlay-gradient":""}}},"product_brand":[],"product_cat":[1000],"product_tag":[1052],"class_list":{"0":"post-28647","1":"product","2":"type-product","3":"status-publish","4":"has-post-thumbnail","6":"product_cat-colcha","7":"product_tag-edredom-pt-pt","8":"desktop-align-left","9":"tablet-align-left","10":"mobile-align-left","11":"ast-product-gallery-layout-horizontal-slider","12":"ast-product-single-variable","13":"ast-product-tabs-layout-horizontal","14":"ast-qv-on-image","16":"first","17":"instock","18":"shipping-taxable","19":"purchasable","20":"product-type-variable"},"aioseo_notices":[],"_links":{"self":[{"href":"https:\/\/www.aimycomfort.com\/store\/pt-pt\/wp-json\/wp\/v2\/product\/28647","targetHints":{"allow":["GET"]}}],"collection":[{"href":"https:\/\/www.aimycomfort.com\/store\/pt-pt\/wp-json\/wp\/v2\/product"}],"about":[{"href":"https:\/\/www.aimycomfort.com\/store\/pt-pt\/wp-json\/wp\/v2\/types\/product"}],"replies":[{"embeddable":true,"href":"https:\/\/www.aimycomfort.com\/store\/pt-pt\/wp-json\/wp\/v2\/comments?post=28647"}],"wp:featuredmedia":[{"embeddable":true,"href":"https:\/\/www.aimycomfort.com\/store\/pt-pt\/wp-json\/wp\/v2\/media\/28438"}],"wp:attachment":[{"href":"https:\/\/www.aimycomfort.com\/store\/pt-pt\/wp-json\/wp\/v2\/media?parent=28647"}],"wp:term":[{"taxonomy":"product_brand","embeddable":true,"href":"https:\/\/www.aimycomfort.com\/store\/pt-pt\/wp-json\/wp\/v2\/product_brand?post=28647"},{"taxonomy":"product_cat","embeddable":true,"href":"https:\/\/www.aimycomfort.com\/store\/pt-pt\/wp-json\/wp\/v2\/product_cat?post=28647"},{"taxonomy":"product_tag","embeddable":true,"href":"https:\/\/www.aimycomfort.com\/store\/pt-pt\/wp-json\/wp\/v2\/product_tag?post=28647"}],"curies":[{"name":"wp","href":"https:\/\/api.w.org\/{rel}","templated":true}]}}