{"id":27112,"date":"2025-01-13T05:46:37","date_gmt":"2025-01-13T05:46:37","guid":{"rendered":"https:\/\/www.aimycomfort.com\/store\/product\/bread-knitted-pillow\/"},"modified":"2025-01-13T07:00:51","modified_gmt":"2025-01-13T07:00:51","slug":"bread-knitted-pillow","status":"publish","type":"product","link":"https:\/\/www.aimycomfort.com\/store\/pt-pt\/produto\/bread-knitted-pillow\/","title":{"rendered":"Travesseiro Tricotado em Forma de P\u00e3o"},"content":{"rendered":"<p class=\"first:mt-1.5\">O Travesseiro Tricotado em Forma de P\u00e3o foi projetado para aliviar profundamente a fadiga dos ombros e do pesco\u00e7o enquanto oferece suporte macio e respir\u00e1vel. Feito com tecido de algod\u00e3o tricotado ultra macio e enchimento de fibra oca, proporciona conforto amig\u00e1vel \u00e0 pele, que absorve a umidade, para um sono reparador. Seu design de zonas cient\u00edficas garante o cuidado ideal da coluna cervical, adaptando-se a v\u00e1rias posi\u00e7\u00f5es de sono para um suporte personalizado. Leve, fofo e dur\u00e1vel, este travesseiro mant\u00e9m sua forma e maciez para um conforto duradouro.<\/p>\n<h4><strong>Principais Caracter\u00edsticas do Travesseiro Tricotado em Forma de P\u00e3o:<\/strong><\/h4>\n<ul>\n<li><strong>Tecido de Algod\u00e3o Tricotado Ultra Macio<\/strong><br \/>\nAmig\u00e1vel \u00e0 pele, respir\u00e1vel e que absorve a umidade para um sono fresco e confort\u00e1vel.<\/li>\n<li><strong>Enchimento de Fibra Oca<\/strong><br \/>\nLeve, fofo e com fibras de r\u00e1pida recupera\u00e7\u00e3o que promovem a circula\u00e7\u00e3o de ar e oferecem suporte suave.<\/li>\n<li><strong>Design de Zonas Cient\u00edficas<\/strong><br \/>\nOferece suporte direcionado para a cabe\u00e7a, pesco\u00e7o e ombros, adaptando-se a posi\u00e7\u00f5es de sono de costas, de lado ou de bru\u00e7os.<\/li>\n<li><strong>Suporte Ergon\u00f4mico<\/strong><br \/>\nAlivia a press\u00e3o e proporciona suporte equilibrado para prevenir a fadiga do pesco\u00e7o e garantir relaxamento profundo.<\/li>\n<li><strong>Design Dur\u00e1vel e Estiloso<\/strong><br \/>\nZ\u00edper oculto e bordas tridimensionais garantem durabilidade, enquanto o tecido jacquard adiciona um toque suave e elegante.<\/li>\n<\/ul>\n<p class=\"first:mt-1.5\">O Travesseiro Tricotado em Forma de P\u00e3o combina maciez, respirabilidade e design ergon\u00f4mico, tornando-o a escolha perfeita para uma experi\u00eancia de sono confort\u00e1vel, de suporte e revigorante.<\/p>\n","protected":false},"excerpt":{"rendered":"<p>O Travesseiro Tricotado em Forma de P\u00e3o possui tecido de algod\u00e3o tricotado ultra macio e enchimento de fibra oca para um conforto respir\u00e1vel e que absorve a umidade. Seu design ergon\u00f4mico de zonas oferece suporte direcionado para a cabe\u00e7a, o pesco\u00e7o e os ombros, garantindo relaxamento profundo e um sono reparador em qualquer posi\u00e7\u00e3o.<\/p>\n","protected":false},"featured_media":26996,"comment_status":"open","ping_status":"closed","template":"","meta":{"site-sidebar-layout":"default","site-content-layout":"","ast-site-content-layout":"default","site-content-style":"default","site-sidebar-style":"default","ast-global-header-display":"","ast-banner-title-visibility":"","ast-main-header-display":"","ast-hfb-above-header-display":"","ast-hfb-below-header-display":"","ast-hfb-mobile-header-display":"","site-post-title":"","ast-breadcrumbs-content":"","ast-featured-img":"","footer-sml-layout":"","theme-transparent-header-meta":"default","adv-header-id-meta":"","stick-header-meta":"","header-above-stick-meta":"","header-main-stick-meta":"","header-below-stick-meta":"","astra-migrate-meta-layouts":"set","ast-page-background-enabled":"default","ast-page-background-meta":{"desktop":{"background-color":"var(--ast-global-color-4)","background-image":"","background-repeat":"repeat","background-position":"center center","background-size":"auto","background-attachment":"scroll","background-type":"","background-media":"","overlay-type":"","overlay-color":"","overlay-opacity":"","overlay-gradient":""},"tablet":{"background-color":"","background-image":"","background-repeat":"repeat","background-position":"center center","background-size":"auto","background-attachment":"scroll","background-type":"","background-media":"","overlay-type":"","overlay-color":"","overlay-opacity":"","overlay-gradient":""},"mobile":{"background-color":"","background-image":"","background-repeat":"repeat","background-position":"center center","background-size":"auto","background-attachment":"scroll","background-type":"","background-media":"","overlay-type":"","overlay-color":"","overlay-opacity":"","overlay-gradient":""}},"ast-content-background-meta":{"desktop":{"background-color":"var(--ast-global-color-5)","background-image":"","background-repeat":"repeat","background-position":"center center","background-size":"auto","background-attachment":"scroll","background-type":"","background-media":"","overlay-type":"","overlay-color":"","overlay-opacity":"","overlay-gradient":""},"tablet":{"background-color":"var(--ast-global-color-5)","background-image":"","background-repeat":"repeat","background-position":"center center","background-size":"auto","background-attachment":"scroll","background-type":"","background-media":"","overlay-type":"","overlay-color":"","overlay-opacity":"","overlay-gradient":""},"mobile":{"background-color":"var(--ast-global-color-5)","background-image":"","background-repeat":"repeat","background-position":"center center","background-size":"auto","background-attachment":"scroll","background-type":"","background-media":"","overlay-type":"","overlay-color":"","overlay-opacity":"","overlay-gradient":""}}},"product_brand":[],"product_cat":[161,862,844,898],"product_tag":[514,611,771],"class_list":{"0":"post-27112","1":"product","2":"type-product","3":"status-publish","4":"has-post-thumbnail","6":"product_cat-colecao-de-almofadas","7":"product_cat-travesseiro-cervical","8":"product_cat-travesseiro-de-cama","9":"product_cat-travesseiro-para-o-pescoco","10":"product_tag-pain-relief-pt-pt","11":"product_tag-almohada-pt-pt","12":"product_tag-ergonomic-support-pt-pt","13":"desktop-align-left","14":"tablet-align-left","15":"mobile-align-left","16":"ast-product-gallery-layout-horizontal-slider","17":"ast-product-single-variable","18":"ast-product-tabs-layout-horizontal","19":"ast-qv-on-image","21":"first","22":"instock","23":"shipping-taxable","24":"purchasable","25":"product-type-variable"},"aioseo_notices":[],"_links":{"self":[{"href":"https:\/\/www.aimycomfort.com\/store\/pt-pt\/wp-json\/wp\/v2\/product\/27112","targetHints":{"allow":["GET"]}}],"collection":[{"href":"https:\/\/www.aimycomfort.com\/store\/pt-pt\/wp-json\/wp\/v2\/product"}],"about":[{"href":"https:\/\/www.aimycomfort.com\/store\/pt-pt\/wp-json\/wp\/v2\/types\/product"}],"replies":[{"embeddable":true,"href":"https:\/\/www.aimycomfort.com\/store\/pt-pt\/wp-json\/wp\/v2\/comments?post=27112"}],"wp:featuredmedia":[{"embeddable":true,"href":"https:\/\/www.aimycomfort.com\/store\/pt-pt\/wp-json\/wp\/v2\/media\/26996"}],"wp:attachment":[{"href":"https:\/\/www.aimycomfort.com\/store\/pt-pt\/wp-json\/wp\/v2\/media?parent=27112"}],"wp:term":[{"taxonomy":"product_brand","embeddable":true,"href":"https:\/\/www.aimycomfort.com\/store\/pt-pt\/wp-json\/wp\/v2\/product_brand?post=27112"},{"taxonomy":"product_cat","embeddable":true,"href":"https:\/\/www.aimycomfort.com\/store\/pt-pt\/wp-json\/wp\/v2\/product_cat?post=27112"},{"taxonomy":"product_tag","embeddable":true,"href":"https:\/\/www.aimycomfort.com\/store\/pt-pt\/wp-json\/wp\/v2\/product_tag?post=27112"}],"curies":[{"name":"wp","href":"https:\/\/api.w.org\/{rel}","templated":true}]}}