{"id":26722,"date":"2025-01-10T03:31:44","date_gmt":"2025-01-10T03:31:44","guid":{"rendered":"https:\/\/www.aimycomfort.com\/store\/product\/pillow-0-pressure-slow-rebound-deep-sleep-memory-foam\/"},"modified":"2025-01-10T05:45:31","modified_gmt":"2025-01-10T05:45:31","slug":"pillow-0-pressure-slow-rebound-deep-sleep-memory-foam","status":"publish","type":"product","link":"https:\/\/www.aimycomfort.com\/store\/pt-pt\/produto\/pillow-0-pressure-slow-rebound-deep-sleep-memory-foam\/","title":{"rendered":"Travesseiro de Espuma de Mem\u00f3ria para Sono Profundo com Rebote Lento e Press\u00e3o Zero"},"content":{"rendered":"<p class=\"first:mt-1.5\"><strong>O Travesseiro de Mem\u00f3ria para Sono Profundo com Rebote Lento e Press\u00e3o Zero<\/strong> foi projetado para oferecer o equil\u00edbrio perfeito entre maciez e suporte, garantindo um sono profundo e sem press\u00e3o. Sua espuma de mem\u00f3ria de rebote lento sustenta suavemente a cabe\u00e7a e o pesco\u00e7o, aliviando a press\u00e3o enquanto oferece suporte flex\u00edvel e respir\u00e1vel. Envolto em um tecido macio como uma nuvem e amig\u00e1vel \u00e0 pele, \u00e9 absorvente de umidade, respir\u00e1vel e ideal para peles sens\u00edveis. Dur\u00e1vel e cuidadosamente elaborado, este travesseiro \u00e9 perfeito para alcan\u00e7ar o m\u00e1ximo conforto e relaxamento.<\/p>\n<h2><strong>Caracter\u00edsticas principais do travesseiro:<\/strong><\/h2>\n<h4><strong>Espuma de Mem\u00f3ria com Rebote Lento<\/strong><\/h4>\n<p class=\"first:mt-1.5\">Oferece suporte flex\u00edvel e sem press\u00e3o ao dispersar uniformemente a press\u00e3o e sustentar a cabe\u00e7a e o pesco\u00e7o.<\/p>\n<h4><strong>Design Ergon\u00f4mico<\/strong><\/h4>\n<p class=\"first:mt-1.5\">A superf\u00edcie ampla e plana do travesseiro garante conforto ideal e evita formas irregulares para uma melhor postura ao dormir.<\/p>\n<h4><strong>Tecido Amig\u00e1vel \u00e0 Pele<\/strong><\/h4>\n<p class=\"first:mt-1.5\">Envolto em um tecido macio, respir\u00e1vel e absorvente de umidade para uma sensa\u00e7\u00e3o luxuosa e sem irrita\u00e7\u00f5es.<\/p>\n<h4><strong>Absorvente de Umidade e Respir\u00e1vel<\/strong><\/h4>\n<p class=\"first:mt-1.5\">Mant\u00e9m voc\u00ea fresco e seco durante toda a noite, garantindo uma experi\u00eancia de sono confort\u00e1vel.<\/p>\n<h4><strong>Dur\u00e1vel e de Alta Qualidade<\/strong><\/h4>\n<p class=\"first:mt-1.5\">Costuras requintadas e materiais premium garantem uso prolongado e conforto consistente.<\/p>\n<p class=\"first:mt-1.5\">Combina tecnologia avan\u00e7ada de espuma de mem\u00f3ria, design ergon\u00f4mico e materiais amig\u00e1veis \u00e0 pele, tornando-o a escolha perfeita para um sono profundo, sem press\u00e3o e restaurador.<\/p>\n","protected":false},"excerpt":{"rendered":"<p>O Travesseiro de Mem\u00f3ria para Sono Profundo com Rebote Lento e Press\u00e3o Zero apresenta espuma de mem\u00f3ria de rebote lento para suporte sem press\u00e3o e tecido macio como uma nuvem, amig\u00e1vel \u00e0 pele, que proporciona conforto respir\u00e1vel e absorvente de umidade. Perfeito para um sono profundo e reparador com suporte ideal para a cabe\u00e7a e o pesco\u00e7o.<\/p>\n","protected":false},"featured_media":26646,"comment_status":"open","ping_status":"closed","template":"","meta":{"site-sidebar-layout":"default","site-content-layout":"","ast-site-content-layout":"default","site-content-style":"default","site-sidebar-style":"default","ast-global-header-display":"","ast-banner-title-visibility":"","ast-main-header-display":"","ast-hfb-above-header-display":"","ast-hfb-below-header-display":"","ast-hfb-mobile-header-display":"","site-post-title":"","ast-breadcrumbs-content":"","ast-featured-img":"","footer-sml-layout":"","theme-transparent-header-meta":"default","adv-header-id-meta":"","stick-header-meta":"","header-above-stick-meta":"","header-main-stick-meta":"","header-below-stick-meta":"","astra-migrate-meta-layouts":"set","ast-page-background-enabled":"default","ast-page-background-meta":{"desktop":{"background-color":"var(--ast-global-color-4)","background-image":"","background-repeat":"repeat","background-position":"center center","background-size":"auto","background-attachment":"scroll","background-type":"","background-media":"","overlay-type":"","overlay-color":"","overlay-opacity":"","overlay-gradient":""},"tablet":{"background-color":"","background-image":"","background-repeat":"repeat","background-position":"center center","background-size":"auto","background-attachment":"scroll","background-type":"","background-media":"","overlay-type":"","overlay-color":"","overlay-opacity":"","overlay-gradient":""},"mobile":{"background-color":"","background-image":"","background-repeat":"repeat","background-position":"center center","background-size":"auto","background-attachment":"scroll","background-type":"","background-media":"","overlay-type":"","overlay-color":"","overlay-opacity":"","overlay-gradient":""}},"ast-content-background-meta":{"desktop":{"background-color":"var(--ast-global-color-5)","background-image":"","background-repeat":"repeat","background-position":"center center","background-size":"auto","background-attachment":"scroll","background-type":"","background-media":"","overlay-type":"","overlay-color":"","overlay-opacity":"","overlay-gradient":""},"tablet":{"background-color":"var(--ast-global-color-5)","background-image":"","background-repeat":"repeat","background-position":"center center","background-size":"auto","background-attachment":"scroll","background-type":"","background-media":"","overlay-type":"","overlay-color":"","overlay-opacity":"","overlay-gradient":""},"mobile":{"background-color":"var(--ast-global-color-5)","background-image":"","background-repeat":"repeat","background-position":"center center","background-size":"auto","background-attachment":"scroll","background-type":"","background-media":"","overlay-type":"","overlay-color":"","overlay-opacity":"","overlay-gradient":""}}},"product_brand":[],"product_cat":[161,844,898,871],"product_tag":[611,581],"class_list":{"0":"post-26722","1":"product","2":"type-product","3":"status-publish","4":"has-post-thumbnail","6":"product_cat-colecao-de-almofadas","7":"product_cat-travesseiro-de-cama","8":"product_cat-travesseiro-para-o-pescoco","9":"product_cat-travesseiro-refrescante","10":"product_tag-almohada-pt-pt","11":"product_tag-memory-foam-pt-pt","12":"desktop-align-left","13":"tablet-align-left","14":"mobile-align-left","15":"ast-product-gallery-layout-horizontal-slider","16":"ast-product-single-variable","17":"ast-product-tabs-layout-horizontal","18":"ast-qv-on-image","20":"first","21":"instock","22":"shipping-taxable","23":"purchasable","24":"product-type-variable"},"aioseo_notices":[],"_links":{"self":[{"href":"https:\/\/www.aimycomfort.com\/store\/pt-pt\/wp-json\/wp\/v2\/product\/26722","targetHints":{"allow":["GET"]}}],"collection":[{"href":"https:\/\/www.aimycomfort.com\/store\/pt-pt\/wp-json\/wp\/v2\/product"}],"about":[{"href":"https:\/\/www.aimycomfort.com\/store\/pt-pt\/wp-json\/wp\/v2\/types\/product"}],"replies":[{"embeddable":true,"href":"https:\/\/www.aimycomfort.com\/store\/pt-pt\/wp-json\/wp\/v2\/comments?post=26722"}],"wp:featuredmedia":[{"embeddable":true,"href":"https:\/\/www.aimycomfort.com\/store\/pt-pt\/wp-json\/wp\/v2\/media\/26646"}],"wp:attachment":[{"href":"https:\/\/www.aimycomfort.com\/store\/pt-pt\/wp-json\/wp\/v2\/media?parent=26722"}],"wp:term":[{"taxonomy":"product_brand","embeddable":true,"href":"https:\/\/www.aimycomfort.com\/store\/pt-pt\/wp-json\/wp\/v2\/product_brand?post=26722"},{"taxonomy":"product_cat","embeddable":true,"href":"https:\/\/www.aimycomfort.com\/store\/pt-pt\/wp-json\/wp\/v2\/product_cat?post=26722"},{"taxonomy":"product_tag","embeddable":true,"href":"https:\/\/www.aimycomfort.com\/store\/pt-pt\/wp-json\/wp\/v2\/product_tag?post=26722"}],"curies":[{"name":"wp","href":"https:\/\/api.w.org\/{rel}","templated":true}]}}