{"id":24955,"date":"2024-12-25T02:44:04","date_gmt":"2024-12-25T02:44:04","guid":{"rendered":"https:\/\/www.aimycomfort.com\/store\/product\/bathtub-pillow-soft-anti-slip-bathtub-pillow\/"},"modified":"2024-12-30T05:25:27","modified_gmt":"2024-12-30T05:25:27","slug":"bathtub-pillow-soft-anti-slip-bathtub-pillow","status":"publish","type":"product","link":"https:\/\/www.aimycomfort.com\/store\/pt-pt\/produto\/bathtub-pillow-soft-anti-slip-bathtub-pillow\/","title":{"rendered":"Travesseiro Macio Antiderrapante para Banheira"},"content":{"rendered":"<p>O Travesseiro Macio Antiderrapante para Banheira foi projetado para melhorar sua experi\u00eancia de banho com suporte ergon\u00f4mico e material macio e el\u00e1stico. Com ventosas poderosas, ele permanece firmemente no lugar, proporcionando suporte para o pesco\u00e7o e os ombros, aliviando a fadiga. Feito de PVC ecol\u00f3gico, \u00e9 imperme\u00e1vel, antibacteriano e de secagem r\u00e1pida, garantindo higiene e durabilidade.<\/p>\n<h2><strong>Caracter\u00edsticas principais do travesseiro para banheira:<\/strong><\/h2>\n<ul>\n<li>\n<p class=\"first:mt-1.5\"><strong>Design ergon\u00f4mico<\/strong><br \/>\nSuporta a cabe\u00e7a, o pesco\u00e7o e os ombros, aliviando a press\u00e3o e melhorando o relaxamento.<\/p>\n<\/li>\n<li>\n<p class=\"first:mt-1.5\"><strong>Ventosas poderosas<\/strong><br \/>\nF\u00e1cil de instalar e remover, com forte suc\u00e7\u00e3o para evitar escorregamentos ou desprendimentos.<\/p>\n<\/li>\n<li>\n<p class=\"first:mt-1.5\"><strong>Material macio e el\u00e1stico<\/strong><br \/>\nRebound 3D, sem odor e seguro para contato direto com a pele do beb\u00ea.<\/p>\n<\/li>\n<li>\n<p class=\"first:mt-1.5\"><strong>Design de drenagem oco<\/strong><br \/>\nPrevine o crescimento de mofo e bact\u00e9rias, mantendo o travesseiro limpo e higi\u00eanico.<\/p>\n<\/li>\n<li>\n<p class=\"first:mt-1.5\"><strong>Dur\u00e1vel e f\u00e1cil de limpar<\/strong><br \/>\nImperme\u00e1vel, resistente ao mofo e de secagem r\u00e1pida para uso prolongado.<\/p>\n<\/li>\n<\/ul>\n<hr \/>\n<p class=\"first:mt-1.5\">O Travesseiro Macio Antiderrapante para Banheira combina conforto, seguran\u00e7a e durabilidade para criar uma experi\u00eancia de banho luxuosa. Perfeito para banhos relaxantes com suporte ergon\u00f4mico e f\u00e1cil manuten\u00e7\u00e3o.<\/p>\n","protected":false},"excerpt":{"rendered":"<p>O Travesseiro Macio Antiderrapante para Banheira oferece suporte ergon\u00f4mico para o pesco\u00e7o e os ombros, proporcionando um banho relaxante. Feito de PVC macio, el\u00e1stico e ecol\u00f3gico, possui ventosas poderosas para um ajuste seguro e um design de drenagem oco que previne mofo e bact\u00e9rias. Imperme\u00e1vel, de secagem r\u00e1pida e f\u00e1cil de limpar, garante conforto e higiene a cada uso.<\/p>\n","protected":false},"featured_media":24811,"comment_status":"open","ping_status":"closed","template":"","meta":{"site-sidebar-layout":"default","site-content-layout":"","ast-site-content-layout":"default","site-content-style":"default","site-sidebar-style":"default","ast-global-header-display":"","ast-banner-title-visibility":"","ast-main-header-display":"","ast-hfb-above-header-display":"","ast-hfb-below-header-display":"","ast-hfb-mobile-header-display":"","site-post-title":"","ast-breadcrumbs-content":"","ast-featured-img":"","footer-sml-layout":"","theme-transparent-header-meta":"default","adv-header-id-meta":"","stick-header-meta":"","header-above-stick-meta":"","header-main-stick-meta":"","header-below-stick-meta":"","astra-migrate-meta-layouts":"set","ast-page-background-enabled":"default","ast-page-background-meta":{"desktop":{"background-color":"var(--ast-global-color-4)","background-image":"","background-repeat":"repeat","background-position":"center center","background-size":"auto","background-attachment":"scroll","background-type":"","background-media":"","overlay-type":"","overlay-color":"","overlay-opacity":"","overlay-gradient":""},"tablet":{"background-color":"","background-image":"","background-repeat":"repeat","background-position":"center center","background-size":"auto","background-attachment":"scroll","background-type":"","background-media":"","overlay-type":"","overlay-color":"","overlay-opacity":"","overlay-gradient":""},"mobile":{"background-color":"","background-image":"","background-repeat":"repeat","background-position":"center center","background-size":"auto","background-attachment":"scroll","background-type":"","background-media":"","overlay-type":"","overlay-color":"","overlay-opacity":"","overlay-gradient":""}},"ast-content-background-meta":{"desktop":{"background-color":"var(--ast-global-color-5)","background-image":"","background-repeat":"repeat","background-position":"center center","background-size":"auto","background-attachment":"scroll","background-type":"","background-media":"","overlay-type":"","overlay-color":"","overlay-opacity":"","overlay-gradient":""},"tablet":{"background-color":"var(--ast-global-color-5)","background-image":"","background-repeat":"repeat","background-position":"center center","background-size":"auto","background-attachment":"scroll","background-type":"","background-media":"","overlay-type":"","overlay-color":"","overlay-opacity":"","overlay-gradient":""},"mobile":{"background-color":"var(--ast-global-color-5)","background-image":"","background-repeat":"repeat","background-position":"center center","background-size":"auto","background-attachment":"scroll","background-type":"","background-media":"","overlay-type":"","overlay-color":"","overlay-opacity":"","overlay-gradient":""}}},"product_brand":[],"product_cat":[161,862,1072],"product_tag":[611,1062],"class_list":{"0":"post-24955","1":"product","2":"type-product","3":"status-publish","4":"has-post-thumbnail","6":"product_cat-colecao-de-almofadas","7":"product_cat-travesseiro-cervical","8":"product_cat-bathtub-pillow-pt-pt","9":"product_tag-almohada-pt-pt","10":"product_tag-bathtub-pillow-pt-pt","11":"desktop-align-left","12":"tablet-align-left","13":"mobile-align-left","14":"ast-product-gallery-layout-horizontal-slider","15":"ast-product-single-variable","16":"ast-product-tabs-layout-horizontal","17":"ast-qv-on-image","19":"first","20":"instock","21":"shipping-taxable","22":"purchasable","23":"product-type-variable"},"aioseo_notices":[],"_links":{"self":[{"href":"https:\/\/www.aimycomfort.com\/store\/pt-pt\/wp-json\/wp\/v2\/product\/24955","targetHints":{"allow":["GET"]}}],"collection":[{"href":"https:\/\/www.aimycomfort.com\/store\/pt-pt\/wp-json\/wp\/v2\/product"}],"about":[{"href":"https:\/\/www.aimycomfort.com\/store\/pt-pt\/wp-json\/wp\/v2\/types\/product"}],"replies":[{"embeddable":true,"href":"https:\/\/www.aimycomfort.com\/store\/pt-pt\/wp-json\/wp\/v2\/comments?post=24955"}],"wp:featuredmedia":[{"embeddable":true,"href":"https:\/\/www.aimycomfort.com\/store\/pt-pt\/wp-json\/wp\/v2\/media\/24811"}],"wp:attachment":[{"href":"https:\/\/www.aimycomfort.com\/store\/pt-pt\/wp-json\/wp\/v2\/media?parent=24955"}],"wp:term":[{"taxonomy":"product_brand","embeddable":true,"href":"https:\/\/www.aimycomfort.com\/store\/pt-pt\/wp-json\/wp\/v2\/product_brand?post=24955"},{"taxonomy":"product_cat","embeddable":true,"href":"https:\/\/www.aimycomfort.com\/store\/pt-pt\/wp-json\/wp\/v2\/product_cat?post=24955"},{"taxonomy":"product_tag","embeddable":true,"href":"https:\/\/www.aimycomfort.com\/store\/pt-pt\/wp-json\/wp\/v2\/product_tag?post=24955"}],"curies":[{"name":"wp","href":"https:\/\/api.w.org\/{rel}","templated":true}]}}