{"id":23837,"date":"2024-12-11T07:53:30","date_gmt":"2024-12-11T07:53:30","guid":{"rendered":"https:\/\/www.aimycomfort.com\/store\/product\/sofa-reading-pillow-work-pillow-available-on-bed\/"},"modified":"2024-12-11T09:13:18","modified_gmt":"2024-12-11T09:13:18","slug":"sofa-reading-pillow-work-pillow-available-on-bed","status":"publish","type":"product","link":"https:\/\/www.aimycomfort.com\/store\/pt-pt\/produto\/sofa-reading-pillow-work-pillow-available-on-bed\/","title":{"rendered":"Almofada de Leitura para Sof\u00e1 e Trabalho Dispon\u00edvel para Cama"},"content":{"rendered":"<p>A **Almofada de Leitura para Sof\u00e1** foi projetada para oferecer o m\u00e1ximo de conforto e versatilidade, sendo perfeita para leitura, trabalho, jogos ou relaxamento no sof\u00e1 ou na cama. Feita com um n\u00facleo de espuma viscoel\u00e1stica de alta densidade, proporciona conforto macio, suporte e al\u00edvio de press\u00e3o para uso prolongado.<\/p>\n<h4><strong>Principais caracter\u00edsticas da Almofada de Leitura:<\/strong><\/h4>\n<ul>\n<li><strong>Espuma viscoel\u00e1stica de alta densidade<\/strong><br \/>\nPossui um n\u00facleo de espuma viscoel\u00e1stica de recupera\u00e7\u00e3o lenta que oferece suporte macio, por\u00e9m firme, dispersando a press\u00e3o para m\u00e1ximo conforto.<\/li>\n<li><strong>Uso vers\u00e1til<\/strong><br \/>\nIdeal como <strong>almofada para leitura, trabalho, jogos ou relaxamento<\/strong>, proporcionando suporte ergon\u00f4mico para qualquer atividade.<\/li>\n<li><strong>F\u00e1cil de limpar<\/strong><br \/>\nO design com capa integrada \u00e9 <strong>remov\u00edvel e lav\u00e1vel<\/strong>, garantindo manuten\u00e7\u00e3o f\u00e1cil e frescor duradouro.<\/li>\n<\/ul>\n<hr \/>\n<p>Melhore seu relaxamento com a Almofada de Leitura para Sof\u00e1. Macia, de suporte e f\u00e1cil de manter, \u00e9 a companheira perfeita para o conforto no sof\u00e1 ou na cama.<\/p>\n","protected":false},"excerpt":{"rendered":"<p>A **Almofada de Leitura para Sof\u00e1** oferece conforto macio e de suporte com seu n\u00facleo de espuma viscoel\u00e1stica de alta densidade, perfeita para leitura, trabalho, jogos ou relaxamento no sof\u00e1 ou na cama. Sua capa remov\u00edvel e lav\u00e1vel garante f\u00e1cil manuten\u00e7\u00e3o, enquanto o design ergon\u00f4mico proporciona al\u00edvio de press\u00e3o e suporte duradouro.<\/p>\n","protected":false},"featured_media":23744,"comment_status":"open","ping_status":"closed","template":"","meta":{"site-sidebar-layout":"default","site-content-layout":"","ast-site-content-layout":"default","site-content-style":"default","site-sidebar-style":"default","ast-global-header-display":"","ast-banner-title-visibility":"","ast-main-header-display":"","ast-hfb-above-header-display":"","ast-hfb-below-header-display":"","ast-hfb-mobile-header-display":"","site-post-title":"","ast-breadcrumbs-content":"","ast-featured-img":"","footer-sml-layout":"","theme-transparent-header-meta":"default","adv-header-id-meta":"","stick-header-meta":"","header-above-stick-meta":"","header-main-stick-meta":"","header-below-stick-meta":"","astra-migrate-meta-layouts":"set","ast-page-background-enabled":"default","ast-page-background-meta":{"desktop":{"background-color":"var(--ast-global-color-4)","background-image":"","background-repeat":"repeat","background-position":"center center","background-size":"auto","background-attachment":"scroll","background-type":"","background-media":"","overlay-type":"","overlay-color":"","overlay-opacity":"","overlay-gradient":""},"tablet":{"background-color":"","background-image":"","background-repeat":"repeat","background-position":"center center","background-size":"auto","background-attachment":"scroll","background-type":"","background-media":"","overlay-type":"","overlay-color":"","overlay-opacity":"","overlay-gradient":""},"mobile":{"background-color":"","background-image":"","background-repeat":"repeat","background-position":"center center","background-size":"auto","background-attachment":"scroll","background-type":"","background-media":"","overlay-type":"","overlay-color":"","overlay-opacity":"","overlay-gradient":""}},"ast-content-background-meta":{"desktop":{"background-color":"var(--ast-global-color-5)","background-image":"","background-repeat":"repeat","background-position":"center center","background-size":"auto","background-attachment":"scroll","background-type":"","background-media":"","overlay-type":"","overlay-color":"","overlay-opacity":"","overlay-gradient":""},"tablet":{"background-color":"var(--ast-global-color-5)","background-image":"","background-repeat":"repeat","background-position":"center center","background-size":"auto","background-attachment":"scroll","background-type":"","background-media":"","overlay-type":"","overlay-color":"","overlay-opacity":"","overlay-gradient":""},"mobile":{"background-color":"var(--ast-global-color-5)","background-image":"","background-repeat":"repeat","background-position":"center center","background-size":"auto","background-attachment":"scroll","background-type":"","background-media":"","overlay-type":"","overlay-color":"","overlay-opacity":"","overlay-gradient":""}}},"product_brand":[],"product_cat":[948,161,925],"product_tag":[611],"class_list":{"0":"post-23837","1":"product","2":"type-product","3":"status-publish","4":"has-post-thumbnail","6":"product_cat-sofa-pillow-pt-pt","7":"product_cat-colecao-de-almofadas","8":"product_cat-travesseiro-para-ler","9":"product_tag-almohada-pt-pt","10":"desktop-align-left","11":"tablet-align-left","12":"mobile-align-left","13":"ast-product-gallery-layout-horizontal-slider","14":"ast-product-single-variable","15":"ast-product-tabs-layout-horizontal","16":"ast-qv-on-image","18":"first","19":"instock","20":"shipping-taxable","21":"purchasable","22":"product-type-variable"},"aioseo_notices":[],"_links":{"self":[{"href":"https:\/\/www.aimycomfort.com\/store\/pt-pt\/wp-json\/wp\/v2\/product\/23837","targetHints":{"allow":["GET"]}}],"collection":[{"href":"https:\/\/www.aimycomfort.com\/store\/pt-pt\/wp-json\/wp\/v2\/product"}],"about":[{"href":"https:\/\/www.aimycomfort.com\/store\/pt-pt\/wp-json\/wp\/v2\/types\/product"}],"replies":[{"embeddable":true,"href":"https:\/\/www.aimycomfort.com\/store\/pt-pt\/wp-json\/wp\/v2\/comments?post=23837"}],"wp:featuredmedia":[{"embeddable":true,"href":"https:\/\/www.aimycomfort.com\/store\/pt-pt\/wp-json\/wp\/v2\/media\/23744"}],"wp:attachment":[{"href":"https:\/\/www.aimycomfort.com\/store\/pt-pt\/wp-json\/wp\/v2\/media?parent=23837"}],"wp:term":[{"taxonomy":"product_brand","embeddable":true,"href":"https:\/\/www.aimycomfort.com\/store\/pt-pt\/wp-json\/wp\/v2\/product_brand?post=23837"},{"taxonomy":"product_cat","embeddable":true,"href":"https:\/\/www.aimycomfort.com\/store\/pt-pt\/wp-json\/wp\/v2\/product_cat?post=23837"},{"taxonomy":"product_tag","embeddable":true,"href":"https:\/\/www.aimycomfort.com\/store\/pt-pt\/wp-json\/wp\/v2\/product_tag?post=23837"}],"curies":[{"name":"wp","href":"https:\/\/api.w.org\/{rel}","templated":true}]}}