{"id":23258,"date":"2024-12-09T09:02:43","date_gmt":"2024-12-09T09:02:43","guid":{"rendered":"https:\/\/www.aimycomfort.com\/store\/product\/a-class-soybean-fiber-pillow\/"},"modified":"2024-12-09T09:54:05","modified_gmt":"2024-12-09T09:54:05","slug":"a-class-soybean-fiber-pillow","status":"publish","type":"product","link":"https:\/\/www.aimycomfort.com\/store\/pt-pt\/produto\/a-class-soybean-fiber-pillow\/","title":{"rendered":"Travesseiro de Fibra de Soja Classe A"},"content":{"rendered":"<p>**Travesseiro de Fibra de Soja Classe A &#8212; Conforto e Sa\u00fade em Cada Noite**<\/p>\n<p>O <strong>Travesseiro de Fibra de Soja Classe A<\/strong> foi projetado para oferecer o m\u00e1ximo conforto e sa\u00fade, com fibra de soja antibacteriana e enchimento de algod\u00e3o plumoso que proporciona um sono macio, respir\u00e1vel e de suporte. Seu design ergon\u00f4mico oferece prote\u00e7\u00e3o suave para o pesco\u00e7o e se adapta a todas as posi\u00e7\u00f5es de sono, garantindo uma experi\u00eancia reparadora e sem press\u00e3o.<\/p>\n<h2><strong>Principais Caracter\u00edsticas do Travesseiro de Fibra de Soja:<\/strong><\/h2>\n<ul>\n<li><strong>Antibacteriano e Amig\u00e1vel \u00e0 Pele<\/strong><br \/>\nFeito com <strong>fibra de soja antibacteriana Classe A<\/strong>, \u00e9 livre de subst\u00e2ncias nocivas, agentes fluorescentes e formalde\u00eddo, oferecendo um ambiente de sono seguro e saud\u00e1vel.<\/li>\n<li><strong>Conforto Macio e Fofo<\/strong><br \/>\nO enchimento de material duplo combina <strong>fibra de soja<\/strong> e <strong>algod\u00e3o plumoso<\/strong> para uma sensa\u00e7\u00e3o luxuosa, respir\u00e1vel e que absorve a umidade, oferecendo suporte suave para a cabe\u00e7a e o pesco\u00e7o.<\/li>\n<li><strong>Suporte Ergon\u00f4mico<\/strong><br \/>\nO <strong>n\u00facleo de travesseiro 3D de alta elasticidade<\/strong> se ajusta \u00e0 curva natural do pesco\u00e7o, proporcionando suporte est\u00e1vel para os ombros e o pesco\u00e7o, aliviando a fadiga e garantindo conforto em qualquer posi\u00e7\u00e3o de sono.<\/li>\n<\/ul>\n<hr \/>\n<p>Experimente o conforto de nuvem com o <strong>Travesseiro de Fibra de Soja Classe A<\/strong>. Macio, respir\u00e1vel e de suporte, \u00e9 perfeito para um sono de qualidade e cuidado delicado para sua cabe\u00e7a, pesco\u00e7o e ombros.<\/p>\n","protected":false},"excerpt":{"rendered":"<p>O **Travesseiro de Fibra de Soja Classe A** oferece conforto macio e respir\u00e1vel com fibra de soja antibacteriana e enchimento de algod\u00e3o plumoso. Seu design ergon\u00f4mico proporciona suporte suave para o pesco\u00e7o, adapta-se a todas as posi\u00e7\u00f5es de sono e alivia a fadiga. Seguro, amig\u00e1vel \u00e0 pele e perfeito para uma experi\u00eancia de sono reparador.<\/p>\n","protected":false},"featured_media":23324,"comment_status":"open","ping_status":"closed","template":"","meta":{"site-sidebar-layout":"default","site-content-layout":"","ast-site-content-layout":"default","site-content-style":"default","site-sidebar-style":"default","ast-global-header-display":"","ast-banner-title-visibility":"","ast-main-header-display":"","ast-hfb-above-header-display":"","ast-hfb-below-header-display":"","ast-hfb-mobile-header-display":"","site-post-title":"","ast-breadcrumbs-content":"","ast-featured-img":"","footer-sml-layout":"","theme-transparent-header-meta":"default","adv-header-id-meta":"","stick-header-meta":"","header-above-stick-meta":"","header-main-stick-meta":"","header-below-stick-meta":"","astra-migrate-meta-layouts":"set","ast-page-background-enabled":"default","ast-page-background-meta":{"desktop":{"background-color":"var(--ast-global-color-4)","background-image":"","background-repeat":"repeat","background-position":"center center","background-size":"auto","background-attachment":"scroll","background-type":"","background-media":"","overlay-type":"","overlay-color":"","overlay-opacity":"","overlay-gradient":""},"tablet":{"background-color":"","background-image":"","background-repeat":"repeat","background-position":"center center","background-size":"auto","background-attachment":"scroll","background-type":"","background-media":"","overlay-type":"","overlay-color":"","overlay-opacity":"","overlay-gradient":""},"mobile":{"background-color":"","background-image":"","background-repeat":"repeat","background-position":"center center","background-size":"auto","background-attachment":"scroll","background-type":"","background-media":"","overlay-type":"","overlay-color":"","overlay-opacity":"","overlay-gradient":""}},"ast-content-background-meta":{"desktop":{"background-color":"var(--ast-global-color-5)","background-image":"","background-repeat":"repeat","background-position":"center center","background-size":"auto","background-attachment":"scroll","background-type":"","background-media":"","overlay-type":"","overlay-color":"","overlay-opacity":"","overlay-gradient":""},"tablet":{"background-color":"var(--ast-global-color-5)","background-image":"","background-repeat":"repeat","background-position":"center center","background-size":"auto","background-attachment":"scroll","background-type":"","background-media":"","overlay-type":"","overlay-color":"","overlay-opacity":"","overlay-gradient":""},"mobile":{"background-color":"var(--ast-global-color-5)","background-image":"","background-repeat":"repeat","background-position":"center center","background-size":"auto","background-attachment":"scroll","background-type":"","background-media":"","overlay-type":"","overlay-color":"","overlay-opacity":"","overlay-gradient":""}}},"product_brand":[],"product_cat":[161,844],"product_tag":[611],"class_list":{"0":"post-23258","1":"product","2":"type-product","3":"status-publish","4":"has-post-thumbnail","6":"product_cat-colecao-de-almofadas","7":"product_cat-travesseiro-de-cama","8":"product_tag-almohada-pt-pt","9":"desktop-align-left","10":"tablet-align-left","11":"mobile-align-left","12":"ast-product-gallery-layout-horizontal-slider","13":"ast-product-single-variable","14":"ast-product-tabs-layout-horizontal","15":"ast-qv-on-image","17":"first","18":"instock","19":"shipping-taxable","20":"purchasable","21":"product-type-variable"},"aioseo_notices":[],"_links":{"self":[{"href":"https:\/\/www.aimycomfort.com\/store\/pt-pt\/wp-json\/wp\/v2\/product\/23258","targetHints":{"allow":["GET"]}}],"collection":[{"href":"https:\/\/www.aimycomfort.com\/store\/pt-pt\/wp-json\/wp\/v2\/product"}],"about":[{"href":"https:\/\/www.aimycomfort.com\/store\/pt-pt\/wp-json\/wp\/v2\/types\/product"}],"replies":[{"embeddable":true,"href":"https:\/\/www.aimycomfort.com\/store\/pt-pt\/wp-json\/wp\/v2\/comments?post=23258"}],"wp:featuredmedia":[{"embeddable":true,"href":"https:\/\/www.aimycomfort.com\/store\/pt-pt\/wp-json\/wp\/v2\/media\/23324"}],"wp:attachment":[{"href":"https:\/\/www.aimycomfort.com\/store\/pt-pt\/wp-json\/wp\/v2\/media?parent=23258"}],"wp:term":[{"taxonomy":"product_brand","embeddable":true,"href":"https:\/\/www.aimycomfort.com\/store\/pt-pt\/wp-json\/wp\/v2\/product_brand?post=23258"},{"taxonomy":"product_cat","embeddable":true,"href":"https:\/\/www.aimycomfort.com\/store\/pt-pt\/wp-json\/wp\/v2\/product_cat?post=23258"},{"taxonomy":"product_tag","embeddable":true,"href":"https:\/\/www.aimycomfort.com\/store\/pt-pt\/wp-json\/wp\/v2\/product_tag?post=23258"}],"curies":[{"name":"wp","href":"https:\/\/api.w.org\/{rel}","templated":true}]}}