{"id":22649,"date":"2024-12-05T07:53:19","date_gmt":"2024-12-05T07:53:19","guid":{"rendered":"https:\/\/www.aimycomfort.com\/store\/product\/bamboo-fiber-air-layer-jacquard-pillow\/"},"modified":"2024-12-05T09:22:05","modified_gmt":"2024-12-05T09:22:05","slug":"bamboo-fiber-air-layer-jacquard-pillow","status":"publish","type":"product","link":"https:\/\/www.aimycomfort.com\/store\/pt-pt\/produto\/bamboo-fiber-air-layer-jacquard-pillow\/","title":{"rendered":"Travesseiro Jacquard de Camada de Ar de Fibra de Bambu"},"content":{"rendered":"<p>Proteja o seu travesseiro com a **Capa de Travesseiro Jacquard de Camada de Ar de Fibra de Bambu**, que possui uma **capa protetora imperme\u00e1vel e respir\u00e1vel de TPU** para prote\u00e7\u00e3o em ambos os lados. Macia, dur\u00e1vel e lav\u00e1vel \u00e0 m\u00e1quina, esta capa de travesseiro garante frescor duradouro enquanto \u00e9 delicada com a sua pele.<\/p>\n<h2><strong>Principais Caracter\u00edsticas da Capa de Travesseiro Jacquard:<\/strong><\/h2>\n<ul>\n<li><strong>Imperme\u00e1vel e Resistente a \u00c1caros<\/strong><br \/>\nA <strong>pel\u00edcula imperme\u00e1vel de TPU<\/strong> bloqueia mol\u00e9culas de l\u00edquido enquanto permite a passagem de ar, mantendo o travesseiro seco, respir\u00e1vel e livre de bact\u00e9rias ou \u00e1caros.<\/li>\n<li><strong>Tecido Macio e Confort\u00e1vel<\/strong><br \/>\nFeita com uma camada de ar de fibra de bambu, a capa \u00e9 absorvente de umidade, respir\u00e1vel e amig\u00e1vel \u00e0 pele para m\u00e1ximo conforto.<\/li>\n<li><strong>Dur\u00e1vel e Lav\u00e1vel<\/strong><br \/>\nProjetada com costuras finas, resiste \u00e0 lavagem \u00e0 m\u00e1quina e mant\u00e9m sua qualidade, garantindo limpeza e frescor ao longo do tempo.<\/li>\n<\/ul>\n<hr \/>\n<p><strong>Melhore a prote\u00e7\u00e3o do seu travesseiro com a Capa de Travesseiro Jacquard de Camada de Ar de Fibra de Bambu.<\/strong> Imperme\u00e1vel, respir\u00e1vel e f\u00e1cil de manter, \u00e9 a escolha perfeita para um sono limpo e confort\u00e1vel.<\/p>\n","protected":false},"excerpt":{"rendered":"<p>O Travesseiro Jacquard de Camada de Ar de Fibra de Bambu possui uma capa protetora de TPU imperme\u00e1vel e resistente a \u00e1caros, que \u00e9 respir\u00e1vel, macia e dur\u00e1vel. Seu tecido de fibra de bambu garante conforto, enquanto o design lav\u00e1vel \u00e0 m\u00e1quina mant\u00e9m o travesseiro fresco e limpo. Perfeito para prote\u00e7\u00e3o duradoura do travesseiro e uma experi\u00eancia de sono mais saud\u00e1vel.<\/p>\n","protected":false},"featured_media":22556,"comment_status":"open","ping_status":"closed","template":"","meta":{"site-sidebar-layout":"default","site-content-layout":"","ast-site-content-layout":"default","site-content-style":"default","site-sidebar-style":"default","ast-global-header-display":"","ast-banner-title-visibility":"","ast-main-header-display":"","ast-hfb-above-header-display":"","ast-hfb-below-header-display":"","ast-hfb-mobile-header-display":"","site-post-title":"","ast-breadcrumbs-content":"","ast-featured-img":"","footer-sml-layout":"","theme-transparent-header-meta":"default","adv-header-id-meta":"","stick-header-meta":"","header-above-stick-meta":"","header-main-stick-meta":"","header-below-stick-meta":"","astra-migrate-meta-layouts":"set","ast-page-background-enabled":"default","ast-page-background-meta":{"desktop":{"background-color":"var(--ast-global-color-4)","background-image":"","background-repeat":"repeat","background-position":"center center","background-size":"auto","background-attachment":"scroll","background-type":"","background-media":"","overlay-type":"","overlay-color":"","overlay-opacity":"","overlay-gradient":""},"tablet":{"background-color":"","background-image":"","background-repeat":"repeat","background-position":"center center","background-size":"auto","background-attachment":"scroll","background-type":"","background-media":"","overlay-type":"","overlay-color":"","overlay-opacity":"","overlay-gradient":""},"mobile":{"background-color":"","background-image":"","background-repeat":"repeat","background-position":"center center","background-size":"auto","background-attachment":"scroll","background-type":"","background-media":"","overlay-type":"","overlay-color":"","overlay-opacity":"","overlay-gradient":""}},"ast-content-background-meta":{"desktop":{"background-color":"var(--ast-global-color-5)","background-image":"","background-repeat":"repeat","background-position":"center center","background-size":"auto","background-attachment":"scroll","background-type":"","background-media":"","overlay-type":"","overlay-color":"","overlay-opacity":"","overlay-gradient":""},"tablet":{"background-color":"var(--ast-global-color-5)","background-image":"","background-repeat":"repeat","background-position":"center center","background-size":"auto","background-attachment":"scroll","background-type":"","background-media":"","overlay-type":"","overlay-color":"","overlay-opacity":"","overlay-gradient":""},"mobile":{"background-color":"var(--ast-global-color-5)","background-image":"","background-repeat":"repeat","background-position":"center center","background-size":"auto","background-attachment":"scroll","background-type":"","background-media":"","overlay-type":"","overlay-color":"","overlay-opacity":"","overlay-gradient":""}}},"product_brand":[],"product_cat":[161,844,835],"product_tag":[162,611,771],"class_list":{"0":"post-22649","1":"product","2":"type-product","3":"status-publish","4":"has-post-thumbnail","6":"product_cat-colecao-de-almofadas","7":"product_cat-travesseiro-de-cama","8":"product_cat-travesseiro-de-fibra-de-bambu","9":"product_tag-alivio-de-pressao","10":"product_tag-almohada-pt-pt","11":"product_tag-ergonomic-support-pt-pt","12":"desktop-align-left","13":"tablet-align-left","14":"mobile-align-left","15":"ast-product-gallery-layout-horizontal-slider","16":"ast-product-single-variable","17":"ast-product-tabs-layout-horizontal","18":"ast-qv-on-image","20":"first","21":"instock","22":"shipping-taxable","23":"purchasable","24":"product-type-variable"},"aioseo_notices":[],"_links":{"self":[{"href":"https:\/\/www.aimycomfort.com\/store\/pt-pt\/wp-json\/wp\/v2\/product\/22649","targetHints":{"allow":["GET"]}}],"collection":[{"href":"https:\/\/www.aimycomfort.com\/store\/pt-pt\/wp-json\/wp\/v2\/product"}],"about":[{"href":"https:\/\/www.aimycomfort.com\/store\/pt-pt\/wp-json\/wp\/v2\/types\/product"}],"replies":[{"embeddable":true,"href":"https:\/\/www.aimycomfort.com\/store\/pt-pt\/wp-json\/wp\/v2\/comments?post=22649"}],"wp:featuredmedia":[{"embeddable":true,"href":"https:\/\/www.aimycomfort.com\/store\/pt-pt\/wp-json\/wp\/v2\/media\/22556"}],"wp:attachment":[{"href":"https:\/\/www.aimycomfort.com\/store\/pt-pt\/wp-json\/wp\/v2\/media?parent=22649"}],"wp:term":[{"taxonomy":"product_brand","embeddable":true,"href":"https:\/\/www.aimycomfort.com\/store\/pt-pt\/wp-json\/wp\/v2\/product_brand?post=22649"},{"taxonomy":"product_cat","embeddable":true,"href":"https:\/\/www.aimycomfort.com\/store\/pt-pt\/wp-json\/wp\/v2\/product_cat?post=22649"},{"taxonomy":"product_tag","embeddable":true,"href":"https:\/\/www.aimycomfort.com\/store\/pt-pt\/wp-json\/wp\/v2\/product_tag?post=22649"}],"curies":[{"name":"wp","href":"https:\/\/api.w.org\/{rel}","templated":true}]}}