{"id":22054,"date":"2024-12-03T07:30:12","date_gmt":"2024-12-03T07:30:12","guid":{"rendered":"https:\/\/www.aimycomfort.com\/store\/product\/u-shaped-travel-pillow-memory-foam-easy-take\/"},"modified":"2024-12-03T09:05:42","modified_gmt":"2024-12-03T09:05:42","slug":"u-shaped-travel-pillow-memory-foam-easy-take","status":"publish","type":"product","link":"https:\/\/www.aimycomfort.com\/store\/pt-pt\/produto\/u-shaped-travel-pillow-memory-foam-easy-take\/","title":{"rendered":"Travesseiro de Viagem em Forma de U de Espuma Viscoel\u00e1stica F\u00e1cil de Transportar"},"content":{"rendered":"<p>Experimente o m\u00e1ximo de conforto e suporte onde quer que v\u00e1 com o nosso Travesseiro de Viagem em Forma de U.** Projetado com uma curva funcional baseada na ci\u00eancia, este travesseiro oferece **cuidado cervical 360\u00b0**, garantindo conforto percept\u00edvel e suporte eficaz para o pesco\u00e7o, ombros e cabe\u00e7a. Seja viajando, trabalhando no escrit\u00f3rio ou dirigindo, este travesseiro \u00e9 o seu companheiro perfeito para relaxamento sem estresse.<\/p>\n<h2><strong>Caracter\u00edsticas principais do Travesseiro de Viagem:<\/strong><\/h2>\n<ul>\n<li><strong>Design ergon\u00f4mico para suporte m\u00e1ximo<\/strong><br \/>\nProjetado para se ajustar \u00e0 curva natural do pesco\u00e7o humano, o travesseiro possui uma <strong>curva de suporte duplo para as bochechas<\/strong> que se adapta ao rosto e ombros, oferecendo um ajuste confort\u00e1vel e seguro. O design espesso e acolchoado garante uma sensa\u00e7\u00e3o macia, mas firme, para conforto duradouro.<\/li>\n<li><strong>N\u00facleo de espuma viscoel\u00e1stica premium<\/strong><br \/>\nFeito com espuma viscoel\u00e1stica de alta qualidade, o travesseiro adapta-se suavemente ao corpo, proporcionando <strong>suporte suave e al\u00edvio de press\u00e3o<\/strong>. Ele mant\u00e9m sua forma enquanto oferece suporte poderoso de todos os \u00e2ngulos, reduzindo o estresse no pesco\u00e7o e nos ombros.<\/li>\n<li><strong>Tecido de veludo respir\u00e1vel<\/strong><br \/>\nEnvolto em <strong>tecido de veludo Silver Lake<\/strong>, o travesseiro \u00e9 macio ao toque, respir\u00e1vel e delicado para a pele. O material \u00e9 sens\u00edvel \u00e0 temperatura, garantindo uma experi\u00eancia aconchegante em qualquer ambiente.<\/li>\n<li><strong>Ajuste personaliz\u00e1vel e adapt\u00e1vel<\/strong><br \/>\nEquipado com um <strong>fecho de bloqueio ajust\u00e1vel<\/strong>, o travesseiro permite personalizar o ajuste e a elasticidade para o seu conforto. O design garante um ajuste seguro enquanto melhora sua experi\u00eancia de sono.<\/li>\n<li><strong>Capa remov\u00edvel e lav\u00e1vel<\/strong><br \/>\nA capa do travesseiro \u00e9 f\u00e1cil de remover e lavar, mantendo seu travesseiro de viagem fresco e higi\u00eanico para cada uso.<\/li>\n<\/ul>\n<h4><strong>Uso vers\u00e1til:<\/strong><\/h4>\n<p>Perfeito para <strong>viagens, cochilos no escrit\u00f3rio ou longas viagens de carro<\/strong>, este travesseiro oferece prote\u00e7\u00e3o completa para o pesco\u00e7o e melhora sua experi\u00eancia de relaxamento onde quer que esteja.<\/p>\n<p><strong>Materiais seguros e n\u00e3o t\u00f3xicos:<\/strong><br \/>\nOs materiais cumprem os padr\u00f5es nacionais de seguran\u00e7a, garantindo um produto seguro e dur\u00e1vel. A espuma viscoel\u00e1stica foi projetada para manter sua forma sem deformar, oferecendo suporte confi\u00e1vel por anos.<\/p>\n<hr \/>\n<p><strong>Melhore sua experi\u00eancia de viagem e relaxamento com o Travesseiro de Viagem de Espuma Viscoel\u00e1stica em Forma de U.<\/strong> Diga adeus \u00e0 dor no pesco\u00e7o e ol\u00e1 ao conforto sem estresse, n\u00e3o importa onde a vida te leve!<\/p>\n","protected":false},"excerpt":{"rendered":"<p>Experimente o m\u00e1ximo de conforto e suporte com o Travesseiro de Viagem em Forma de U de Espuma Viscoel\u00e1stica, projetado para oferecer cuidado cervical 360\u00b0. Seu design ergon\u00f4mico, espuma viscoel\u00e1stica premium e tecido de veludo respir\u00e1vel garantem suporte suave e al\u00edvio de press\u00e3o para o pesco\u00e7o, ombros e cabe\u00e7a. Perfeito para viagens, escrit\u00f3rio ou dire\u00e7\u00e3o, este travesseiro oferece ajuste personaliz\u00e1vel e capa lav\u00e1vel para conveni\u00eancia e higiene duradouras.<\/p>\n","protected":false},"featured_media":21963,"comment_status":"open","ping_status":"closed","template":"","meta":{"site-sidebar-layout":"default","site-content-layout":"","ast-site-content-layout":"default","site-content-style":"default","site-sidebar-style":"default","ast-global-header-display":"","ast-banner-title-visibility":"","ast-main-header-display":"","ast-hfb-above-header-display":"","ast-hfb-below-header-display":"","ast-hfb-mobile-header-display":"","site-post-title":"","ast-breadcrumbs-content":"","ast-featured-img":"","footer-sml-layout":"","theme-transparent-header-meta":"default","adv-header-id-meta":"","stick-header-meta":"","header-above-stick-meta":"","header-main-stick-meta":"","header-below-stick-meta":"","astra-migrate-meta-layouts":"set","ast-page-background-enabled":"default","ast-page-background-meta":{"desktop":{"background-color":"var(--ast-global-color-4)","background-image":"","background-repeat":"repeat","background-position":"center center","background-size":"auto","background-attachment":"scroll","background-type":"","background-media":"","overlay-type":"","overlay-color":"","overlay-opacity":"","overlay-gradient":""},"tablet":{"background-color":"","background-image":"","background-repeat":"repeat","background-position":"center center","background-size":"auto","background-attachment":"scroll","background-type":"","background-media":"","overlay-type":"","overlay-color":"","overlay-opacity":"","overlay-gradient":""},"mobile":{"background-color":"","background-image":"","background-repeat":"repeat","background-position":"center center","background-size":"auto","background-attachment":"scroll","background-type":"","background-media":"","overlay-type":"","overlay-color":"","overlay-opacity":"","overlay-gradient":""}},"ast-content-background-meta":{"desktop":{"background-color":"var(--ast-global-color-5)","background-image":"","background-repeat":"repeat","background-position":"center center","background-size":"auto","background-attachment":"scroll","background-type":"","background-media":"","overlay-type":"","overlay-color":"","overlay-opacity":"","overlay-gradient":""},"tablet":{"background-color":"var(--ast-global-color-5)","background-image":"","background-repeat":"repeat","background-position":"center center","background-size":"auto","background-attachment":"scroll","background-type":"","background-media":"","overlay-type":"","overlay-color":"","overlay-opacity":"","overlay-gradient":""},"mobile":{"background-color":"var(--ast-global-color-5)","background-image":"","background-repeat":"repeat","background-position":"center center","background-size":"auto","background-attachment":"scroll","background-type":"","background-media":"","overlay-type":"","overlay-color":"","overlay-opacity":"","overlay-gradient":""}}},"product_brand":[],"product_cat":[161,862,716,889,898],"product_tag":[611,582,1012],"class_list":{"0":"post-22054","1":"product","2":"type-product","3":"status-publish","4":"has-post-thumbnail","6":"product_cat-colecao-de-almofadas","7":"product_cat-travesseiro-cervical","8":"product_cat-travel-pillow-pt-pt","9":"product_cat-travesseiro-para-cochilo","10":"product_cat-travesseiro-para-o-pescoco","11":"product_tag-almohada-pt-pt","12":"product_tag-neck-protect-pt-pt","13":"product_tag-travel-pillow-pt-pt","14":"desktop-align-left","15":"tablet-align-left","16":"mobile-align-left","17":"ast-product-gallery-layout-horizontal-slider","18":"ast-product-single-variable","19":"ast-product-tabs-layout-horizontal","20":"ast-qv-on-image","22":"first","23":"instock","24":"shipping-taxable","25":"purchasable","26":"product-type-variable"},"aioseo_notices":[],"_links":{"self":[{"href":"https:\/\/www.aimycomfort.com\/store\/pt-pt\/wp-json\/wp\/v2\/product\/22054","targetHints":{"allow":["GET"]}}],"collection":[{"href":"https:\/\/www.aimycomfort.com\/store\/pt-pt\/wp-json\/wp\/v2\/product"}],"about":[{"href":"https:\/\/www.aimycomfort.com\/store\/pt-pt\/wp-json\/wp\/v2\/types\/product"}],"replies":[{"embeddable":true,"href":"https:\/\/www.aimycomfort.com\/store\/pt-pt\/wp-json\/wp\/v2\/comments?post=22054"}],"wp:featuredmedia":[{"embeddable":true,"href":"https:\/\/www.aimycomfort.com\/store\/pt-pt\/wp-json\/wp\/v2\/media\/21963"}],"wp:attachment":[{"href":"https:\/\/www.aimycomfort.com\/store\/pt-pt\/wp-json\/wp\/v2\/media?parent=22054"}],"wp:term":[{"taxonomy":"product_brand","embeddable":true,"href":"https:\/\/www.aimycomfort.com\/store\/pt-pt\/wp-json\/wp\/v2\/product_brand?post=22054"},{"taxonomy":"product_cat","embeddable":true,"href":"https:\/\/www.aimycomfort.com\/store\/pt-pt\/wp-json\/wp\/v2\/product_cat?post=22054"},{"taxonomy":"product_tag","embeddable":true,"href":"https:\/\/www.aimycomfort.com\/store\/pt-pt\/wp-json\/wp\/v2\/product_tag?post=22054"}],"curies":[{"name":"wp","href":"https:\/\/api.w.org\/{rel}","templated":true}]}}