{"id":21736,"date":"2024-11-29T08:01:51","date_gmt":"2024-11-29T08:01:51","guid":{"rendered":"https:\/\/www.aimycomfort.com\/store\/product\/tpe-yoga-mat-widen-thicken-anti-slip\/"},"modified":"2024-11-29T09:30:10","modified_gmt":"2024-11-29T09:30:10","slug":"tpe-yoga-mat-widen-thicken-anti-slip","status":"publish","type":"product","link":"https:\/\/www.aimycomfort.com\/store\/pt-pt\/produto\/tpe-yoga-mat-widen-thicken-anti-slip\/","title":{"rendered":"Tapete de Yoga TPE Largo, Espesso e Antiderrapante"},"content":{"rendered":"<p>Experimente o m\u00e1ximo de conforto e estabilidade com o tapete de yoga TPE, projetado para entusiastas de yoga e fitness. Feito com materiais ecol\u00f3gicos e sem odor, este tapete oferece uma superf\u00edcie espa\u00e7osa, dur\u00e1vel e antiderrapante para todas as suas necessidades de treino.<\/p>\n<h2><strong>Principais caracter\u00edsticas do tapete de yoga<\/strong>:<\/h2>\n<ul>\n<li><strong>Design extra largo<\/strong>: 80 cm de largura que proporcionam movimentos livres e espa\u00e7o amplo para todos os exerc\u00edcios.<\/li>\n<li><strong>Espessura para maior conforto<\/strong>: 8 mm de espessura que oferecem amortecimento superior, prote\u00e7\u00e3o para as articula\u00e7\u00f5es e absor\u00e7\u00e3o de impacto, sendo adequado para toda a fam\u00edlia.<\/li>\n<li><strong>Antiderrapante em ambos os lados<\/strong>: Possui um padr\u00e3o antiderrapante cient\u00edfico em ambos os lados para maior estabilidade durante a pr\u00e1tica.<\/li>\n<li><strong>Dur\u00e1vel e resistente ao desgaste<\/strong>: Feito com material TPE de alta qualidade que resiste a danos e garante longa durabilidade.<\/li>\n<li><strong>Leve e port\u00e1til<\/strong>: Pesando apenas 800 g, \u00e9 f\u00e1cil de transportar e armazenar.<\/li>\n<li><strong>\u00c0 prova d&#8217;\u00e1gua e f\u00e1cil de limpar<\/strong>: Superf\u00edcie resistente ao suor que pode ser limpa sem esfor\u00e7o.<\/li>\n<li><strong>Materiais ecol\u00f3gicos<\/strong>: Feito com extratos naturais, garantindo uma pr\u00e1tica segura e confi\u00e1vel.<\/li>\n<\/ul>\n<p>O tapete de yoga TPE combina funcionalidade, conforto e estilo com suas op\u00e7\u00f5es de cores modernas e recursos premium. Perfeito para yoga, fitness ou treinos em casa, \u00e9 indispens\u00e1vel para quem busca um tapete de exerc\u00edcio confi\u00e1vel e ecol\u00f3gico.<\/p>\n","protected":false},"excerpt":{"rendered":"<p>Este tapete de yoga ecol\u00f3gico de TPE oferece um design extra largo de 80 cm e 8 mm de espessura para m\u00e1ximo conforto, prote\u00e7\u00e3o das articula\u00e7\u00f5es e movimentos livres. Sua superf\u00edcie antiderrapante em ambos os lados garante estabilidade, enquanto o material dur\u00e1vel e \u00e0 prova d&#8217;\u00e1gua \u00e9 f\u00e1cil de limpar. Perfeito para yoga, fitness e treinos em casa.<\/p>\n","protected":false},"featured_media":21612,"comment_status":"open","ping_status":"closed","template":"","meta":{"site-sidebar-layout":"default","site-content-layout":"","ast-site-content-layout":"default","site-content-style":"default","site-sidebar-style":"default","ast-global-header-display":"","ast-banner-title-visibility":"","ast-main-header-display":"","ast-hfb-above-header-display":"","ast-hfb-below-header-display":"","ast-hfb-mobile-header-display":"","site-post-title":"","ast-breadcrumbs-content":"","ast-featured-img":"","footer-sml-layout":"","theme-transparent-header-meta":"default","adv-header-id-meta":"","stick-header-meta":"","header-above-stick-meta":"","header-main-stick-meta":"","header-below-stick-meta":"","astra-migrate-meta-layouts":"set","ast-page-background-enabled":"default","ast-page-background-meta":{"desktop":{"background-color":"var(--ast-global-color-4)","background-image":"","background-repeat":"repeat","background-position":"center center","background-size":"auto","background-attachment":"scroll","background-type":"","background-media":"","overlay-type":"","overlay-color":"","overlay-opacity":"","overlay-gradient":""},"tablet":{"background-color":"","background-image":"","background-repeat":"repeat","background-position":"center center","background-size":"auto","background-attachment":"scroll","background-type":"","background-media":"","overlay-type":"","overlay-color":"","overlay-opacity":"","overlay-gradient":""},"mobile":{"background-color":"","background-image":"","background-repeat":"repeat","background-position":"center center","background-size":"auto","background-attachment":"scroll","background-type":"","background-media":"","overlay-type":"","overlay-color":"","overlay-opacity":"","overlay-gradient":""}},"ast-content-background-meta":{"desktop":{"background-color":"var(--ast-global-color-5)","background-image":"","background-repeat":"repeat","background-position":"center center","background-size":"auto","background-attachment":"scroll","background-type":"","background-media":"","overlay-type":"","overlay-color":"","overlay-opacity":"","overlay-gradient":""},"tablet":{"background-color":"var(--ast-global-color-5)","background-image":"","background-repeat":"repeat","background-position":"center center","background-size":"auto","background-attachment":"scroll","background-type":"","background-media":"","overlay-type":"","overlay-color":"","overlay-opacity":"","overlay-gradient":""},"mobile":{"background-color":"var(--ast-global-color-5)","background-image":"","background-repeat":"repeat","background-position":"center center","background-size":"auto","background-attachment":"scroll","background-type":"","background-media":"","overlay-type":"","overlay-color":"","overlay-opacity":"","overlay-gradient":""}}},"product_brand":[],"product_cat":[361],"product_tag":[979,990],"class_list":{"0":"post-21736","1":"product","2":"type-product","3":"status-publish","4":"has-post-thumbnail","6":"product_cat-tapete-de-yoga","7":"product_tag-antiderrapante","8":"product_tag-tapete-de-yoga-pt-pt","9":"desktop-align-left","10":"tablet-align-left","11":"mobile-align-left","12":"ast-product-gallery-layout-horizontal-slider","13":"ast-product-single-variable","14":"ast-product-tabs-layout-horizontal","15":"ast-qv-on-image","17":"first","18":"instock","19":"shipping-taxable","20":"purchasable","21":"product-type-variable"},"aioseo_notices":[],"_links":{"self":[{"href":"https:\/\/www.aimycomfort.com\/store\/pt-pt\/wp-json\/wp\/v2\/product\/21736","targetHints":{"allow":["GET"]}}],"collection":[{"href":"https:\/\/www.aimycomfort.com\/store\/pt-pt\/wp-json\/wp\/v2\/product"}],"about":[{"href":"https:\/\/www.aimycomfort.com\/store\/pt-pt\/wp-json\/wp\/v2\/types\/product"}],"replies":[{"embeddable":true,"href":"https:\/\/www.aimycomfort.com\/store\/pt-pt\/wp-json\/wp\/v2\/comments?post=21736"}],"wp:featuredmedia":[{"embeddable":true,"href":"https:\/\/www.aimycomfort.com\/store\/pt-pt\/wp-json\/wp\/v2\/media\/21612"}],"wp:attachment":[{"href":"https:\/\/www.aimycomfort.com\/store\/pt-pt\/wp-json\/wp\/v2\/media?parent=21736"}],"wp:term":[{"taxonomy":"product_brand","embeddable":true,"href":"https:\/\/www.aimycomfort.com\/store\/pt-pt\/wp-json\/wp\/v2\/product_brand?post=21736"},{"taxonomy":"product_cat","embeddable":true,"href":"https:\/\/www.aimycomfort.com\/store\/pt-pt\/wp-json\/wp\/v2\/product_cat?post=21736"},{"taxonomy":"product_tag","embeddable":true,"href":"https:\/\/www.aimycomfort.com\/store\/pt-pt\/wp-json\/wp\/v2\/product_tag?post=21736"}],"curies":[{"name":"wp","href":"https:\/\/api.w.org\/{rel}","templated":true}]}}