{"id":21279,"date":"2024-11-28T03:24:27","date_gmt":"2024-11-28T03:24:27","guid":{"rendered":"https:\/\/www.aimycomfort.com\/store\/product\/travel-pillow-new-u-shaped-memory-foam-neck-pillow\/"},"modified":"2024-11-28T08:22:56","modified_gmt":"2024-11-28T08:22:56","slug":"travel-pillow-new-u-shaped-memory-foam-neck-pillow","status":"publish","type":"product","link":"https:\/\/www.aimycomfort.com\/store\/pt-pt\/produto\/travel-pillow-new-u-shaped-memory-foam-neck-pillow\/","title":{"rendered":"Travesseiro de Viagem Novo Travesseiro de Pesco\u00e7o em Forma de U de Espuma de Mem\u00f3ria"},"content":{"rendered":"<p>Melhore sua experi\u00eancia de viagem com o Novo Travesseiro de Pesco\u00e7o em Forma de U de Algod\u00e3o com Mem\u00f3ria, projetado para fornecer prote\u00e7\u00e3o e conforto superiores para o pesco\u00e7o. Este travesseiro de viagem possui um n\u00facleo de espuma de mem\u00f3ria que oferece suporte tridimensional, garantindo que sua coluna cervical esteja bem protegida e que a qualidade do seu sono seja melhorada.<\/p>\n<h2><strong>Caracter\u00edsticas Principais do Travesseiro de Viagem<\/strong>:<\/h2>\n<ul>\n<li><strong>Design Ergon\u00f4mico<\/strong>: O design curvado se ajusta confortavelmente ao redor do seu pesco\u00e7o, proporcionando suporte rotativo de 360\u00b0 para conforto em qualquer posi\u00e7\u00e3o.<\/li>\n<li><strong>N\u00facleo de Espuma de Mem\u00f3ria<\/strong>: Oferece suporte duradouro e sem estresse para melhorar a qualidade do sono durante a viagem.<\/li>\n<li><strong>Materiais de Alta Qualidade<\/strong>: Feito com tecido de seda de gelo amig\u00e1vel \u00e0 pele que \u00e9 suave e confort\u00e1vel contra a pele.<\/li>\n<li><strong>Artesanato Exquisito<\/strong>: Apresenta artesanato fino com corte tridimensional para um ajuste e acabamento profissional.<\/li>\n<li><strong>Design de Velcro Invis\u00edvel<\/strong>: Garante uma apar\u00eancia elegante enquanto permite f\u00e1cil ajuste e ajuste seguro.<\/li>\n<li><strong>Port\u00e1til e Leve<\/strong>: Tamanho compacto e design leve que o torna f\u00e1cil de transportar e armazenar, perfeito para viagens.<\/li>\n<\/ul>\n<p>Escolha o Novo Travesseiro de Pesco\u00e7o em Forma de U de Algod\u00e3o com Mem\u00f3ria para uma combina\u00e7\u00e3o de conforto, suporte e estilo, tornando suas viagens mais repousantes e agrad\u00e1veis.<\/p>\n","protected":false},"excerpt":{"rendered":"<p>Este travesseiro de viagem oferece suporte suave e amig\u00e1vel \u00e0 pele com um n\u00facleo de espuma de mem\u00f3ria para prote\u00e7\u00e3o tridimensional do pesco\u00e7o. Seu design curvado e ajuste rotativo de 360\u00b0 garantem conforto e melhoram a qualidade do sono. Apresenta artesanato requintado e um design de Velcro invis\u00edvel para um visual elegante.<\/p>\n","protected":false},"featured_media":20873,"comment_status":"open","ping_status":"closed","template":"","meta":{"site-sidebar-layout":"default","site-content-layout":"","ast-site-content-layout":"default","site-content-style":"default","site-sidebar-style":"default","ast-global-header-display":"","ast-banner-title-visibility":"","ast-main-header-display":"","ast-hfb-above-header-display":"","ast-hfb-below-header-display":"","ast-hfb-mobile-header-display":"","site-post-title":"","ast-breadcrumbs-content":"","ast-featured-img":"","footer-sml-layout":"","theme-transparent-header-meta":"default","adv-header-id-meta":"","stick-header-meta":"","header-above-stick-meta":"","header-main-stick-meta":"","header-below-stick-meta":"","astra-migrate-meta-layouts":"set","ast-page-background-enabled":"default","ast-page-background-meta":{"desktop":{"background-color":"var(--ast-global-color-4)","background-image":"","background-repeat":"repeat","background-position":"center center","background-size":"auto","background-attachment":"scroll","background-type":"","background-media":"","overlay-type":"","overlay-color":"","overlay-opacity":"","overlay-gradient":""},"tablet":{"background-color":"","background-image":"","background-repeat":"repeat","background-position":"center center","background-size":"auto","background-attachment":"scroll","background-type":"","background-media":"","overlay-type":"","overlay-color":"","overlay-opacity":"","overlay-gradient":""},"mobile":{"background-color":"","background-image":"","background-repeat":"repeat","background-position":"center center","background-size":"auto","background-attachment":"scroll","background-type":"","background-media":"","overlay-type":"","overlay-color":"","overlay-opacity":"","overlay-gradient":""}},"ast-content-background-meta":{"desktop":{"background-color":"var(--ast-global-color-5)","background-image":"","background-repeat":"repeat","background-position":"center center","background-size":"auto","background-attachment":"scroll","background-type":"","background-media":"","overlay-type":"","overlay-color":"","overlay-opacity":"","overlay-gradient":""},"tablet":{"background-color":"var(--ast-global-color-5)","background-image":"","background-repeat":"repeat","background-position":"center center","background-size":"auto","background-attachment":"scroll","background-type":"","background-media":"","overlay-type":"","overlay-color":"","overlay-opacity":"","overlay-gradient":""},"mobile":{"background-color":"var(--ast-global-color-5)","background-image":"","background-repeat":"repeat","background-position":"center center","background-size":"auto","background-attachment":"scroll","background-type":"","background-media":"","overlay-type":"","overlay-color":"","overlay-opacity":"","overlay-gradient":""}}},"product_brand":[],"product_cat":[161,716,898],"product_tag":[611,581,582],"class_list":{"0":"post-21279","1":"product","2":"type-product","3":"status-publish","4":"has-post-thumbnail","6":"product_cat-colecao-de-almofadas","7":"product_cat-travel-pillow-pt-pt","8":"product_cat-travesseiro-para-o-pescoco","9":"product_tag-almohada-pt-pt","10":"product_tag-memory-foam-pt-pt","11":"product_tag-neck-protect-pt-pt","12":"desktop-align-left","13":"tablet-align-left","14":"mobile-align-left","15":"ast-product-gallery-layout-horizontal-slider","16":"ast-product-single-variable","17":"ast-product-tabs-layout-horizontal","18":"ast-qv-on-image","20":"first","21":"instock","22":"shipping-taxable","23":"purchasable","24":"product-type-variable"},"aioseo_notices":[],"_links":{"self":[{"href":"https:\/\/www.aimycomfort.com\/store\/pt-pt\/wp-json\/wp\/v2\/product\/21279","targetHints":{"allow":["GET"]}}],"collection":[{"href":"https:\/\/www.aimycomfort.com\/store\/pt-pt\/wp-json\/wp\/v2\/product"}],"about":[{"href":"https:\/\/www.aimycomfort.com\/store\/pt-pt\/wp-json\/wp\/v2\/types\/product"}],"replies":[{"embeddable":true,"href":"https:\/\/www.aimycomfort.com\/store\/pt-pt\/wp-json\/wp\/v2\/comments?post=21279"}],"wp:featuredmedia":[{"embeddable":true,"href":"https:\/\/www.aimycomfort.com\/store\/pt-pt\/wp-json\/wp\/v2\/media\/20873"}],"wp:attachment":[{"href":"https:\/\/www.aimycomfort.com\/store\/pt-pt\/wp-json\/wp\/v2\/media?parent=21279"}],"wp:term":[{"taxonomy":"product_brand","embeddable":true,"href":"https:\/\/www.aimycomfort.com\/store\/pt-pt\/wp-json\/wp\/v2\/product_brand?post=21279"},{"taxonomy":"product_cat","embeddable":true,"href":"https:\/\/www.aimycomfort.com\/store\/pt-pt\/wp-json\/wp\/v2\/product_cat?post=21279"},{"taxonomy":"product_tag","embeddable":true,"href":"https:\/\/www.aimycomfort.com\/store\/pt-pt\/wp-json\/wp\/v2\/product_tag?post=21279"}],"curies":[{"name":"wp","href":"https:\/\/api.w.org\/{rel}","templated":true}]}}