{"id":21169,"date":"2024-11-28T08:00:27","date_gmt":"2024-11-28T08:00:27","guid":{"rendered":"https:\/\/www.aimycomfort.com\/store\/product\/soothing-pillow-for-newborns-to-prevent-head-deviation-during-sleep\/"},"modified":"2024-11-28T09:17:35","modified_gmt":"2024-11-28T09:17:35","slug":"soothing-pillow-for-newborns-to-prevent-head-deviation-during-sleep","status":"publish","type":"product","link":"https:\/\/www.aimycomfort.com\/store\/pt-pt\/produto\/soothing-pillow-for-newborns-to-prevent-head-deviation-during-sleep\/","title":{"rendered":"Travesseiro Calmante para Rec\u00e9m-Nascidos para Prevenir a Desvio da Cabe\u00e7a durante o Sono"},"content":{"rendered":"<p>O Travesseiro Calmante garante que seu rec\u00e9m-nascido durma profundamente e com seguran\u00e7a. Projetado para prevenir a desvio da cabe\u00e7a e promover um desenvolvimento saud\u00e1vel, este travesseiro inovador apresenta um design de dupla face, com um tecido macio e amig\u00e1vel \u00e0 pele para uso durante todo o ano e uma malha respir\u00e1vel para conforto no ver\u00e3o.<\/p>\n<h2><strong>Caracter\u00edsticas Principais do Travesseiro Calmante<\/strong>:<\/h2>\n<ul>\n<li><strong>Design de Dupla Face<\/strong>: O lado A oferece tecido macio e amig\u00e1vel \u00e0 pele para todas as esta\u00e7\u00f5es, enquanto o lado B apresenta uma malha respir\u00e1vel em favo de mel para o ver\u00e3o.<\/li>\n<li><strong>Suporte Ergon\u00f4mico<\/strong>: Dividido cientificamente em cinco regi\u00f5es principais para proporcionar sono est\u00e1vel e corrigir a forma da cabe\u00e7a, incluindo suporte cerebral traseiro, suporte cervical e \u00e1reas de abra\u00e7o de bra\u00e7os.<\/li>\n<li><strong>Ajuste Ajust\u00e1vel<\/strong>: O design de cord\u00e3o em tr\u00eas lados permite um ajuste personaliz\u00e1vel e corrige cientificamente a postura ao dormir, garantindo conforto e seguran\u00e7a.<\/li>\n<li><strong>Sulco em Forma de U<\/strong>: Promove uma bela forma de cabe\u00e7a enquanto protege o desenvolvimento espinhal com altura de travesseiro quase zero.<\/li>\n<li><strong>Conforto e Seguran\u00e7a<\/strong>: Apresenta seguran\u00e7a de micro press\u00e3o e um design de bra\u00e7os envolventes, imitando o abra\u00e7o de uma m\u00e3e para um conforto calmante.<\/li>\n<li><strong>Materiais de Alta Qualidade<\/strong>: Feito com enchimento de tecido ecol\u00f3gico, malha de Tencel para absor\u00e7\u00e3o de umidade e impress\u00e3o de cor ativa para cores vibrantes e seguras.<\/li>\n<li><strong>F\u00e1cil Manuten\u00e7\u00e3o<\/strong>: Todo o travesseiro \u00e9 lav\u00e1vel \u00e0 m\u00e1quina e mant\u00e9m sua forma. A fronha e a coluna de fixa\u00e7\u00e3o s\u00e3o destac\u00e1veis para lavagem separada, mantendo-o limpo e fresco.<\/li>\n<\/ul>\n<p>O Travesseiro Calmante para Rec\u00e9m-Nascidos \u00e9 mais do que apenas um travesseiro; \u00e9 uma solu\u00e7\u00e3o abrangente para moldar, acalmar e apoiar o sono do seu beb\u00ea, garantindo que eles descansem confortavelmente e com seguran\u00e7a.<\/p>\n","protected":false},"excerpt":{"rendered":"<p>Este travesseiro ajuda a prevenir a desvio da cabe\u00e7a e apoia o desenvolvimento saud\u00e1vel com seu design ergon\u00f4mico de dupla face. Apresenta um tecido macio para todas as esta\u00e7\u00f5es e uma malha respir\u00e1vel para o ver\u00e3o. O sulco em forma de U e os cord\u00f5es ajust\u00e1veis garantem um ajuste confort\u00e1vel, promovendo uma bela forma de cabe\u00e7a e prote\u00e7\u00e3o espinhal.<\/p>\n","protected":false},"featured_media":21078,"comment_status":"open","ping_status":"closed","template":"","meta":{"site-sidebar-layout":"default","site-content-layout":"","ast-site-content-layout":"default","site-content-style":"default","site-sidebar-style":"default","ast-global-header-display":"","ast-banner-title-visibility":"","ast-main-header-display":"","ast-hfb-above-header-display":"","ast-hfb-below-header-display":"","ast-hfb-mobile-header-display":"","site-post-title":"","ast-breadcrumbs-content":"","ast-featured-img":"","footer-sml-layout":"","theme-transparent-header-meta":"default","adv-header-id-meta":"","stick-header-meta":"","header-above-stick-meta":"","header-main-stick-meta":"","header-below-stick-meta":"","astra-migrate-meta-layouts":"set","ast-page-background-enabled":"default","ast-page-background-meta":{"desktop":{"background-color":"var(--ast-global-color-4)","background-image":"","background-repeat":"repeat","background-position":"center center","background-size":"auto","background-attachment":"scroll","background-type":"","background-media":"","overlay-type":"","overlay-color":"","overlay-opacity":"","overlay-gradient":""},"tablet":{"background-color":"","background-image":"","background-repeat":"repeat","background-position":"center center","background-size":"auto","background-attachment":"scroll","background-type":"","background-media":"","overlay-type":"","overlay-color":"","overlay-opacity":"","overlay-gradient":""},"mobile":{"background-color":"","background-image":"","background-repeat":"repeat","background-position":"center center","background-size":"auto","background-attachment":"scroll","background-type":"","background-media":"","overlay-type":"","overlay-color":"","overlay-opacity":"","overlay-gradient":""}},"ast-content-background-meta":{"desktop":{"background-color":"var(--ast-global-color-5)","background-image":"","background-repeat":"repeat","background-position":"center center","background-size":"auto","background-attachment":"scroll","background-type":"","background-media":"","overlay-type":"","overlay-color":"","overlay-opacity":"","overlay-gradient":""},"tablet":{"background-color":"var(--ast-global-color-5)","background-image":"","background-repeat":"repeat","background-position":"center center","background-size":"auto","background-attachment":"scroll","background-type":"","background-media":"","overlay-type":"","overlay-color":"","overlay-opacity":"","overlay-gradient":""},"mobile":{"background-color":"var(--ast-global-color-5)","background-image":"","background-repeat":"repeat","background-position":"center center","background-size":"auto","background-attachment":"scroll","background-type":"","background-media":"","overlay-type":"","overlay-color":"","overlay-opacity":"","overlay-gradient":""}}},"product_brand":[],"product_cat":[161,916],"product_tag":[611,580,581,582],"class_list":{"0":"post-21169","1":"product","2":"type-product","3":"status-publish","4":"has-post-thumbnail","6":"product_cat-colecao-de-almofadas","7":"product_cat-travesseiro-para-criancas","8":"product_tag-almohada-pt-pt","9":"product_tag-baby-pillow-pt-pt","10":"product_tag-memory-foam-pt-pt","11":"product_tag-neck-protect-pt-pt","12":"desktop-align-left","13":"tablet-align-left","14":"mobile-align-left","15":"ast-product-gallery-layout-horizontal-slider","16":"ast-product-single-variable","17":"ast-product-tabs-layout-horizontal","18":"ast-qv-on-image","20":"first","21":"instock","22":"shipping-taxable","23":"purchasable","24":"product-type-variable"},"aioseo_notices":[],"_links":{"self":[{"href":"https:\/\/www.aimycomfort.com\/store\/pt-pt\/wp-json\/wp\/v2\/product\/21169","targetHints":{"allow":["GET"]}}],"collection":[{"href":"https:\/\/www.aimycomfort.com\/store\/pt-pt\/wp-json\/wp\/v2\/product"}],"about":[{"href":"https:\/\/www.aimycomfort.com\/store\/pt-pt\/wp-json\/wp\/v2\/types\/product"}],"replies":[{"embeddable":true,"href":"https:\/\/www.aimycomfort.com\/store\/pt-pt\/wp-json\/wp\/v2\/comments?post=21169"}],"wp:featuredmedia":[{"embeddable":true,"href":"https:\/\/www.aimycomfort.com\/store\/pt-pt\/wp-json\/wp\/v2\/media\/21078"}],"wp:attachment":[{"href":"https:\/\/www.aimycomfort.com\/store\/pt-pt\/wp-json\/wp\/v2\/media?parent=21169"}],"wp:term":[{"taxonomy":"product_brand","embeddable":true,"href":"https:\/\/www.aimycomfort.com\/store\/pt-pt\/wp-json\/wp\/v2\/product_brand?post=21169"},{"taxonomy":"product_cat","embeddable":true,"href":"https:\/\/www.aimycomfort.com\/store\/pt-pt\/wp-json\/wp\/v2\/product_cat?post=21169"},{"taxonomy":"product_tag","embeddable":true,"href":"https:\/\/www.aimycomfort.com\/store\/pt-pt\/wp-json\/wp\/v2\/product_tag?post=21169"}],"curies":[{"name":"wp","href":"https:\/\/api.w.org\/{rel}","templated":true}]}}