{"id":20669,"date":"2024-11-26T06:55:48","date_gmt":"2024-11-26T06:55:48","guid":{"rendered":"https:\/\/www.aimycomfort.com\/store\/product\/leg-pillow-slow-rebound-heart-shaped\/"},"modified":"2024-11-26T08:54:05","modified_gmt":"2024-11-26T08:54:05","slug":"leg-pillow-slow-rebound-heart-shaped","status":"publish","type":"product","link":"https:\/\/www.aimycomfort.com\/store\/pt-pt\/produto\/leg-pillow-slow-rebound-heart-shaped\/","title":{"rendered":"Travesseiro para Pernas em Forma de Cora\u00e7\u00e3o de Retorno Lento"},"content":{"rendered":"<p>Experimente maior conforto e suporte com o Travesseiro para Pernas em Forma de Cora\u00e7\u00e3o de Retorno Lento, projetado para aliviar o estresse e promover o relaxamento. Este travesseiro ergon\u00f4mico \u00e9 feito de algod\u00e3o com mem\u00f3ria espacial, proporcionando um ajuste perfeito e al\u00edvio do estresse para suas pernas.<\/p>\n<h2><strong>Caracter\u00edsticas Principais do Travesseiro para Pernas<\/strong>:<\/h2>\n<ul>\n<li><strong>Design Ergon\u00f4mico<\/strong>: O design em forma de cora\u00e7\u00e3o e ajuste curvo garante suporte e conforto ideais para suas pernas.<\/li>\n<li><strong>Conforto de Espuma de Mem\u00f3ria<\/strong>: Feito com algod\u00e3o de mem\u00f3ria espacial de retorno lento para aliviar o estresse e melhorar o relaxamento.<\/li>\n<li><strong>Tecido Respir\u00e1vel<\/strong>: Apresenta uma capa de camada de ar para melhorar a respirabilidade, mantendo voc\u00ea fresco e confort\u00e1vel.<\/li>\n<li><strong>Conveniente e Higi\u00eanico<\/strong>: O design de z\u00edper invis\u00edvel permite f\u00e1cil desmontagem e lavagem sem prejudicar a pele.<\/li>\n<li><strong>Constru\u00e7\u00e3o Dur\u00e1vel<\/strong>: Artesanato de costura dupla com envoltura de borda e costura dupla garante durabilidade e um ajuste seguro.<\/li>\n<li><strong>Ajuste Seguro<\/strong>: O design de al\u00e7a antiderrapante mant\u00e9m o travesseiro no lugar, proporcionando seguran\u00e7a e relaxamento durante o sono.<\/li>\n<\/ul>\n<p>Escolha o Travesseiro para Pernas em Forma de Cora\u00e7\u00e3o de Retorno Lento para uma solu\u00e7\u00e3o confort\u00e1vel, de suporte e dur\u00e1vel que melhora a qualidade do seu sono e o relaxamento das pernas.<\/p>\n","protected":false},"excerpt":{"rendered":"<p>Este travesseiro ergon\u00f4mico para pernas, feito de espuma de mem\u00f3ria de retorno lento, alivia o estresse e melhora o conforto. Seu tecido respir\u00e1vel e a al\u00e7a antiderrapante garantem um sono seguro e relaxante. F\u00e1cil de limpar com um design de z\u00edper invis\u00edvel.<\/p>\n","protected":false},"featured_media":20476,"comment_status":"open","ping_status":"closed","template":"","meta":{"site-sidebar-layout":"default","site-content-layout":"","ast-site-content-layout":"default","site-content-style":"default","site-sidebar-style":"default","ast-global-header-display":"","ast-banner-title-visibility":"","ast-main-header-display":"","ast-hfb-above-header-display":"","ast-hfb-below-header-display":"","ast-hfb-mobile-header-display":"","site-post-title":"","ast-breadcrumbs-content":"","ast-featured-img":"","footer-sml-layout":"","theme-transparent-header-meta":"default","adv-header-id-meta":"","stick-header-meta":"","header-above-stick-meta":"","header-main-stick-meta":"","header-below-stick-meta":"","astra-migrate-meta-layouts":"set","ast-page-background-enabled":"default","ast-page-background-meta":{"desktop":{"background-color":"var(--ast-global-color-4)","background-image":"","background-repeat":"repeat","background-position":"center center","background-size":"auto","background-attachment":"scroll","background-type":"","background-media":"","overlay-type":"","overlay-color":"","overlay-opacity":"","overlay-gradient":""},"tablet":{"background-color":"","background-image":"","background-repeat":"repeat","background-position":"center center","background-size":"auto","background-attachment":"scroll","background-type":"","background-media":"","overlay-type":"","overlay-color":"","overlay-opacity":"","overlay-gradient":""},"mobile":{"background-color":"","background-image":"","background-repeat":"repeat","background-position":"center center","background-size":"auto","background-attachment":"scroll","background-type":"","background-media":"","overlay-type":"","overlay-color":"","overlay-opacity":"","overlay-gradient":""}},"ast-content-background-meta":{"desktop":{"background-color":"var(--ast-global-color-5)","background-image":"","background-repeat":"repeat","background-position":"center center","background-size":"auto","background-attachment":"scroll","background-type":"","background-media":"","overlay-type":"","overlay-color":"","overlay-opacity":"","overlay-gradient":""},"tablet":{"background-color":"var(--ast-global-color-5)","background-image":"","background-repeat":"repeat","background-position":"center center","background-size":"auto","background-attachment":"scroll","background-type":"","background-media":"","overlay-type":"","overlay-color":"","overlay-opacity":"","overlay-gradient":""},"mobile":{"background-color":"var(--ast-global-color-5)","background-image":"","background-repeat":"repeat","background-position":"center center","background-size":"auto","background-attachment":"scroll","background-type":"","background-media":"","overlay-type":"","overlay-color":"","overlay-opacity":"","overlay-gradient":""}}},"product_brand":[],"product_cat":[161,853,880],"product_tag":[611,581,771],"class_list":{"0":"post-20669","1":"product","2":"type-product","3":"status-publish","4":"has-post-thumbnail","6":"product_cat-colecao-de-almofadas","7":"product_cat-travesseiro-corporal","8":"product_cat-travesseiro-para-pes-e-pernas","9":"product_tag-almohada-pt-pt","10":"product_tag-memory-foam-pt-pt","11":"product_tag-ergonomic-support-pt-pt","12":"desktop-align-left","13":"tablet-align-left","14":"mobile-align-left","15":"ast-product-gallery-layout-horizontal-slider","16":"ast-product-single-variable","17":"ast-product-tabs-layout-horizontal","18":"ast-qv-on-image","20":"first","21":"instock","22":"shipping-taxable","23":"purchasable","24":"product-type-variable"},"aioseo_notices":[],"_links":{"self":[{"href":"https:\/\/www.aimycomfort.com\/store\/pt-pt\/wp-json\/wp\/v2\/product\/20669","targetHints":{"allow":["GET"]}}],"collection":[{"href":"https:\/\/www.aimycomfort.com\/store\/pt-pt\/wp-json\/wp\/v2\/product"}],"about":[{"href":"https:\/\/www.aimycomfort.com\/store\/pt-pt\/wp-json\/wp\/v2\/types\/product"}],"replies":[{"embeddable":true,"href":"https:\/\/www.aimycomfort.com\/store\/pt-pt\/wp-json\/wp\/v2\/comments?post=20669"}],"wp:featuredmedia":[{"embeddable":true,"href":"https:\/\/www.aimycomfort.com\/store\/pt-pt\/wp-json\/wp\/v2\/media\/20476"}],"wp:attachment":[{"href":"https:\/\/www.aimycomfort.com\/store\/pt-pt\/wp-json\/wp\/v2\/media?parent=20669"}],"wp:term":[{"taxonomy":"product_brand","embeddable":true,"href":"https:\/\/www.aimycomfort.com\/store\/pt-pt\/wp-json\/wp\/v2\/product_brand?post=20669"},{"taxonomy":"product_cat","embeddable":true,"href":"https:\/\/www.aimycomfort.com\/store\/pt-pt\/wp-json\/wp\/v2\/product_cat?post=20669"},{"taxonomy":"product_tag","embeddable":true,"href":"https:\/\/www.aimycomfort.com\/store\/pt-pt\/wp-json\/wp\/v2\/product_tag?post=20669"}],"curies":[{"name":"wp","href":"https:\/\/api.w.org\/{rel}","templated":true}]}}