{"id":19951,"date":"2024-11-22T05:42:49","date_gmt":"2024-11-22T05:42:49","guid":{"rendered":"https:\/\/www.aimycomfort.com\/store\/product\/healthy-and-comfortable-new-memory-foam-childrens-pillow\/"},"modified":"2024-11-22T08:45:38","modified_gmt":"2024-11-22T08:45:38","slug":"healthy-and-comfortable-new-memory-foam-childrens-pillow","status":"publish","type":"product","link":"https:\/\/www.aimycomfort.com\/store\/pt-pt\/produto\/healthy-and-comfortable-new-memory-foam-childrens-pillow\/","title":{"rendered":"Novo Travesseiro Infantil de Espuma de Mem\u00f3ria, Saud\u00e1vel e Confort\u00e1vel"},"content":{"rendered":"<p>D\u00ea ao seu filho o presente de um sono reparador com o nosso Novo Travesseiro Infantil de Espuma de Mem\u00f3ria Saud\u00e1vel e Confort\u00e1vel. Este travesseiro \u00e9 projetado com espuma de mem\u00f3ria de retorno lento que se adapta \u00e0 curvatura natural da coluna cervical, proporcionando suporte essencial e al\u00edvio de press\u00e3o. A espuma de mem\u00f3ria garante conforto de temperatura constante, mantendo sua forma e resili\u00eancia para uma experi\u00eancia de sono duradoura e sem deforma\u00e7\u00f5es.<\/p>\n<h2><strong>Caracter\u00edsticas Principais do Travesseiro Infantil<\/strong>:<\/h2>\n<ul>\n<li><strong>Suporte Ergon\u00f4mico<\/strong>: O design do travesseiro se adapta \u00e0 curvatura fisiol\u00f3gica da coluna cervical, promovendo relaxamento e alinhamento adequado durante o sono.<\/li>\n<li><strong>Espuma de Mem\u00f3ria de Retorno Lento<\/strong>: Oferece suporte sem press\u00e3o com reten\u00e7\u00e3o de forma dur\u00e1vel, reduzindo a absor\u00e7\u00e3o de umidade e melhorando a respirabilidade.<\/li>\n<li><strong>Confort\u00e1vel e Respir\u00e1vel<\/strong>: Feito de seda de leite macia e veludo, o travesseiro \u00e9 el\u00e1stico, confort\u00e1vel e permite f\u00e1cil circula\u00e7\u00e3o de ar.<\/li>\n<li><strong>Dur\u00e1vel e F\u00e1cil de Manter<\/strong>: Apresenta um design de z\u00edper invis\u00edvel para f\u00e1cil remo\u00e7\u00e3o e limpeza da fronha, garantindo higiene e conveni\u00eancia.<\/li>\n<li><strong>Cores Vibrantes<\/strong>: Dispon\u00edvel em Azul, Rosa, Branco, Amarelo e Vermelho, adicionando um toque alegre a qualquer quarto infantil.<\/li>\n<\/ul>\n<p>Escolha nosso Travesseiro Infantil de Espuma de Mem\u00f3ria para proporcionar ao seu filho o conforto e o suporte que ele precisa para um sono saud\u00e1vel e reparador.<\/p>\n","protected":false},"excerpt":{"rendered":"<p>Melhore o sono do seu filho com o nosso Travesseiro Infantil de Espuma de Mem\u00f3ria, que apresenta espuma de mem\u00f3ria de lenta resili\u00eancia para suporte cervical ideal e al\u00edvio de press\u00e3o. Feito de seda de leite macia e veludo, \u00e9 respir\u00e1vel e confort\u00e1vel, com um z\u00edper invis\u00edvel para f\u00e1cil limpeza.<\/p>\n","protected":false},"featured_media":19727,"comment_status":"open","ping_status":"closed","template":"","meta":{"site-sidebar-layout":"default","site-content-layout":"","ast-site-content-layout":"default","site-content-style":"default","site-sidebar-style":"default","ast-global-header-display":"","ast-banner-title-visibility":"","ast-main-header-display":"","ast-hfb-above-header-display":"","ast-hfb-below-header-display":"","ast-hfb-mobile-header-display":"","site-post-title":"","ast-breadcrumbs-content":"","ast-featured-img":"","footer-sml-layout":"","theme-transparent-header-meta":"default","adv-header-id-meta":"","stick-header-meta":"","header-above-stick-meta":"","header-main-stick-meta":"","header-below-stick-meta":"","astra-migrate-meta-layouts":"set","ast-page-background-enabled":"default","ast-page-background-meta":{"desktop":{"background-color":"var(--ast-global-color-4)","background-image":"","background-repeat":"repeat","background-position":"center center","background-size":"auto","background-attachment":"scroll","background-type":"","background-media":"","overlay-type":"","overlay-color":"","overlay-opacity":"","overlay-gradient":""},"tablet":{"background-color":"","background-image":"","background-repeat":"repeat","background-position":"center center","background-size":"auto","background-attachment":"scroll","background-type":"","background-media":"","overlay-type":"","overlay-color":"","overlay-opacity":"","overlay-gradient":""},"mobile":{"background-color":"","background-image":"","background-repeat":"repeat","background-position":"center center","background-size":"auto","background-attachment":"scroll","background-type":"","background-media":"","overlay-type":"","overlay-color":"","overlay-opacity":"","overlay-gradient":""}},"ast-content-background-meta":{"desktop":{"background-color":"var(--ast-global-color-5)","background-image":"","background-repeat":"repeat","background-position":"center center","background-size":"auto","background-attachment":"scroll","background-type":"","background-media":"","overlay-type":"","overlay-color":"","overlay-opacity":"","overlay-gradient":""},"tablet":{"background-color":"var(--ast-global-color-5)","background-image":"","background-repeat":"repeat","background-position":"center center","background-size":"auto","background-attachment":"scroll","background-type":"","background-media":"","overlay-type":"","overlay-color":"","overlay-opacity":"","overlay-gradient":""},"mobile":{"background-color":"var(--ast-global-color-5)","background-image":"","background-repeat":"repeat","background-position":"center center","background-size":"auto","background-attachment":"scroll","background-type":"","background-media":"","overlay-type":"","overlay-color":"","overlay-opacity":"","overlay-gradient":""}}},"product_brand":[],"product_cat":[161,844,916],"product_tag":[611,580,581,582],"class_list":{"0":"post-19951","1":"product","2":"type-product","3":"status-publish","4":"has-post-thumbnail","6":"product_cat-colecao-de-almofadas","7":"product_cat-travesseiro-de-cama","8":"product_cat-travesseiro-para-criancas","9":"product_tag-almohada-pt-pt","10":"product_tag-baby-pillow-pt-pt","11":"product_tag-memory-foam-pt-pt","12":"product_tag-neck-protect-pt-pt","13":"desktop-align-left","14":"tablet-align-left","15":"mobile-align-left","16":"ast-product-gallery-layout-horizontal-slider","17":"ast-product-single-variable","18":"ast-product-tabs-layout-horizontal","19":"ast-qv-on-image","21":"first","22":"instock","23":"shipping-taxable","24":"purchasable","25":"product-type-variable"},"aioseo_notices":[],"_links":{"self":[{"href":"https:\/\/www.aimycomfort.com\/store\/pt-pt\/wp-json\/wp\/v2\/product\/19951","targetHints":{"allow":["GET"]}}],"collection":[{"href":"https:\/\/www.aimycomfort.com\/store\/pt-pt\/wp-json\/wp\/v2\/product"}],"about":[{"href":"https:\/\/www.aimycomfort.com\/store\/pt-pt\/wp-json\/wp\/v2\/types\/product"}],"replies":[{"embeddable":true,"href":"https:\/\/www.aimycomfort.com\/store\/pt-pt\/wp-json\/wp\/v2\/comments?post=19951"}],"wp:featuredmedia":[{"embeddable":true,"href":"https:\/\/www.aimycomfort.com\/store\/pt-pt\/wp-json\/wp\/v2\/media\/19727"}],"wp:attachment":[{"href":"https:\/\/www.aimycomfort.com\/store\/pt-pt\/wp-json\/wp\/v2\/media?parent=19951"}],"wp:term":[{"taxonomy":"product_brand","embeddable":true,"href":"https:\/\/www.aimycomfort.com\/store\/pt-pt\/wp-json\/wp\/v2\/product_brand?post=19951"},{"taxonomy":"product_cat","embeddable":true,"href":"https:\/\/www.aimycomfort.com\/store\/pt-pt\/wp-json\/wp\/v2\/product_cat?post=19951"},{"taxonomy":"product_tag","embeddable":true,"href":"https:\/\/www.aimycomfort.com\/store\/pt-pt\/wp-json\/wp\/v2\/product_tag?post=19951"}],"curies":[{"name":"wp","href":"https:\/\/api.w.org\/{rel}","templated":true}]}}