{"id":19901,"date":"2024-11-22T08:13:28","date_gmt":"2024-11-22T08:13:28","guid":{"rendered":"https:\/\/www.aimycomfort.com\/store\/product\/four-seasons-universal-shaped-pillow-for-baby\/"},"modified":"2024-11-22T09:23:02","modified_gmt":"2024-11-22T09:23:02","slug":"four-seasons-universal-shaped-pillow-for-baby","status":"publish","type":"product","link":"https:\/\/www.aimycomfort.com\/store\/pt-pt\/produto\/four-seasons-universal-shaped-pillow-for-baby\/","title":{"rendered":"Travesseiro Moldado Universal para Beb\u00ea Quatro Esta\u00e7\u00f5es"},"content":{"rendered":"<p>O Travesseiro Moldado pode proporcionar ao seu beb\u00ea o m\u00e1ximo conforto e seguran\u00e7a com o nosso Baby Four Seasons Universal. Este travesseiro \u00e9 projetado para oferecer forte suporte com uma capa macia e confort\u00e1vel, garantindo que seu beb\u00ea durma profundamente durante todo o ano. O travesseiro possui um sistema de prote\u00e7\u00e3o do pesco\u00e7o cientificamente projetado que \u00e9 amig\u00e1vel \u00e0 pele e livre de agentes fluorescentes, tornando-o seguro para a pele delicada do seu beb\u00ea.<\/p>\n<h2><strong>Caracter\u00edsticas Principais do Travesseiro Moldado<\/strong>:<\/h2>\n<ul>\n<li><strong>Suporte e Conforto<\/strong>: O n\u00facleo do travesseiro fornece forte suporte, enquanto a capa macia garante conforto. \u00c9 projetado para proteger o pesco\u00e7o de forma segura e eficaz.<\/li>\n<li><strong>Respir\u00e1vel e Amig\u00e1vel \u00e0 Pele<\/strong>: Feito de tecido modal, o travesseiro absorve o suor e a umidade, mantendo seu beb\u00ea seco e confort\u00e1vel. O n\u00facleo interno respir\u00e1vel em favo de mel previne o abafamento e pode ser lavado com \u00e1gua.<\/li>\n<li><strong>Higi\u00eanico e F\u00e1cil de Limpar<\/strong>: Todo o travesseiro \u00e9 lav\u00e1vel, permitindo que voc\u00ea remova facilmente o suor e as manchas de leite, e resista a bact\u00e9rias e mofo.<\/li>\n<li><strong>Espessura Ajust\u00e1vel<\/strong>: Com dois designs de espessura, o travesseiro se adapta a diferentes idades. A altura total \u00e9 inferior a 3,5 cm, prevenindo a compress\u00e3o das orelhas e riscos de sufocamento. A altura do travesseiro para o pesco\u00e7o \u00e9 de 1 cm, proporcionando suporte adequado sem afetar o alinhamento da coluna.<\/li>\n<li><strong>Design Seguro<\/strong>: A teoria patenteada de suporte suave posterior do pesco\u00e7o garante que o travesseiro n\u00e3o obstrua a respira\u00e7\u00e3o nem interfira na curva natural da parte de tr\u00e1s da cabe\u00e7a.<\/li>\n<\/ul>\n<p>Escolha o Travesseiro Moldado Universal Baby Four Seasons para uma solu\u00e7\u00e3o de sono segura, macia e respir\u00e1vel que apoia o conforto e o bem-estar do seu beb\u00ea durante todo o ano.<\/p>\n","protected":false},"excerpt":{"rendered":"<p>Nosso Travesseiro Moldado Universal para Beb\u00eas Quatro Esta\u00e7\u00f5es oferece forte suporte e conforto respir\u00e1vel com uma capa de tecido modal macio que absorve a umidade. \u00c9 totalmente lav\u00e1vel e possui espessura ajust\u00e1vel para suporte seguro do pesco\u00e7o.<\/p>\n","protected":false},"featured_media":19801,"comment_status":"open","ping_status":"closed","template":"","meta":{"site-sidebar-layout":"default","site-content-layout":"","ast-site-content-layout":"default","site-content-style":"default","site-sidebar-style":"default","ast-global-header-display":"","ast-banner-title-visibility":"","ast-main-header-display":"","ast-hfb-above-header-display":"","ast-hfb-below-header-display":"","ast-hfb-mobile-header-display":"","site-post-title":"","ast-breadcrumbs-content":"","ast-featured-img":"","footer-sml-layout":"","theme-transparent-header-meta":"default","adv-header-id-meta":"","stick-header-meta":"","header-above-stick-meta":"","header-main-stick-meta":"","header-below-stick-meta":"","astra-migrate-meta-layouts":"set","ast-page-background-enabled":"default","ast-page-background-meta":{"desktop":{"background-color":"var(--ast-global-color-4)","background-image":"","background-repeat":"repeat","background-position":"center center","background-size":"auto","background-attachment":"scroll","background-type":"","background-media":"","overlay-type":"","overlay-color":"","overlay-opacity":"","overlay-gradient":""},"tablet":{"background-color":"","background-image":"","background-repeat":"repeat","background-position":"center center","background-size":"auto","background-attachment":"scroll","background-type":"","background-media":"","overlay-type":"","overlay-color":"","overlay-opacity":"","overlay-gradient":""},"mobile":{"background-color":"","background-image":"","background-repeat":"repeat","background-position":"center center","background-size":"auto","background-attachment":"scroll","background-type":"","background-media":"","overlay-type":"","overlay-color":"","overlay-opacity":"","overlay-gradient":""}},"ast-content-background-meta":{"desktop":{"background-color":"var(--ast-global-color-5)","background-image":"","background-repeat":"repeat","background-position":"center center","background-size":"auto","background-attachment":"scroll","background-type":"","background-media":"","overlay-type":"","overlay-color":"","overlay-opacity":"","overlay-gradient":""},"tablet":{"background-color":"var(--ast-global-color-5)","background-image":"","background-repeat":"repeat","background-position":"center center","background-size":"auto","background-attachment":"scroll","background-type":"","background-media":"","overlay-type":"","overlay-color":"","overlay-opacity":"","overlay-gradient":""},"mobile":{"background-color":"var(--ast-global-color-5)","background-image":"","background-repeat":"repeat","background-position":"center center","background-size":"auto","background-attachment":"scroll","background-type":"","background-media":"","overlay-type":"","overlay-color":"","overlay-opacity":"","overlay-gradient":""}}},"product_brand":[],"product_cat":[161,844,916],"product_tag":[611,580,582,771],"class_list":{"0":"post-19901","1":"product","2":"type-product","3":"status-publish","4":"has-post-thumbnail","6":"product_cat-colecao-de-almofadas","7":"product_cat-travesseiro-de-cama","8":"product_cat-travesseiro-para-criancas","9":"product_tag-almohada-pt-pt","10":"product_tag-baby-pillow-pt-pt","11":"product_tag-neck-protect-pt-pt","12":"product_tag-ergonomic-support-pt-pt","13":"desktop-align-left","14":"tablet-align-left","15":"mobile-align-left","16":"ast-product-gallery-layout-horizontal-slider","17":"ast-product-single-variable","18":"ast-product-tabs-layout-horizontal","19":"ast-qv-on-image","21":"first","22":"instock","23":"shipping-taxable","24":"purchasable","25":"product-type-variable"},"aioseo_notices":[],"_links":{"self":[{"href":"https:\/\/www.aimycomfort.com\/store\/pt-pt\/wp-json\/wp\/v2\/product\/19901","targetHints":{"allow":["GET"]}}],"collection":[{"href":"https:\/\/www.aimycomfort.com\/store\/pt-pt\/wp-json\/wp\/v2\/product"}],"about":[{"href":"https:\/\/www.aimycomfort.com\/store\/pt-pt\/wp-json\/wp\/v2\/types\/product"}],"replies":[{"embeddable":true,"href":"https:\/\/www.aimycomfort.com\/store\/pt-pt\/wp-json\/wp\/v2\/comments?post=19901"}],"wp:featuredmedia":[{"embeddable":true,"href":"https:\/\/www.aimycomfort.com\/store\/pt-pt\/wp-json\/wp\/v2\/media\/19801"}],"wp:attachment":[{"href":"https:\/\/www.aimycomfort.com\/store\/pt-pt\/wp-json\/wp\/v2\/media?parent=19901"}],"wp:term":[{"taxonomy":"product_brand","embeddable":true,"href":"https:\/\/www.aimycomfort.com\/store\/pt-pt\/wp-json\/wp\/v2\/product_brand?post=19901"},{"taxonomy":"product_cat","embeddable":true,"href":"https:\/\/www.aimycomfort.com\/store\/pt-pt\/wp-json\/wp\/v2\/product_cat?post=19901"},{"taxonomy":"product_tag","embeddable":true,"href":"https:\/\/www.aimycomfort.com\/store\/pt-pt\/wp-json\/wp\/v2\/product_tag?post=19901"}],"curies":[{"name":"wp","href":"https:\/\/api.w.org\/{rel}","templated":true}]}}