{"id":19616,"date":"2024-11-21T03:21:04","date_gmt":"2024-11-21T03:21:04","guid":{"rendered":"https:\/\/www.aimycomfort.com\/store\/product\/upgraded-memory-foam-strong-support-cushion\/"},"modified":"2024-11-21T07:03:37","modified_gmt":"2024-11-21T07:03:37","slug":"upgraded-memory-foam-strong-support-cushion","status":"publish","type":"product","link":"https:\/\/www.aimycomfort.com\/store\/pt-pt\/produto\/upgraded-memory-foam-strong-support-cushion\/","title":{"rendered":"Almofada de Suporte Forte de Espuma de Mem\u00f3ria Atualizada"},"content":{"rendered":"<p>Descubra o m\u00e1ximo em conforto ao sentar com a nossa Almofada de Suporte Forte de Espuma de Mem\u00f3ria Atualizada. Projetada para liberar a press\u00e3o sobre os gl\u00fateos e proteger a coluna lombar, esta almofada garante uma experi\u00eancia agrad\u00e1vel ao sentar enquanto ajuda a corrigir a forma das pernas. Seu design ergon\u00f4mico se ajusta ao c\u00f3ccix, aliviando a press\u00e3o e promovendo uma postura saud\u00e1vel.<\/p>\n<h2><strong>Caracter\u00edsticas Principais da Almofada de Suporte Forte<\/strong>:<\/h2>\n<ul>\n<li><strong>Design Ergon\u00f4mico<\/strong>: Suporta longas sess\u00f5es sentado sem dor, gra\u00e7as \u00e0 sua mec\u00e2nica do corpo humano.<\/li>\n<li><strong>Material Respir\u00e1vel<\/strong>: Feito de fibra de poli\u00e9ster com forro respir\u00e1vel para evitar abafamento e suor.<\/li>\n<li><strong>Espuma de Mem\u00f3ria<\/strong>: Ecol\u00f3gica, dur\u00e1vel e com um rebote lento para maior conforto.<\/li>\n<li><strong>Design Oco em Forma de U<\/strong>: Evita a compress\u00e3o do c\u00f3ccix e promove uma postura adequada.<\/li>\n<li><strong>Base Antiderrapante<\/strong>: Textura adesiva que garante estabilidade em qualquer superf\u00edcie.<\/li>\n<\/ul>\n<p>Melhore seu assento com esta almofada, perfeita para manter o conforto e o suporte em qualquer ambiente.<\/p>\n","protected":false},"excerpt":{"rendered":"<p>Melhore o seu conforto ao sentar com a nossa Almofada de Suporte Forte de Espuma de Mem\u00f3ria Atualizada. Projetada para aliviar a press\u00e3o sobre os gl\u00fateos e proteger a coluna lombar, possui um design oco em forma de U para evitar a compress\u00e3o do c\u00f3ccix.<\/p>\n<p>Feita de fibra de poli\u00e9ster respir\u00e1vel e espuma de mem\u00f3ria dur\u00e1vel, garante uma experi\u00eancia confort\u00e1vel e sem suor. A base antiderrapante mant\u00e9m-na firmemente no lugar, tornando-a ideal para longos per\u00edodos sentado.<\/p>\n","protected":false},"featured_media":19242,"comment_status":"open","ping_status":"closed","template":"","meta":{"site-sidebar-layout":"default","site-content-layout":"","ast-site-content-layout":"default","site-content-style":"default","site-sidebar-style":"default","ast-global-header-display":"","ast-banner-title-visibility":"","ast-main-header-display":"","ast-hfb-above-header-display":"","ast-hfb-below-header-display":"","ast-hfb-mobile-header-display":"","site-post-title":"","ast-breadcrumbs-content":"","ast-featured-img":"","footer-sml-layout":"","theme-transparent-header-meta":"default","adv-header-id-meta":"","stick-header-meta":"","header-above-stick-meta":"","header-main-stick-meta":"","header-below-stick-meta":"","astra-migrate-meta-layouts":"set","ast-page-background-enabled":"default","ast-page-background-meta":{"desktop":{"background-color":"var(--ast-global-color-4)","background-image":"","background-repeat":"repeat","background-position":"center center","background-size":"auto","background-attachment":"scroll","background-type":"","background-media":"","overlay-type":"","overlay-color":"","overlay-opacity":"","overlay-gradient":""},"tablet":{"background-color":"","background-image":"","background-repeat":"repeat","background-position":"center center","background-size":"auto","background-attachment":"scroll","background-type":"","background-media":"","overlay-type":"","overlay-color":"","overlay-opacity":"","overlay-gradient":""},"mobile":{"background-color":"","background-image":"","background-repeat":"repeat","background-position":"center center","background-size":"auto","background-attachment":"scroll","background-type":"","background-media":"","overlay-type":"","overlay-color":"","overlay-opacity":"","overlay-gradient":""}},"ast-content-background-meta":{"desktop":{"background-color":"var(--ast-global-color-5)","background-image":"","background-repeat":"repeat","background-position":"center center","background-size":"auto","background-attachment":"scroll","background-type":"","background-media":"","overlay-type":"","overlay-color":"","overlay-opacity":"","overlay-gradient":""},"tablet":{"background-color":"var(--ast-global-color-5)","background-image":"","background-repeat":"repeat","background-position":"center center","background-size":"auto","background-attachment":"scroll","background-type":"","background-media":"","overlay-type":"","overlay-color":"","overlay-opacity":"","overlay-gradient":""},"mobile":{"background-color":"var(--ast-global-color-5)","background-image":"","background-repeat":"repeat","background-position":"center center","background-size":"auto","background-attachment":"scroll","background-type":"","background-media":"","overlay-type":"","overlay-color":"","overlay-opacity":"","overlay-gradient":""}}},"product_brand":[],"product_cat":[338],"product_tag":[162,339,513,581,771],"class_list":{"0":"post-19616","1":"product","2":"type-product","3":"status-publish","4":"has-post-thumbnail","6":"product_cat-almofada","7":"product_tag-alivio-de-pressao","8":"product_tag-almofada-pt-pt","9":"product_tag-comfort-seating-pt-pt","10":"product_tag-memory-foam-pt-pt","11":"product_tag-ergonomic-support-pt-pt","12":"desktop-align-left","13":"tablet-align-left","14":"mobile-align-left","15":"ast-product-gallery-layout-horizontal-slider","16":"ast-product-single-variable","17":"ast-product-tabs-layout-horizontal","18":"ast-qv-on-image","20":"first","21":"instock","22":"shipping-taxable","23":"purchasable","24":"product-type-variable"},"aioseo_notices":[],"_links":{"self":[{"href":"https:\/\/www.aimycomfort.com\/store\/pt-pt\/wp-json\/wp\/v2\/product\/19616","targetHints":{"allow":["GET"]}}],"collection":[{"href":"https:\/\/www.aimycomfort.com\/store\/pt-pt\/wp-json\/wp\/v2\/product"}],"about":[{"href":"https:\/\/www.aimycomfort.com\/store\/pt-pt\/wp-json\/wp\/v2\/types\/product"}],"replies":[{"embeddable":true,"href":"https:\/\/www.aimycomfort.com\/store\/pt-pt\/wp-json\/wp\/v2\/comments?post=19616"}],"wp:featuredmedia":[{"embeddable":true,"href":"https:\/\/www.aimycomfort.com\/store\/pt-pt\/wp-json\/wp\/v2\/media\/19242"}],"wp:attachment":[{"href":"https:\/\/www.aimycomfort.com\/store\/pt-pt\/wp-json\/wp\/v2\/media?parent=19616"}],"wp:term":[{"taxonomy":"product_brand","embeddable":true,"href":"https:\/\/www.aimycomfort.com\/store\/pt-pt\/wp-json\/wp\/v2\/product_brand?post=19616"},{"taxonomy":"product_cat","embeddable":true,"href":"https:\/\/www.aimycomfort.com\/store\/pt-pt\/wp-json\/wp\/v2\/product_cat?post=19616"},{"taxonomy":"product_tag","embeddable":true,"href":"https:\/\/www.aimycomfort.com\/store\/pt-pt\/wp-json\/wp\/v2\/product_tag?post=19616"}],"curies":[{"name":"wp","href":"https:\/\/api.w.org\/{rel}","templated":true}]}}