{"id":19535,"date":"2024-11-21T06:21:11","date_gmt":"2024-11-21T06:21:11","guid":{"rendered":"https:\/\/www.aimycomfort.com\/store\/product\/cylindrical-neck-protection-pillow\/"},"modified":"2024-11-21T07:39:54","modified_gmt":"2024-11-21T07:39:54","slug":"cylindrical-neck-protection-pillow","status":"publish","type":"product","link":"https:\/\/www.aimycomfort.com\/store\/pt-pt\/produto\/cylindrical-neck-protection-pillow\/","title":{"rendered":"Travesseiro Cil\u00edndrico de Prote\u00e7\u00e3o para o Pesco\u00e7o"},"content":{"rendered":"<p>Experimente conforto e suporte incompar\u00e1veis com o nosso Travesseiro Cil\u00edndrico de Prote\u00e7\u00e3o para o Pesco\u00e7o. Projetado para aliviar a press\u00e3o cervical e apoiar a coluna cervical, este travesseiro vers\u00e1til \u00e9 perfeito para melhorar seu relaxamento e bem-estar.<\/p>\n<h2><strong>Caracter\u00edsticas Principais do Travesseiro de Prote\u00e7\u00e3o para o Pesco\u00e7o<\/strong>:<\/h2>\n<ul>\n<li><strong>Suporte Cervical<\/strong>: Especialmente projetado para endireitar a coluna cervical com um arco reverso, este travesseiro fornece suporte de tr\u00eas pontos que se adapta \u00e0s curvas dos seus ombros, pesco\u00e7o e parte de tr\u00e1s da cabe\u00e7a.<\/li>\n<li><strong>Conforto de Espuma de Mem\u00f3ria<\/strong>: Feito com algod\u00e3o de mem\u00f3ria macio e el\u00e1stico, oferece suporte el\u00e1stico para a coluna cervical, garantindo bom suporte com suavidade e dureza moderadas que resistem \u00e0 deforma\u00e7\u00e3o.<\/li>\n<li><strong>Benef\u00edcios para a Sa\u00fade<\/strong>: Use o travesseiro cil\u00edndrico para o pesco\u00e7o por apenas dez minutos por dia para dizer adeus \u00e0 dor cervical, relaxar os nervos e aliviar a fadiga do pesco\u00e7o. Ajuda a abrir naturalmente a coluna cervical para restaurar sua curvatura e aliviar a fadiga.<\/li>\n<li><strong>Uso Vers\u00e1til<\/strong>: Este travesseiro n\u00e3o \u00e9 apenas para suporte do pesco\u00e7o, mas tamb\u00e9m pode ser usado para a cintura, pernas ou como um travesseiro regular, tornando-o uma adi\u00e7\u00e3o vers\u00e1til \u00e0 sua roupa de cama.<\/li>\n<li><strong>Tecido de Alta Qualidade<\/strong>: O tecido de camada de ar \u00e9 \u00e0 prova de poeira, antibacteriano e amig\u00e1vel \u00e0 pele, protegendo o n\u00facleo do travesseiro da contamina\u00e7\u00e3o bacteriana e melhorando a limpeza da sua roupa de cama.<\/li>\n<li><strong>F\u00e1cil Manuten\u00e7\u00e3o<\/strong>: Possui uma aba oculta para f\u00e1cil desmontagem e limpeza. O tecido \u00e9 projetado para suportar a lavagem sem descolamento, reduzindo o risco de arranh\u00f5es na pele.<\/li>\n<\/ul>\n<p>Melhore seu conforto e suporte com este travesseiro multifuncional, perfeito para quem busca melhorar a qualidade do sono e aliviar o desconforto do pesco\u00e7o e cervical.<\/p>\n","protected":false},"excerpt":{"rendered":"<p>Alivie a press\u00e3o cervical e aumente o conforto com o nosso Travesseiro Cil\u00edndrico de Prote\u00e7\u00e3o para o Pesco\u00e7o. Projetado para suporte ideal, possui espuma de mem\u00f3ria macia que se adapta \u00e0s curvas dos seus ombros, pesco\u00e7o e cabe\u00e7a.<\/p>\n<p>Este travesseiro vers\u00e1til pode ser usado para suporte do pesco\u00e7o, cintura ou pernas, e seu tecido de camada de ar antibacteriano garante a limpeza.<\/p>\n","protected":false},"featured_media":19442,"comment_status":"open","ping_status":"closed","template":"","meta":{"site-sidebar-layout":"default","site-content-layout":"","ast-site-content-layout":"default","site-content-style":"default","site-sidebar-style":"default","ast-global-header-display":"","ast-banner-title-visibility":"","ast-main-header-display":"","ast-hfb-above-header-display":"","ast-hfb-below-header-display":"","ast-hfb-mobile-header-display":"","site-post-title":"","ast-breadcrumbs-content":"","ast-featured-img":"","footer-sml-layout":"","theme-transparent-header-meta":"default","adv-header-id-meta":"","stick-header-meta":"","header-above-stick-meta":"","header-main-stick-meta":"","header-below-stick-meta":"","astra-migrate-meta-layouts":"set","ast-page-background-enabled":"default","ast-page-background-meta":{"desktop":{"background-color":"var(--ast-global-color-4)","background-image":"","background-repeat":"repeat","background-position":"center center","background-size":"auto","background-attachment":"scroll","background-type":"","background-media":"","overlay-type":"","overlay-color":"","overlay-opacity":"","overlay-gradient":""},"tablet":{"background-color":"","background-image":"","background-repeat":"repeat","background-position":"center center","background-size":"auto","background-attachment":"scroll","background-type":"","background-media":"","overlay-type":"","overlay-color":"","overlay-opacity":"","overlay-gradient":""},"mobile":{"background-color":"","background-image":"","background-repeat":"repeat","background-position":"center center","background-size":"auto","background-attachment":"scroll","background-type":"","background-media":"","overlay-type":"","overlay-color":"","overlay-opacity":"","overlay-gradient":""}},"ast-content-background-meta":{"desktop":{"background-color":"var(--ast-global-color-5)","background-image":"","background-repeat":"repeat","background-position":"center center","background-size":"auto","background-attachment":"scroll","background-type":"","background-media":"","overlay-type":"","overlay-color":"","overlay-opacity":"","overlay-gradient":""},"tablet":{"background-color":"var(--ast-global-color-5)","background-image":"","background-repeat":"repeat","background-position":"center center","background-size":"auto","background-attachment":"scroll","background-type":"","background-media":"","overlay-type":"","overlay-color":"","overlay-opacity":"","overlay-gradient":""},"mobile":{"background-color":"var(--ast-global-color-5)","background-image":"","background-repeat":"repeat","background-position":"center center","background-size":"auto","background-attachment":"scroll","background-type":"","background-media":"","overlay-type":"","overlay-color":"","overlay-opacity":"","overlay-gradient":""}}},"product_brand":[],"product_cat":[161,862,853,844,880],"product_tag":[162,611,581,582],"class_list":{"0":"post-19535","1":"product","2":"type-product","3":"status-publish","4":"has-post-thumbnail","6":"product_cat-colecao-de-almofadas","7":"product_cat-travesseiro-cervical","8":"product_cat-travesseiro-corporal","9":"product_cat-travesseiro-de-cama","10":"product_cat-travesseiro-para-pes-e-pernas","11":"product_tag-alivio-de-pressao","12":"product_tag-almohada-pt-pt","13":"product_tag-memory-foam-pt-pt","14":"product_tag-neck-protect-pt-pt","15":"desktop-align-left","16":"tablet-align-left","17":"mobile-align-left","18":"ast-product-gallery-layout-horizontal-slider","19":"ast-product-single-variable","20":"ast-product-tabs-layout-horizontal","21":"ast-qv-on-image","23":"first","24":"instock","25":"shipping-taxable","26":"purchasable","27":"product-type-variable"},"aioseo_notices":[],"_links":{"self":[{"href":"https:\/\/www.aimycomfort.com\/store\/pt-pt\/wp-json\/wp\/v2\/product\/19535","targetHints":{"allow":["GET"]}}],"collection":[{"href":"https:\/\/www.aimycomfort.com\/store\/pt-pt\/wp-json\/wp\/v2\/product"}],"about":[{"href":"https:\/\/www.aimycomfort.com\/store\/pt-pt\/wp-json\/wp\/v2\/types\/product"}],"replies":[{"embeddable":true,"href":"https:\/\/www.aimycomfort.com\/store\/pt-pt\/wp-json\/wp\/v2\/comments?post=19535"}],"wp:featuredmedia":[{"embeddable":true,"href":"https:\/\/www.aimycomfort.com\/store\/pt-pt\/wp-json\/wp\/v2\/media\/19442"}],"wp:attachment":[{"href":"https:\/\/www.aimycomfort.com\/store\/pt-pt\/wp-json\/wp\/v2\/media?parent=19535"}],"wp:term":[{"taxonomy":"product_brand","embeddable":true,"href":"https:\/\/www.aimycomfort.com\/store\/pt-pt\/wp-json\/wp\/v2\/product_brand?post=19535"},{"taxonomy":"product_cat","embeddable":true,"href":"https:\/\/www.aimycomfort.com\/store\/pt-pt\/wp-json\/wp\/v2\/product_cat?post=19535"},{"taxonomy":"product_tag","embeddable":true,"href":"https:\/\/www.aimycomfort.com\/store\/pt-pt\/wp-json\/wp\/v2\/product_tag?post=19535"}],"curies":[{"name":"wp","href":"https:\/\/api.w.org\/{rel}","templated":true}]}}