{"id":19113,"date":"2024-11-20T07:38:40","date_gmt":"2024-11-20T07:38:40","guid":{"rendered":"https:\/\/www.aimycomfort.com\/store\/product\/fully-wrapped-memory-foam-office-chair-cushion\/"},"modified":"2024-11-20T08:48:47","modified_gmt":"2024-11-20T08:48:47","slug":"fully-wrapped-memory-foam-office-chair-cushion","status":"publish","type":"product","link":"https:\/\/www.aimycomfort.com\/store\/pt-pt\/produto\/fully-wrapped-memory-foam-office-chair-cushion\/","title":{"rendered":"Almofada de Cadeira de Escrit\u00f3rio de Espuma de Mem\u00f3ria Totalmente Envolvida"},"content":{"rendered":"<p>Experimente conforto e suporte incompar\u00e1veis com a nossa Almofada de Cadeira de Escrit\u00f3rio de Espuma de Mem\u00f3ria Totalmente Envolvida. Projetada com a sua sa\u00fade e conforto em mente, esta almofada apresenta um design ergon\u00f4mico que se ajusta perfeitamente para proteger sua coluna e promover uma melhor postura. A almofada de asa dupla oferece prote\u00e7\u00e3o abrangente para os quadris e redu\u00e7\u00e3o de press\u00e3o, garantindo um envolvimento tridimensional ao redor das suas n\u00e1degas.<\/p>\n<h2>Caracter\u00edsticas Principais da Almofada de Cadeira de Escrit\u00f3rio:<\/h2>\n<ul>\n<li><strong>Design Ergon\u00f4mico<\/strong>: Proporciona conforto e previne dores durante longos per\u00edodos sentado.<\/li>\n<li><strong>Almofada de Asa Dupla<\/strong>: Oferece prote\u00e7\u00e3o aprimorada para os quadris e al\u00edvio de press\u00e3o.<\/li>\n<li><strong>Design Oco em Forma de U<\/strong>: Alivia a dor no c\u00f3ccix e proporciona cuidado direcionado.<\/li>\n<li><strong>Espuma de Mem\u00f3ria de Alta Densidade<\/strong>: Algod\u00e3o de mem\u00f3ria de rebote lento garante durabilidade e mant\u00e9m a forma.<\/li>\n<li><strong>Material Respir\u00e1vel<\/strong>: Coberto com Tecido Olho de P\u00e1ssaro para uma respirabilidade superior.<\/li>\n<li><strong>Benef\u00edcios para a Sa\u00fade<\/strong>: Promove a circula\u00e7\u00e3o sangu\u00ednea, relaxa as pernas e apoia a coluna.<\/li>\n<\/ul>\n<p>Melhore sua experi\u00eancia ao sentar com nossa almofada de espuma de mem\u00f3ria, projetada para proporcionar conforto e suporte duradouros para suas atividades di\u00e1rias.<\/p>\n","protected":false},"excerpt":{"rendered":"<p>Experimente conforto e suporte aprimorados com a nossa Almofada de Escrit\u00f3rio de Espuma de Mem\u00f3ria Totalmente Envolvida. Projetada com uma almofada ergon\u00f4mica de asa dupla, oferece prote\u00e7\u00e3o superior para os quadris e al\u00edvio de press\u00e3o. O design oco em forma de U alivia a dor no c\u00f3ccix, tornando-a ideal para longas sess\u00f5es sentado. Feita de espuma de mem\u00f3ria de alta densidade com uma capa de Tecido Olho de P\u00e1ssaro respir\u00e1vel, esta almofada promove melhor postura e circula\u00e7\u00e3o.<\/p>\n","protected":false},"featured_media":18996,"comment_status":"open","ping_status":"closed","template":"","meta":{"site-sidebar-layout":"default","site-content-layout":"","ast-site-content-layout":"default","site-content-style":"default","site-sidebar-style":"default","ast-global-header-display":"","ast-banner-title-visibility":"","ast-main-header-display":"","ast-hfb-above-header-display":"","ast-hfb-below-header-display":"","ast-hfb-mobile-header-display":"","site-post-title":"","ast-breadcrumbs-content":"","ast-featured-img":"","footer-sml-layout":"","theme-transparent-header-meta":"default","adv-header-id-meta":"","stick-header-meta":"","header-above-stick-meta":"","header-main-stick-meta":"","header-below-stick-meta":"","astra-migrate-meta-layouts":"set","ast-page-background-enabled":"default","ast-page-background-meta":{"desktop":{"background-color":"var(--ast-global-color-4)","background-image":"","background-repeat":"repeat","background-position":"center center","background-size":"auto","background-attachment":"scroll","background-type":"","background-media":"","overlay-type":"","overlay-color":"","overlay-opacity":"","overlay-gradient":""},"tablet":{"background-color":"","background-image":"","background-repeat":"repeat","background-position":"center center","background-size":"auto","background-attachment":"scroll","background-type":"","background-media":"","overlay-type":"","overlay-color":"","overlay-opacity":"","overlay-gradient":""},"mobile":{"background-color":"","background-image":"","background-repeat":"repeat","background-position":"center center","background-size":"auto","background-attachment":"scroll","background-type":"","background-media":"","overlay-type":"","overlay-color":"","overlay-opacity":"","overlay-gradient":""}},"ast-content-background-meta":{"desktop":{"background-color":"var(--ast-global-color-5)","background-image":"","background-repeat":"repeat","background-position":"center center","background-size":"auto","background-attachment":"scroll","background-type":"","background-media":"","overlay-type":"","overlay-color":"","overlay-opacity":"","overlay-gradient":""},"tablet":{"background-color":"var(--ast-global-color-5)","background-image":"","background-repeat":"repeat","background-position":"center center","background-size":"auto","background-attachment":"scroll","background-type":"","background-media":"","overlay-type":"","overlay-color":"","overlay-opacity":"","overlay-gradient":""},"mobile":{"background-color":"var(--ast-global-color-5)","background-image":"","background-repeat":"repeat","background-position":"center center","background-size":"auto","background-attachment":"scroll","background-type":"","background-media":"","overlay-type":"","overlay-color":"","overlay-opacity":"","overlay-gradient":""}}},"product_brand":[],"product_cat":[338],"product_tag":[339,513,771],"class_list":{"0":"post-19113","1":"product","2":"type-product","3":"status-publish","4":"has-post-thumbnail","6":"product_cat-almofada","7":"product_tag-almofada-pt-pt","8":"product_tag-comfort-seating-pt-pt","9":"product_tag-ergonomic-support-pt-pt","10":"desktop-align-left","11":"tablet-align-left","12":"mobile-align-left","13":"ast-product-gallery-layout-horizontal-slider","14":"ast-product-single-variable","15":"ast-product-tabs-layout-horizontal","16":"ast-qv-on-image","18":"first","19":"instock","20":"shipping-taxable","21":"purchasable","22":"product-type-variable"},"aioseo_notices":[],"_links":{"self":[{"href":"https:\/\/www.aimycomfort.com\/store\/pt-pt\/wp-json\/wp\/v2\/product\/19113","targetHints":{"allow":["GET"]}}],"collection":[{"href":"https:\/\/www.aimycomfort.com\/store\/pt-pt\/wp-json\/wp\/v2\/product"}],"about":[{"href":"https:\/\/www.aimycomfort.com\/store\/pt-pt\/wp-json\/wp\/v2\/types\/product"}],"replies":[{"embeddable":true,"href":"https:\/\/www.aimycomfort.com\/store\/pt-pt\/wp-json\/wp\/v2\/comments?post=19113"}],"wp:featuredmedia":[{"embeddable":true,"href":"https:\/\/www.aimycomfort.com\/store\/pt-pt\/wp-json\/wp\/v2\/media\/18996"}],"wp:attachment":[{"href":"https:\/\/www.aimycomfort.com\/store\/pt-pt\/wp-json\/wp\/v2\/media?parent=19113"}],"wp:term":[{"taxonomy":"product_brand","embeddable":true,"href":"https:\/\/www.aimycomfort.com\/store\/pt-pt\/wp-json\/wp\/v2\/product_brand?post=19113"},{"taxonomy":"product_cat","embeddable":true,"href":"https:\/\/www.aimycomfort.com\/store\/pt-pt\/wp-json\/wp\/v2\/product_cat?post=19113"},{"taxonomy":"product_tag","embeddable":true,"href":"https:\/\/www.aimycomfort.com\/store\/pt-pt\/wp-json\/wp\/v2\/product_tag?post=19113"}],"curies":[{"name":"wp","href":"https:\/\/api.w.org\/{rel}","templated":true}]}}