{"id":18704,"date":"2024-11-19T03:19:12","date_gmt":"2024-11-19T03:19:12","guid":{"rendered":"https:\/\/www.aimycomfort.com\/store\/product\/elevated-waist-and-neck-protection-chair-cushion\/"},"modified":"2024-11-19T09:11:18","modified_gmt":"2024-11-19T09:11:18","slug":"elevated-waist-and-neck-protection-chair-cushion","status":"publish","type":"product","link":"https:\/\/www.aimycomfort.com\/store\/pt-pt\/produto\/elevated-waist-and-neck-protection-chair-cushion\/","title":{"rendered":"Almofada de Cadeira com Prote\u00e7\u00e3o Elevada para Cintura e Pesco\u00e7o"},"content":{"rendered":"<p>A Almofada de Cadeira com Prote\u00e7\u00e3o Elevada para Cintura e Pesco\u00e7o \u00e9 projetada de forma especializada para melhorar o conforto e o suporte durante longos per\u00edodos de sentado, tornando-a uma escolha ideal para uso em escrit\u00f3rio e sonecas. Esta almofada integra caracter\u00edsticas ergon\u00f4micas avan\u00e7adas para garantir uma postura sentada confort\u00e1vel e saud\u00e1vel.<\/p>\n<h3>Caracter\u00edsticas Principais:<\/h3>\n<ul>\n<li><strong>Suporte Abrangente:<\/strong><br \/>\nOferece suporte completo para as costas que se adapta \u00e0 curva natural da coluna, oferecendo prote\u00e7\u00e3o integrada para o pesco\u00e7o e a cintura para manter uma postura ereta e reduzir a fadiga.<\/li>\n<li><strong>Design Ergon\u00f4mico:<\/strong><br \/>\nA almofada \u00e9 projetada com suporte zonal para se ajustar e suportar diferentes pesos corporais, permitindo que a coluna se estique naturalmente e acomode uma ampla gama de formas corporais.<\/li>\n<li><strong>Conforto Aprimorado para Sonecas:<\/strong><br \/>\nApresenta um design de sulco que suporta a cabe\u00e7a e evita que ela se mova, proporcionando uma experi\u00eancia de soneca confort\u00e1vel ao dormir de costas.<\/li>\n<li><strong>Materiais de Alta Qualidade:<\/strong><br \/>\nFeito com espuma de mem\u00f3ria espacial de carv\u00e3o de bambu, proveniente da NASA, que detecta automaticamente a temperatura e equilibra o al\u00edvio de press\u00e3o para reduzir a press\u00e3o na cabe\u00e7a e no pesco\u00e7o.<\/li>\n<li><strong>Benef\u00edcios do Carv\u00e3o de Bambu:<\/strong><br \/>\nIntegrado com carv\u00e3o de bambu natural, a almofada libera \u00edons negativos, absorve odores e mant\u00e9m o ambiente fresco. Ajusta a umidade, \u00e9 respir\u00e1vel e ajuda a manter um espa\u00e7o limpo e saud\u00e1vel.<\/li>\n<li><strong>Suporte Est\u00e1vel:<\/strong><br \/>\nInclui uma estrutura de suporte circular embutida de 8 mm para suporte lombar curvado, garantindo suporte completo para a coluna lombar.<\/li>\n<li><strong>F\u00e1cil Manuten\u00e7\u00e3o:<\/strong><br \/>\nA almofada possui uma capa destac\u00e1vel e lav\u00e1vel com um z\u00edper de grande abertura, facilitando a limpeza e manuten\u00e7\u00e3o.<\/li>\n<\/ul>\n<p>Esta almofada \u00e9 perfeita para aqueles que buscam maior conforto e suporte em seus arranjos de assento, combinando design ergon\u00f4mico com materiais sustent\u00e1veis para uma experi\u00eancia de assento mais saud\u00e1vel.<\/p>\n","protected":false},"excerpt":{"rendered":"<p>A Almofada de Cadeira com Prote\u00e7\u00e3o Elevada para Cintura e Pesco\u00e7o \u00e9 uma ferramenta ergon\u00f4mica para sonecas no escrit\u00f3rio, projetada para fornecer suporte e conforto abrangentes. Apresenta um design integrado que apoia o pesco\u00e7o e a cintura, promovendo uma postura sentada ereta e reduzindo a fadiga de ficar sentado por longos per\u00edodos. A almofada \u00e9 feita com espuma de mem\u00f3ria espacial de carv\u00e3o de bambu aprimorada e uma estrutura de a\u00e7o embutida para suporte est\u00e1vel, tornando-a ideal para assentos com encostos baixos. Seu design se adapta \u00e0 curva natural da coluna, oferecendo forte suporte para a cabe\u00e7a, pesco\u00e7o, ombros e cintura. A almofada inclui uma capa destac\u00e1vel e lav\u00e1vel para f\u00e1cil manuten\u00e7\u00e3o.<\/p>\n","protected":false},"featured_media":18305,"comment_status":"open","ping_status":"closed","template":"","meta":{"site-sidebar-layout":"default","site-content-layout":"","ast-site-content-layout":"default","site-content-style":"default","site-sidebar-style":"default","ast-global-header-display":"","ast-banner-title-visibility":"","ast-main-header-display":"","ast-hfb-above-header-display":"","ast-hfb-below-header-display":"","ast-hfb-mobile-header-display":"","site-post-title":"","ast-breadcrumbs-content":"","ast-featured-img":"","footer-sml-layout":"","theme-transparent-header-meta":"default","adv-header-id-meta":"","stick-header-meta":"","header-above-stick-meta":"","header-main-stick-meta":"","header-below-stick-meta":"","astra-migrate-meta-layouts":"set","ast-page-background-enabled":"default","ast-page-background-meta":{"desktop":{"background-color":"var(--ast-global-color-4)","background-image":"","background-repeat":"repeat","background-position":"center center","background-size":"auto","background-attachment":"scroll","background-type":"","background-media":"","overlay-type":"","overlay-color":"","overlay-opacity":"","overlay-gradient":""},"tablet":{"background-color":"","background-image":"","background-repeat":"repeat","background-position":"center center","background-size":"auto","background-attachment":"scroll","background-type":"","background-media":"","overlay-type":"","overlay-color":"","overlay-opacity":"","overlay-gradient":""},"mobile":{"background-color":"","background-image":"","background-repeat":"repeat","background-position":"center center","background-size":"auto","background-attachment":"scroll","background-type":"","background-media":"","overlay-type":"","overlay-color":"","overlay-opacity":"","overlay-gradient":""}},"ast-content-background-meta":{"desktop":{"background-color":"var(--ast-global-color-5)","background-image":"","background-repeat":"repeat","background-position":"center center","background-size":"auto","background-attachment":"scroll","background-type":"","background-media":"","overlay-type":"","overlay-color":"","overlay-opacity":"","overlay-gradient":""},"tablet":{"background-color":"var(--ast-global-color-5)","background-image":"","background-repeat":"repeat","background-position":"center center","background-size":"auto","background-attachment":"scroll","background-type":"","background-media":"","overlay-type":"","overlay-color":"","overlay-opacity":"","overlay-gradient":""},"mobile":{"background-color":"var(--ast-global-color-5)","background-image":"","background-repeat":"repeat","background-position":"center center","background-size":"auto","background-attachment":"scroll","background-type":"","background-media":"","overlay-type":"","overlay-color":"","overlay-opacity":"","overlay-gradient":""}}},"product_brand":[],"product_cat":[816,140],"product_tag":[513,581,771,166],"class_list":{"0":"post-18704","1":"product","2":"type-product","3":"status-publish","4":"has-post-thumbnail","6":"product_cat-almofada-lombar-para-escritorio","7":"product_cat-apoio-lombar","8":"product_tag-comfort-seating-pt-pt","9":"product_tag-memory-foam-pt-pt","10":"product_tag-ergonomic-support-pt-pt","11":"product_tag-suporte-lombar","12":"desktop-align-left","13":"tablet-align-left","14":"mobile-align-left","15":"ast-product-gallery-layout-horizontal-slider","16":"ast-product-single-variable","17":"ast-product-tabs-layout-horizontal","18":"ast-qv-on-image","20":"first","21":"instock","22":"shipping-taxable","23":"purchasable","24":"product-type-variable"},"aioseo_notices":[],"_links":{"self":[{"href":"https:\/\/www.aimycomfort.com\/store\/pt-pt\/wp-json\/wp\/v2\/product\/18704","targetHints":{"allow":["GET"]}}],"collection":[{"href":"https:\/\/www.aimycomfort.com\/store\/pt-pt\/wp-json\/wp\/v2\/product"}],"about":[{"href":"https:\/\/www.aimycomfort.com\/store\/pt-pt\/wp-json\/wp\/v2\/types\/product"}],"replies":[{"embeddable":true,"href":"https:\/\/www.aimycomfort.com\/store\/pt-pt\/wp-json\/wp\/v2\/comments?post=18704"}],"wp:featuredmedia":[{"embeddable":true,"href":"https:\/\/www.aimycomfort.com\/store\/pt-pt\/wp-json\/wp\/v2\/media\/18305"}],"wp:attachment":[{"href":"https:\/\/www.aimycomfort.com\/store\/pt-pt\/wp-json\/wp\/v2\/media?parent=18704"}],"wp:term":[{"taxonomy":"product_brand","embeddable":true,"href":"https:\/\/www.aimycomfort.com\/store\/pt-pt\/wp-json\/wp\/v2\/product_brand?post=18704"},{"taxonomy":"product_cat","embeddable":true,"href":"https:\/\/www.aimycomfort.com\/store\/pt-pt\/wp-json\/wp\/v2\/product_cat?post=18704"},{"taxonomy":"product_tag","embeddable":true,"href":"https:\/\/www.aimycomfort.com\/store\/pt-pt\/wp-json\/wp\/v2\/product_tag?post=18704"}],"curies":[{"name":"wp","href":"https:\/\/api.w.org\/{rel}","templated":true}]}}