{"id":18263,"date":"2024-11-18T05:32:08","date_gmt":"2024-11-18T05:32:08","guid":{"rendered":"https:\/\/www.aimycomfort.com\/store\/product\/three-piece-set-of-triangular-bird-eye-wedge-shaped-pillow-backrest\/"},"modified":"2024-11-18T08:21:46","modified_gmt":"2024-11-18T08:21:46","slug":"three-piece-set-of-triangular-bird-eye-wedge-shaped-pillow-backrest","status":"publish","type":"product","link":"https:\/\/www.aimycomfort.com\/store\/pt-pt\/produto\/three-piece-set-of-triangular-bird-eye-wedge-shaped-pillow-backrest\/","title":{"rendered":"Conjunto de Tr\u00eas Pe\u00e7as de Almofada em Forma de Cunha com Encosto em Forma de Olho de P\u00e1ssaro Triangular"},"content":{"rendered":"<p>O Conjunto de Tr\u00eas Pe\u00e7as de Almofada em Forma de Cunha com Encosto em Forma de Olho de P\u00e1ssaro Triangular \u00e9 um sistema de suporte vers\u00e1til projetado para proporcionar conforto e al\u00edvio abrangentes. Perfeito para prevenir o refluxo \u00e1cido e particularmente ben\u00e9fico para mulheres gr\u00e1vidas, este conjunto ajuda a prevenir dificuldades respirat\u00f3rias e ronco enquanto alivia dores no pesco\u00e7o e nas costas.<\/p>\n<h3>Caracter\u00edsticas Principais:<\/h3>\n<ul>\n<li><strong>Design 12 em 1:<\/strong><br \/>\nOferece m\u00faltiplas configura\u00e7\u00f5es, incluindo:<\/p>\n<ul>\n<li>Encosto para sentar<\/li>\n<li>Suporte para tornozelo<\/li>\n<li>Suporte lombar<\/li>\n<li>Posi\u00e7\u00f5es de inclina\u00e7\u00e3o alta\/moderada\/baixa<\/li>\n<li>Suporte para bra\u00e7os<\/li>\n<li>Suporte para pernas alto\/baixo<\/li>\n<li>Posi\u00e7\u00f5es de inclina\u00e7\u00e3o com suporte para a cabe\u00e7a<\/li>\n<li>Sentar com suporte para a cabe\u00e7a<\/li>\n<\/ul>\n<\/li>\n<li><strong>Suporte Completo do Corpo:<\/strong>\n<ul>\n<li>Suporta articula\u00e7\u00f5es da cabe\u00e7a e pesco\u00e7o<\/li>\n<li>Fornece suporte para cintura e costas<\/li>\n<li>Auxilia no alinhamento das articula\u00e7\u00f5es da cintura e quadril<\/li>\n<li>Ajuda na extens\u00e3o natural da coluna<\/li>\n<\/ul>\n<\/li>\n<li><strong>Amig\u00e1vel para Gravidez:<\/strong><br \/>\nEspecialmente projetado para ajudar mulheres gr\u00e1vidas a respirar mais facilmente e reduzir o ronco durante o sono.<\/li>\n<li><strong>Caracter\u00edsticas Convenientes:<\/strong>\n<ul>\n<li>Capa lav\u00e1vel \u00e0 m\u00e1quina<\/li>\n<li>Design port\u00e1til<\/li>\n<li>Trabalho detalhado atencioso para m\u00e1ximo conforto<\/li>\n<\/ul>\n<\/li>\n<\/ul>\n<p>Transforme sua experi\u00eancia de conforto com este vers\u00e1til conjunto de tr\u00eas pe\u00e7as, projetado para fornecer suporte abrangente para v\u00e1rias posi\u00e7\u00f5es e necessidades do corpo.<\/p>\n","protected":false},"excerpt":{"rendered":"<p>Este vers\u00e1til conjunto de almofadas em cunha de tr\u00eas pe\u00e7as oferece funcionalidade 12 em 1, perfeito para prevenir o refluxo \u00e1cido e proporcionar suporte corporal abrangente. Especialmente ben\u00e9fico para mulheres gr\u00e1vidas, ajuda a prevenir dificuldades respirat\u00f3rias e ronco enquanto alivia dores no pesco\u00e7o e nas costas. O conjunto apoia a extens\u00e3o natural da coluna e oferece m\u00faltiplas configura\u00e7\u00f5es para posi\u00e7\u00f5es de sentar, deitar e reclinar. Com sua capa lav\u00e1vel \u00e0 m\u00e1quina e design port\u00e1til, este conjunto de almofadas combina funcionalidade com conveni\u00eancia, garantindo conforto em qualquer posi\u00e7\u00e3o que voc\u00ea escolher.<\/p>\n","protected":false},"featured_media":17924,"comment_status":"open","ping_status":"closed","template":"","meta":{"site-sidebar-layout":"default","site-content-layout":"","ast-site-content-layout":"default","site-content-style":"default","site-sidebar-style":"default","ast-global-header-display":"","ast-banner-title-visibility":"","ast-main-header-display":"","ast-hfb-above-header-display":"","ast-hfb-below-header-display":"","ast-hfb-mobile-header-display":"","site-post-title":"","ast-breadcrumbs-content":"","ast-featured-img":"","footer-sml-layout":"","theme-transparent-header-meta":"default","adv-header-id-meta":"","stick-header-meta":"","header-above-stick-meta":"","header-main-stick-meta":"","header-below-stick-meta":"","astra-migrate-meta-layouts":"set","ast-page-background-enabled":"default","ast-page-background-meta":{"desktop":{"background-color":"var(--ast-global-color-4)","background-image":"","background-repeat":"repeat","background-position":"center center","background-size":"auto","background-attachment":"scroll","background-type":"","background-media":"","overlay-type":"","overlay-color":"","overlay-opacity":"","overlay-gradient":""},"tablet":{"background-color":"","background-image":"","background-repeat":"repeat","background-position":"center center","background-size":"auto","background-attachment":"scroll","background-type":"","background-media":"","overlay-type":"","overlay-color":"","overlay-opacity":"","overlay-gradient":""},"mobile":{"background-color":"","background-image":"","background-repeat":"repeat","background-position":"center center","background-size":"auto","background-attachment":"scroll","background-type":"","background-media":"","overlay-type":"","overlay-color":"","overlay-opacity":"","overlay-gradient":""}},"ast-content-background-meta":{"desktop":{"background-color":"var(--ast-global-color-5)","background-image":"","background-repeat":"repeat","background-position":"center center","background-size":"auto","background-attachment":"scroll","background-type":"","background-media":"","overlay-type":"","overlay-color":"","overlay-opacity":"","overlay-gradient":""},"tablet":{"background-color":"var(--ast-global-color-5)","background-image":"","background-repeat":"repeat","background-position":"center center","background-size":"auto","background-attachment":"scroll","background-type":"","background-media":"","overlay-type":"","overlay-color":"","overlay-opacity":"","overlay-gradient":""},"mobile":{"background-color":"var(--ast-global-color-5)","background-image":"","background-repeat":"repeat","background-position":"center center","background-size":"auto","background-attachment":"scroll","background-type":"","background-media":"","overlay-type":"","overlay-color":"","overlay-opacity":"","overlay-gradient":""}}},"product_brand":[],"product_cat":[140,853,844,729,934],"product_tag":[611],"class_list":{"0":"post-18263","1":"product","2":"type-product","3":"status-publish","4":"has-post-thumbnail","6":"product_cat-apoio-lombar","7":"product_cat-travesseiro-corporal","8":"product_cat-travesseiro-de-cama","9":"product_cat-pregnancy-pillow-pt-pt","10":"product_cat-travesseiro-em-forma-de-wedge","11":"product_tag-almohada-pt-pt","12":"desktop-align-left","13":"tablet-align-left","14":"mobile-align-left","15":"ast-product-gallery-layout-horizontal-slider","16":"ast-product-single-variable","17":"ast-product-tabs-layout-horizontal","18":"ast-qv-on-image","20":"first","21":"instock","22":"shipping-taxable","23":"purchasable","24":"product-type-variable"},"aioseo_notices":[],"_links":{"self":[{"href":"https:\/\/www.aimycomfort.com\/store\/pt-pt\/wp-json\/wp\/v2\/product\/18263","targetHints":{"allow":["GET"]}}],"collection":[{"href":"https:\/\/www.aimycomfort.com\/store\/pt-pt\/wp-json\/wp\/v2\/product"}],"about":[{"href":"https:\/\/www.aimycomfort.com\/store\/pt-pt\/wp-json\/wp\/v2\/types\/product"}],"replies":[{"embeddable":true,"href":"https:\/\/www.aimycomfort.com\/store\/pt-pt\/wp-json\/wp\/v2\/comments?post=18263"}],"wp:featuredmedia":[{"embeddable":true,"href":"https:\/\/www.aimycomfort.com\/store\/pt-pt\/wp-json\/wp\/v2\/media\/17924"}],"wp:attachment":[{"href":"https:\/\/www.aimycomfort.com\/store\/pt-pt\/wp-json\/wp\/v2\/media?parent=18263"}],"wp:term":[{"taxonomy":"product_brand","embeddable":true,"href":"https:\/\/www.aimycomfort.com\/store\/pt-pt\/wp-json\/wp\/v2\/product_brand?post=18263"},{"taxonomy":"product_cat","embeddable":true,"href":"https:\/\/www.aimycomfort.com\/store\/pt-pt\/wp-json\/wp\/v2\/product_cat?post=18263"},{"taxonomy":"product_tag","embeddable":true,"href":"https:\/\/www.aimycomfort.com\/store\/pt-pt\/wp-json\/wp\/v2\/product_tag?post=18263"}],"curies":[{"name":"wp","href":"https:\/\/api.w.org\/{rel}","templated":true}]}}