{"id":18227,"date":"2024-11-18T07:44:17","date_gmt":"2024-11-18T07:44:17","guid":{"rendered":"https:\/\/www.aimycomfort.com\/store\/product\/three-layer-adjustable-wedge-pillow\/"},"modified":"2024-11-18T08:04:15","modified_gmt":"2024-11-18T08:04:15","slug":"three-layer-adjustable-wedge-pillow","status":"publish","type":"product","link":"https:\/\/www.aimycomfort.com\/store\/pt-pt\/produto\/three-layer-adjustable-wedge-pillow\/","title":{"rendered":"Travesseiro de Cunha Ajust\u00e1vel de Tr\u00eas Camadas"},"content":{"rendered":"<p>O Travesseiro de Cunha Ajust\u00e1vel de Tr\u00eas Camadas \u00e9 uma solu\u00e7\u00e3o inovadora de conforto que apresenta um design dividido que permite posicionamento personaliz\u00e1vel. Este travesseiro vers\u00e1til combina praticidade com conforto, oferecendo \u00e2ngulos ajust\u00e1veis para atender \u00e0s suas necessidades espec\u00edficas.<\/p>\n<h3>Caracter\u00edsticas Principais:<\/h3>\n<ul>\n<li><strong>Design Ajust\u00e1vel:<\/strong><br \/>\nConstru\u00e7\u00e3o dividida com um travesseiro base e encosto permite \u00e2ngulos personaliz\u00e1veis, ajudando voc\u00ea a encontrar sua posi\u00e7\u00e3o perfeita.<\/li>\n<li><strong>Tecnologia de Espuma de Mem\u00f3ria:<\/strong><br \/>\nApresenta uma esponja de mem\u00f3ria de retorno lento que se conforma ao seu corpo para conforto ideal.<\/li>\n<li><strong>Armazenamento Conveniente:<\/strong><br \/>\nInclui um bolso lateral perfeito para armazenar telefones m\u00f3veis e outros pequenos itens ao alcance.<\/li>\n<li><strong>Apoio de Cabe\u00e7a Inclu\u00eddo:<\/strong><br \/>\nVem com um apoio de cabe\u00e7a dedicado para conforto e suporte adicionais.<\/li>\n<li><strong>Manuten\u00e7\u00e3o F\u00e1cil:<\/strong><br \/>\nO design de capa remov\u00edvel torna a limpeza simples e conveniente.<\/li>\n<\/ul>\n<p>Experimente conforto personaliz\u00e1vel com este travesseiro de cunha de tr\u00eas camadas, projetado para fornecer o \u00e2ngulo de suporte perfeito para suas necessidades.<\/p>\n","protected":false},"excerpt":{"rendered":"<p>O Travesseiro de Cunha Ajust\u00e1vel de Tr\u00eas Camadas apresenta um design inovador dividido que permite personalizar seu conforto com \u00e2ngulos ajust\u00e1veis. Feito com espuma de mem\u00f3ria de retorno lento, inclui um bolso lateral conveniente para armazenamento e vem com um apoio de cabe\u00e7a para suporte adicional. A capa remov\u00edvel facilita a manuten\u00e7\u00e3o, enquanto o design vers\u00e1til garante que voc\u00ea possa encontrar sua posi\u00e7\u00e3o perfeita para ler, relaxar ou dormir.<\/p>\n","protected":false},"featured_media":18141,"comment_status":"open","ping_status":"closed","template":"","meta":{"site-sidebar-layout":"default","site-content-layout":"","ast-site-content-layout":"default","site-content-style":"default","site-sidebar-style":"default","ast-global-header-display":"","ast-banner-title-visibility":"","ast-main-header-display":"","ast-hfb-above-header-display":"","ast-hfb-below-header-display":"","ast-hfb-mobile-header-display":"","site-post-title":"","ast-breadcrumbs-content":"","ast-featured-img":"","footer-sml-layout":"","theme-transparent-header-meta":"default","adv-header-id-meta":"","stick-header-meta":"","header-above-stick-meta":"","header-main-stick-meta":"","header-below-stick-meta":"","astra-migrate-meta-layouts":"set","ast-page-background-enabled":"default","ast-page-background-meta":{"desktop":{"background-color":"var(--ast-global-color-4)","background-image":"","background-repeat":"repeat","background-position":"center center","background-size":"auto","background-attachment":"scroll","background-type":"","background-media":"","overlay-type":"","overlay-color":"","overlay-opacity":"","overlay-gradient":""},"tablet":{"background-color":"","background-image":"","background-repeat":"repeat","background-position":"center center","background-size":"auto","background-attachment":"scroll","background-type":"","background-media":"","overlay-type":"","overlay-color":"","overlay-opacity":"","overlay-gradient":""},"mobile":{"background-color":"","background-image":"","background-repeat":"repeat","background-position":"center center","background-size":"auto","background-attachment":"scroll","background-type":"","background-media":"","overlay-type":"","overlay-color":"","overlay-opacity":"","overlay-gradient":""}},"ast-content-background-meta":{"desktop":{"background-color":"var(--ast-global-color-5)","background-image":"","background-repeat":"repeat","background-position":"center center","background-size":"auto","background-attachment":"scroll","background-type":"","background-media":"","overlay-type":"","overlay-color":"","overlay-opacity":"","overlay-gradient":""},"tablet":{"background-color":"var(--ast-global-color-5)","background-image":"","background-repeat":"repeat","background-position":"center center","background-size":"auto","background-attachment":"scroll","background-type":"","background-media":"","overlay-type":"","overlay-color":"","overlay-opacity":"","overlay-gradient":""},"mobile":{"background-color":"var(--ast-global-color-5)","background-image":"","background-repeat":"repeat","background-position":"center center","background-size":"auto","background-attachment":"scroll","background-type":"","background-media":"","overlay-type":"","overlay-color":"","overlay-opacity":"","overlay-gradient":""}}},"product_brand":[],"product_cat":[161,853,844,729,934,925],"product_tag":[611,581],"class_list":{"0":"post-18227","1":"product","2":"type-product","3":"status-publish","4":"has-post-thumbnail","6":"product_cat-colecao-de-almofadas","7":"product_cat-travesseiro-corporal","8":"product_cat-travesseiro-de-cama","9":"product_cat-pregnancy-pillow-pt-pt","10":"product_cat-travesseiro-em-forma-de-wedge","11":"product_cat-travesseiro-para-ler","12":"product_tag-almohada-pt-pt","13":"product_tag-memory-foam-pt-pt","14":"desktop-align-left","15":"tablet-align-left","16":"mobile-align-left","17":"ast-product-gallery-layout-horizontal-slider","18":"ast-product-single-variable","19":"ast-product-tabs-layout-horizontal","20":"ast-qv-on-image","22":"first","23":"instock","24":"shipping-taxable","25":"purchasable","26":"product-type-variable"},"aioseo_notices":[],"_links":{"self":[{"href":"https:\/\/www.aimycomfort.com\/store\/pt-pt\/wp-json\/wp\/v2\/product\/18227","targetHints":{"allow":["GET"]}}],"collection":[{"href":"https:\/\/www.aimycomfort.com\/store\/pt-pt\/wp-json\/wp\/v2\/product"}],"about":[{"href":"https:\/\/www.aimycomfort.com\/store\/pt-pt\/wp-json\/wp\/v2\/types\/product"}],"replies":[{"embeddable":true,"href":"https:\/\/www.aimycomfort.com\/store\/pt-pt\/wp-json\/wp\/v2\/comments?post=18227"}],"wp:featuredmedia":[{"embeddable":true,"href":"https:\/\/www.aimycomfort.com\/store\/pt-pt\/wp-json\/wp\/v2\/media\/18141"}],"wp:attachment":[{"href":"https:\/\/www.aimycomfort.com\/store\/pt-pt\/wp-json\/wp\/v2\/media?parent=18227"}],"wp:term":[{"taxonomy":"product_brand","embeddable":true,"href":"https:\/\/www.aimycomfort.com\/store\/pt-pt\/wp-json\/wp\/v2\/product_brand?post=18227"},{"taxonomy":"product_cat","embeddable":true,"href":"https:\/\/www.aimycomfort.com\/store\/pt-pt\/wp-json\/wp\/v2\/product_cat?post=18227"},{"taxonomy":"product_tag","embeddable":true,"href":"https:\/\/www.aimycomfort.com\/store\/pt-pt\/wp-json\/wp\/v2\/product_tag?post=18227"}],"curies":[{"name":"wp","href":"https:\/\/api.w.org\/{rel}","templated":true}]}}