{"id":17765,"date":"2024-11-15T03:31:35","date_gmt":"2024-11-15T03:31:35","guid":{"rendered":"https:\/\/www.aimycomfort.com\/store\/product\/childrens-bamboo-fiber-memory-foam-shaping-pillow\/"},"modified":"2024-11-15T09:41:17","modified_gmt":"2024-11-15T09:41:17","slug":"childrens-bamboo-fiber-memory-foam-shaping-pillow","status":"publish","type":"product","link":"https:\/\/www.aimycomfort.com\/store\/pt-pt\/produto\/childrens-bamboo-fiber-memory-foam-shaping-pillow\/","title":{"rendered":"Almofada Modeladora de Espuma de Mem\u00f3ria com Fibra de Bambu para Crian\u00e7as"},"content":{"rendered":"<p>A Almofada Modeladora de Espuma de Mem\u00f3ria com Fibra de Bambu para Crian\u00e7as \u00e9 projetada especialmente para beb\u00eas de 0 a 12 meses, promovendo o desenvolvimento saud\u00e1vel do formato da cabe\u00e7a enquanto garante um ambiente de sono confort\u00e1vel. Esta almofada cientificamente desenvolvida possui materiais respir\u00e1veis e antibacterianos que ajudam a modelar a cabe\u00e7a sem restringir as posi\u00e7\u00f5es de sono, incentivando bons h\u00e1bitos de sono.<\/p>\n<h2>Caracter\u00edsticas Principais:<\/h2>\n<ul>\n<li><strong>Design Cient\u00edfico:<\/strong><br \/>\nO design com zoneamento adequado permite que os beb\u00eas desenvolvam bons h\u00e1bitos de sono, garantindo uma forma de cabe\u00e7a completa e bonita sem posi\u00e7\u00f5es fixas de sono.<\/li>\n<li><strong>Macia e Confort\u00e1vel:<\/strong><br \/>\nFeita com espuma de mem\u00f3ria de alta qualidade, oferece uma superf\u00edcie macia e suave para a pele que absorve gentilmente a press\u00e3o, prevenindo calv\u00edcie e desconforto.<\/li>\n<li><strong>Fibra de Bambu Respir\u00e1vel:<\/strong><br \/>\nO tecido de fibra de bambu fresco e respir\u00e1vel absorve a umidade, mantendo seu beb\u00ea confort\u00e1vel e livre de erup\u00e7\u00f5es cut\u00e2neas ou brotoejas, independentemente do suor.<\/li>\n<li><strong>Moldagem Integrada:<\/strong><br \/>\nO design de moldagem 3D integrado fornece propriedades antibacterianas e respir\u00e1veis, ajudando a prevenir a sudorese, o desvio da cabe\u00e7a e o choro noturno.<\/li>\n<li><strong>Prote\u00e7\u00e3o 24 Horas:<\/strong><br \/>\nEsta almofada oferece prote\u00e7\u00e3o cont\u00ednua contra bact\u00e9rias, garantindo um ambiente de sono limpo e seguro para seu beb\u00ea.<\/li>\n<li><strong>F\u00e1cil Manuten\u00e7\u00e3o:<\/strong><br \/>\nA almofada \u00e9 f\u00e1cil de lavar e secar, n\u00e3o forma bolinhas e possui uma fronha estilo envelope para troca e lavagem convenientes. O n\u00facleo remov\u00edvel \u00e9 projetado para evitar arranhar a pele delicada do beb\u00ea.<\/li>\n<\/ul>\n","protected":false},"excerpt":{"rendered":"<p>A Almofada Modeladora de Espuma de Mem\u00f3ria com Fibra de Bambu para Crian\u00e7as \u00e9 projetada para beb\u00eas de 0 a 12 meses, promovendo o desenvolvimento saud\u00e1vel do formato da cabe\u00e7a enquanto garante um ambiente de sono confort\u00e1vel. Esta almofada cientificamente desenvolvida possui materiais respir\u00e1veis e antibacterianos que modelam a cabe\u00e7a sem restringir as posi\u00e7\u00f5es de sono, incentivando bons h\u00e1bitos de sono. Feita com espuma de mem\u00f3ria de alta qualidade, oferece uma superf\u00edcie macia e suave para a pele que absorve press\u00e3o e previne calv\u00edcie. O tecido fresco de fibra de bambu absorve a umidade, mantendo seu beb\u00ea confort\u00e1vel e livre de irrita\u00e7\u00f5es. Com manuten\u00e7\u00e3o f\u00e1cil e n\u00facleo remov\u00edvel, esta almofada proporciona um ambiente de sono limpo e seguro para seu pequeno.<\/p>\n","protected":false},"featured_media":17545,"comment_status":"open","ping_status":"closed","template":"","meta":{"site-sidebar-layout":"default","site-content-layout":"","ast-site-content-layout":"default","site-content-style":"default","site-sidebar-style":"default","ast-global-header-display":"","ast-banner-title-visibility":"","ast-main-header-display":"","ast-hfb-above-header-display":"","ast-hfb-below-header-display":"","ast-hfb-mobile-header-display":"","site-post-title":"","ast-breadcrumbs-content":"","ast-featured-img":"","footer-sml-layout":"","theme-transparent-header-meta":"default","adv-header-id-meta":"","stick-header-meta":"","header-above-stick-meta":"","header-main-stick-meta":"","header-below-stick-meta":"","astra-migrate-meta-layouts":"set","ast-page-background-enabled":"default","ast-page-background-meta":{"desktop":{"background-color":"var(--ast-global-color-4)","background-image":"","background-repeat":"repeat","background-position":"center center","background-size":"auto","background-attachment":"scroll","background-type":"","background-media":"","overlay-type":"","overlay-color":"","overlay-opacity":"","overlay-gradient":""},"tablet":{"background-color":"","background-image":"","background-repeat":"repeat","background-position":"center center","background-size":"auto","background-attachment":"scroll","background-type":"","background-media":"","overlay-type":"","overlay-color":"","overlay-opacity":"","overlay-gradient":""},"mobile":{"background-color":"","background-image":"","background-repeat":"repeat","background-position":"center center","background-size":"auto","background-attachment":"scroll","background-type":"","background-media":"","overlay-type":"","overlay-color":"","overlay-opacity":"","overlay-gradient":""}},"ast-content-background-meta":{"desktop":{"background-color":"var(--ast-global-color-5)","background-image":"","background-repeat":"repeat","background-position":"center center","background-size":"auto","background-attachment":"scroll","background-type":"","background-media":"","overlay-type":"","overlay-color":"","overlay-opacity":"","overlay-gradient":""},"tablet":{"background-color":"var(--ast-global-color-5)","background-image":"","background-repeat":"repeat","background-position":"center center","background-size":"auto","background-attachment":"scroll","background-type":"","background-media":"","overlay-type":"","overlay-color":"","overlay-opacity":"","overlay-gradient":""},"mobile":{"background-color":"var(--ast-global-color-5)","background-image":"","background-repeat":"repeat","background-position":"center center","background-size":"auto","background-attachment":"scroll","background-type":"","background-media":"","overlay-type":"","overlay-color":"","overlay-opacity":"","overlay-gradient":""}}},"product_brand":[],"product_cat":[844,916],"product_tag":[611,580,581],"class_list":{"0":"post-17765","1":"product","2":"type-product","3":"status-publish","4":"has-post-thumbnail","6":"product_cat-travesseiro-de-cama","7":"product_cat-travesseiro-para-criancas","8":"product_tag-almohada-pt-pt","9":"product_tag-baby-pillow-pt-pt","10":"product_tag-memory-foam-pt-pt","11":"desktop-align-left","12":"tablet-align-left","13":"mobile-align-left","14":"ast-product-gallery-layout-horizontal-slider","15":"ast-product-single-variable","16":"ast-product-tabs-layout-horizontal","17":"ast-qv-on-image","19":"first","20":"instock","21":"shipping-taxable","22":"purchasable","23":"product-type-variable"},"aioseo_notices":[],"_links":{"self":[{"href":"https:\/\/www.aimycomfort.com\/store\/pt-pt\/wp-json\/wp\/v2\/product\/17765","targetHints":{"allow":["GET"]}}],"collection":[{"href":"https:\/\/www.aimycomfort.com\/store\/pt-pt\/wp-json\/wp\/v2\/product"}],"about":[{"href":"https:\/\/www.aimycomfort.com\/store\/pt-pt\/wp-json\/wp\/v2\/types\/product"}],"replies":[{"embeddable":true,"href":"https:\/\/www.aimycomfort.com\/store\/pt-pt\/wp-json\/wp\/v2\/comments?post=17765"}],"wp:featuredmedia":[{"embeddable":true,"href":"https:\/\/www.aimycomfort.com\/store\/pt-pt\/wp-json\/wp\/v2\/media\/17545"}],"wp:attachment":[{"href":"https:\/\/www.aimycomfort.com\/store\/pt-pt\/wp-json\/wp\/v2\/media?parent=17765"}],"wp:term":[{"taxonomy":"product_brand","embeddable":true,"href":"https:\/\/www.aimycomfort.com\/store\/pt-pt\/wp-json\/wp\/v2\/product_brand?post=17765"},{"taxonomy":"product_cat","embeddable":true,"href":"https:\/\/www.aimycomfort.com\/store\/pt-pt\/wp-json\/wp\/v2\/product_cat?post=17765"},{"taxonomy":"product_tag","embeddable":true,"href":"https:\/\/www.aimycomfort.com\/store\/pt-pt\/wp-json\/wp\/v2\/product_tag?post=17765"}],"curies":[{"name":"wp","href":"https:\/\/api.w.org\/{rel}","templated":true}]}}