{"id":15375,"date":"2024-11-06T03:54:45","date_gmt":"2024-11-06T03:54:45","guid":{"rendered":"https:\/\/www.aimycomfort.com\/store\/product\/customize-gel-summer-cool-memory-foam-twin-mattress\/"},"modified":"2024-11-06T08:39:36","modified_gmt":"2024-11-06T08:39:36","slug":"customize-gel-summer-cool-memory-foam-twin-mattress","status":"publish","type":"product","link":"https:\/\/www.aimycomfort.com\/store\/pt-pt\/produto\/customize-gel-summer-cool-memory-foam-twin-mattress\/","title":{"rendered":"Colch\u00e3o Twin de Espuma de Mem\u00f3ria Gel Fresca Personalizado para o Ver\u00e3o"},"content":{"rendered":"<p>O colch\u00e3o twin de algod\u00e3o de mem\u00f3ria gel refrescante personalizado foi projetado para proporcionar uma experi\u00eancia de sono refrescante e confort\u00e1vel durante os meses mais quentes. Este colch\u00e3o respir\u00e1vel apresenta espuma de mem\u00f3ria de gel de alta qualidade que se adapta ao seu corpo enquanto o mant\u00e9m fresco, tornando-o ideal para v\u00e1rias posi\u00e7\u00f5es de sono.<\/p>\n<h2><strong>Caracter\u00edsticas Principais:<\/strong><\/h2>\n<ul>\n<li><strong>Espuma de Gel Refrigerante:<\/strong><br \/>\nA espuma de mem\u00f3ria infundida com gel ajuda a manter um ambiente de sono fresco, garantindo que voc\u00ea permane\u00e7a confort\u00e1vel durante a noite toda.<\/li>\n<li><strong>Design Ergon\u00f4mico:<\/strong><br \/>\nCriado para suportar v\u00e1rias posi\u00e7\u00f5es de sono, este colch\u00e3o promove o alinhamento adequado e o conforto para um sono reparador.<\/li>\n<li><strong>Orif\u00edcios de Ventila\u00e7\u00e3o:<\/strong><br \/>\nOrif\u00edcios de ventila\u00e7\u00e3o estrategicamente colocados melhoram o fluxo de ar e regulam a temperatura do sono, evitando o superaquecimento.<\/li>\n<li><strong>Materiais de Qualidade:<\/strong><br \/>\nFeito de tecido de poli\u00e9ster dur\u00e1vel, este colch\u00e3o \u00e9 projetado para longevidade e f\u00e1cil manuten\u00e7\u00e3o.<\/li>\n<li><strong>Tamanho Compacto:<\/strong><br \/>\nMedindo 190 x 75 x 5 cm e personaliz\u00e1vel, \u00e9 perfeito para camas twin e pode ser facilmente transportado ou armazenado.<\/li>\n<\/ul>\n<p>Experimente uma noite de sono fresca e confort\u00e1vel com o colch\u00e3o twin de algod\u00e3o de mem\u00f3ria gel refrescante personalizado, projetado para melhorar seu ambiente de sono e fornecer suporte eficaz.<\/p>\n","protected":false},"excerpt":{"rendered":"<p>O colch\u00e3o twin de algod\u00e3o de mem\u00f3ria gel refrescante personalizado oferece uma experi\u00eancia de sono refrescante com sua espuma de mem\u00f3ria de gel de alta qualidade que mant\u00e9m voc\u00ea fresco durante a noite toda. Projetado para v\u00e1rias posi\u00e7\u00f5es de sono, este colch\u00e3o respir\u00e1vel apresenta orif\u00edcios de ventila\u00e7\u00e3o para melhorar o fluxo de ar e regular a temperatura. Feito de poli\u00e9ster dur\u00e1vel, \u00e9 perfeito para camas twin. Aproveite o conforto e o suporte com este colch\u00e3o ideal para o ver\u00e3o!<\/p>\n","protected":false},"featured_media":15089,"comment_status":"open","ping_status":"closed","template":"","meta":{"site-sidebar-layout":"default","site-content-layout":"","ast-site-content-layout":"default","site-content-style":"default","site-sidebar-style":"default","ast-global-header-display":"","ast-banner-title-visibility":"","ast-main-header-display":"","ast-hfb-above-header-display":"","ast-hfb-below-header-display":"","ast-hfb-mobile-header-display":"","site-post-title":"","ast-breadcrumbs-content":"","ast-featured-img":"","footer-sml-layout":"","theme-transparent-header-meta":"default","adv-header-id-meta":"","stick-header-meta":"","header-above-stick-meta":"","header-main-stick-meta":"","header-below-stick-meta":"","astra-migrate-meta-layouts":"set","ast-page-background-enabled":"default","ast-page-background-meta":{"desktop":{"background-color":"var(--ast-global-color-4)","background-image":"","background-repeat":"repeat","background-position":"center center","background-size":"auto","background-attachment":"scroll","background-type":"","background-media":"","overlay-type":"","overlay-color":"","overlay-opacity":"","overlay-gradient":""},"tablet":{"background-color":"","background-image":"","background-repeat":"repeat","background-position":"center center","background-size":"auto","background-attachment":"scroll","background-type":"","background-media":"","overlay-type":"","overlay-color":"","overlay-opacity":"","overlay-gradient":""},"mobile":{"background-color":"","background-image":"","background-repeat":"repeat","background-position":"center center","background-size":"auto","background-attachment":"scroll","background-type":"","background-media":"","overlay-type":"","overlay-color":"","overlay-opacity":"","overlay-gradient":""}},"ast-content-background-meta":{"desktop":{"background-color":"var(--ast-global-color-5)","background-image":"","background-repeat":"repeat","background-position":"center center","background-size":"auto","background-attachment":"scroll","background-type":"","background-media":"","overlay-type":"","overlay-color":"","overlay-opacity":"","overlay-gradient":""},"tablet":{"background-color":"var(--ast-global-color-5)","background-image":"","background-repeat":"repeat","background-position":"center center","background-size":"auto","background-attachment":"scroll","background-type":"","background-media":"","overlay-type":"","overlay-color":"","overlay-opacity":"","overlay-gradient":""},"mobile":{"background-color":"var(--ast-global-color-5)","background-image":"","background-repeat":"repeat","background-position":"center center","background-size":"auto","background-attachment":"scroll","background-type":"","background-media":"","overlay-type":"","overlay-color":"","overlay-opacity":"","overlay-gradient":""}}},"product_brand":[],"product_cat":[748],"product_tag":[739,581],"class_list":{"0":"post-15375","1":"product","2":"type-product","3":"status-publish","4":"has-post-thumbnail","6":"product_cat-memory-form-mattress-pt-pt","7":"product_tag-colchao","8":"product_tag-memory-foam-pt-pt","9":"desktop-align-left","10":"tablet-align-left","11":"mobile-align-left","12":"ast-product-gallery-layout-horizontal-slider","13":"ast-product-single-variable","14":"ast-product-tabs-layout-horizontal","15":"ast-qv-on-image","17":"first","18":"instock","19":"shipping-taxable","20":"purchasable","21":"product-type-variable"},"aioseo_notices":[],"_links":{"self":[{"href":"https:\/\/www.aimycomfort.com\/store\/pt-pt\/wp-json\/wp\/v2\/product\/15375","targetHints":{"allow":["GET"]}}],"collection":[{"href":"https:\/\/www.aimycomfort.com\/store\/pt-pt\/wp-json\/wp\/v2\/product"}],"about":[{"href":"https:\/\/www.aimycomfort.com\/store\/pt-pt\/wp-json\/wp\/v2\/types\/product"}],"replies":[{"embeddable":true,"href":"https:\/\/www.aimycomfort.com\/store\/pt-pt\/wp-json\/wp\/v2\/comments?post=15375"}],"wp:featuredmedia":[{"embeddable":true,"href":"https:\/\/www.aimycomfort.com\/store\/pt-pt\/wp-json\/wp\/v2\/media\/15089"}],"wp:attachment":[{"href":"https:\/\/www.aimycomfort.com\/store\/pt-pt\/wp-json\/wp\/v2\/media?parent=15375"}],"wp:term":[{"taxonomy":"product_brand","embeddable":true,"href":"https:\/\/www.aimycomfort.com\/store\/pt-pt\/wp-json\/wp\/v2\/product_brand?post=15375"},{"taxonomy":"product_cat","embeddable":true,"href":"https:\/\/www.aimycomfort.com\/store\/pt-pt\/wp-json\/wp\/v2\/product_cat?post=15375"},{"taxonomy":"product_tag","embeddable":true,"href":"https:\/\/www.aimycomfort.com\/store\/pt-pt\/wp-json\/wp\/v2\/product_tag?post=15375"}],"curies":[{"name":"wp","href":"https:\/\/api.w.org\/{rel}","templated":true}]}}