{"id":15355,"date":"2024-11-06T03:23:19","date_gmt":"2024-11-06T03:23:19","guid":{"rendered":"https:\/\/www.aimycomfort.com\/store\/product\/customized-10cm-thick-memory-foam-breathable-mattress\/"},"modified":"2024-11-06T07:26:47","modified_gmt":"2024-11-06T07:26:47","slug":"customized-10cm-thick-memory-foam-breathable-mattress","status":"publish","type":"product","link":"https:\/\/www.aimycomfort.com\/store\/pt-pt\/produto\/customized-10cm-thick-memory-foam-breathable-mattress\/","title":{"rendered":"Colch\u00e3o Respir\u00e1vel de Mem\u00f3ria Personalizado de 10 cm de Espessura"},"content":{"rendered":"<p>O colch\u00e3o respir\u00e1vel de mem\u00f3ria de 10 cm de espessura personalizado foi projetado para oferecer o m\u00e1ximo conforto e versatilidade, tornando-o perfeito para uso em dormit\u00f3rios estudantis. Este tapete de esponja dobr\u00e1vel apresenta uma constru\u00e7\u00e3o interna de cinco camadas, incluindo tecido de jacquard tricotado, algod\u00e3o de mem\u00f3ria perfurado, esponja de alta densidade, esponja de suporte e tecido de malha respir\u00e1vel 5D, garantindo uma experi\u00eancia de sono reparadora.<\/p>\n<h2><strong>Caracter\u00edsticas Principais:<\/strong><\/h2>\n<ul>\n<li><strong>Constru\u00e7\u00e3o de Cinco Camadas:<\/strong><br \/>\nO colch\u00e3o combina m\u00faltiplos materiais para suporte e conforto ideais, incluindo uma camada de tecido de jacquard macio e espuma de mem\u00f3ria respir\u00e1vel.<\/li>\n<li><strong>Macio e Amig\u00e1vel \u00e0 Pele:<\/strong><br \/>\nO tecido tricotado \u00e9 suave ao toque, tornando-o adequado para dormir diretamente sobre o colch\u00e3o, enquanto as propriedades absorventes de umidade mant\u00eam voc\u00ea confort\u00e1vel durante a noite.<\/li>\n<li><strong>Dur\u00e1vel e Resiliente:<\/strong><br \/>\nCom tecnologia acolchoada, este colch\u00e3o resiste \u00e0 deforma\u00e7\u00e3o e rugas, garantindo durabilidade a longo prazo.<\/li>\n<li><strong>Design Respir\u00e1vel:<\/strong><br \/>\nO tecido de malha em forma de colmeia possui furos respir\u00e1veis que promovem o fluxo de ar, mantendo o colch\u00e3o seco e confort\u00e1vel, al\u00e9m de proporcionar estabilidade antiderrapante.<\/li>\n<li><strong>Tamanhos Vers\u00e1teis:<\/strong><br \/>\nDispon\u00edvel em v\u00e1rias dimens\u00f5es (90 x 200 cm, 120 x 200 cm, 150 x 200 cm), este colch\u00e3o \u00e9 adequado para v\u00e1rios tamanhos de cama.<\/li>\n<\/ul>\n<p>Experimente um sono confort\u00e1vel e de apoio com o colch\u00e3o respir\u00e1vel de mem\u00f3ria de 10 cm de espessura personalizado, projetado para melhorar seu ambiente de sono enquanto oferece a flexibilidade necess\u00e1ria para a vida em dormit\u00f3rio.<\/p>\n","protected":false},"excerpt":{"rendered":"<p>O colch\u00e3o respir\u00e1vel de mem\u00f3ria de 10 cm de espessura personalizado \u00e9 perfeito para uso em dormit\u00f3rios estudantis. Este tapete de esponja dobr\u00e1vel apresenta uma constru\u00e7\u00e3o de cinco camadas, incluindo tecido de jacquard tricotado, algod\u00e3o de mem\u00f3ria perfurado e malha respir\u00e1vel, garantindo conforto e suporte ideais. O tecido macio e amig\u00e1vel \u00e0 pele absorve a umidade e \u00e9 dur\u00e1vel, enquanto o design em forma de colmeia promove o fluxo de ar e a estabilidade. Dispon\u00edvel em v\u00e1rios tamanhos (90 x 200 cm, 120 x 200 cm, 150 x 200 cm) e cores (branco, cinza), este colch\u00e3o oferece uma solu\u00e7\u00e3o de sono aconchegante e vers\u00e1til.<\/p>\n","protected":false},"featured_media":15017,"comment_status":"open","ping_status":"closed","template":"","meta":{"site-sidebar-layout":"default","site-content-layout":"","ast-site-content-layout":"default","site-content-style":"default","site-sidebar-style":"default","ast-global-header-display":"","ast-banner-title-visibility":"","ast-main-header-display":"","ast-hfb-above-header-display":"","ast-hfb-below-header-display":"","ast-hfb-mobile-header-display":"","site-post-title":"","ast-breadcrumbs-content":"","ast-featured-img":"","footer-sml-layout":"","theme-transparent-header-meta":"default","adv-header-id-meta":"","stick-header-meta":"","header-above-stick-meta":"","header-main-stick-meta":"","header-below-stick-meta":"","astra-migrate-meta-layouts":"set","ast-page-background-enabled":"default","ast-page-background-meta":{"desktop":{"background-color":"var(--ast-global-color-4)","background-image":"","background-repeat":"repeat","background-position":"center center","background-size":"auto","background-attachment":"scroll","background-type":"","background-media":"","overlay-type":"","overlay-color":"","overlay-opacity":"","overlay-gradient":""},"tablet":{"background-color":"","background-image":"","background-repeat":"repeat","background-position":"center center","background-size":"auto","background-attachment":"scroll","background-type":"","background-media":"","overlay-type":"","overlay-color":"","overlay-opacity":"","overlay-gradient":""},"mobile":{"background-color":"","background-image":"","background-repeat":"repeat","background-position":"center center","background-size":"auto","background-attachment":"scroll","background-type":"","background-media":"","overlay-type":"","overlay-color":"","overlay-opacity":"","overlay-gradient":""}},"ast-content-background-meta":{"desktop":{"background-color":"var(--ast-global-color-5)","background-image":"","background-repeat":"repeat","background-position":"center center","background-size":"auto","background-attachment":"scroll","background-type":"","background-media":"","overlay-type":"","overlay-color":"","overlay-opacity":"","overlay-gradient":""},"tablet":{"background-color":"var(--ast-global-color-5)","background-image":"","background-repeat":"repeat","background-position":"center center","background-size":"auto","background-attachment":"scroll","background-type":"","background-media":"","overlay-type":"","overlay-color":"","overlay-opacity":"","overlay-gradient":""},"mobile":{"background-color":"var(--ast-global-color-5)","background-image":"","background-repeat":"repeat","background-position":"center center","background-size":"auto","background-attachment":"scroll","background-type":"","background-media":"","overlay-type":"","overlay-color":"","overlay-opacity":"","overlay-gradient":""}}},"product_brand":[],"product_cat":[748],"product_tag":[739,581],"class_list":{"0":"post-15355","1":"product","2":"type-product","3":"status-publish","4":"has-post-thumbnail","6":"product_cat-memory-form-mattress-pt-pt","7":"product_tag-colchao","8":"product_tag-memory-foam-pt-pt","9":"desktop-align-left","10":"tablet-align-left","11":"mobile-align-left","12":"ast-product-gallery-layout-horizontal-slider","13":"ast-product-single-variable","14":"ast-product-tabs-layout-horizontal","15":"ast-qv-on-image","17":"first","18":"instock","19":"shipping-taxable","20":"purchasable","21":"product-type-variable"},"aioseo_notices":[],"_links":{"self":[{"href":"https:\/\/www.aimycomfort.com\/store\/pt-pt\/wp-json\/wp\/v2\/product\/15355","targetHints":{"allow":["GET"]}}],"collection":[{"href":"https:\/\/www.aimycomfort.com\/store\/pt-pt\/wp-json\/wp\/v2\/product"}],"about":[{"href":"https:\/\/www.aimycomfort.com\/store\/pt-pt\/wp-json\/wp\/v2\/types\/product"}],"replies":[{"embeddable":true,"href":"https:\/\/www.aimycomfort.com\/store\/pt-pt\/wp-json\/wp\/v2\/comments?post=15355"}],"wp:featuredmedia":[{"embeddable":true,"href":"https:\/\/www.aimycomfort.com\/store\/pt-pt\/wp-json\/wp\/v2\/media\/15017"}],"wp:attachment":[{"href":"https:\/\/www.aimycomfort.com\/store\/pt-pt\/wp-json\/wp\/v2\/media?parent=15355"}],"wp:term":[{"taxonomy":"product_brand","embeddable":true,"href":"https:\/\/www.aimycomfort.com\/store\/pt-pt\/wp-json\/wp\/v2\/product_brand?post=15355"},{"taxonomy":"product_cat","embeddable":true,"href":"https:\/\/www.aimycomfort.com\/store\/pt-pt\/wp-json\/wp\/v2\/product_cat?post=15355"},{"taxonomy":"product_tag","embeddable":true,"href":"https:\/\/www.aimycomfort.com\/store\/pt-pt\/wp-json\/wp\/v2\/product_tag?post=15355"}],"curies":[{"name":"wp","href":"https:\/\/api.w.org\/{rel}","templated":true}]}}