{"id":14193,"date":"2024-11-01T06:28:45","date_gmt":"2024-11-01T06:28:45","guid":{"rendered":"https:\/\/www.aimycomfort.com\/store\/product\/linen-technology-fabric-anti-slip-cushion\/"},"modified":"2024-11-04T09:00:52","modified_gmt":"2024-11-04T09:00:52","slug":"linen-technology-fabric-anti-slip-cushion","status":"publish","type":"product","link":"https:\/\/www.aimycomfort.com\/store\/pt-pt\/produto\/linen-technology-fabric-anti-slip-cushion\/","title":{"rendered":"Cushion Antiderrapante de Tecido de Tecnologia de Linho"},"content":{"rendered":"<p>O cushion antideslizante de tecido de tecnologia de linho foi projetado para melhorar sua experi\u00eancia de sentar com seus recursos inovadores e materiais de alta qualidade. Este cushion combina um n\u00facleo de algod\u00e3o de mem\u00f3ria 3D com uma capa de tecido de linho imita\u00e7\u00e3o dur\u00e1vel, proporcionando conforto e suporte excepcionais para longos per\u00edodos de sentar, seja em casa ou no escrit\u00f3rio.<\/p>\n<h2><strong>Principais Caracter\u00edsticas:<\/strong><\/h2>\n<ul>\n<li><strong>Design Antiderrapante:<\/strong><br \/>\nCom um design de dupla camada com part\u00edculas antiderrapantes e uma al\u00e7a de 30 cm, este cushion permanece firmemente no lugar, garantindo estabilidade e evitando deslocamentos durante o uso.<\/li>\n<li><strong>Z\u00edper Conveniente:<\/strong><br \/>\nO z\u00edper de alta qualidade permite f\u00e1cil desmontagem e lavagem, facilitando a manuten\u00e7\u00e3o e adicionando um toque de eleg\u00e2ncia ao cushion.<\/li>\n<li><strong>Suporte Confort\u00e1vel:<\/strong><br \/>\nO n\u00facleo de esponja de alta densidade 45D oferece suporte firme, mas confort\u00e1vel, ajudando a aliviar a press\u00e3o nos gl\u00fateos e a prevenir o achatamento ao longo do tempo.<\/li>\n<li><strong>Tecido Respir\u00e1vel:<\/strong><br \/>\nFeito de tecido de linho imita\u00e7\u00e3o, este cushion \u00e9 confort\u00e1vel e respir\u00e1vel, melhorando sua experi\u00eancia de sentar enquanto mant\u00e9m voc\u00ea fresco.<\/li>\n<li><strong>Uso Vers\u00e1til:<\/strong><br \/>\nIdeal para cadeiras de escrit\u00f3rio, sof\u00e1s ou qualquer arranjo de assentos, este cushion \u00e9 projetado para esculpir e apoiar seus gl\u00fateos, proporcionando uma solu\u00e7\u00e3o de assento confort\u00e1vel e ergon\u00f4mica.<\/li>\n<li><strong>Dur\u00e1vel e Lav\u00e1vel:<\/strong><br \/>\nO cushion \u00e9 remov\u00edvel e lav\u00e1vel, garantindo que permane\u00e7a fresco e limpo. Ele mant\u00e9m sua forma e suporte mesmo ap\u00f3s uso prolongado.<\/li>\n<\/ul>\n<p>Atualize seu conforto ao sentar com o cushion antideslizante de tecido de tecnologia de linho, projetado para fornecer suporte duradouro e melhorar sua experi\u00eancia de sentar. Aproveite uma adi\u00e7\u00e3o macia, est\u00e1vel e elegante ao seu lar ou escrit\u00f3rio!<\/p>\n","protected":false},"excerpt":{"rendered":"<p>O cushion antideslizante de tecido de tecnologia de linho melhora sua experi\u00eancia de sentar com seu n\u00facleo de algod\u00e3o de mem\u00f3ria 3D e sua dur\u00e1vel capa de linho imita\u00e7\u00e3o. Projetado com um sistema antiderrapante de dupla camada que apresenta part\u00edculas e uma al\u00e7a de 30 cm, ele permanece firmemente no lugar. A esponja de alta densidade fornece suporte firme, aliviando a press\u00e3o nos gl\u00fateos enquanto mant\u00e9m o conforto. Com um z\u00edper conveniente para f\u00e1cil limpeza, \u00e9 perfeito para cadeiras de escrit\u00f3rio, sof\u00e1s ou qualquer arranjo de assentos.<\/p>\n","protected":false},"featured_media":13786,"comment_status":"open","ping_status":"closed","template":"","meta":{"site-sidebar-layout":"default","site-content-layout":"","ast-site-content-layout":"default","site-content-style":"default","site-sidebar-style":"default","ast-global-header-display":"","ast-banner-title-visibility":"","ast-main-header-display":"","ast-hfb-above-header-display":"","ast-hfb-below-header-display":"","ast-hfb-mobile-header-display":"","site-post-title":"","ast-breadcrumbs-content":"","ast-featured-img":"","footer-sml-layout":"","theme-transparent-header-meta":"default","adv-header-id-meta":"","stick-header-meta":"","header-above-stick-meta":"","header-main-stick-meta":"","header-below-stick-meta":"","astra-migrate-meta-layouts":"set","ast-page-background-enabled":"default","ast-page-background-meta":{"desktop":{"background-color":"var(--ast-global-color-4)","background-image":"","background-repeat":"repeat","background-position":"center center","background-size":"auto","background-attachment":"scroll","background-type":"","background-media":"","overlay-type":"","overlay-color":"","overlay-opacity":"","overlay-gradient":""},"tablet":{"background-color":"","background-image":"","background-repeat":"repeat","background-position":"center center","background-size":"auto","background-attachment":"scroll","background-type":"","background-media":"","overlay-type":"","overlay-color":"","overlay-opacity":"","overlay-gradient":""},"mobile":{"background-color":"","background-image":"","background-repeat":"repeat","background-position":"center center","background-size":"auto","background-attachment":"scroll","background-type":"","background-media":"","overlay-type":"","overlay-color":"","overlay-opacity":"","overlay-gradient":""}},"ast-content-background-meta":{"desktop":{"background-color":"var(--ast-global-color-5)","background-image":"","background-repeat":"repeat","background-position":"center center","background-size":"auto","background-attachment":"scroll","background-type":"","background-media":"","overlay-type":"","overlay-color":"","overlay-opacity":"","overlay-gradient":""},"tablet":{"background-color":"var(--ast-global-color-5)","background-image":"","background-repeat":"repeat","background-position":"center center","background-size":"auto","background-attachment":"scroll","background-type":"","background-media":"","overlay-type":"","overlay-color":"","overlay-opacity":"","overlay-gradient":""},"mobile":{"background-color":"var(--ast-global-color-5)","background-image":"","background-repeat":"repeat","background-position":"center center","background-size":"auto","background-attachment":"scroll","background-type":"","background-media":"","overlay-type":"","overlay-color":"","overlay-opacity":"","overlay-gradient":""}}},"product_brand":[],"product_cat":[338],"product_tag":[339,513],"class_list":{"0":"post-14193","1":"product","2":"type-product","3":"status-publish","4":"has-post-thumbnail","6":"product_cat-almofada","7":"product_tag-almofada-pt-pt","8":"product_tag-comfort-seating-pt-pt","9":"desktop-align-left","10":"tablet-align-left","11":"mobile-align-left","12":"ast-product-gallery-layout-horizontal-slider","13":"ast-product-single-variable","14":"ast-product-tabs-layout-horizontal","15":"ast-qv-on-image","17":"first","18":"instock","19":"shipping-taxable","20":"purchasable","21":"product-type-variable"},"aioseo_notices":[],"_links":{"self":[{"href":"https:\/\/www.aimycomfort.com\/store\/pt-pt\/wp-json\/wp\/v2\/product\/14193","targetHints":{"allow":["GET"]}}],"collection":[{"href":"https:\/\/www.aimycomfort.com\/store\/pt-pt\/wp-json\/wp\/v2\/product"}],"about":[{"href":"https:\/\/www.aimycomfort.com\/store\/pt-pt\/wp-json\/wp\/v2\/types\/product"}],"replies":[{"embeddable":true,"href":"https:\/\/www.aimycomfort.com\/store\/pt-pt\/wp-json\/wp\/v2\/comments?post=14193"}],"wp:featuredmedia":[{"embeddable":true,"href":"https:\/\/www.aimycomfort.com\/store\/pt-pt\/wp-json\/wp\/v2\/media\/13786"}],"wp:attachment":[{"href":"https:\/\/www.aimycomfort.com\/store\/pt-pt\/wp-json\/wp\/v2\/media?parent=14193"}],"wp:term":[{"taxonomy":"product_brand","embeddable":true,"href":"https:\/\/www.aimycomfort.com\/store\/pt-pt\/wp-json\/wp\/v2\/product_brand?post=14193"},{"taxonomy":"product_cat","embeddable":true,"href":"https:\/\/www.aimycomfort.com\/store\/pt-pt\/wp-json\/wp\/v2\/product_cat?post=14193"},{"taxonomy":"product_tag","embeddable":true,"href":"https:\/\/www.aimycomfort.com\/store\/pt-pt\/wp-json\/wp\/v2\/product_tag?post=14193"}],"curies":[{"name":"wp","href":"https:\/\/api.w.org\/{rel}","templated":true}]}}