{"id":13071,"date":"2024-10-30T03:18:47","date_gmt":"2024-10-30T03:18:47","guid":{"rendered":"https:\/\/www.aimycomfort.com\/store\/product\/pear-shaped-office-lumbar-support\/"},"modified":"2024-10-30T03:44:12","modified_gmt":"2024-10-30T03:44:12","slug":"pear-shaped-office-lumbar-support","status":"publish","type":"product","link":"https:\/\/www.aimycomfort.com\/store\/pt-pt\/produto\/pear-shaped-office-lumbar-support\/","title":{"rendered":"Suporte lombar de escrit\u00f3rio em forma de pera"},"content":{"rendered":"<p>O suporte lombar de escrit\u00f3rio em forma de pera foi projetado para aumentar o conforto durante longas horas sentado, seja na sua mesa ou no carro. Este lindo e funcional travesseiro de assento possui algod\u00e3o com mem\u00f3ria de zero press\u00e3o que fornece suporte abrangente, aliviando efetivamente a press\u00e3o nas costas e na cintura.<\/p>\n<h2><strong>Principais Caracter\u00edsticas:<\/strong><\/h2>\n<ul>\n<li><strong>Design Ergon\u00f4mico:<\/strong><br \/>\nA curva em forma de pera se ajusta completamente \u00e0 cintura e \u00e0s costas, abra\u00e7ando seus contornos naturais para suporte e conforto ideais.<\/li>\n<li><strong>Suporte de Zero Press\u00e3o:<\/strong><br \/>\nFeito de algod\u00e3o macio e de suporte, este travesseiro garante uma experi\u00eancia de assento confort\u00e1vel sem fadiga, mesmo ap\u00f3s oito horas.<\/li>\n<li><strong>Suporte Completo:<\/strong><br \/>\nAs cinco zonas principais se conformam \u00e0s curvas do corpo, proporcionando amplo suporte adequado para diferentes tipos de corpo e relaxando os m\u00fasculos da cintura.<\/li>\n<li><strong>Materiais de Alta Qualidade:<\/strong><br \/>\nFeito de tecido de moletom respir\u00e1vel e veludo de pele de ovelha, este travesseiro \u00e9 absorvente de umidade e amig\u00e1vel \u00e0 pele, garantindo uma experi\u00eancia fresca e confort\u00e1vel.<\/li>\n<li><strong>Ajuste Ajust\u00e1vel:<\/strong><br \/>\nPossui um fecho traseiro de alta elasticidade para ajuste flex\u00edvel, tornando-o adequado para v\u00e1rios tipos de cadeiras, juntamente com um z\u00edper suave para f\u00e1cil fixa\u00e7\u00e3o.<\/li>\n<\/ul>\n<p>O suporte lombar de escrit\u00f3rio em forma de pera \u00e9 o companheiro perfeito para quem busca conforto e apoio enquanto trabalha ou viaja, garantindo que voc\u00ea permane\u00e7a relaxado e focado ao longo do dia.<\/p>\n","protected":false},"excerpt":{"rendered":"<p>O suporte lombar de escrit\u00f3rio em forma de pera \u00e9 projetado para oferecer o m\u00e1ximo conforto durante longas horas sentado. Feito de algod\u00e3o com mem\u00f3ria de zero press\u00e3o, este travesseiro possui um design ergon\u00f4mico em forma de pera que apoia completamente a cintura e as costas, aliviando a press\u00e3o e a fadiga. Fabricado com tecido de moletom respir\u00e1vel e veludo de pele de ovelha, garante uma experi\u00eancia fresca e amig\u00e1vel \u00e0 pele. Com um ajuste ajust\u00e1vel e um z\u00edper suave para f\u00e1cil fixa\u00e7\u00e3o, este travesseiro \u00e9 perfeito para mesas de escrit\u00f3rio e assentos de carro.<\/p>\n","protected":false},"featured_media":12974,"comment_status":"open","ping_status":"closed","template":"","meta":{"site-sidebar-layout":"default","site-content-layout":"","ast-site-content-layout":"default","site-content-style":"default","site-sidebar-style":"default","ast-global-header-display":"","ast-banner-title-visibility":"","ast-main-header-display":"","ast-hfb-above-header-display":"","ast-hfb-below-header-display":"","ast-hfb-mobile-header-display":"","site-post-title":"","ast-breadcrumbs-content":"","ast-featured-img":"","footer-sml-layout":"","theme-transparent-header-meta":"default","adv-header-id-meta":"","stick-header-meta":"","header-above-stick-meta":"","header-main-stick-meta":"","header-below-stick-meta":"","astra-migrate-meta-layouts":"set","ast-page-background-enabled":"default","ast-page-background-meta":{"desktop":{"background-color":"var(--ast-global-color-4)","background-image":"","background-repeat":"repeat","background-position":"center center","background-size":"auto","background-attachment":"scroll","background-type":"","background-media":"","overlay-type":"","overlay-color":"","overlay-opacity":"","overlay-gradient":""},"tablet":{"background-color":"","background-image":"","background-repeat":"repeat","background-position":"center center","background-size":"auto","background-attachment":"scroll","background-type":"","background-media":"","overlay-type":"","overlay-color":"","overlay-opacity":"","overlay-gradient":""},"mobile":{"background-color":"","background-image":"","background-repeat":"repeat","background-position":"center center","background-size":"auto","background-attachment":"scroll","background-type":"","background-media":"","overlay-type":"","overlay-color":"","overlay-opacity":"","overlay-gradient":""}},"ast-content-background-meta":{"desktop":{"background-color":"var(--ast-global-color-5)","background-image":"","background-repeat":"repeat","background-position":"center center","background-size":"auto","background-attachment":"scroll","background-type":"","background-media":"","overlay-type":"","overlay-color":"","overlay-opacity":"","overlay-gradient":""},"tablet":{"background-color":"var(--ast-global-color-5)","background-image":"","background-repeat":"repeat","background-position":"center center","background-size":"auto","background-attachment":"scroll","background-type":"","background-media":"","overlay-type":"","overlay-color":"","overlay-opacity":"","overlay-gradient":""},"mobile":{"background-color":"var(--ast-global-color-5)","background-image":"","background-repeat":"repeat","background-position":"center center","background-size":"auto","background-attachment":"scroll","background-type":"","background-media":"","overlay-type":"","overlay-color":"","overlay-opacity":"","overlay-gradient":""}}},"product_brand":[],"product_cat":[140],"product_tag":[581,771,166],"class_list":{"0":"post-13071","1":"product","2":"type-product","3":"status-publish","4":"has-post-thumbnail","6":"product_cat-apoio-lombar","7":"product_tag-memory-foam-pt-pt","8":"product_tag-ergonomic-support-pt-pt","9":"product_tag-suporte-lombar","10":"desktop-align-left","11":"tablet-align-left","12":"mobile-align-left","13":"ast-product-gallery-layout-horizontal-slider","14":"ast-product-single-variable","15":"ast-product-tabs-layout-horizontal","16":"ast-qv-on-image","18":"first","19":"instock","20":"shipping-taxable","21":"purchasable","22":"product-type-variable"},"aioseo_notices":[],"_links":{"self":[{"href":"https:\/\/www.aimycomfort.com\/store\/pt-pt\/wp-json\/wp\/v2\/product\/13071","targetHints":{"allow":["GET"]}}],"collection":[{"href":"https:\/\/www.aimycomfort.com\/store\/pt-pt\/wp-json\/wp\/v2\/product"}],"about":[{"href":"https:\/\/www.aimycomfort.com\/store\/pt-pt\/wp-json\/wp\/v2\/types\/product"}],"replies":[{"embeddable":true,"href":"https:\/\/www.aimycomfort.com\/store\/pt-pt\/wp-json\/wp\/v2\/comments?post=13071"}],"wp:featuredmedia":[{"embeddable":true,"href":"https:\/\/www.aimycomfort.com\/store\/pt-pt\/wp-json\/wp\/v2\/media\/12974"}],"wp:attachment":[{"href":"https:\/\/www.aimycomfort.com\/store\/pt-pt\/wp-json\/wp\/v2\/media?parent=13071"}],"wp:term":[{"taxonomy":"product_brand","embeddable":true,"href":"https:\/\/www.aimycomfort.com\/store\/pt-pt\/wp-json\/wp\/v2\/product_brand?post=13071"},{"taxonomy":"product_cat","embeddable":true,"href":"https:\/\/www.aimycomfort.com\/store\/pt-pt\/wp-json\/wp\/v2\/product_cat?post=13071"},{"taxonomy":"product_tag","embeddable":true,"href":"https:\/\/www.aimycomfort.com\/store\/pt-pt\/wp-json\/wp\/v2\/product_tag?post=13071"}],"curies":[{"name":"wp","href":"https:\/\/api.w.org\/{rel}","templated":true}]}}