{"id":12859,"date":"2024-10-29T03:16:11","date_gmt":"2024-10-29T03:16:11","guid":{"rendered":"https:\/\/www.aimycomfort.com\/store\/product\/zero-pressure-cloud-pillow\/"},"modified":"2024-10-29T06:06:08","modified_gmt":"2024-10-29T06:06:08","slug":"zero-pressure-cloud-pillow","status":"publish","type":"product","link":"https:\/\/www.aimycomfort.com\/store\/pt-pt\/produto\/zero-pressure-cloud-pillow\/","title":{"rendered":"Travesseiro Zero Pressure Cloud"},"content":{"rendered":"<p>Experimente um conforto incompar\u00e1vel com o Travesseiro Zero Pressure Cloud, projetado para uso em todas as esta\u00e7\u00f5es. Este travesseiro de mem\u00f3ria respir\u00e1vel possui espuma de mem\u00f3ria de recupera\u00e7\u00e3o lenta que proporciona um toque semelhante a uma nuvem, garantindo uma noite de sono reparadora.<\/p>\n<h2><strong>Principais Caracter\u00edsticas:<\/strong><\/h2>\n<ul>\n<li><strong>Conforto Semelhante a uma Nuvem:<\/strong><br \/>\nDesfrute de uma experi\u00eancia de rebote suave e el\u00e1stica que envolve sua cabe\u00e7a, pesco\u00e7o e ombros, permitindo que voc\u00ea relaxe e deixe seus pensamentos vagarem.<\/li>\n<li><strong>Design Ergon\u00f4mico:<\/strong><br \/>\nAs quatro divis\u00f5es do travesseiro apoiam as curvas naturais, proporcionando suporte cervical e protegendo efetivamente sua coluna para um sono profundo e restaurador.<\/li>\n<li><strong>Al\u00edvio do Estresse:<\/strong><br \/>\nA espuma de recupera\u00e7\u00e3o lenta libera o estresse e alivia a fadiga e a ansiedade, promovendo uma sensa\u00e7\u00e3o de calma.<\/li>\n<li><strong>Antibacteriano e Resistente a \u00c1caros:<\/strong><br \/>\nFeito com tecnologia de espuma PU, este travesseiro \u00e9 inodoro, n\u00e3o t\u00f3xico e resistente a al\u00e9rgenos.<\/li>\n<li><strong>Tecido Leve e Respir\u00e1vel:<\/strong><br \/>\nConfeccionado em tecido de seda gelada e algod\u00e3o poli\u00e9ster, o travesseiro \u00e9 macio, amig\u00e1vel \u00e0 pele e respir\u00e1vel para maior conforto.<\/li>\n<\/ul>\n<p>O Travesseiro Zero Pressure Cloud \u00e9 seu companheiro perfeito para uma experi\u00eancia de sono confort\u00e1vel e rejuvenescente, garantindo que voc\u00ea acorde renovado e pronto para o dia.<\/p>\n","protected":false},"excerpt":{"rendered":"<p>O Travesseiro Zero Pressure Cloud oferece conforto em todas as esta\u00e7\u00f5es com sua espuma de mem\u00f3ria respir\u00e1vel de recupera\u00e7\u00e3o lenta que proporciona uma sensa\u00e7\u00e3o semelhante a uma nuvem. Projetado com uma forma ergon\u00f4mica e quatro divis\u00f5es de suporte, ele envolve a cabe\u00e7a, o pesco\u00e7o e os ombros, promovendo um sono profundo e aliviando o estresse. Antibacteriano e resistente a \u00e1caros, este travesseiro leve possui um suave tecido de seda gelada para uma experi\u00eancia amig\u00e1vel \u00e0 pele. Dispon\u00edvel em azul, cinza e branco, \u00e9 a adi\u00e7\u00e3o perfeita \u00e0 sua rotina de sono.<\/p>\n","protected":false},"featured_media":12649,"comment_status":"open","ping_status":"closed","template":"","meta":{"site-sidebar-layout":"default","site-content-layout":"","ast-site-content-layout":"default","site-content-style":"default","site-sidebar-style":"default","ast-global-header-display":"","ast-banner-title-visibility":"","ast-main-header-display":"","ast-hfb-above-header-display":"","ast-hfb-below-header-display":"","ast-hfb-mobile-header-display":"","site-post-title":"","ast-breadcrumbs-content":"","ast-featured-img":"","footer-sml-layout":"","theme-transparent-header-meta":"default","adv-header-id-meta":"","stick-header-meta":"","header-above-stick-meta":"","header-main-stick-meta":"","header-below-stick-meta":"","astra-migrate-meta-layouts":"set","ast-page-background-enabled":"default","ast-page-background-meta":{"desktop":{"background-color":"var(--ast-global-color-4)","background-image":"","background-repeat":"repeat","background-position":"center center","background-size":"auto","background-attachment":"scroll","background-type":"","background-media":"","overlay-type":"","overlay-color":"","overlay-opacity":"","overlay-gradient":""},"tablet":{"background-color":"","background-image":"","background-repeat":"repeat","background-position":"center center","background-size":"auto","background-attachment":"scroll","background-type":"","background-media":"","overlay-type":"","overlay-color":"","overlay-opacity":"","overlay-gradient":""},"mobile":{"background-color":"","background-image":"","background-repeat":"repeat","background-position":"center center","background-size":"auto","background-attachment":"scroll","background-type":"","background-media":"","overlay-type":"","overlay-color":"","overlay-opacity":"","overlay-gradient":""}},"ast-content-background-meta":{"desktop":{"background-color":"var(--ast-global-color-5)","background-image":"","background-repeat":"repeat","background-position":"center center","background-size":"auto","background-attachment":"scroll","background-type":"","background-media":"","overlay-type":"","overlay-color":"","overlay-opacity":"","overlay-gradient":""},"tablet":{"background-color":"var(--ast-global-color-5)","background-image":"","background-repeat":"repeat","background-position":"center center","background-size":"auto","background-attachment":"scroll","background-type":"","background-media":"","overlay-type":"","overlay-color":"","overlay-opacity":"","overlay-gradient":""},"mobile":{"background-color":"var(--ast-global-color-5)","background-image":"","background-repeat":"repeat","background-position":"center center","background-size":"auto","background-attachment":"scroll","background-type":"","background-media":"","overlay-type":"","overlay-color":"","overlay-opacity":"","overlay-gradient":""}}},"product_brand":[],"product_cat":[161],"product_tag":[611,581,771],"class_list":{"0":"post-12859","1":"product","2":"type-product","3":"status-publish","4":"has-post-thumbnail","6":"product_cat-colecao-de-almofadas","7":"product_tag-almohada-pt-pt","8":"product_tag-memory-foam-pt-pt","9":"product_tag-ergonomic-support-pt-pt","10":"desktop-align-left","11":"tablet-align-left","12":"mobile-align-left","13":"ast-product-gallery-layout-horizontal-slider","14":"ast-product-single-variable","15":"ast-product-tabs-layout-horizontal","16":"ast-qv-on-image","18":"first","19":"instock","20":"shipping-taxable","21":"purchasable","22":"product-type-variable"},"aioseo_notices":[],"_links":{"self":[{"href":"https:\/\/www.aimycomfort.com\/store\/pt-pt\/wp-json\/wp\/v2\/product\/12859","targetHints":{"allow":["GET"]}}],"collection":[{"href":"https:\/\/www.aimycomfort.com\/store\/pt-pt\/wp-json\/wp\/v2\/product"}],"about":[{"href":"https:\/\/www.aimycomfort.com\/store\/pt-pt\/wp-json\/wp\/v2\/types\/product"}],"replies":[{"embeddable":true,"href":"https:\/\/www.aimycomfort.com\/store\/pt-pt\/wp-json\/wp\/v2\/comments?post=12859"}],"wp:featuredmedia":[{"embeddable":true,"href":"https:\/\/www.aimycomfort.com\/store\/pt-pt\/wp-json\/wp\/v2\/media\/12649"}],"wp:attachment":[{"href":"https:\/\/www.aimycomfort.com\/store\/pt-pt\/wp-json\/wp\/v2\/media?parent=12859"}],"wp:term":[{"taxonomy":"product_brand","embeddable":true,"href":"https:\/\/www.aimycomfort.com\/store\/pt-pt\/wp-json\/wp\/v2\/product_brand?post=12859"},{"taxonomy":"product_cat","embeddable":true,"href":"https:\/\/www.aimycomfort.com\/store\/pt-pt\/wp-json\/wp\/v2\/product_cat?post=12859"},{"taxonomy":"product_tag","embeddable":true,"href":"https:\/\/www.aimycomfort.com\/store\/pt-pt\/wp-json\/wp\/v2\/product_tag?post=12859"}],"curies":[{"name":"wp","href":"https:\/\/api.w.org\/{rel}","templated":true}]}}