{"id":12807,"date":"2024-10-29T05:39:44","date_gmt":"2024-10-29T05:39:44","guid":{"rendered":"https:\/\/www.aimycomfort.com\/store\/product\/four-leaf-clover-ice-silk-memory-foam-pillow\/"},"modified":"2024-10-29T06:44:21","modified_gmt":"2024-10-29T06:44:21","slug":"travesseiro-em-espuma-memoria-de-seda-gelada-em-forma-de-trevo-de-quatro-folhas","status":"publish","type":"product","link":"https:\/\/www.aimycomfort.com\/store\/pt-pt\/produto\/travesseiro-em-espuma-memoria-de-seda-gelada-em-forma-de-trevo-de-quatro-folhas\/","title":{"rendered":"Travesseiro em Espuma Mem\u00f3ria de Seda Gelada em Forma de Trevo de Quatro Folhas"},"content":{"rendered":"<p>O Travesseiro em Espuma Mem\u00f3ria de Seda Gelada em Forma de Trevo de Quatro Folhas combina conforto e estilo, apresentando um design \u00fanico inspirado no trevo de quatro folhas, simbolizando paz e amor. Feito de material de seda gelada amig\u00e1vel \u00e0 pele, este travesseiro oferece uma experi\u00eancia suave, mas de suporte, perfeita para um sono profundo.<\/p>\n<h2><strong>Principais Caracter\u00edsticas:<\/strong><\/h2>\n<ul>\n<li><strong>Design Ergon\u00f4mico:<\/strong><br \/>\nAdaptado para v\u00e1rias posi\u00e7\u00f5es de sono, o design central oco reduz a press\u00e3o nas orelhas, enquanto o contorno do ombro e as \u00e1reas de suporte cervical curvadas proporcionam conforto ideal.<\/li>\n<li><strong>Materiais de Qualidade:<\/strong><br \/>\nFeito de espuma de mem\u00f3ria n\u00e3o t\u00f3xica, este travesseiro combina suavidade e firmeza para uma experi\u00eancia de sono perfeita. O tecido respir\u00e1vel garante que voc\u00ea permane\u00e7a fresco e confort\u00e1vel durante toda a noite.<\/li>\n<li><strong>Suporte Vers\u00e1til:<\/strong><br \/>\nOferece diferentes n\u00edveis de suporte para a cabe\u00e7a e o pesco\u00e7o, acomodando os que dormem de lado sem press\u00e3o facial.<\/li>\n<li><strong>F\u00e1cil Manuten\u00e7\u00e3o:<\/strong><br \/>\nApresenta um z\u00edper de alta qualidade e uma capa remov\u00edvel para limpeza conveniente.<\/li>\n<\/ul>\n<p>O Travesseiro em Espuma Mem\u00f3ria de Seda Gelada em Forma de Trevo de Quatro Folhas \u00e9 a combina\u00e7\u00e3o perfeita de conforto, suporte e estilo, garantindo uma noite de sono reparadora para todos.<\/p>\n","protected":false},"excerpt":{"rendered":"<p>O Travesseiro em Espuma Mem\u00f3ria de Seda Gelada em Forma de Trevo de Quatro Folhas oferece uma combina\u00e7\u00e3o perfeita de conforto e suporte, inspirado no simbolismo da paz e do amor. Feito de seda gelada amiga da pele e espuma de mem\u00f3ria n\u00e3o t\u00f3xica, apresenta um design central oco que reduz a press\u00e3o nas orelhas e contornos ergon\u00f4micos para um suporte ideal da cabe\u00e7a e do pesco\u00e7o. A capa remov\u00edvel e o z\u00edper de alta qualidade tornam a manuten\u00e7\u00e3o f\u00e1cil.<\/p>\n","protected":false},"featured_media":12724,"comment_status":"open","ping_status":"closed","template":"","meta":{"site-sidebar-layout":"default","site-content-layout":"","ast-site-content-layout":"default","site-content-style":"default","site-sidebar-style":"default","ast-global-header-display":"","ast-banner-title-visibility":"","ast-main-header-display":"","ast-hfb-above-header-display":"","ast-hfb-below-header-display":"","ast-hfb-mobile-header-display":"","site-post-title":"","ast-breadcrumbs-content":"","ast-featured-img":"","footer-sml-layout":"","theme-transparent-header-meta":"default","adv-header-id-meta":"","stick-header-meta":"","header-above-stick-meta":"","header-main-stick-meta":"","header-below-stick-meta":"","astra-migrate-meta-layouts":"set","ast-page-background-enabled":"default","ast-page-background-meta":{"desktop":{"background-color":"var(--ast-global-color-4)","background-image":"","background-repeat":"repeat","background-position":"center center","background-size":"auto","background-attachment":"scroll","background-type":"","background-media":"","overlay-type":"","overlay-color":"","overlay-opacity":"","overlay-gradient":""},"tablet":{"background-color":"","background-image":"","background-repeat":"repeat","background-position":"center center","background-size":"auto","background-attachment":"scroll","background-type":"","background-media":"","overlay-type":"","overlay-color":"","overlay-opacity":"","overlay-gradient":""},"mobile":{"background-color":"","background-image":"","background-repeat":"repeat","background-position":"center center","background-size":"auto","background-attachment":"scroll","background-type":"","background-media":"","overlay-type":"","overlay-color":"","overlay-opacity":"","overlay-gradient":""}},"ast-content-background-meta":{"desktop":{"background-color":"var(--ast-global-color-5)","background-image":"","background-repeat":"repeat","background-position":"center center","background-size":"auto","background-attachment":"scroll","background-type":"","background-media":"","overlay-type":"","overlay-color":"","overlay-opacity":"","overlay-gradient":""},"tablet":{"background-color":"var(--ast-global-color-5)","background-image":"","background-repeat":"repeat","background-position":"center center","background-size":"auto","background-attachment":"scroll","background-type":"","background-media":"","overlay-type":"","overlay-color":"","overlay-opacity":"","overlay-gradient":""},"mobile":{"background-color":"var(--ast-global-color-5)","background-image":"","background-repeat":"repeat","background-position":"center center","background-size":"auto","background-attachment":"scroll","background-type":"","background-media":"","overlay-type":"","overlay-color":"","overlay-opacity":"","overlay-gradient":""}}},"product_brand":[],"product_cat":[161],"product_tag":[611,581,771],"class_list":{"0":"post-12807","1":"product","2":"type-product","3":"status-publish","4":"has-post-thumbnail","6":"product_cat-colecao-de-almofadas","7":"product_tag-almohada-pt-pt","8":"product_tag-memory-foam-pt-pt","9":"product_tag-ergonomic-support-pt-pt","10":"desktop-align-left","11":"tablet-align-left","12":"mobile-align-left","13":"ast-product-gallery-layout-horizontal-slider","14":"ast-product-single-variable","15":"ast-product-tabs-layout-horizontal","16":"ast-qv-on-image","18":"first","19":"instock","20":"shipping-taxable","21":"purchasable","22":"product-type-variable"},"aioseo_notices":[],"_links":{"self":[{"href":"https:\/\/www.aimycomfort.com\/store\/pt-pt\/wp-json\/wp\/v2\/product\/12807","targetHints":{"allow":["GET"]}}],"collection":[{"href":"https:\/\/www.aimycomfort.com\/store\/pt-pt\/wp-json\/wp\/v2\/product"}],"about":[{"href":"https:\/\/www.aimycomfort.com\/store\/pt-pt\/wp-json\/wp\/v2\/types\/product"}],"replies":[{"embeddable":true,"href":"https:\/\/www.aimycomfort.com\/store\/pt-pt\/wp-json\/wp\/v2\/comments?post=12807"}],"wp:featuredmedia":[{"embeddable":true,"href":"https:\/\/www.aimycomfort.com\/store\/pt-pt\/wp-json\/wp\/v2\/media\/12724"}],"wp:attachment":[{"href":"https:\/\/www.aimycomfort.com\/store\/pt-pt\/wp-json\/wp\/v2\/media?parent=12807"}],"wp:term":[{"taxonomy":"product_brand","embeddable":true,"href":"https:\/\/www.aimycomfort.com\/store\/pt-pt\/wp-json\/wp\/v2\/product_brand?post=12807"},{"taxonomy":"product_cat","embeddable":true,"href":"https:\/\/www.aimycomfort.com\/store\/pt-pt\/wp-json\/wp\/v2\/product_cat?post=12807"},{"taxonomy":"product_tag","embeddable":true,"href":"https:\/\/www.aimycomfort.com\/store\/pt-pt\/wp-json\/wp\/v2\/product_tag?post=12807"}],"curies":[{"name":"wp","href":"https:\/\/api.w.org\/{rel}","templated":true}]}}