{"id":12444,"date":"2024-10-28T02:41:45","date_gmt":"2024-10-28T02:41:45","guid":{"rendered":"https:\/\/www.aimycomfort.com\/store\/product\/baby-shaped-pillow\/"},"modified":"2024-10-28T06:48:53","modified_gmt":"2024-10-28T06:48:53","slug":"baby-shaped-pillow","status":"publish","type":"product","link":"https:\/\/www.aimycomfort.com\/store\/pt-pt\/produto\/baby-shaped-pillow\/","title":{"rendered":"Travesseiro em Forma de Beb\u00ea"},"content":{"rendered":"<p>O Travesseiro em Forma de Beb\u00ea \u00e9 projetado de forma experta para prevenir a s\u00edndrome da cabe\u00e7a plana, proporcionando conforto ideal para o seu rec\u00e9m-nascido. Este ador\u00e1vel travesseiro em forma de pequeno urso possui um n\u00facleo de espuma de mem\u00f3ria de recupera\u00e7\u00e3o lenta que oferece al\u00edvio de press\u00e3o e suporte, garantindo um sono tranquilo e pac\u00edfico.<\/p>\n<h2><strong>Principais Caracter\u00edsticas do Travesseiro para Beb\u00eas:<\/strong><\/h2>\n<ul>\n<li><strong>Design Ergon\u00f4mico:<\/strong><br \/>\nO protetor de pesco\u00e7o em forma de M se adapta \u00e0 forma natural do seu beb\u00ea, promovendo o alinhamento adequado da cabe\u00e7a e conforto.<\/li>\n<li><strong>Respir\u00e1vel e Dissipador de Calor:<\/strong><br \/>\nFabricado com um sistema de resfriamento circulante, este travesseiro absorve o suor e previne o superaquecimento, mantendo seu beb\u00ea confort\u00e1vel durante toda a noite.<\/li>\n<li><strong>Corre\u00e7\u00e3o Cient\u00edfica do Estilo:<\/strong><br \/>\nProjetado para moldar e proteger a cabe\u00e7a do seu beb\u00ea, o centro c\u00f4ncavo promove a circula\u00e7\u00e3o sangu\u00ednea e ajuda a manter uma forma de cabe\u00e7a saud\u00e1vel.<\/li>\n<li><strong>Artesanato de Qualidade:<\/strong><br \/>\nUm trabalho requintado com roteamento organizado e costuras meticulosas garante durabilidade e um toque suave.<\/li>\n<li><strong>Material que Alivia a Press\u00e3o:<\/strong><br \/>\nFeito de espuma de mem\u00f3ria que alivia a press\u00e3o, o travesseiro dispersa a press\u00e3o de maneira uniforme, proporcionando suporte suave para a cabe\u00e7a e as bochechas do seu beb\u00ea.<\/li>\n<\/ul>\n<p>O Travesseiro em Forma de Beb\u00ea \u00e9 o companheiro perfeito para o seu pequeno, garantindo que ele desfrute de um ambiente de sono confort\u00e1vel e de apoio enquanto promove um desenvolvimento saud\u00e1vel da cabe\u00e7a.<\/p>\n","protected":false},"excerpt":{"rendered":"<p>O Travesseiro em Forma de Beb\u00ea \u00e9 projetado para prevenir a s\u00edndrome da cabe\u00e7a plana, proporcionando conforto ideal para rec\u00e9m-nascidos. Este ador\u00e1vel travesseiro em forma de pequeno urso possui espuma de mem\u00f3ria de recupera\u00e7\u00e3o lenta para al\u00edvio da press\u00e3o e suporte, al\u00e9m de um design respir\u00e1vel e dissipador de calor. Seu protetor de pesco\u00e7o em forma de M promove o alinhamento adequado da cabe\u00e7a, enquanto o centro c\u00f4ncavo melhora a circula\u00e7\u00e3o sangu\u00ednea.<\/p>\n","protected":false},"featured_media":12309,"comment_status":"open","ping_status":"closed","template":"","meta":{"site-sidebar-layout":"default","site-content-layout":"","ast-site-content-layout":"default","site-content-style":"default","site-sidebar-style":"default","ast-global-header-display":"","ast-banner-title-visibility":"","ast-main-header-display":"","ast-hfb-above-header-display":"","ast-hfb-below-header-display":"","ast-hfb-mobile-header-display":"","site-post-title":"","ast-breadcrumbs-content":"","ast-featured-img":"","footer-sml-layout":"","theme-transparent-header-meta":"default","adv-header-id-meta":"","stick-header-meta":"","header-above-stick-meta":"","header-main-stick-meta":"","header-below-stick-meta":"","astra-migrate-meta-layouts":"set","ast-page-background-enabled":"default","ast-page-background-meta":{"desktop":{"background-color":"var(--ast-global-color-4)","background-image":"","background-repeat":"repeat","background-position":"center center","background-size":"auto","background-attachment":"scroll","background-type":"","background-media":"","overlay-type":"","overlay-color":"","overlay-opacity":"","overlay-gradient":""},"tablet":{"background-color":"","background-image":"","background-repeat":"repeat","background-position":"center center","background-size":"auto","background-attachment":"scroll","background-type":"","background-media":"","overlay-type":"","overlay-color":"","overlay-opacity":"","overlay-gradient":""},"mobile":{"background-color":"","background-image":"","background-repeat":"repeat","background-position":"center center","background-size":"auto","background-attachment":"scroll","background-type":"","background-media":"","overlay-type":"","overlay-color":"","overlay-opacity":"","overlay-gradient":""}},"ast-content-background-meta":{"desktop":{"background-color":"var(--ast-global-color-5)","background-image":"","background-repeat":"repeat","background-position":"center center","background-size":"auto","background-attachment":"scroll","background-type":"","background-media":"","overlay-type":"","overlay-color":"","overlay-opacity":"","overlay-gradient":""},"tablet":{"background-color":"var(--ast-global-color-5)","background-image":"","background-repeat":"repeat","background-position":"center center","background-size":"auto","background-attachment":"scroll","background-type":"","background-media":"","overlay-type":"","overlay-color":"","overlay-opacity":"","overlay-gradient":""},"mobile":{"background-color":"var(--ast-global-color-5)","background-image":"","background-repeat":"repeat","background-position":"center center","background-size":"auto","background-attachment":"scroll","background-type":"","background-media":"","overlay-type":"","overlay-color":"","overlay-opacity":"","overlay-gradient":""}}},"product_brand":[],"product_cat":[161],"product_tag":[580,582,771],"class_list":{"0":"post-12444","1":"product","2":"type-product","3":"status-publish","4":"has-post-thumbnail","6":"product_cat-colecao-de-almofadas","7":"product_tag-baby-pillow-pt-pt","8":"product_tag-neck-protect-pt-pt","9":"product_tag-ergonomic-support-pt-pt","10":"desktop-align-left","11":"tablet-align-left","12":"mobile-align-left","13":"ast-product-gallery-layout-horizontal-slider","14":"ast-product-single-variable","15":"ast-product-tabs-layout-horizontal","16":"ast-qv-on-image","18":"first","19":"instock","20":"shipping-taxable","21":"purchasable","22":"product-type-variable"},"aioseo_notices":[],"_links":{"self":[{"href":"https:\/\/www.aimycomfort.com\/store\/pt-pt\/wp-json\/wp\/v2\/product\/12444","targetHints":{"allow":["GET"]}}],"collection":[{"href":"https:\/\/www.aimycomfort.com\/store\/pt-pt\/wp-json\/wp\/v2\/product"}],"about":[{"href":"https:\/\/www.aimycomfort.com\/store\/pt-pt\/wp-json\/wp\/v2\/types\/product"}],"replies":[{"embeddable":true,"href":"https:\/\/www.aimycomfort.com\/store\/pt-pt\/wp-json\/wp\/v2\/comments?post=12444"}],"wp:featuredmedia":[{"embeddable":true,"href":"https:\/\/www.aimycomfort.com\/store\/pt-pt\/wp-json\/wp\/v2\/media\/12309"}],"wp:attachment":[{"href":"https:\/\/www.aimycomfort.com\/store\/pt-pt\/wp-json\/wp\/v2\/media?parent=12444"}],"wp:term":[{"taxonomy":"product_brand","embeddable":true,"href":"https:\/\/www.aimycomfort.com\/store\/pt-pt\/wp-json\/wp\/v2\/product_brand?post=12444"},{"taxonomy":"product_cat","embeddable":true,"href":"https:\/\/www.aimycomfort.com\/store\/pt-pt\/wp-json\/wp\/v2\/product_cat?post=12444"},{"taxonomy":"product_tag","embeddable":true,"href":"https:\/\/www.aimycomfort.com\/store\/pt-pt\/wp-json\/wp\/v2\/product_tag?post=12444"}],"curies":[{"name":"wp","href":"https:\/\/api.w.org\/{rel}","templated":true}]}}