{"id":11895,"date":"2024-10-22T09:36:20","date_gmt":"2024-10-22T09:36:20","guid":{"rendered":"https:\/\/www.aimycomfort.com\/store\/product\/winter-velvet-memory-foam-pillow\/"},"modified":"2024-10-25T06:46:57","modified_gmt":"2024-10-25T06:46:57","slug":"winter-velvet-memory-foam-pillow","status":"publish","type":"product","link":"https:\/\/www.aimycomfort.com\/store\/pt-pt\/produto\/winter-velvet-memory-foam-pillow\/","title":{"rendered":"Almofada de Mem\u00f3ria de Veludo de Inverno"},"content":{"rendered":"<p><strong>Travesseiro de Mem\u00f3ria de Veludo de Inverno:<\/strong> Experimente conforto e suporte incompar\u00e1veis com o Travesseiro de Mem\u00f3ria de Veludo de Inverno, projetado para melhorar a qualidade do seu sono enquanto protege sua coluna cervical. Este travesseiro possui um n\u00facleo de algod\u00e3o de mem\u00f3ria macio que imita o toque reconfortante da barriga de um gato, proporcionando um efeito de rebote lento para liberar press\u00e3o e eliminar a fadiga.<\/p>\n<h2><strong>Principais Caracter\u00edsticas:<\/strong><\/h2>\n<p><strong>Suporte Ergon\u00f4mico:<\/strong><br \/>\n<strong>Dormidores de Lado:<\/strong> Preenche o espa\u00e7o entre a cabe\u00e7a e o pesco\u00e7o, mantendo a coluna cervical reta.<br \/>\n<strong>Dormidores de Barriga:<\/strong> Oferece suporte macio e respir\u00e1vel.<br \/>\n<strong>Dormidores de Costas:<\/strong> O sulco central e o design curvado na parte de tr\u00e1s garantem estabilidade e conforto.<\/p>\n<p><strong>Materiais Premium:<\/strong><br \/>\nFeito com um tecido de veludo de leite grosso que aquece ao toque e afasta a umidade, garantindo conforto durante toda a noite. O n\u00facleo do travesseiro \u00e9 feito de poliuretano de alta qualidade, mantendo uma sensa\u00e7\u00e3o suave e el\u00e1stica em todas as esta\u00e7\u00f5es.<\/p>\n<p><strong>Design de Zonifica\u00e7\u00e3o Cient\u00edfica:<\/strong><br \/>\nProporciona um ajuste completo e confort\u00e1vel para v\u00e1rios tipos de corpo, garantindo que n\u00e3o haja ombros ou pesco\u00e7os pendentes, e se adapta ao peso da cabe\u00e7a para um relaxamento completo.<\/p>\n<p><strong>Design Exquisito:<\/strong><br \/>\nApresenta bordados delicados e um z\u00edper oculto para um visual sem emendas e f\u00e1cil manuten\u00e7\u00e3o. O travesseiro \u00e9 f\u00e1cil de desmontar e lavar.<\/p>\n<p>O Travesseiro de Mem\u00f3ria de Veludo de Inverno n\u00e3o \u00e9 apenas um travesseiro; \u00e9 uma solu\u00e7\u00e3o abrangente para quem busca conforto, suporte e um toque de luxo em seu ambiente de sono. Seja voc\u00ea um dormidor de lado, de costas ou de barriga, este travesseiro se adapta \u00e0s suas necessidades, garantindo uma noite de sono reparador e rejuvenescente.<\/p>\n","protected":false},"excerpt":{"rendered":"<p>O travesseiro de mem\u00f3ria de veludo de inverno oferece suporte luxuoso com seu suave n\u00facleo de algod\u00e3o de mem\u00f3ria e design ergon\u00f4mico, perfeito para todas as posi\u00e7\u00f5es de sono. Feito com um tecido de veludo de leite quente e respir\u00e1vel, garante conforto e al\u00edvio da press\u00e3o durante todo o ano. Com bordados requintados e um z\u00edper oculto, este travesseiro \u00e9 elegante e f\u00e1cil de manter.<\/p>\n","protected":false},"featured_media":11491,"comment_status":"open","ping_status":"closed","template":"","meta":{"site-sidebar-layout":"default","site-content-layout":"","ast-site-content-layout":"default","site-content-style":"default","site-sidebar-style":"default","ast-global-header-display":"","ast-banner-title-visibility":"","ast-main-header-display":"","ast-hfb-above-header-display":"","ast-hfb-below-header-display":"","ast-hfb-mobile-header-display":"","site-post-title":"","ast-breadcrumbs-content":"","ast-featured-img":"","footer-sml-layout":"","theme-transparent-header-meta":"default","adv-header-id-meta":"","stick-header-meta":"","header-above-stick-meta":"","header-main-stick-meta":"","header-below-stick-meta":"","astra-migrate-meta-layouts":"set","ast-page-background-enabled":"default","ast-page-background-meta":{"desktop":{"background-color":"var(--ast-global-color-4)","background-image":"","background-repeat":"repeat","background-position":"center center","background-size":"auto","background-attachment":"scroll","background-type":"","background-media":"","overlay-type":"","overlay-color":"","overlay-opacity":"","overlay-gradient":""},"tablet":{"background-color":"","background-image":"","background-repeat":"repeat","background-position":"center center","background-size":"auto","background-attachment":"scroll","background-type":"","background-media":"","overlay-type":"","overlay-color":"","overlay-opacity":"","overlay-gradient":""},"mobile":{"background-color":"","background-image":"","background-repeat":"repeat","background-position":"center center","background-size":"auto","background-attachment":"scroll","background-type":"","background-media":"","overlay-type":"","overlay-color":"","overlay-opacity":"","overlay-gradient":""}},"ast-content-background-meta":{"desktop":{"background-color":"var(--ast-global-color-5)","background-image":"","background-repeat":"repeat","background-position":"center center","background-size":"auto","background-attachment":"scroll","background-type":"","background-media":"","overlay-type":"","overlay-color":"","overlay-opacity":"","overlay-gradient":""},"tablet":{"background-color":"var(--ast-global-color-5)","background-image":"","background-repeat":"repeat","background-position":"center center","background-size":"auto","background-attachment":"scroll","background-type":"","background-media":"","overlay-type":"","overlay-color":"","overlay-opacity":"","overlay-gradient":""},"mobile":{"background-color":"var(--ast-global-color-5)","background-image":"","background-repeat":"repeat","background-position":"center center","background-size":"auto","background-attachment":"scroll","background-type":"","background-media":"","overlay-type":"","overlay-color":"","overlay-opacity":"","overlay-gradient":""}}},"product_brand":[],"product_cat":[161],"product_tag":[611,771],"class_list":{"0":"post-11895","1":"product","2":"type-product","3":"status-publish","4":"has-post-thumbnail","6":"product_cat-colecao-de-almofadas","7":"product_tag-almohada-pt-pt","8":"product_tag-ergonomic-support-pt-pt","9":"desktop-align-left","10":"tablet-align-left","11":"mobile-align-left","12":"ast-product-gallery-layout-horizontal-slider","13":"ast-product-single-variable","14":"ast-product-tabs-layout-horizontal","15":"ast-qv-on-image","17":"first","18":"instock","19":"shipping-taxable","20":"purchasable","21":"product-type-variable"},"aioseo_notices":[],"_links":{"self":[{"href":"https:\/\/www.aimycomfort.com\/store\/pt-pt\/wp-json\/wp\/v2\/product\/11895","targetHints":{"allow":["GET"]}}],"collection":[{"href":"https:\/\/www.aimycomfort.com\/store\/pt-pt\/wp-json\/wp\/v2\/product"}],"about":[{"href":"https:\/\/www.aimycomfort.com\/store\/pt-pt\/wp-json\/wp\/v2\/types\/product"}],"replies":[{"embeddable":true,"href":"https:\/\/www.aimycomfort.com\/store\/pt-pt\/wp-json\/wp\/v2\/comments?post=11895"}],"wp:featuredmedia":[{"embeddable":true,"href":"https:\/\/www.aimycomfort.com\/store\/pt-pt\/wp-json\/wp\/v2\/media\/11491"}],"wp:attachment":[{"href":"https:\/\/www.aimycomfort.com\/store\/pt-pt\/wp-json\/wp\/v2\/media?parent=11895"}],"wp:term":[{"taxonomy":"product_brand","embeddable":true,"href":"https:\/\/www.aimycomfort.com\/store\/pt-pt\/wp-json\/wp\/v2\/product_brand?post=11895"},{"taxonomy":"product_cat","embeddable":true,"href":"https:\/\/www.aimycomfort.com\/store\/pt-pt\/wp-json\/wp\/v2\/product_cat?post=11895"},{"taxonomy":"product_tag","embeddable":true,"href":"https:\/\/www.aimycomfort.com\/store\/pt-pt\/wp-json\/wp\/v2\/product_tag?post=11895"}],"curies":[{"name":"wp","href":"https:\/\/api.w.org\/{rel}","templated":true}]}}