{"id":8325,"date":"2024-08-05T07:30:29","date_gmt":"2024-08-05T07:30:29","guid":{"rendered":"https:\/\/www.aimycomfort.com\/store\/product\/zervikales-memory-schaum-kissen\/"},"modified":"2024-09-02T10:25:59","modified_gmt":"2024-09-02T10:25:59","slug":"zervikales-memory-schaum-kissen","status":"publish","type":"product","link":"https:\/\/www.aimycomfort.com\/store\/it\/prodotto\/zervikales-memory-schaum-kissen\/","title":{"rendered":"Cuscino Cervicale in Memory Foam"},"content":{"rendered":"<p>Che tu stia lottando con il dolore al collo, cercando di migliorare la qualit\u00e0 del sonno o semplicemente desiderando aggiornare la tua esperienza di sonno, il nostro Cuscino Cervicale Ergonomico in Memory Foam \u00e8 la soluzione ideale. D\u00ec addio alla rigidit\u00e0 mattutina e benvenuto a risvegli rinfrescati e senza dolore.<\/p>\n<p>Caratteristiche principali<\/p>\n<ol>\n<li>Supporto Cervicale Scientifico:\n<ul>\n<li>Design unico alto-basso che allunga e allinea delicatamente il collo e le spalle<\/li>\n<li>Si adatta perfettamente alla tua colonna cervicale per un rilassamento ottimale<\/li>\n<\/ul>\n<\/li>\n<li>Sistema di Supporto a 6 Zone:\n<ul>\n<li>Sezioni scientificamente divise per adattarsi a diverse posizioni di sonno<\/li>\n<li>Ritagli per le orecchie che riducono la pressione per chi dorme di lato<\/li>\n<li>Si adatta ai tuoi contorni unici per un comfort personalizzato<\/li>\n<\/ul>\n<\/li>\n<li>Superficie Curva Ergonomica:\n<ul>\n<li>Favorisce un allineamento naturale della colonna vertebrale<\/li>\n<li>Promuove un sonno pi\u00f9 confortevole e riposante<\/li>\n<\/ul>\n<\/li>\n<li>Design Innovativo a Vuoto:\n<ul>\n<li>Zone di sollievo per la pressione delle orecchie per chi dorme di lato<\/li>\n<li>Canale di ventilazione centrale che previene l&#8217;accumulo di calore<\/li>\n<li>Forma liscia e curva che culla il collo e le spalle<\/li>\n<\/ul>\n<\/li>\n<li>Memory Foam Premium:\n<ul>\n<li>Schiuma ad alta densit\u00e0 a ritorno lento per un superiore sollievo dalla pressione<\/li>\n<li>Tocco morbido e confortevole che mantiene il supporto per tutta la notte<\/li>\n<\/ul>\n<\/li>\n<li>Comfort Versatile:\n<ul>\n<li>Adatto per chi dorme sulla schiena, di lato e a pancia in gi\u00f9<\/li>\n<li>Fornisce supporto costante in qualsiasi posizione<\/li>\n<\/ul>\n<\/li>\n<\/ol>\n<p>Investi nel tuo sonno, investi nella tua salute. Perch\u00e9 una buona giornata inizia con un&#8217;ottima notte di sonno!<\/p>\n","protected":false},"excerpt":{"rendered":"<p>La Tua Soluzione per il Dolore al Collo e un Sonno Migliore<\/p>\n<p>Svela il segreto per un sonno rigenerante con il nostro innovativo Cuscino Cervicale Ergonomico in Memory Foam. Progettato per supportare la tua testa e rilassare il tuo collo, questo cuscino \u00e8 il tuo biglietto per svegliarti rinfrescato e senza dolore.<\/p>\n","protected":false},"featured_media":7013,"comment_status":"open","ping_status":"closed","template":"","meta":{"site-sidebar-layout":"default","site-content-layout":"content-boxed-container","ast-site-content-layout":"normal-width-container","site-content-style":"boxed","site-sidebar-style":"unboxed","ast-global-header-display":"","ast-banner-title-visibility":"","ast-main-header-display":"","ast-hfb-above-header-display":"","ast-hfb-below-header-display":"","ast-hfb-mobile-header-display":"","site-post-title":"","ast-breadcrumbs-content":"","ast-featured-img":"","footer-sml-layout":"","theme-transparent-header-meta":"default","adv-header-id-meta":"","stick-header-meta":"","header-above-stick-meta":"","header-main-stick-meta":"","header-below-stick-meta":"","astra-migrate-meta-layouts":"set","ast-page-background-enabled":"default","ast-page-background-meta":{"desktop":{"background-color":"var(--ast-global-color-4)","background-image":"","background-repeat":"repeat","background-position":"center center","background-size":"auto","background-attachment":"scroll","background-type":"","background-media":"","overlay-type":"","overlay-color":"","overlay-opacity":"","overlay-gradient":""},"tablet":{"background-color":"","background-image":"","background-repeat":"repeat","background-position":"center center","background-size":"auto","background-attachment":"scroll","background-type":"","background-media":"","overlay-type":"","overlay-color":"","overlay-opacity":"","overlay-gradient":""},"mobile":{"background-color":"","background-image":"","background-repeat":"repeat","background-position":"center center","background-size":"auto","background-attachment":"scroll","background-type":"","background-media":"","overlay-type":"","overlay-color":"","overlay-opacity":"","overlay-gradient":""}},"ast-content-background-meta":{"desktop":{"background-color":"var(--ast-global-color-5)","background-image":"","background-repeat":"repeat","background-position":"center center","background-size":"auto","background-attachment":"scroll","background-type":"","background-media":"","overlay-type":"","overlay-color":"","overlay-opacity":"","overlay-gradient":""},"tablet":{"background-color":"var(--ast-global-color-5)","background-image":"","background-repeat":"repeat","background-position":"center center","background-size":"auto","background-attachment":"scroll","background-type":"","background-media":"","overlay-type":"","overlay-color":"","overlay-opacity":"","overlay-gradient":""},"mobile":{"background-color":"var(--ast-global-color-5)","background-image":"","background-repeat":"repeat","background-position":"center center","background-size":"auto","background-attachment":"scroll","background-type":"","background-media":"","overlay-type":"","overlay-color":"","overlay-opacity":"","overlay-gradient":""}}},"product_brand":[],"product_cat":[188],"product_tag":[189,183],"class_list":{"0":"post-8325","1":"product","2":"type-product","3":"status-publish","4":"has-post-thumbnail","6":"product_cat-collezione-di-cuscini","7":"product_tag-cuscino","8":"product_tag-sollievo-dalla-pressione","9":"desktop-align-left","10":"tablet-align-left","11":"mobile-align-left","12":"ast-product-gallery-layout-horizontal-slider","13":"ast-product-single-variable","14":"ast-product-tabs-layout-horizontal","15":"ast-qv-on-image","17":"first","18":"instock","19":"shipping-taxable","20":"purchasable","21":"product-type-variable"},"aioseo_notices":[],"_links":{"self":[{"href":"https:\/\/www.aimycomfort.com\/store\/it\/wp-json\/wp\/v2\/product\/8325","targetHints":{"allow":["GET"]}}],"collection":[{"href":"https:\/\/www.aimycomfort.com\/store\/it\/wp-json\/wp\/v2\/product"}],"about":[{"href":"https:\/\/www.aimycomfort.com\/store\/it\/wp-json\/wp\/v2\/types\/product"}],"replies":[{"embeddable":true,"href":"https:\/\/www.aimycomfort.com\/store\/it\/wp-json\/wp\/v2\/comments?post=8325"}],"wp:featuredmedia":[{"embeddable":true,"href":"https:\/\/www.aimycomfort.com\/store\/it\/wp-json\/wp\/v2\/media\/7013"}],"wp:attachment":[{"href":"https:\/\/www.aimycomfort.com\/store\/it\/wp-json\/wp\/v2\/media?parent=8325"}],"wp:term":[{"taxonomy":"product_brand","embeddable":true,"href":"https:\/\/www.aimycomfort.com\/store\/it\/wp-json\/wp\/v2\/product_brand?post=8325"},{"taxonomy":"product_cat","embeddable":true,"href":"https:\/\/www.aimycomfort.com\/store\/it\/wp-json\/wp\/v2\/product_cat?post=8325"},{"taxonomy":"product_tag","embeddable":true,"href":"https:\/\/www.aimycomfort.com\/store\/it\/wp-json\/wp\/v2\/product_tag?post=8325"}],"curies":[{"name":"wp","href":"https:\/\/api.w.org\/{rel}","templated":true}]}}