{"id":8206,"date":"2024-08-05T07:30:29","date_gmt":"2024-08-05T07:30:29","guid":{"rendered":"https:\/\/www.aimycomfort.com\/store\/product\/cuscino-ergonomico-per-trazione-cervicale\/"},"modified":"2024-09-02T10:27:53","modified_gmt":"2024-09-02T10:27:53","slug":"cuscino-ergonomico-per-trazione-cervicale","status":"publish","type":"product","link":"https:\/\/www.aimycomfort.com\/store\/it\/prodotto\/cuscino-ergonomico-per-trazione-cervicale\/","title":{"rendered":"Cuscino Ergonomico per Trazione Cervicale"},"content":{"rendered":"<p>Hai difficolt\u00e0 con \u200bDisagio al collo? Qualit\u00e0 del sonno scadente? Mancanza di energia durante il giorno? \u00c8 tempo di dare priorit\u00e0 al tuo comfort e benessere con il nostro Cuscino Ergonomico per Trazione Cervicale. Sperimenta la differenza che un cuscino veramente supportivo pu\u00f2 fare nella tua vita!<\/p>\n<p>Cuscino Ergonomico per Trazione Cervicale: Il Tuo Percorso verso la Salute del Collo e un Sonno Ristoratore<\/p>\n<p>Caratteristiche principali<\/p>\n<ul>\n<li>Curva d&#8217;Altezza Dorata: Progettata scientificamente per fornire un supporto e una trazione ottimali per il collo<\/li>\n<li>Area del Cuscino Ingrossata: Offre un supporto superiore per la testa mentre allevia la pressione sul collo<\/li>\n<li>Design Contornato: Culla la tua testa mentre supporta il collo per il massimo comfort<\/li>\n<li>Memory Foam ad Alta Densit\u00e0: Si adatta delicatamente alla tua forma per un supporto personalizzato<\/li>\n<li>Tecnologia a Ritorno Lento: Mantiene la sua forma notte dopo notte per un comfort duraturo<\/li>\n<\/ul>\n<p>Investi nella tua salute e comfort oggi. Svegliati rinfrescato, ringiovanito e pronto ad affrontare la tua giornata con il nostro Cuscino Ergonomico per Trazione Cervicale!<\/p>\n","protected":false},"excerpt":{"rendered":"<p>Scopri la soluzione definitiva per il dolore al collo e la scarsa qualit\u00e0 del sonno! Il nostro innovativo Cuscino Ergonomico per Trazione Cervicale \u00e8 progettato per allungare e supportare delicatamente la tua testa, collo e spalle, promuovendo un corretto allineamento e ripristinando la tua colonna cervicale alla sua naturale e sana curva a &#8220;C&#8221;.<\/p>\n","protected":false},"featured_media":6653,"comment_status":"open","ping_status":"closed","template":"","meta":{"site-sidebar-layout":"default","site-content-layout":"content-boxed-container","ast-site-content-layout":"normal-width-container","site-content-style":"boxed","site-sidebar-style":"unboxed","ast-global-header-display":"","ast-banner-title-visibility":"","ast-main-header-display":"","ast-hfb-above-header-display":"","ast-hfb-below-header-display":"","ast-hfb-mobile-header-display":"","site-post-title":"","ast-breadcrumbs-content":"","ast-featured-img":"","footer-sml-layout":"","theme-transparent-header-meta":"default","adv-header-id-meta":"","stick-header-meta":"","header-above-stick-meta":"","header-main-stick-meta":"","header-below-stick-meta":"","astra-migrate-meta-layouts":"set","ast-page-background-enabled":"default","ast-page-background-meta":{"desktop":{"background-color":"var(--ast-global-color-4)","background-image":"","background-repeat":"repeat","background-position":"center center","background-size":"auto","background-attachment":"scroll","background-type":"","background-media":"","overlay-type":"","overlay-color":"","overlay-opacity":"","overlay-gradient":""},"tablet":{"background-color":"","background-image":"","background-repeat":"repeat","background-position":"center center","background-size":"auto","background-attachment":"scroll","background-type":"","background-media":"","overlay-type":"","overlay-color":"","overlay-opacity":"","overlay-gradient":""},"mobile":{"background-color":"","background-image":"","background-repeat":"repeat","background-position":"center center","background-size":"auto","background-attachment":"scroll","background-type":"","background-media":"","overlay-type":"","overlay-color":"","overlay-opacity":"","overlay-gradient":""}},"ast-content-background-meta":{"desktop":{"background-color":"var(--ast-global-color-5)","background-image":"","background-repeat":"repeat","background-position":"center center","background-size":"auto","background-attachment":"scroll","background-type":"","background-media":"","overlay-type":"","overlay-color":"","overlay-opacity":"","overlay-gradient":""},"tablet":{"background-color":"var(--ast-global-color-5)","background-image":"","background-repeat":"repeat","background-position":"center center","background-size":"auto","background-attachment":"scroll","background-type":"","background-media":"","overlay-type":"","overlay-color":"","overlay-opacity":"","overlay-gradient":""},"mobile":{"background-color":"var(--ast-global-color-5)","background-image":"","background-repeat":"repeat","background-position":"center center","background-size":"auto","background-attachment":"scroll","background-type":"","background-media":"","overlay-type":"","overlay-color":"","overlay-opacity":"","overlay-gradient":""}}},"product_brand":[],"product_cat":[188],"product_tag":[189,183],"class_list":{"0":"post-8206","1":"product","2":"type-product","3":"status-publish","4":"has-post-thumbnail","6":"product_cat-collezione-di-cuscini","7":"product_tag-cuscino","8":"product_tag-sollievo-dalla-pressione","9":"desktop-align-left","10":"tablet-align-left","11":"mobile-align-left","12":"ast-product-gallery-layout-horizontal-slider","13":"ast-product-single-variable","14":"ast-product-tabs-layout-horizontal","15":"ast-qv-on-image","17":"first","18":"instock","19":"sale","20":"shipping-taxable","21":"purchasable","22":"product-type-variable"},"aioseo_notices":[],"_links":{"self":[{"href":"https:\/\/www.aimycomfort.com\/store\/it\/wp-json\/wp\/v2\/product\/8206","targetHints":{"allow":["GET"]}}],"collection":[{"href":"https:\/\/www.aimycomfort.com\/store\/it\/wp-json\/wp\/v2\/product"}],"about":[{"href":"https:\/\/www.aimycomfort.com\/store\/it\/wp-json\/wp\/v2\/types\/product"}],"replies":[{"embeddable":true,"href":"https:\/\/www.aimycomfort.com\/store\/it\/wp-json\/wp\/v2\/comments?post=8206"}],"wp:featuredmedia":[{"embeddable":true,"href":"https:\/\/www.aimycomfort.com\/store\/it\/wp-json\/wp\/v2\/media\/6653"}],"wp:attachment":[{"href":"https:\/\/www.aimycomfort.com\/store\/it\/wp-json\/wp\/v2\/media?parent=8206"}],"wp:term":[{"taxonomy":"product_brand","embeddable":true,"href":"https:\/\/www.aimycomfort.com\/store\/it\/wp-json\/wp\/v2\/product_brand?post=8206"},{"taxonomy":"product_cat","embeddable":true,"href":"https:\/\/www.aimycomfort.com\/store\/it\/wp-json\/wp\/v2\/product_cat?post=8206"},{"taxonomy":"product_tag","embeddable":true,"href":"https:\/\/www.aimycomfort.com\/store\/it\/wp-json\/wp\/v2\/product_tag?post=8206"}],"curies":[{"name":"wp","href":"https:\/\/api.w.org\/{rel}","templated":true}]}}