{"id":29108,"date":"2025-02-06T05:26:31","date_gmt":"2025-02-06T05:26:31","guid":{"rendered":"https:\/\/www.aimycomfort.com\/store\/product\/imitation-rabbit-fur-sofa-pillow\/"},"modified":"2025-02-06T06:41:35","modified_gmt":"2025-02-06T06:41:35","slug":"imitation-rabbit-fur-sofa-pillow","status":"publish","type":"product","link":"https:\/\/www.aimycomfort.com\/store\/it\/prodotto\/imitation-rabbit-fur-sofa-pillow\/","title":{"rendered":"Cuscino da Divano in Finta Pelliccia di Coniglio"},"content":{"rendered":"<p class=\"first:mt-1.5\">Il Cuscino da Divano in Finta Pelliccia di Coniglio combina un design semplice ma lussuoso con una morbidezza e un comfort impareggiabili. Realizzato in finta pelliccia di coniglio, \u00e8 caldo, traspirante e delicato sulla pelle, offrendo un tocco accogliente ed elegante al tuo spazio abitativo. Con una lavorazione artigianale squisita, cuciture uniformi e una cerniera in metallo resistente con design invisibile, questo cuscino \u00e8 sia elegante che pratico. Facile da mantenere, \u00e8 lavabile a mano e in lavatrice, garantendo una qualit\u00e0 duratura.<\/p>\n<p class=\"first:mt-1.5\"><strong>Caratteristiche Principali del Cuscino da Divano:<\/strong><\/p>\n<h4><strong>Lussuosa Finta Pelliccia di Coniglio<\/strong><\/h4>\n<p class=\"first:mt-1.5\">Materiale morbido, caldo e delicato sulla pelle che aggiunge un tocco di eleganza e comfort a qualsiasi stanza.<\/p>\n<h4><strong>Lavorazione Artigianale Squisita<\/strong><\/h4>\n<p class=\"first:mt-1.5\">Cuciture uniformi e design con bordi bloccati su quattro lati garantiscono durata e un aspetto raffinato.<\/p>\n<h4><strong>Cerniera in Metallo Resistente<\/strong><\/h4>\n<p class=\"first:mt-1.5\">Design con cerniera invisibile per un aspetto senza cuciture, che combina praticit\u00e0 e stile.<\/p>\n<h4><strong>Facile Manutenzione<\/strong><\/h4>\n<p class=\"first:mt-1.5\">Lavabile a mano e in lavatrice per una pulizia senza problemi e un uso duraturo.<\/p>\n<h4><strong>Colori e Dimensioni Versatili<\/strong><\/h4>\n<p class=\"first:mt-1.5\">Disponibile in una variet\u00e0 di colori, tra cui Arancione, Grigio Scuro, Rosa, Nero, Blu, Bianco, Verde Scuro, Grigio Chiaro, Marrone e Verde Chiaro, con una dimensione standard di <strong>45 x 45 cm<\/strong>.<\/p>\n<p class=\"first:mt-1.5\">Il Cuscino da Divano in Finta Pelliccia di Coniglio \u00e8 la perfetta combinazione di qualit\u00e0, comfort e stile, rendendolo un&#8217;aggiunta ideale per l&#8217;arredamento della tua casa.<\/p>\n","protected":false},"excerpt":{"rendered":"<p>Il Cuscino da Divano in Finta Pelliccia di Coniglio presenta una morbida finta pelliccia di coniglio delicata sulla pelle, con una lavorazione artigianale squisita e una cerniera invisibile resistente. Disponibile in una variet\u00e0 di colori, \u00e8 facile da pulire e aggiunge un tocco lussuoso a qualsiasi ambiente.<\/p>\n","protected":false},"featured_media":28913,"comment_status":"open","ping_status":"closed","template":"","meta":{"site-sidebar-layout":"default","site-content-layout":"","ast-site-content-layout":"default","site-content-style":"default","site-sidebar-style":"default","ast-global-header-display":"","ast-banner-title-visibility":"","ast-main-header-display":"","ast-hfb-above-header-display":"","ast-hfb-below-header-display":"","ast-hfb-mobile-header-display":"","site-post-title":"","ast-breadcrumbs-content":"","ast-featured-img":"","footer-sml-layout":"","theme-transparent-header-meta":"default","adv-header-id-meta":"","stick-header-meta":"","header-above-stick-meta":"","header-main-stick-meta":"","header-below-stick-meta":"","astra-migrate-meta-layouts":"set","ast-page-background-enabled":"default","ast-page-background-meta":{"desktop":{"background-color":"var(--ast-global-color-4)","background-image":"","background-repeat":"repeat","background-position":"center center","background-size":"auto","background-attachment":"scroll","background-type":"","background-media":"","overlay-type":"","overlay-color":"","overlay-opacity":"","overlay-gradient":""},"tablet":{"background-color":"","background-image":"","background-repeat":"repeat","background-position":"center center","background-size":"auto","background-attachment":"scroll","background-type":"","background-media":"","overlay-type":"","overlay-color":"","overlay-opacity":"","overlay-gradient":""},"mobile":{"background-color":"","background-image":"","background-repeat":"repeat","background-position":"center center","background-size":"auto","background-attachment":"scroll","background-type":"","background-media":"","overlay-type":"","overlay-color":"","overlay-opacity":"","overlay-gradient":""}},"ast-content-background-meta":{"desktop":{"background-color":"var(--ast-global-color-5)","background-image":"","background-repeat":"repeat","background-position":"center center","background-size":"auto","background-attachment":"scroll","background-type":"","background-media":"","overlay-type":"","overlay-color":"","overlay-opacity":"","overlay-gradient":""},"tablet":{"background-color":"var(--ast-global-color-5)","background-image":"","background-repeat":"repeat","background-position":"center center","background-size":"auto","background-attachment":"scroll","background-type":"","background-media":"","overlay-type":"","overlay-color":"","overlay-opacity":"","overlay-gradient":""},"mobile":{"background-color":"var(--ast-global-color-5)","background-image":"","background-repeat":"repeat","background-position":"center center","background-size":"auto","background-attachment":"scroll","background-type":"","background-media":"","overlay-type":"","overlay-color":"","overlay-opacity":"","overlay-gradient":""}}},"product_brand":[],"product_cat":[945],"product_tag":[189],"class_list":{"0":"post-29108","1":"product","2":"type-product","3":"status-publish","4":"has-post-thumbnail","6":"product_cat-sofa-pillow-it","7":"product_tag-cuscino","8":"desktop-align-left","9":"tablet-align-left","10":"mobile-align-left","11":"ast-product-gallery-layout-horizontal-slider","12":"ast-product-single-variable","13":"ast-product-tabs-layout-horizontal","14":"ast-qv-on-image","16":"first","17":"instock","18":"shipping-taxable","19":"purchasable","20":"product-type-variable"},"aioseo_notices":[],"_links":{"self":[{"href":"https:\/\/www.aimycomfort.com\/store\/it\/wp-json\/wp\/v2\/product\/29108","targetHints":{"allow":["GET"]}}],"collection":[{"href":"https:\/\/www.aimycomfort.com\/store\/it\/wp-json\/wp\/v2\/product"}],"about":[{"href":"https:\/\/www.aimycomfort.com\/store\/it\/wp-json\/wp\/v2\/types\/product"}],"replies":[{"embeddable":true,"href":"https:\/\/www.aimycomfort.com\/store\/it\/wp-json\/wp\/v2\/comments?post=29108"}],"wp:featuredmedia":[{"embeddable":true,"href":"https:\/\/www.aimycomfort.com\/store\/it\/wp-json\/wp\/v2\/media\/28913"}],"wp:attachment":[{"href":"https:\/\/www.aimycomfort.com\/store\/it\/wp-json\/wp\/v2\/media?parent=29108"}],"wp:term":[{"taxonomy":"product_brand","embeddable":true,"href":"https:\/\/www.aimycomfort.com\/store\/it\/wp-json\/wp\/v2\/product_brand?post=29108"},{"taxonomy":"product_cat","embeddable":true,"href":"https:\/\/www.aimycomfort.com\/store\/it\/wp-json\/wp\/v2\/product_cat?post=29108"},{"taxonomy":"product_tag","embeddable":true,"href":"https:\/\/www.aimycomfort.com\/store\/it\/wp-json\/wp\/v2\/product_tag?post=29108"}],"curies":[{"name":"wp","href":"https:\/\/api.w.org\/{rel}","templated":true}]}}