{"id":22640,"date":"2024-12-05T07:53:19","date_gmt":"2024-12-05T07:53:19","guid":{"rendered":"https:\/\/www.aimycomfort.com\/store\/product\/bamboo-fiber-air-layer-jacquard-pillow\/"},"modified":"2024-12-05T09:19:30","modified_gmt":"2024-12-05T09:19:30","slug":"bamboo-fiber-air-layer-jacquard-pillow","status":"publish","type":"product","link":"https:\/\/www.aimycomfort.com\/store\/it\/prodotto\/bamboo-fiber-air-layer-jacquard-pillow\/","title":{"rendered":"Cuscino Jacquard a Strato d&#8217;Aria in Fibra di Bamb\u00f9"},"content":{"rendered":"<p>Proteggi il tuo cuscino con la **Fodera per Cuscino Jacquard a Strato d&#8217;Aria in Fibra di Bamb\u00f9**, dotata di una **copertura protettiva impermeabile e traspirante in TPU** per una protezione su entrambi i lati. Morbida, resistente e lavabile in lavatrice, questa fodera garantisce freschezza duratura ed \u00e8 delicata sulla pelle.<\/p>\n<h2><strong>Caratteristiche principali della Fodera Jacquard:<\/strong><\/h2>\n<ul>\n<li><strong>Impermeabile e Resistente agli Acari<\/strong><br \/>\nLa <strong>pellicola impermeabile in TPU<\/strong> blocca le molecole di liquido consentendo il passaggio dell&#8217;aria, mantenendo il cuscino asciutto, traspirante e privo di batteri o acari.<\/li>\n<li><strong>Tessuto Morbido e Confortevole<\/strong><br \/>\nRealizzata con uno strato d&#8217;aria in fibra di bamb\u00f9, la fodera \u00e8 assorbente, traspirante e delicata sulla pelle per il massimo comfort.<\/li>\n<li><strong>Resistente e Lavabile<\/strong><br \/>\nProgettata con cuciture fini, resiste al lavaggio in lavatrice mantenendo la qualit\u00e0, garantendo pulizia e freschezza nel tempo.<\/li>\n<\/ul>\n<hr \/>\n<p><strong>Migliora la protezione del tuo cuscino con la Fodera per Cuscino Jacquard a Strato d&#8217;Aria in Fibra di Bamb\u00f9.<\/strong> Impermeabile, traspirante e facile da mantenere, \u00e8 la scelta perfetta per un sonno pulito e confortevole.<\/p>\n","protected":false},"excerpt":{"rendered":"<p>Il **Cuscino Jacquard a Strato d&#8217;Aria in Fibra di Bamb\u00f9** \u00e8 dotato di una copertura protettiva in TPU impermeabile e resistente agli acari, che \u00e8 traspirante, morbida e durevole. Il tessuto in fibra di bamb\u00f9 garantisce comfort, mentre il design lavabile in lavatrice mantiene il cuscino fresco e pulito. Perfetto per una protezione duratura del cuscino e un&#8217;esperienza di sonno pi\u00f9 salutare.<\/p>\n","protected":false},"featured_media":22553,"comment_status":"open","ping_status":"closed","template":"","meta":{"site-sidebar-layout":"default","site-content-layout":"","ast-site-content-layout":"default","site-content-style":"default","site-sidebar-style":"default","ast-global-header-display":"","ast-banner-title-visibility":"","ast-main-header-display":"","ast-hfb-above-header-display":"","ast-hfb-below-header-display":"","ast-hfb-mobile-header-display":"","site-post-title":"","ast-breadcrumbs-content":"","ast-featured-img":"","footer-sml-layout":"","theme-transparent-header-meta":"default","adv-header-id-meta":"","stick-header-meta":"","header-above-stick-meta":"","header-main-stick-meta":"","header-below-stick-meta":"","astra-migrate-meta-layouts":"set","ast-page-background-enabled":"default","ast-page-background-meta":{"desktop":{"background-color":"var(--ast-global-color-4)","background-image":"","background-repeat":"repeat","background-position":"center center","background-size":"auto","background-attachment":"scroll","background-type":"","background-media":"","overlay-type":"","overlay-color":"","overlay-opacity":"","overlay-gradient":""},"tablet":{"background-color":"","background-image":"","background-repeat":"repeat","background-position":"center center","background-size":"auto","background-attachment":"scroll","background-type":"","background-media":"","overlay-type":"","overlay-color":"","overlay-opacity":"","overlay-gradient":""},"mobile":{"background-color":"","background-image":"","background-repeat":"repeat","background-position":"center center","background-size":"auto","background-attachment":"scroll","background-type":"","background-media":"","overlay-type":"","overlay-color":"","overlay-opacity":"","overlay-gradient":""}},"ast-content-background-meta":{"desktop":{"background-color":"var(--ast-global-color-5)","background-image":"","background-repeat":"repeat","background-position":"center center","background-size":"auto","background-attachment":"scroll","background-type":"","background-media":"","overlay-type":"","overlay-color":"","overlay-opacity":"","overlay-gradient":""},"tablet":{"background-color":"var(--ast-global-color-5)","background-image":"","background-repeat":"repeat","background-position":"center center","background-size":"auto","background-attachment":"scroll","background-type":"","background-media":"","overlay-type":"","overlay-color":"","overlay-opacity":"","overlay-gradient":""},"mobile":{"background-color":"var(--ast-global-color-5)","background-image":"","background-repeat":"repeat","background-position":"center center","background-size":"auto","background-attachment":"scroll","background-type":"","background-media":"","overlay-type":"","overlay-color":"","overlay-opacity":"","overlay-gradient":""}}},"product_brand":[],"product_cat":[188,841,833],"product_tag":[189,183,593],"class_list":{"0":"post-22640","1":"product","2":"type-product","3":"status-publish","4":"has-post-thumbnail","6":"product_cat-collezione-di-cuscini","7":"product_cat-cuscino-da-letto","8":"product_cat-cuscino-in-fibra-di-bambu","9":"product_tag-cuscino","10":"product_tag-sollievo-dalla-pressione","11":"product_tag-ergonomicsupport-it","12":"desktop-align-left","13":"tablet-align-left","14":"mobile-align-left","15":"ast-product-gallery-layout-horizontal-slider","16":"ast-product-single-variable","17":"ast-product-tabs-layout-horizontal","18":"ast-qv-on-image","20":"first","21":"instock","22":"shipping-taxable","23":"purchasable","24":"product-type-variable"},"aioseo_notices":[],"_links":{"self":[{"href":"https:\/\/www.aimycomfort.com\/store\/it\/wp-json\/wp\/v2\/product\/22640","targetHints":{"allow":["GET"]}}],"collection":[{"href":"https:\/\/www.aimycomfort.com\/store\/it\/wp-json\/wp\/v2\/product"}],"about":[{"href":"https:\/\/www.aimycomfort.com\/store\/it\/wp-json\/wp\/v2\/types\/product"}],"replies":[{"embeddable":true,"href":"https:\/\/www.aimycomfort.com\/store\/it\/wp-json\/wp\/v2\/comments?post=22640"}],"wp:featuredmedia":[{"embeddable":true,"href":"https:\/\/www.aimycomfort.com\/store\/it\/wp-json\/wp\/v2\/media\/22553"}],"wp:attachment":[{"href":"https:\/\/www.aimycomfort.com\/store\/it\/wp-json\/wp\/v2\/media?parent=22640"}],"wp:term":[{"taxonomy":"product_brand","embeddable":true,"href":"https:\/\/www.aimycomfort.com\/store\/it\/wp-json\/wp\/v2\/product_brand?post=22640"},{"taxonomy":"product_cat","embeddable":true,"href":"https:\/\/www.aimycomfort.com\/store\/it\/wp-json\/wp\/v2\/product_cat?post=22640"},{"taxonomy":"product_tag","embeddable":true,"href":"https:\/\/www.aimycomfort.com\/store\/it\/wp-json\/wp\/v2\/product_tag?post=22640"}],"curies":[{"name":"wp","href":"https:\/\/api.w.org\/{rel}","templated":true}]}}