{"id":19151,"date":"2024-11-20T06:56:45","date_gmt":"2024-11-20T06:56:45","guid":{"rendered":"https:\/\/www.aimycomfort.com\/store\/product\/memory-foam-suede-round-cushion\/"},"modified":"2024-11-20T09:54:55","modified_gmt":"2024-11-20T09:54:55","slug":"memory-foam-suede-round-cushion","status":"publish","type":"product","link":"https:\/\/www.aimycomfort.com\/store\/it\/prodotto\/memory-foam-suede-round-cushion\/","title":{"rendered":"Cuscino Rotondo in Pelle Scamosciata con Schiuma di Memoria"},"content":{"rendered":"<p>Il Cuscino Rotondo in Pelle Scamosciata con Schiuma di Memoria \u00e8 progettato per offrire comfort e stile superiori a qualsiasi disposizione di seduta. Questo cuscino presenta schiuma di memoria di alta qualit\u00e0 che \u00e8 morbida, resiliente e traspirante, garantendo un&#8217;esperienza rilassante e che allevia la pressione. \u00c8 realizzato per essere sano ed ecologico, privo di formaldeide e odori.<\/p>\n<h3>Caratteristiche Principali del Cuscino Rotondo in Pelle Scamosciata:<\/h3>\n<ul>\n<li><strong>Schiuma di Memoria Premium:<\/strong> Offre una sensazione morbida e resiliente che si adatta al tuo corpo, fornendo un eccellente supporto e comfort.<\/li>\n<li><strong>Rivestimento in Pelle Scamosciata Lussuosa:<\/strong> Il materiale in pelle scamosciata di alta qualit\u00e0 \u00e8 leggero e sottile, offrendo una piacevole sensazione tattile e un aspetto sofisticato.<\/li>\n<li><strong>Design Antiscivolo Innovativo:<\/strong> Presenta un retro con punti di gomma antiscivolo che mantiene il cuscino saldamente in posizione, adattandosi perfettamente alle curve del corpo per prevenire scivolamenti.<\/li>\n<li><strong>Traspirante e Inodore:<\/strong> Realizzato con materiali traspiranti e privi di odori, garantendo un&#8217;esperienza di seduta fresca e confortevole.<\/li>\n<li><strong>Variet\u00e0 di Colori e Dimensioni:<\/strong> Disponibile in Oro, Marrone, Grigio, Marrone Scuro, Verde, Grigio Chiaro e Arancione, e in dimensioni di 30x30x4.5 cm, 35x35x4.5 cm, 40x40x4.5 cm e 45x45x4.5 cm per adattarsi a qualsiasi decorazione e necessit\u00e0 di seduta.<\/li>\n<\/ul>\n<p>Migliora il tuo comfort e stile di seduta con questo versatile cuscino in pelle scamosciata, perfetto per la casa, l&#8217;ufficio o qualsiasi area di seduta dove il comfort \u00e8 una priorit\u00e0.<\/p>\n","protected":false},"excerpt":{"rendered":"<p>Il Cuscino Rotondo in Pelle Scamosciata con Schiuma di Memoria offre un comfort lussuoso con la sua schiuma di memoria morbida e resiliente e la copertura in pelle scamosciata di alta qualit\u00e0. Il suo design antiscivolo garantisce stabilit\u00e0, mentre i materiali traspiranti e inodori offrono un&#8217;esperienza di seduta fresca. Disponibile in vari colori e dimensioni, migliora qualsiasi area di seduta con stile e supporto.<\/p>\n","protected":false},"featured_media":18842,"comment_status":"open","ping_status":"closed","template":"","meta":{"site-sidebar-layout":"default","site-content-layout":"","ast-site-content-layout":"default","site-content-style":"default","site-sidebar-style":"default","ast-global-header-display":"","ast-banner-title-visibility":"","ast-main-header-display":"","ast-hfb-above-header-display":"","ast-hfb-below-header-display":"","ast-hfb-mobile-header-display":"","site-post-title":"","ast-breadcrumbs-content":"","ast-featured-img":"","footer-sml-layout":"","theme-transparent-header-meta":"default","adv-header-id-meta":"","stick-header-meta":"","header-above-stick-meta":"","header-main-stick-meta":"","header-below-stick-meta":"","astra-migrate-meta-layouts":"set","ast-page-background-enabled":"default","ast-page-background-meta":{"desktop":{"background-color":"var(--ast-global-color-4)","background-image":"","background-repeat":"repeat","background-position":"center center","background-size":"auto","background-attachment":"scroll","background-type":"","background-media":"","overlay-type":"","overlay-color":"","overlay-opacity":"","overlay-gradient":""},"tablet":{"background-color":"","background-image":"","background-repeat":"repeat","background-position":"center center","background-size":"auto","background-attachment":"scroll","background-type":"","background-media":"","overlay-type":"","overlay-color":"","overlay-opacity":"","overlay-gradient":""},"mobile":{"background-color":"","background-image":"","background-repeat":"repeat","background-position":"center center","background-size":"auto","background-attachment":"scroll","background-type":"","background-media":"","overlay-type":"","overlay-color":"","overlay-opacity":"","overlay-gradient":""}},"ast-content-background-meta":{"desktop":{"background-color":"var(--ast-global-color-5)","background-image":"","background-repeat":"repeat","background-position":"center center","background-size":"auto","background-attachment":"scroll","background-type":"","background-media":"","overlay-type":"","overlay-color":"","overlay-opacity":"","overlay-gradient":""},"tablet":{"background-color":"var(--ast-global-color-5)","background-image":"","background-repeat":"repeat","background-position":"center center","background-size":"auto","background-attachment":"scroll","background-type":"","background-media":"","overlay-type":"","overlay-color":"","overlay-opacity":"","overlay-gradient":""},"mobile":{"background-color":"var(--ast-global-color-5)","background-image":"","background-repeat":"repeat","background-position":"center center","background-size":"auto","background-attachment":"scroll","background-type":"","background-media":"","overlay-type":"","overlay-color":"","overlay-opacity":"","overlay-gradient":""}}},"product_brand":[],"product_cat":[346],"product_tag":[347,566,498,183],"class_list":{"0":"post-19151","1":"product","2":"type-product","3":"status-publish","4":"has-post-thumbnail","6":"product_cat-cuscino","7":"product_tag-cuscino-it","8":"product_tag-memory-foam-it","9":"product_tag-comfort-seating-it","10":"product_tag-sollievo-dalla-pressione","11":"desktop-align-left","12":"tablet-align-left","13":"mobile-align-left","14":"ast-product-gallery-layout-horizontal-slider","15":"ast-product-single-variable","16":"ast-product-tabs-layout-horizontal","17":"ast-qv-on-image","19":"first","20":"instock","21":"shipping-taxable","22":"purchasable","23":"product-type-variable"},"aioseo_notices":[],"_links":{"self":[{"href":"https:\/\/www.aimycomfort.com\/store\/it\/wp-json\/wp\/v2\/product\/19151","targetHints":{"allow":["GET"]}}],"collection":[{"href":"https:\/\/www.aimycomfort.com\/store\/it\/wp-json\/wp\/v2\/product"}],"about":[{"href":"https:\/\/www.aimycomfort.com\/store\/it\/wp-json\/wp\/v2\/types\/product"}],"replies":[{"embeddable":true,"href":"https:\/\/www.aimycomfort.com\/store\/it\/wp-json\/wp\/v2\/comments?post=19151"}],"wp:featuredmedia":[{"embeddable":true,"href":"https:\/\/www.aimycomfort.com\/store\/it\/wp-json\/wp\/v2\/media\/18842"}],"wp:attachment":[{"href":"https:\/\/www.aimycomfort.com\/store\/it\/wp-json\/wp\/v2\/media?parent=19151"}],"wp:term":[{"taxonomy":"product_brand","embeddable":true,"href":"https:\/\/www.aimycomfort.com\/store\/it\/wp-json\/wp\/v2\/product_brand?post=19151"},{"taxonomy":"product_cat","embeddable":true,"href":"https:\/\/www.aimycomfort.com\/store\/it\/wp-json\/wp\/v2\/product_cat?post=19151"},{"taxonomy":"product_tag","embeddable":true,"href":"https:\/\/www.aimycomfort.com\/store\/it\/wp-json\/wp\/v2\/product_tag?post=19151"}],"curies":[{"name":"wp","href":"https:\/\/api.w.org\/{rel}","templated":true}]}}