{"id":8212,"date":"2024-08-05T07:30:29","date_gmt":"2024-08-05T07:30:29","guid":{"rendered":"https:\/\/www.aimycomfort.com\/store\/product\/oreiller-de-traction-cervicale-ergonomique\/"},"modified":"2024-09-02T10:02:20","modified_gmt":"2024-09-02T10:02:20","slug":"oreiller-de-traction-cervicale-ergonomique","status":"publish","type":"product","link":"https:\/\/www.aimycomfort.com\/store\/fr\/produit\/oreiller-de-traction-cervicale-ergonomique\/","title":{"rendered":"Oreiller de Traction Cervicale Ergonomique"},"content":{"rendered":"<p>Vous souffrez de :<\/p>\n<ul>\n<li>Discomfort au cou ?<\/li>\n<li>Mauvaise qualit\u00e9 de sommeil ?<\/li>\n<li>Manque d&rsquo;\u00e9nergie pendant la journ\u00e9e ?<\/li>\n<\/ul>\n<p>Il est temps de donner la priorit\u00e9 \u00e0 votre confort et \u00e0 votre bien-\u00eatre avec notre Oreiller de Traction Cervicale Ergonomique. D\u00e9couvrez la diff\u00e9rence qu&rsquo;un oreiller v\u00e9ritablement soutenant peut faire dans votre vie !<\/p>\n<p><strong>Oreiller de Traction Cervicale Ergonomique : Votre Chemin vers la Sant\u00e9 du Cou et un Sommeil R\u00e9parateur<\/strong><\/p>\n<p><strong>Caract\u00e9ristiques principales :<\/strong><\/p>\n<ul>\n<li><strong>Courbe de Hauteur Dor\u00e9e :<\/strong>\u00a0Scientifiquement con\u00e7ue pour offrir un soutien et une traction optimaux au cou.<\/li>\n<li><strong>Zone de Coussin Agrandie :<\/strong>\u00a0Offre un soutien sup\u00e9rieur \u00e0 la t\u00eate tout en soulageant la pression sur votre cou.<\/li>\n<li><strong>Design Contour\u00e9 :<\/strong>\u00a0Berce votre t\u00eate tout en soutenant votre cou pour un confort maximal.<\/li>\n<li><strong>Mousse \u00e0 M\u00e9moire Haute Densit\u00e9 :<\/strong>\u00a0\u00c9pouse doucement votre forme pour un soutien personnalis\u00e9.<\/li>\n<li><strong>Technologie \u00e0 Rebond Lent :<\/strong>\u00a0Maintient sa forme nuit apr\u00e8s nuit pour un confort durable.<\/li>\n<\/ul>\n<p>Investissez dans votre sant\u00e9 et votre confort d\u00e8s aujourd&rsquo;hui. R\u00e9veillez-vous rafra\u00eechi, rajeuni et pr\u00eat \u00e0 affronter votre journ\u00e9e avec notre Oreiller de Traction Cervicale Ergonomique !<\/p>\n","protected":false},"excerpt":{"rendered":"<p>D\u00e9couvrez la solution ultime pour les douleurs au cou et la mauvaise qualit\u00e9 de sommeil ! Notre innovant Oreiller de Traction Cervicale Ergonomique est con\u00e7u pour \u00e9tirer et soutenir doucement votre t\u00eate, votre cou et vos \u00e9paules, favorisant un alignement correct et restaurant votre colonne cervicale \u00e0 sa courbe naturelle et saine en \u00ab\u00a0C\u00a0\u00bb.<\/p>\n","protected":false},"featured_media":6651,"comment_status":"open","ping_status":"closed","template":"","meta":{"site-sidebar-layout":"default","site-content-layout":"content-boxed-container","ast-site-content-layout":"normal-width-container","site-content-style":"boxed","site-sidebar-style":"unboxed","ast-global-header-display":"","ast-banner-title-visibility":"","ast-main-header-display":"","ast-hfb-above-header-display":"","ast-hfb-below-header-display":"","ast-hfb-mobile-header-display":"","site-post-title":"","ast-breadcrumbs-content":"","ast-featured-img":"","footer-sml-layout":"","theme-transparent-header-meta":"default","adv-header-id-meta":"","stick-header-meta":"","header-above-stick-meta":"","header-main-stick-meta":"","header-below-stick-meta":"","astra-migrate-meta-layouts":"set","ast-page-background-enabled":"default","ast-page-background-meta":{"desktop":{"background-color":"var(--ast-global-color-4)","background-image":"","background-repeat":"repeat","background-position":"center center","background-size":"auto","background-attachment":"scroll","background-type":"","background-media":"","overlay-type":"","overlay-color":"","overlay-opacity":"","overlay-gradient":""},"tablet":{"background-color":"","background-image":"","background-repeat":"repeat","background-position":"center center","background-size":"auto","background-attachment":"scroll","background-type":"","background-media":"","overlay-type":"","overlay-color":"","overlay-opacity":"","overlay-gradient":""},"mobile":{"background-color":"","background-image":"","background-repeat":"repeat","background-position":"center center","background-size":"auto","background-attachment":"scroll","background-type":"","background-media":"","overlay-type":"","overlay-color":"","overlay-opacity":"","overlay-gradient":""}},"ast-content-background-meta":{"desktop":{"background-color":"var(--ast-global-color-5)","background-image":"","background-repeat":"repeat","background-position":"center center","background-size":"auto","background-attachment":"scroll","background-type":"","background-media":"","overlay-type":"","overlay-color":"","overlay-opacity":"","overlay-gradient":""},"tablet":{"background-color":"var(--ast-global-color-5)","background-image":"","background-repeat":"repeat","background-position":"center center","background-size":"auto","background-attachment":"scroll","background-type":"","background-media":"","overlay-type":"","overlay-color":"","overlay-opacity":"","overlay-gradient":""},"mobile":{"background-color":"var(--ast-global-color-5)","background-image":"","background-repeat":"repeat","background-position":"center center","background-size":"auto","background-attachment":"scroll","background-type":"","background-media":"","overlay-type":"","overlay-color":"","overlay-opacity":"","overlay-gradient":""}}},"product_brand":[],"product_cat":[227],"product_tag":[228,225],"class_list":{"0":"post-8212","1":"product","2":"type-product","3":"status-publish","4":"has-post-thumbnail","6":"product_cat-collection-doreillers","7":"product_tag-oreiller","8":"product_tag-soulagement-de-la-pression","9":"desktop-align-left","10":"tablet-align-left","11":"mobile-align-left","12":"ast-product-gallery-layout-horizontal-slider","13":"ast-product-single-variable","14":"ast-product-tabs-layout-horizontal","15":"ast-qv-on-image","17":"first","18":"instock","19":"sale","20":"shipping-taxable","21":"purchasable","22":"product-type-variable"},"aioseo_notices":[],"_links":{"self":[{"href":"https:\/\/www.aimycomfort.com\/store\/fr\/wp-json\/wp\/v2\/product\/8212","targetHints":{"allow":["GET"]}}],"collection":[{"href":"https:\/\/www.aimycomfort.com\/store\/fr\/wp-json\/wp\/v2\/product"}],"about":[{"href":"https:\/\/www.aimycomfort.com\/store\/fr\/wp-json\/wp\/v2\/types\/product"}],"replies":[{"embeddable":true,"href":"https:\/\/www.aimycomfort.com\/store\/fr\/wp-json\/wp\/v2\/comments?post=8212"}],"wp:featuredmedia":[{"embeddable":true,"href":"https:\/\/www.aimycomfort.com\/store\/fr\/wp-json\/wp\/v2\/media\/6651"}],"wp:attachment":[{"href":"https:\/\/www.aimycomfort.com\/store\/fr\/wp-json\/wp\/v2\/media?parent=8212"}],"wp:term":[{"taxonomy":"product_brand","embeddable":true,"href":"https:\/\/www.aimycomfort.com\/store\/fr\/wp-json\/wp\/v2\/product_brand?post=8212"},{"taxonomy":"product_cat","embeddable":true,"href":"https:\/\/www.aimycomfort.com\/store\/fr\/wp-json\/wp\/v2\/product_cat?post=8212"},{"taxonomy":"product_tag","embeddable":true,"href":"https:\/\/www.aimycomfort.com\/store\/fr\/wp-json\/wp\/v2\/product_tag?post=8212"}],"curies":[{"name":"wp","href":"https:\/\/api.w.org\/{rel}","templated":true}]}}