{"id":7883,"date":"2024-08-09T02:39:31","date_gmt":"2024-08-09T02:39:31","guid":{"rendered":"https:\/\/www.aimycomfort.com\/store\/product\/coussin-de-confort-en-mousse-a-memoire-respirante\/"},"modified":"2024-08-22T08:21:26","modified_gmt":"2024-08-22T08:21:26","slug":"coussin-de-confort-en-mousse-a-memoire-respirante","status":"publish","type":"product","link":"https:\/\/www.aimycomfort.com\/store\/fr\/produit\/coussin-de-confort-en-mousse-a-memoire-respirante\/","title":{"rendered":"Coussin de Confort en Mousse \u00e0 M\u00e9moire Respirante"},"content":{"rendered":"<p>Notre Coussin de Confort en Mousse \u00e0 M\u00e9moire Respirante n&rsquo;est pas qu&rsquo;un simple coussin &#8211; c&rsquo;est une r\u00e9volution dans le confort d&rsquo;assise et la sant\u00e9. Que vous travailliez de longues heures, vous remettiez d&rsquo;une blessure, ou cherchiez simplement un meilleur confort quotidien, ce coussin vous assure d&rsquo;\u00eatre toujours assis dans des conditions optimales.<\/p>\n<p>Avantages :<\/p>\n<ul>\n<li>Soulage les douleurs du bas du dos, du coccyx et des hanches<\/li>\n<li>Am\u00e9liore la posture et r\u00e9duit la fatigue li\u00e9e \u00e0 la position assise<\/li>\n<li>Am\u00e9liore le confort pendant les longues p\u00e9riodes d&rsquo;assise<\/li>\n<li>Offre un soulagement pour les h\u00e9morro\u00efdes et autres inconforts li\u00e9s \u00e0 la position assise<\/li>\n<li>Vous garde au frais gr\u00e2ce \u00e0 une respirabilit\u00e9 sup\u00e9rieure<\/li>\n<\/ul>\n<p>Pourquoi choisir notre Coussin de Confort en Mousse \u00e0 M\u00e9moire Respirante ?<\/p>\n<ol>\n<li>Mat\u00e9riaux avanc\u00e9s : Mousse \u00e0 m\u00e9moire de forme de qualit\u00e9 a\u00e9ronautique pour un soutien in\u00e9gal\u00e9<\/li>\n<li>Design r\u00e9fl\u00e9chi : Caract\u00e9ristiques ergonomiques bas\u00e9es sur la m\u00e9canique du corps humain<\/li>\n<li>Utilisation polyvalente : Convient \u00e0 divers probl\u00e8mes de sant\u00e9 et besoins de confort<\/li>\n<li>Respirabilit\u00e9 sup\u00e9rieure : Vous garde au frais et confortable toute la journ\u00e9e<\/li>\n<\/ol>\n","protected":false},"excerpt":{"rendered":"<p>Coussin de Confort en Mousse \u00e0 M\u00e9moire Respirante : Asseyez-vous Plus Longtemps, Restez au Frais<\/p>\n<p>D\u00e9couvrez le summum du confort d&rsquo;assise avec notre innovant Coussin de Confort en Mousse \u00e0 M\u00e9moire Respirante. Con\u00e7u avec une technologie de qualit\u00e9 a\u00e9ronautique et des principes ergonomiques, ce coussin transforme n&rsquo;importe quel si\u00e8ge en un havre de confort et de soutien, vous permettant de rester assis pendant de longues p\u00e9riodes sans inconfort, douleur ou surchauffe.<\/p>\n","protected":false},"featured_media":6552,"comment_status":"open","ping_status":"closed","template":"","meta":{"site-sidebar-layout":"default","site-content-layout":"","ast-site-content-layout":"default","site-content-style":"default","site-sidebar-style":"default","ast-global-header-display":"","ast-banner-title-visibility":"","ast-main-header-display":"","ast-hfb-above-header-display":"","ast-hfb-below-header-display":"","ast-hfb-mobile-header-display":"","site-post-title":"","ast-breadcrumbs-content":"","ast-featured-img":"","footer-sml-layout":"","theme-transparent-header-meta":"default","adv-header-id-meta":"","stick-header-meta":"","header-above-stick-meta":"","header-main-stick-meta":"","header-below-stick-meta":"","astra-migrate-meta-layouts":"set","ast-page-background-enabled":"default","ast-page-background-meta":{"desktop":{"background-color":"var(--ast-global-color-4)","background-image":"","background-repeat":"repeat","background-position":"center center","background-size":"auto","background-attachment":"scroll","background-type":"","background-media":"","overlay-type":"","overlay-color":"","overlay-opacity":"","overlay-gradient":""},"tablet":{"background-color":"","background-image":"","background-repeat":"repeat","background-position":"center center","background-size":"auto","background-attachment":"scroll","background-type":"","background-media":"","overlay-type":"","overlay-color":"","overlay-opacity":"","overlay-gradient":""},"mobile":{"background-color":"","background-image":"","background-repeat":"repeat","background-position":"center center","background-size":"auto","background-attachment":"scroll","background-type":"","background-media":"","overlay-type":"","overlay-color":"","overlay-opacity":"","overlay-gradient":""}},"ast-content-background-meta":{"desktop":{"background-color":"var(--ast-global-color-5)","background-image":"","background-repeat":"repeat","background-position":"center center","background-size":"auto","background-attachment":"scroll","background-type":"","background-media":"","overlay-type":"","overlay-color":"","overlay-opacity":"","overlay-gradient":""},"tablet":{"background-color":"var(--ast-global-color-5)","background-image":"","background-repeat":"repeat","background-position":"center center","background-size":"auto","background-attachment":"scroll","background-type":"","background-media":"","overlay-type":"","overlay-color":"","overlay-opacity":"","overlay-gradient":""},"mobile":{"background-color":"var(--ast-global-color-5)","background-image":"","background-repeat":"repeat","background-position":"center center","background-size":"auto","background-attachment":"scroll","background-type":"","background-media":"","overlay-type":"","overlay-color":"","overlay-opacity":"","overlay-gradient":""}}},"product_brand":[],"product_cat":[321],"product_tag":[322,225],"class_list":{"0":"post-7883","1":"product","2":"type-product","3":"status-publish","4":"has-post-thumbnail","6":"product_cat-coussin","7":"product_tag-coussin","8":"product_tag-soulagement-de-la-pression","9":"desktop-align-left","10":"tablet-align-left","11":"mobile-align-left","12":"ast-product-gallery-layout-horizontal-slider","13":"ast-product-single-variable","14":"ast-product-tabs-layout-horizontal","15":"ast-qv-on-image","17":"first","18":"instock","19":"shipping-taxable","20":"purchasable","21":"product-type-variable"},"aioseo_notices":[],"_links":{"self":[{"href":"https:\/\/www.aimycomfort.com\/store\/fr\/wp-json\/wp\/v2\/product\/7883","targetHints":{"allow":["GET"]}}],"collection":[{"href":"https:\/\/www.aimycomfort.com\/store\/fr\/wp-json\/wp\/v2\/product"}],"about":[{"href":"https:\/\/www.aimycomfort.com\/store\/fr\/wp-json\/wp\/v2\/types\/product"}],"replies":[{"embeddable":true,"href":"https:\/\/www.aimycomfort.com\/store\/fr\/wp-json\/wp\/v2\/comments?post=7883"}],"wp:featuredmedia":[{"embeddable":true,"href":"https:\/\/www.aimycomfort.com\/store\/fr\/wp-json\/wp\/v2\/media\/6552"}],"wp:attachment":[{"href":"https:\/\/www.aimycomfort.com\/store\/fr\/wp-json\/wp\/v2\/media?parent=7883"}],"wp:term":[{"taxonomy":"product_brand","embeddable":true,"href":"https:\/\/www.aimycomfort.com\/store\/fr\/wp-json\/wp\/v2\/product_brand?post=7883"},{"taxonomy":"product_cat","embeddable":true,"href":"https:\/\/www.aimycomfort.com\/store\/fr\/wp-json\/wp\/v2\/product_cat?post=7883"},{"taxonomy":"product_tag","embeddable":true,"href":"https:\/\/www.aimycomfort.com\/store\/fr\/wp-json\/wp\/v2\/product_tag?post=7883"}],"curies":[{"name":"wp","href":"https:\/\/api.w.org\/{rel}","templated":true}]}}