{"id":7866,"date":"2024-08-08T08:36:02","date_gmt":"2024-08-08T08:36:02","guid":{"rendered":"https:\/\/www.aimycomfort.com\/store\/product\/oreiller-de-sieste-en-mousse-a-memoire-de-forme-et-soie-glacee\/"},"modified":"2024-08-22T08:34:51","modified_gmt":"2024-08-22T08:34:51","slug":"oreiller-de-sieste-en-mousse-a-memoire-de-forme-et-soie-glacee","status":"publish","type":"product","link":"https:\/\/www.aimycomfort.com\/store\/fr\/produit\/oreiller-de-sieste-en-mousse-a-memoire-de-forme-et-soie-glacee\/","title":{"rendered":"Oreiller de Sieste en Mousse \u00e0 M\u00e9moire de Forme et Soie Glac\u00e9e"},"content":{"rendered":"<p>Notre Oreiller de Sieste en Mousse \u00e0 M\u00e9moire de Forme et Soie Glac\u00e9e n&rsquo;est pas qu&rsquo;un simple oreiller &#8211; c&rsquo;est votre oasis personnelle de confort au milieu d&rsquo;une journ\u00e9e charg\u00e9e. Que vous vous rechargiez au bureau, dans un avion ou \u00e0 la maison, cet oreiller vous assure de vous r\u00e9veiller en ayant l&rsquo;air et en vous sentant au mieux.<\/p>\n<p>Caract\u00e9ristiques principales :<\/p>\n<ol>\n<li>Design respirant brevet\u00e9 :<\/li>\n<\/ol>\n<ul>\n<li>Emp\u00eache la surchauffe lors des siestes face contre terre<\/li>\n<li>Pr\u00e9serve votre maquillage et \u00e9vite les marques sur le visage<\/li>\n<\/ul>\n<ol start=\"2\">\n<li>Insert ergonomique pour le bras : Hauteur de 7 cm qui emp\u00eache l&rsquo;engourdissement du bras pendant le sommeil sur le c\u00f4t\u00e9<\/li>\n<li>Courbe de protection du visage : Maintient la sant\u00e9 de votre peau et l&rsquo;int\u00e9grit\u00e9 du maquillage<\/li>\n<li>Syst\u00e8me de ventilation central : Assure une respiration fluide et le confort<\/li>\n<li>Support multi-positions :<\/li>\n<\/ol>\n<ul>\n<li>Sommeil sur le c\u00f4t\u00e9 sans pression sur le bras<\/li>\n<li>Sieste face contre terre avec alignement de la colonne vert\u00e9brale<\/li>\n<li>Position assise droite avec soutien lombaire<\/li>\n<\/ul>\n<ol start=\"6\">\n<li>Mousse \u00e0 m\u00e9moire de forme haute qualit\u00e9 \u00e0 rebond lent<\/li>\n<\/ol>\n<p>Pourquoi choisir notre Oreiller de Sieste en Mousse \u00e0 M\u00e9moire de Forme et Soie Glac\u00e9e ?<\/p>\n<ol>\n<li>Design innovant : R\u00e9pond \u00e0 plusieurs inconforts li\u00e9s \u00e0 la sieste<\/li>\n<li>Mat\u00e9riaux de qualit\u00e9 : Mousse \u00e0 m\u00e9moire de forme premium et tissu en soie glac\u00e9e rafra\u00eechissant<\/li>\n<li>Polyvalence : Convient \u00e0 diverses positions de sieste et environnements<\/li>\n<\/ol>\n","protected":false},"excerpt":{"rendered":"<p>Oreiller de Sieste en Mousse \u00e0 M\u00e9moire de Forme et Soie Glac\u00e9e : Votre Porte d&rsquo;Entr\u00e9e vers des Micro-Siestes Rafra\u00eechissantes<\/p>\n<p>R\u00e9volutionnez votre repos de mi-journ\u00e9e avec notre innovant Oreiller de Sieste en Mousse \u00e0 M\u00e9moire de Forme et Soie Glac\u00e9e. Con\u00e7u pour r\u00e9pondre aux inconforts courants de la sieste, cet oreiller vous assure de vous r\u00e9veiller rafra\u00eechi, revigor\u00e9 et pr\u00eat \u00e0 conqu\u00e9rir le reste de votre journ\u00e9e.<\/p>\n","protected":false},"featured_media":6507,"comment_status":"open","ping_status":"closed","template":"","meta":{"site-sidebar-layout":"default","site-content-layout":"","ast-site-content-layout":"default","site-content-style":"default","site-sidebar-style":"default","ast-global-header-display":"","ast-banner-title-visibility":"","ast-main-header-display":"","ast-hfb-above-header-display":"","ast-hfb-below-header-display":"","ast-hfb-mobile-header-display":"","site-post-title":"","ast-breadcrumbs-content":"","ast-featured-img":"","footer-sml-layout":"","theme-transparent-header-meta":"default","adv-header-id-meta":"","stick-header-meta":"","header-above-stick-meta":"","header-main-stick-meta":"","header-below-stick-meta":"","astra-migrate-meta-layouts":"set","ast-page-background-enabled":"default","ast-page-background-meta":{"desktop":{"background-color":"var(--ast-global-color-4)","background-image":"","background-repeat":"repeat","background-position":"center center","background-size":"auto","background-attachment":"scroll","background-type":"","background-media":"","overlay-type":"","overlay-color":"","overlay-opacity":"","overlay-gradient":""},"tablet":{"background-color":"","background-image":"","background-repeat":"repeat","background-position":"center center","background-size":"auto","background-attachment":"scroll","background-type":"","background-media":"","overlay-type":"","overlay-color":"","overlay-opacity":"","overlay-gradient":""},"mobile":{"background-color":"","background-image":"","background-repeat":"repeat","background-position":"center center","background-size":"auto","background-attachment":"scroll","background-type":"","background-media":"","overlay-type":"","overlay-color":"","overlay-opacity":"","overlay-gradient":""}},"ast-content-background-meta":{"desktop":{"background-color":"var(--ast-global-color-5)","background-image":"","background-repeat":"repeat","background-position":"center center","background-size":"auto","background-attachment":"scroll","background-type":"","background-media":"","overlay-type":"","overlay-color":"","overlay-opacity":"","overlay-gradient":""},"tablet":{"background-color":"var(--ast-global-color-5)","background-image":"","background-repeat":"repeat","background-position":"center center","background-size":"auto","background-attachment":"scroll","background-type":"","background-media":"","overlay-type":"","overlay-color":"","overlay-opacity":"","overlay-gradient":""},"mobile":{"background-color":"var(--ast-global-color-5)","background-image":"","background-repeat":"repeat","background-position":"center center","background-size":"auto","background-attachment":"scroll","background-type":"","background-media":"","overlay-type":"","overlay-color":"","overlay-opacity":"","overlay-gradient":""}}},"product_brand":[],"product_cat":[227],"product_tag":[228,225],"class_list":{"0":"post-7866","1":"product","2":"type-product","3":"status-publish","4":"has-post-thumbnail","6":"product_cat-collection-doreillers","7":"product_tag-oreiller","8":"product_tag-soulagement-de-la-pression","9":"desktop-align-left","10":"tablet-align-left","11":"mobile-align-left","12":"ast-product-gallery-layout-horizontal-slider","13":"ast-product-single-variable","14":"ast-product-tabs-layout-horizontal","15":"ast-qv-on-image","17":"first","18":"instock","19":"shipping-taxable","20":"purchasable","21":"product-type-variable"},"aioseo_notices":[],"_links":{"self":[{"href":"https:\/\/www.aimycomfort.com\/store\/fr\/wp-json\/wp\/v2\/product\/7866","targetHints":{"allow":["GET"]}}],"collection":[{"href":"https:\/\/www.aimycomfort.com\/store\/fr\/wp-json\/wp\/v2\/product"}],"about":[{"href":"https:\/\/www.aimycomfort.com\/store\/fr\/wp-json\/wp\/v2\/types\/product"}],"replies":[{"embeddable":true,"href":"https:\/\/www.aimycomfort.com\/store\/fr\/wp-json\/wp\/v2\/comments?post=7866"}],"wp:featuredmedia":[{"embeddable":true,"href":"https:\/\/www.aimycomfort.com\/store\/fr\/wp-json\/wp\/v2\/media\/6507"}],"wp:attachment":[{"href":"https:\/\/www.aimycomfort.com\/store\/fr\/wp-json\/wp\/v2\/media?parent=7866"}],"wp:term":[{"taxonomy":"product_brand","embeddable":true,"href":"https:\/\/www.aimycomfort.com\/store\/fr\/wp-json\/wp\/v2\/product_brand?post=7866"},{"taxonomy":"product_cat","embeddable":true,"href":"https:\/\/www.aimycomfort.com\/store\/fr\/wp-json\/wp\/v2\/product_cat?post=7866"},{"taxonomy":"product_tag","embeddable":true,"href":"https:\/\/www.aimycomfort.com\/store\/fr\/wp-json\/wp\/v2\/product_tag?post=7866"}],"curies":[{"name":"wp","href":"https:\/\/api.w.org\/{rel}","templated":true}]}}