{"id":7865,"date":"2024-08-05T07:30:29","date_gmt":"2024-08-05T07:30:29","guid":{"rendered":"https:\/\/www.aimycomfort.com\/store\/product\/oreiller-papillon-reve\/"},"modified":"2024-08-22T08:44:26","modified_gmt":"2024-08-22T08:44:26","slug":"oreiller-papillon-reve","status":"publish","type":"product","link":"https:\/\/www.aimycomfort.com\/store\/fr\/produit\/oreiller-papillon-reve\/","title":{"rendered":"Oreiller Papillon R\u00eave"},"content":{"rendered":"<p>Notre Oreiller Papillon R\u00eave n&rsquo;est pas qu&rsquo;un simple oreiller &#8211; c&rsquo;est une retraite nocturne pour votre t\u00eate, votre cou et vos \u00e9paules. En combinant un design innovant avec des mat\u00e9riaux premium, nous avons cr\u00e9\u00e9 un oreiller qui s&rsquo;adapte \u00e0 vos besoins, offrant l&rsquo;\u00e9quilibre parfait entre soutien et confort.<\/p>\n<p>Caract\u00e9ristiques principales -Design \u00e9l\u00e9gant en papillon : Offre un soutien sup\u00e9rieur du cou et soulage la douleur -Technologie \u00e0 double tissu : -Tissu premium \u00e0 couche d&rsquo;air : Ultra-doux et respectueux de la peau -Panneaux en maille 4D : Am\u00e9liore la respirabilit\u00e9 et emp\u00eache la surchauffe -Design ergonomique de repose-bras : Permet la libert\u00e9 de mouvement sans engourdissement des bras -D\u00e9pression centrale : Lib\u00e8re la pression \u00e0 l&rsquo;arri\u00e8re de votre t\u00eate -Design d&rsquo;extension cervicale : Soutient confortablement la courbe naturelle de votre cou -Noyau en mousse \u00e0 m\u00e9moire de forme thermo-sensible : S&rsquo;adapte \u00e0 la chaleur de votre corps pour un confort personnalis\u00e9 -Maille en fibre absorbant l&rsquo;humidit\u00e9 : Vous garde au sec et confortable toute la nuit<\/p>\n<p>Avantages -Maintient la courbe en \u00ab\u00a0C\u00a0\u00bb saine de votre colonne cervicale lorsque vous dormez sur le dos -Offre du confort dans toutes les positions de sommeil &#8211; dos, c\u00f4t\u00e9 ou ventre -Soulage les douleurs et raideurs du cou -Favorise un bon alignement de la colonne vert\u00e9brale<\/p>\n<p>D\u00e9tails luxueux -Fermeture \u00e9clair m\u00e9tallique lisse -Durable et facile \u00e0 utiliser, refl\u00e9tant notre engagement envers la qualit\u00e9 -Bordure de protection : Prot\u00e8ge le noyau int\u00e9rieur tout en permettant un retrait facile de la housse pour le lavage -Design double face : Confortable quel que soit le c\u00f4t\u00e9 que vous choisissez<\/p>\n<p>Parfait pour -Ceux qui souffrent de douleurs ou de raideurs au cou -Les personnes cherchant \u00e0 am\u00e9liorer leur qualit\u00e9 de sommeil -Tous ceux qui veulent maintenir un bon alignement de la colonne vert\u00e9brale pendant le sommeil -Les dormeurs qui ont chaud et qui ont besoin d&rsquo;une option d&rsquo;oreiller plus fra\u00eeche<\/p>\n<p>Entretien : Housse amovible, lavable en machine pour un nettoyage facile et une fra\u00eecheur durable<\/p>\n","protected":false},"excerpt":{"rendered":"<p>Oreiller Papillon R\u00eave : Confort R\u00e9volutionnaire pour Votre Cou et Au-del\u00e0<\/p>\n<p>D\u00e9couvrez le m\u00e9lange parfait de soutien, de respirabilit\u00e9 et de design innovant avec notre Oreiller Papillon R\u00eave. Con\u00e7u pour offrir un confort in\u00e9gal\u00e9 et favoriser des postures de sommeil saines, cet oreiller est votre porte d&rsquo;entr\u00e9e vers un repos r\u00e9g\u00e9n\u00e9rateur.<\/p>\n","protected":false},"featured_media":6570,"comment_status":"open","ping_status":"closed","template":"","meta":{"site-sidebar-layout":"default","site-content-layout":"content-boxed-container","ast-site-content-layout":"normal-width-container","site-content-style":"boxed","site-sidebar-style":"unboxed","ast-global-header-display":"","ast-banner-title-visibility":"","ast-main-header-display":"","ast-hfb-above-header-display":"","ast-hfb-below-header-display":"","ast-hfb-mobile-header-display":"","site-post-title":"","ast-breadcrumbs-content":"","ast-featured-img":"","footer-sml-layout":"","theme-transparent-header-meta":"default","adv-header-id-meta":"","stick-header-meta":"","header-above-stick-meta":"","header-main-stick-meta":"","header-below-stick-meta":"","astra-migrate-meta-layouts":"set","ast-page-background-enabled":"default","ast-page-background-meta":{"desktop":{"background-color":"var(--ast-global-color-4)","background-image":"","background-repeat":"repeat","background-position":"center center","background-size":"auto","background-attachment":"scroll","background-type":"","background-media":"","overlay-type":"","overlay-color":"","overlay-opacity":"","overlay-gradient":""},"tablet":{"background-color":"","background-image":"","background-repeat":"repeat","background-position":"center center","background-size":"auto","background-attachment":"scroll","background-type":"","background-media":"","overlay-type":"","overlay-color":"","overlay-opacity":"","overlay-gradient":""},"mobile":{"background-color":"","background-image":"","background-repeat":"repeat","background-position":"center center","background-size":"auto","background-attachment":"scroll","background-type":"","background-media":"","overlay-type":"","overlay-color":"","overlay-opacity":"","overlay-gradient":""}},"ast-content-background-meta":{"desktop":{"background-color":"var(--ast-global-color-5)","background-image":"","background-repeat":"repeat","background-position":"center center","background-size":"auto","background-attachment":"scroll","background-type":"","background-media":"","overlay-type":"","overlay-color":"","overlay-opacity":"","overlay-gradient":""},"tablet":{"background-color":"var(--ast-global-color-5)","background-image":"","background-repeat":"repeat","background-position":"center center","background-size":"auto","background-attachment":"scroll","background-type":"","background-media":"","overlay-type":"","overlay-color":"","overlay-opacity":"","overlay-gradient":""},"mobile":{"background-color":"var(--ast-global-color-5)","background-image":"","background-repeat":"repeat","background-position":"center center","background-size":"auto","background-attachment":"scroll","background-type":"","background-media":"","overlay-type":"","overlay-color":"","overlay-opacity":"","overlay-gradient":""}}},"product_brand":[],"product_cat":[227],"product_tag":[228,225],"class_list":{"0":"post-7865","1":"product","2":"type-product","3":"status-publish","4":"has-post-thumbnail","6":"product_cat-collection-doreillers","7":"product_tag-oreiller","8":"product_tag-soulagement-de-la-pression","9":"desktop-align-left","10":"tablet-align-left","11":"mobile-align-left","12":"ast-product-gallery-layout-horizontal-slider","13":"ast-product-tabs-layout-horizontal","14":"ast-qv-on-image","16":"first","17":"instock","18":"shipping-taxable","19":"purchasable","20":"product-type-simple"},"aioseo_notices":[],"_links":{"self":[{"href":"https:\/\/www.aimycomfort.com\/store\/fr\/wp-json\/wp\/v2\/product\/7865","targetHints":{"allow":["GET"]}}],"collection":[{"href":"https:\/\/www.aimycomfort.com\/store\/fr\/wp-json\/wp\/v2\/product"}],"about":[{"href":"https:\/\/www.aimycomfort.com\/store\/fr\/wp-json\/wp\/v2\/types\/product"}],"replies":[{"embeddable":true,"href":"https:\/\/www.aimycomfort.com\/store\/fr\/wp-json\/wp\/v2\/comments?post=7865"}],"wp:featuredmedia":[{"embeddable":true,"href":"https:\/\/www.aimycomfort.com\/store\/fr\/wp-json\/wp\/v2\/media\/6570"}],"wp:attachment":[{"href":"https:\/\/www.aimycomfort.com\/store\/fr\/wp-json\/wp\/v2\/media?parent=7865"}],"wp:term":[{"taxonomy":"product_brand","embeddable":true,"href":"https:\/\/www.aimycomfort.com\/store\/fr\/wp-json\/wp\/v2\/product_brand?post=7865"},{"taxonomy":"product_cat","embeddable":true,"href":"https:\/\/www.aimycomfort.com\/store\/fr\/wp-json\/wp\/v2\/product_cat?post=7865"},{"taxonomy":"product_tag","embeddable":true,"href":"https:\/\/www.aimycomfort.com\/store\/fr\/wp-json\/wp\/v2\/product_tag?post=7865"}],"curies":[{"name":"wp","href":"https:\/\/api.w.org\/{rel}","templated":true}]}}