{"id":7692,"date":"2024-08-08T09:11:32","date_gmt":"2024-08-08T09:11:32","guid":{"rendered":"https:\/\/www.aimycomfort.com\/store\/product\/coussin-en-mousse-a-memoire-de-forme-en-u\/"},"modified":"2024-08-22T08:31:53","modified_gmt":"2024-08-22T08:31:53","slug":"coussin-en-mousse-a-memoire-de-forme-en-u","status":"publish","type":"product","link":"https:\/\/www.aimycomfort.com\/store\/fr\/produit\/coussin-en-mousse-a-memoire-de-forme-en-u\/","title":{"rendered":"Coussin en Mousse \u00e0 M\u00e9moire de Forme en U"},"content":{"rendered":"<p>Notre Coussin en Mousse \u00e0 M\u00e9moire de Forme en U n&rsquo;est pas qu&rsquo;un simple accessoire de voyage &#8211; c&rsquo;est votre zone de confort personnelle en d\u00e9placement. Que vous vous lanciez dans un long voyage, travailliez tard au bureau, ou vous d\u00e9tendiez simplement \u00e0 la maison, ce coussin assure que votre cou est toujours soutenu et confortable.<\/p>\n<p>Pourquoi choisir notre Coussin en Mousse \u00e0 M\u00e9moire de Forme en U ?<\/p>\n<ol>\n<li>Design ergonomique en forme de U :<\/li>\n<\/ol>\n<ul>\n<li>\u00c9pouse parfaitement la courbe naturelle de votre cou<\/li>\n<li>Lib\u00e8re la pression du cou pour un confort ultime<\/li>\n<\/ul>\n<ol start=\"2\">\n<li>Soutien \u00e0 360 degr\u00e9s :<\/li>\n<\/ol>\n<ul>\n<li>Berce votre cou et vos joues inf\u00e9rieures<\/li>\n<li>Am\u00e9liore la protection de la colonne cervicale<\/li>\n<\/ul>\n<ol start=\"3\">\n<li>Fermoir cach\u00e9 r\u00e9glable :<\/li>\n<\/ol>\n<ul>\n<li>S&rsquo;adapte \u00e0 diff\u00e9rentes largeurs d&rsquo;\u00e9paules et formes de visage<\/li>\n<li>Assure un ajustement parfait pour tout le monde<\/li>\n<\/ul>\n<ol start=\"4\">\n<li>Housse en tissu de yoga premium :<\/li>\n<\/ol>\n<ul>\n<li>Douce, respectueuse de la peau et respirante<\/li>\n<li>Am\u00e9liore l&rsquo;exp\u00e9rience de confort global<\/li>\n<\/ul>\n<ol start=\"5\">\n<li>Noyau en mousse \u00e0 m\u00e9moire de forme de haute qualit\u00e9 :<\/li>\n<\/ol>\n<ul>\n<li>Rebond lent pour un soutien personnalis\u00e9<\/li>\n<li>Maintient sa forme pour un confort durable<\/li>\n<\/ul>\n<p>Suggestions d&rsquo;utilisation :<\/p>\n<ul>\n<li>Utilisez pendant les voyages en avion pour un meilleur sommeil et r\u00e9duire le d\u00e9calage horaire<\/li>\n<li>Soutenez votre cou lors de longs trajets en voiture ou en train<\/li>\n<li>Offrez du confort pendant les siestes au bureau<\/li>\n<li>Utilisez \u00e0 la maison en lisant ou en regardant la t\u00e9l\u00e9vision pour une relaxation accrue<\/li>\n<\/ul>\n","protected":false},"excerpt":{"rendered":"<p>Coussin en Mousse \u00e0 M\u00e9moire de Forme en U : Le Nouveau Meilleur Ami de Votre Cou<\/p>\n<p>D\u00e9couvrez un soutien et un confort in\u00e9gal\u00e9s pour le cou avec notre innovant Coussin en Mousse \u00e0 M\u00e9moire de Forme en U. Con\u00e7u pour bercer votre cou et soulager la pression, ce coussin est votre billet pour des voyages et une relaxation sans stress.<\/p>\n","protected":false},"featured_media":6354,"comment_status":"open","ping_status":"closed","template":"","meta":{"site-sidebar-layout":"default","site-content-layout":"","ast-site-content-layout":"default","site-content-style":"default","site-sidebar-style":"default","ast-global-header-display":"","ast-banner-title-visibility":"","ast-main-header-display":"","ast-hfb-above-header-display":"","ast-hfb-below-header-display":"","ast-hfb-mobile-header-display":"","site-post-title":"","ast-breadcrumbs-content":"","ast-featured-img":"","footer-sml-layout":"","theme-transparent-header-meta":"default","adv-header-id-meta":"","stick-header-meta":"","header-above-stick-meta":"","header-main-stick-meta":"","header-below-stick-meta":"","astra-migrate-meta-layouts":"set","ast-page-background-enabled":"default","ast-page-background-meta":{"desktop":{"background-color":"var(--ast-global-color-4)","background-image":"","background-repeat":"repeat","background-position":"center center","background-size":"auto","background-attachment":"scroll","background-type":"","background-media":"","overlay-type":"","overlay-color":"","overlay-opacity":"","overlay-gradient":""},"tablet":{"background-color":"","background-image":"","background-repeat":"repeat","background-position":"center center","background-size":"auto","background-attachment":"scroll","background-type":"","background-media":"","overlay-type":"","overlay-color":"","overlay-opacity":"","overlay-gradient":""},"mobile":{"background-color":"","background-image":"","background-repeat":"repeat","background-position":"center center","background-size":"auto","background-attachment":"scroll","background-type":"","background-media":"","overlay-type":"","overlay-color":"","overlay-opacity":"","overlay-gradient":""}},"ast-content-background-meta":{"desktop":{"background-color":"var(--ast-global-color-5)","background-image":"","background-repeat":"repeat","background-position":"center center","background-size":"auto","background-attachment":"scroll","background-type":"","background-media":"","overlay-type":"","overlay-color":"","overlay-opacity":"","overlay-gradient":""},"tablet":{"background-color":"var(--ast-global-color-5)","background-image":"","background-repeat":"repeat","background-position":"center center","background-size":"auto","background-attachment":"scroll","background-type":"","background-media":"","overlay-type":"","overlay-color":"","overlay-opacity":"","overlay-gradient":""},"mobile":{"background-color":"var(--ast-global-color-5)","background-image":"","background-repeat":"repeat","background-position":"center center","background-size":"auto","background-attachment":"scroll","background-type":"","background-media":"","overlay-type":"","overlay-color":"","overlay-opacity":"","overlay-gradient":""}}},"product_brand":[],"product_cat":[227,711],"product_tag":[228,225],"class_list":{"0":"post-7692","1":"product","2":"type-product","3":"status-publish","4":"has-post-thumbnail","6":"product_cat-collection-doreillers","7":"product_cat-travel-pillow-fr","8":"product_tag-oreiller","9":"product_tag-soulagement-de-la-pression","10":"desktop-align-left","11":"tablet-align-left","12":"mobile-align-left","13":"ast-product-gallery-layout-horizontal-slider","14":"ast-product-single-variable","15":"ast-product-tabs-layout-horizontal","16":"ast-qv-on-image","18":"first","19":"instock","20":"shipping-taxable","21":"purchasable","22":"product-type-variable"},"aioseo_notices":[],"_links":{"self":[{"href":"https:\/\/www.aimycomfort.com\/store\/fr\/wp-json\/wp\/v2\/product\/7692","targetHints":{"allow":["GET"]}}],"collection":[{"href":"https:\/\/www.aimycomfort.com\/store\/fr\/wp-json\/wp\/v2\/product"}],"about":[{"href":"https:\/\/www.aimycomfort.com\/store\/fr\/wp-json\/wp\/v2\/types\/product"}],"replies":[{"embeddable":true,"href":"https:\/\/www.aimycomfort.com\/store\/fr\/wp-json\/wp\/v2\/comments?post=7692"}],"wp:featuredmedia":[{"embeddable":true,"href":"https:\/\/www.aimycomfort.com\/store\/fr\/wp-json\/wp\/v2\/media\/6354"}],"wp:attachment":[{"href":"https:\/\/www.aimycomfort.com\/store\/fr\/wp-json\/wp\/v2\/media?parent=7692"}],"wp:term":[{"taxonomy":"product_brand","embeddable":true,"href":"https:\/\/www.aimycomfort.com\/store\/fr\/wp-json\/wp\/v2\/product_brand?post=7692"},{"taxonomy":"product_cat","embeddable":true,"href":"https:\/\/www.aimycomfort.com\/store\/fr\/wp-json\/wp\/v2\/product_cat?post=7692"},{"taxonomy":"product_tag","embeddable":true,"href":"https:\/\/www.aimycomfort.com\/store\/fr\/wp-json\/wp\/v2\/product_tag?post=7692"}],"curies":[{"name":"wp","href":"https:\/\/api.w.org\/{rel}","templated":true}]}}